{"id":9726,"date":"2022-04-18T13:32:30","date_gmt":"2022-04-18T13:32:30","guid":{"rendered":"https:\/\/www.animetal.com.tr\/contacto\/"},"modified":"2025-01-19T14:50:16","modified_gmt":"2025-01-19T14:50:16","slug":"contacto","status":"publish","type":"page","link":"https:\/\/www.animetal.com.tr\/es\/contacto\/","title":{"rendered":"Contacto"},"content":{"rendered":"<p>[et_pb_section fb_built=\u00bb1&#8243; admin_label=\u00bbcontact\u00bb module_id=\u00bbcontacto\u00bb _builder_version=\u00bb4.16&#8243; background_color=\u00bbrgba(0,0,0,0.88)\u00bb custom_padding=\u00bb0px|0px|0px|0px\u00bb global_colors_info=\u00bb{}\u00bb][et_pb_row column_structure=\u00bb1_2,1_2&#8243; _builder_version=\u00bb4.16&#8243; custom_padding=\u00bb111px|||||\u00bb global_colors_info=\u00bb{}\u00bb][et_pb_column type=\u00bb1_2&#8243; _builder_version=\u00bb4.16&#8243; custom_padding=\u00bb|||\u00bb global_colors_info=\u00bb{}\u00bb custom_padding__hover=\u00bb|||\u00bb][et_pb_map address=\u00bbBeytepe Mahallesi, Piri Reis Caddesi No : 2\/5, 06800 \u00c7ankaya\/Ankara, Turkey\u00bb address_lat=\u00bb39.8651125&#8243; address_lng=\u00bb32.717789&#8243; _builder_version=\u00bb4.16&#8243; global_colors_info=\u00bb{}\u00bb][et_pb_map_pin pin_address=\u00bbBeytepe Mahallesi, Piri Reis Caddesi No : 2\/5, 06800 \u00c7ankaya\/Ankara, Turkey\u00bb pin_address_lat=\u00bb39.8651125&#8243; pin_address_lng=\u00bb32.717789&#8243; _builder_version=\u00bb3.0.90&#8243; global_colors_info=\u00bb{}\u00bb][\/et_pb_map_pin][\/et_pb_map][et_pb_contact_form use_spam_service=\u00bbon\u00bb recaptcha_list=\u00bbanimetalcom-0&#8243; email=\u00bbcontact@animetal.com.tr\u00bb title=\u00bbContact Form\u00bb success_message=\u00bbGracias por tu mensaje. Ha sido enviado\u00bb submit_button_text=\u00bbenviar\u00bb module_id=\u00bbet_pb_contact_form_0&#8243; _builder_version=\u00bb4.19.4&#8243; _unique_id=\u00bb9af02b74-4074-495c-bef6-e3c3d31f6909&#8243; global_colors_info=\u00bb{}\u00bb][et_pb_contact_field field_id=\u00bbAd\u0131n\u0131z_ve_Soyad\u0131n\u0131z\u00bb field_title=\u00bbNobre\u00bb _builder_version=\u00bb4.16&#8243; global_colors_info=\u00bb{}\u00bb button_text_size__hover_enabled=\u00bboff\u00bb button_one_text_size__hover_enabled=\u00bboff\u00bb button_two_text_size__hover_enabled=\u00bboff\u00bb button_text_color__hover_enabled=\u00bboff\u00bb button_one_text_color__hover_enabled=\u00bboff\u00bb button_two_text_color__hover_enabled=\u00bboff\u00bb button_border_width__hover_enabled=\u00bboff\u00bb button_one_border_width__hover_enabled=\u00bboff\u00bb button_two_border_width__hover_enabled=\u00bboff\u00bb button_border_color__hover_enabled=\u00bboff\u00bb button_one_border_color__hover_enabled=\u00bboff\u00bb button_two_border_color__hover_enabled=\u00bboff\u00bb button_border_radius__hover_enabled=\u00bboff\u00bb button_one_border_radius__hover_enabled=\u00bboff\u00bb button_two_border_radius__hover_enabled=\u00bboff\u00bb button_letter_spacing__hover_enabled=\u00bboff\u00bb button_one_letter_spacing__hover_enabled=\u00bboff\u00bb button_two_letter_spacing__hover_enabled=\u00bboff\u00bb button_bg_color__hover_enabled=\u00bboff\u00bb button_one_bg_color__hover_enabled=\u00bboff\u00bb button_two_bg_color__hover_enabled=\u00bboff\u00bb][\/et_pb_contact_field][et_pb_contact_field field_id=\u00bbEmail\u00bb field_title=\u00bbEmail\u00bb field_type=\u00bbemail\u00bb _builder_version=\u00bb4.16&#8243; global_colors_info=\u00bb{}\u00bb button_text_size__hover_enabled=\u00bboff\u00bb button_one_text_size__hover_enabled=\u00bboff\u00bb button_two_text_size__hover_enabled=\u00bboff\u00bb button_text_color__hover_enabled=\u00bboff\u00bb button_one_text_color__hover_enabled=\u00bboff\u00bb button_two_text_color__hover_enabled=\u00bboff\u00bb button_border_width__hover_enabled=\u00bboff\u00bb button_one_border_width__hover_enabled=\u00bboff\u00bb button_two_border_width__hover_enabled=\u00bboff\u00bb button_border_color__hover_enabled=\u00bboff\u00bb button_one_border_color__hover_enabled=\u00bboff\u00bb button_two_border_color__hover_enabled=\u00bboff\u00bb button_border_radius__hover_enabled=\u00bboff\u00bb button_one_border_radius__hover_enabled=\u00bboff\u00bb button_two_border_radius__hover_enabled=\u00bboff\u00bb button_letter_spacing__hover_enabled=\u00bboff\u00bb button_one_letter_spacing__hover_enabled=\u00bboff\u00bb button_two_letter_spacing__hover_enabled=\u00bboff\u00bb button_bg_color__hover_enabled=\u00bboff\u00bb button_one_bg_color__hover_enabled=\u00bboff\u00bb button_two_bg_color__hover_enabled=\u00bboff\u00bb][\/et_pb_contact_field][et_pb_contact_field field_id=\u00bbMessage\u00bb field_title=\u00bbMensaje\u00bb field_type=\u00bbtext\u00bb fullwidth_field=\u00bbon\u00bb _builder_version=\u00bb4.16&#8243; global_colors_info=\u00bb{}\u00bb button_text_size__hover_enabled=\u00bboff\u00bb button_one_text_size__hover_enabled=\u00bboff\u00bb button_two_text_size__hover_enabled=\u00bboff\u00bb button_text_color__hover_enabled=\u00bboff\u00bb button_one_text_color__hover_enabled=\u00bboff\u00bb button_two_text_color__hover_enabled=\u00bboff\u00bb button_border_width__hover_enabled=\u00bboff\u00bb button_one_border_width__hover_enabled=\u00bboff\u00bb button_two_border_width__hover_enabled=\u00bboff\u00bb button_border_color__hover_enabled=\u00bboff\u00bb button_one_border_color__hover_enabled=\u00bboff\u00bb button_two_border_color__hover_enabled=\u00bboff\u00bb button_border_radius__hover_enabled=\u00bboff\u00bb button_one_border_radius__hover_enabled=\u00bboff\u00bb button_two_border_radius__hover_enabled=\u00bboff\u00bb button_letter_spacing__hover_enabled=\u00bboff\u00bb button_one_letter_spacing__hover_enabled=\u00bboff\u00bb button_two_letter_spacing__hover_enabled=\u00bboff\u00bb button_bg_color__hover_enabled=\u00bboff\u00bb button_one_bg_color__hover_enabled=\u00bboff\u00bb button_two_bg_color__hover_enabled=\u00bboff\u00bb][\/et_pb_contact_field][\/et_pb_contact_form][\/et_pb_column][et_pb_column type=\u00bb1_2&#8243; _builder_version=\u00bb4.16&#8243; custom_padding=\u00bb|||\u00bb global_colors_info=\u00bb{}\u00bb custom_padding__hover=\u00bb|||\u00bb][et_pb_text _builder_version=\u00bb4.19.4&#8243; global_colors_info=\u00bb{}\u00bb]<span style=\"color: #ffffff;\"><b>ANI Metal Sanayi Ticaret\u00a0A.\u015e.<\/b><\/span><br \/>\n<span style=\"color: #ffffff;\"> Beytepe Mahallesi<\/span><br \/>\n<span style=\"color: #ffffff;\"> Piri Reis Caddesi 2\/5<\/span><br \/>\n<span style=\"color: #ffffff;\"> \u00c7ankaya, Ankara-TURKEY<\/span><br \/>\n<span style=\"color: #ffffff;\"> Tel: +90 312 287 55 10 (pbx)<\/span><br \/>\n<span style=\"color: #ffffff;\"> Fax: +90 312 287 55 29<\/span><\/p>\n<p><span style=\"color: #ffffff;\">contact@animetal.com.tr<\/span>[\/et_pb_text][\/et_pb_column][\/et_pb_row][\/et_pb_section]<\/p>\n","protected":false},"excerpt":{"rendered":"<p>ANI Metal Sanayi Ticaret\u00a0A.\u015e. Beytepe Mahallesi Piri Reis Caddesi 2\/5 \u00c7ankaya, Ankara-TURKEY Tel: +90 312 287 55 10 (pbx) Fax: +90 312 287 55 29 contact@animetal.com.tr<\/p>\n","protected":false},"author":1,"featured_media":0,"parent":0,"menu_order":3,"comment_status":"closed","ping_status":"closed","template":"","meta":{"_et_pb_use_builder":"on","_et_pb_old_content":"","_et_gb_content_width":"","footnotes":""},"class_list":["post-9726","page","type-page","status-publish","hentry"],"_links":{"self":[{"href":"https:\/\/www.animetal.com.tr\/es\/wp-json\/wp\/v2\/pages\/9726","targetHints":{"allow":["GET"]}}],"collection":[{"href":"https:\/\/www.animetal.com.tr\/es\/wp-json\/wp\/v2\/pages"}],"about":[{"href":"https:\/\/www.animetal.com.tr\/es\/wp-json\/wp\/v2\/types\/page"}],"author":[{"embeddable":true,"href":"https:\/\/www.animetal.com.tr\/es\/wp-json\/wp\/v2\/users\/1"}],"replies":[{"embeddable":true,"href":"https:\/\/www.animetal.com.tr\/es\/wp-json\/wp\/v2\/comments?post=9726"}],"version-history":[{"count":0,"href":"https:\/\/www.animetal.com.tr\/es\/wp-json\/wp\/v2\/pages\/9726\/revisions"}],"wp:attachment":[{"href":"https:\/\/www.animetal.com.tr\/es\/wp-json\/wp\/v2\/media?parent=9726"}],"curies":[{"name":"wp","href":"https:\/\/api.w.org\/{rel}","templated":true}]}}