{"id":9729,"date":"2022-04-18T13:37:34","date_gmt":"2022-04-18T13:37:34","guid":{"rendered":"https:\/\/www.animetal.com.tr\/quimicos-de-galvanizacion\/"},"modified":"2025-02-14T06:36:00","modified_gmt":"2025-02-14T06:36:00","slug":"quimicos-de-galvanizacion","status":"publish","type":"page","link":"https:\/\/www.animetal.com.tr\/es\/quimicos-de-galvanizacion\/","title":{"rendered":"Qu\u00edmicos de Galvanizaci\u00f3n"},"content":{"rendered":"<p>[et_pb_section fb_built=\u00bb1&#8243; _builder_version=\u00bb4.16&#8243; custom_padding=\u00bb26px|0px|20px|0px\u00bb global_colors_info=\u00bb{}\u00bb][et_pb_row _builder_version=\u00bb4.16&#8243; custom_padding=\u00bb0px|0px|0px|0px\u00bb global_colors_info=\u00bb{}\u00bb][et_pb_column type=\u00bb4_4&#8243; _builder_version=\u00bb4.16&#8243; custom_padding=\u00bb|||\u00bb global_colors_info=\u00bb{}\u00bb custom_padding__hover=\u00bb|||\u00bb][et_pb_text _builder_version=\u00bb4.16&#8243; global_colors_info=\u00bb{}\u00bb]<\/p>\n<h1>Qu\u00edmicos de Galvanizaci\u00f3n<\/h1>\n<p>[\/et_pb_text][\/et_pb_column][\/et_pb_row][\/et_pb_section][et_pb_section fb_built=\u00bb1&#8243; _builder_version=\u00bb4.16&#8243; custom_padding=\u00bb0px|0px|54px|0px\u00bb global_colors_info=\u00bb{}\u00bb][et_pb_row column_structure=\u00bb2_3,1_3&#8243; use_custom_gutter=\u00bbon\u00bb gutter_width=\u00bb1&#8243; _builder_version=\u00bb4.16&#8243; background_color=\u00bb#efefef\u00bb custom_padding=\u00bb0px|0px|0px|0px\u00bb global_colors_info=\u00bb{}\u00bb][et_pb_column type=\u00bb2_3&#8243; _builder_version=\u00bb4.16&#8243; custom_padding=\u00bb|||\u00bb global_colors_info=\u00bb{}\u00bb custom_padding__hover=\u00bb|||\u00bb][et_pb_image src=\u00bbhttps:\/\/www.animetal.com.tr\/wp-content\/uploads\/2023\/06\/ani-metal-galvanizing-chemicals-760px.jpg\u00bb alt=\u00bbANI Metal &#8211; Galvanizing Chemicals\u00bb title_text=\u00bbani-metal-galvanizing-chemicals-760px\u00bb force_fullwidth=\u00bbon\u00bb align_tablet=\u00bbcenter\u00bb align_phone=\u00bb\u00bb align_last_edited=\u00bbon|desktop\u00bb _builder_version=\u00bb4.21.0&#8243; custom_margin=\u00bb0px|0px|0px|0px\u00bb animation_style=\u00bbslide\u00bb animation_direction=\u00bbleft\u00bb animation_duration=\u00bb500ms\u00bb animation_intensity_slide=\u00bb10%\u00bb global_colors_info=\u00bb{}\u00bb]<br \/>\n[\/et_pb_image][\/et_pb_column][et_pb_column type=\u00bb1_3&#8243; _builder_version=\u00bb4.16&#8243; custom_padding=\u00bb|||\u00bb global_colors_info=\u00bb{}\u00bb custom_padding__hover=\u00bb|||\u00bb][\/et_pb_column][\/et_pb_row][et_pb_row column_structure=\u00bb2_3,1_3&#8243; use_custom_gutter=\u00bbon\u00bb gutter_width=\u00bb1&#8243; _builder_version=\u00bb4.16&#8243; custom_padding=\u00bb20px|0px|0px|0px\u00bb global_colors_info=\u00bb{}\u00bb][et_pb_column type=\u00bb2_3&#8243; _builder_version=\u00bb4.16&#8243; custom_padding=\u00bb|||\u00bb global_colors_info=\u00bb{}\u00bb custom_padding__hover=\u00bb|||\u00bb][et_pb_text _builder_version=\u00bb4.27.4&#8243; hover_enabled=\u00bb0&#8243; global_colors_info=\u00bb{}\u00bb sticky_enabled=\u00bb0&#8243;]<\/p>\n<div id=\"ez-toc-container\" class=\"ez-toc-v2_0_81 counter-hierarchy ez-toc-counter ez-toc-grey ez-toc-container-direction\">\n<p class=\"ez-toc-title\" style=\"cursor:inherit\">Table of Contents<\/p>\n<label for=\"ez-toc-cssicon-toggle-item-69ea1fd9a1ea2\" class=\"ez-toc-cssicon-toggle-label\"><span class=\"ez-toc-cssicon\"><span class=\"eztoc-hide\" style=\"display:none;\">Toggle<\/span><span class=\"ez-toc-icon-toggle-span\"><svg style=\"fill: #999;color:#999\" xmlns=\"http:\/\/www.w3.org\/2000\/svg\" class=\"list-377408\" width=\"20px\" height=\"20px\" viewBox=\"0 0 24 24\" fill=\"none\"><path d=\"M6 6H4v2h2V6zm14 0H8v2h12V6zM4 11h2v2H4v-2zm16 0H8v2h12v-2zM4 16h2v2H4v-2zm16 0H8v2h12v-2z\" fill=\"currentColor\"><\/path><\/svg><svg style=\"fill: #999;color:#999\" class=\"arrow-unsorted-368013\" xmlns=\"http:\/\/www.w3.org\/2000\/svg\" width=\"10px\" height=\"10px\" viewBox=\"0 0 24 24\" version=\"1.2\" baseProfile=\"tiny\"><path d=\"M18.2 9.3l-6.2-6.3-6.2 6.3c-.2.2-.3.4-.3.7s.1.5.3.7c.2.2.4.3.7.3h11c.3 0 .5-.1.7-.3.2-.2.3-.5.3-.7s-.1-.5-.3-.7zM5.8 14.7l6.2 6.3 6.2-6.3c.2-.2.3-.5.3-.7s-.1-.5-.3-.7c-.2-.2-.4-.3-.7-.3h-11c-.3 0-.5.1-.7.3-.2.2-.3.5-.3.7s.1.5.3.7z\"\/><\/svg><\/span><\/span><\/label><input type=\"checkbox\"  id=\"ez-toc-cssicon-toggle-item-69ea1fd9a1ea2\"  aria-label=\"Alternar\" \/><nav><ul class='ez-toc-list ez-toc-list-level-1 ' ><li class='ez-toc-page-1 ez-toc-heading-level-3'><a class=\"ez-toc-link ez-toc-heading-1\" href=\"https:\/\/www.animetal.com.tr\/es\/quimicos-de-galvanizacion\/#%E2%80%8B\" >\u200b<\/a><\/li><li class='ez-toc-page-1 ez-toc-heading-level-3'><a class=\"ez-toc-link ez-toc-heading-2\" href=\"https:\/\/www.animetal.com.tr\/es\/quimicos-de-galvanizacion\/#Soluciones_Quimicas_Innovadoras_para_Galvanizado\" >Soluciones Qu\u00edmicas Innovadoras para Galvanizado<\/a><ul class='ez-toc-list-level-4' ><li class='ez-toc-heading-level-4'><a class=\"ez-toc-link ez-toc-heading-3\" href=\"https:\/\/www.animetal.com.tr\/es\/quimicos-de-galvanizacion\/#Dragon_Flux_El_Corazon_del_Pretratamiento\" >Dragon Flux: El Coraz\u00f3n del Pretratamiento<\/a><\/li><li class='ez-toc-page-1 ez-toc-heading-level-4'><a class=\"ez-toc-link ez-toc-heading-4\" href=\"https:\/\/www.animetal.com.tr\/es\/quimicos-de-galvanizacion\/#Anqa_Degreaser_Limpieza_Inigualable_para_Resultados_Impecables\" >Anqa Degreaser: Limpieza Inigualable para Resultados Impecables<\/a><\/li><li class='ez-toc-page-1 ez-toc-heading-level-4'><a class=\"ez-toc-link ez-toc-heading-5\" href=\"https:\/\/www.animetal.com.tr\/es\/quimicos-de-galvanizacion\/#Lycan_Fumeblock_Protector_de_Trabajadores_y_de_la_Construccion\" >Lycan Fumeblock: Protector de Trabajadores y de la Construcci\u00f3n<\/a><\/li><li class='ez-toc-page-1 ez-toc-heading-level-4'><a class=\"ez-toc-link ez-toc-heading-6\" href=\"https:\/\/www.animetal.com.tr\/es\/quimicos-de-galvanizacion\/#Monster_Inhibitor_Protegiendo_su_Acero_Durante_el_Decapado\" >Monster Inhibitor: Protegiendo su Acero Durante el Decapado<\/a><\/li><li class='ez-toc-page-1 ez-toc-heading-level-4'><a class=\"ez-toc-link ez-toc-heading-7\" href=\"https:\/\/www.animetal.com.tr\/es\/quimicos-de-galvanizacion\/#SmartNi_La_Forma_Mas_Eficiente_de_Reducir_el_Consumo_de_Zinc\" >SmartNi: La Forma M\u00e1s Eficiente de Reducir el Consumo de Zinc<\/a><\/li><li class='ez-toc-page-1 ez-toc-heading-level-4'><a class=\"ez-toc-link ez-toc-heading-8\" href=\"https:\/\/www.animetal.com.tr\/es\/quimicos-de-galvanizacion\/#Bismuto_Una_Solucion_Mas_Segura_para_Mejorar_la_Fluidez_del_Zinc\" >Bismuto: Una Soluci\u00f3n M\u00e1s Segura para Mejorar la Fluidez del Zinc<\/a><\/li><li class='ez-toc-page-1 ez-toc-heading-level-4'><a class=\"ez-toc-link ez-toc-heading-9\" href=\"https:\/\/www.animetal.com.tr\/es\/quimicos-de-galvanizacion\/#Unicorn_Pass_El_Escudo_Contra_la_Herrumbre_Blanca\" >Unicorn Pass: El Escudo Contra la Herrumbre Blanca<\/a><\/li><li class='ez-toc-page-1 ez-toc-heading-level-4'><a class=\"ez-toc-link ez-toc-heading-10\" href=\"https:\/\/www.animetal.com.tr\/es\/quimicos-de-galvanizacion\/#Amazinc_Spray_Aplicacion_Precisa_para_Reparaciones_Puntuales\" >Amazinc Spray: Aplicaci\u00f3n Precisa para Reparaciones Puntuales<\/a><\/li><li class='ez-toc-page-1 ez-toc-heading-level-4'><a class=\"ez-toc-link ez-toc-heading-11\" href=\"https:\/\/www.animetal.com.tr\/es\/quimicos-de-galvanizacion\/#Amazinc_Paste_Retoque_Dirigido_para_Superficies_Complejas\" >Amazinc Paste: Retoque Dirigido para Superficies Complejas<\/a><\/li><\/ul><\/li><\/ul><\/nav><\/div>\n<h3><span class=\"ez-toc-section\" id=\"%E2%80%8B\"><\/span>\u200b<span class=\"ez-toc-section-end\"><\/span><\/h3>\n<h2><strong>Productos Qu\u00edmicos para Galvanizado: Esenciales para Procesos Optimizados y Calidad Superior del Recubrimiento<\/strong><\/h2>\n<p>El galvanizado es un m\u00e9todo comprobado para extender significativamente<img decoding=\"async\" class=\"alignright wp-image-12709 size-medium\" title=\"Qu\u00edmicos para Galvanizado\" src=\"https:\/\/www.animetal.com.tr\/wp-content\/uploads\/2025\/02\/1-1-204x300.png\" alt=\"Qu\u00edmicos para Galvanizado\" width=\"204\" height=\"300\" srcset=\"https:\/\/www.animetal.com.tr\/wp-content\/uploads\/2025\/02\/1-1-204x300.png 204w, https:\/\/www.animetal.com.tr\/wp-content\/uploads\/2025\/02\/1-1.png 439w\" sizes=\"(max-width: 204px) 100vw, 204px\" \/> la vida \u00fatil de los metales, pero lograr el recubrimiento de la m\u00e1s alta calidad y eficiencia va mucho m\u00e1s all\u00e1 del ba\u00f1o de zinc. Comienza con una preparaci\u00f3n meticulosa durante la fase de pretratamiento y se mejora a\u00fan m\u00e1s con ajustes cuidadosos en el proceso de postratamiento. Una superficie impecable es esencial antes de que el acero se sumerja en el ba\u00f1o de galvanizado para asegurar resultados \u00f3ptimos de recubrimiento.<\/p>\n<p>Hoy en d\u00eda, tanto las soluciones de pretratamiento como las de postratamiento han evolucionado mucho m\u00e1s all\u00e1 de los m\u00e9todos tradicionales. Con innovaciones que van desde poderosos desengrasantes hasta bloqueadores de humo ecol\u00f3gicos, las soluciones qu\u00edmicas modernas est\u00e1n revolucionando todo el proceso de galvanizado. Estos avances de vanguardia optimizan cada paso, asegurando que el acero est\u00e9 completamente limpio y preparado de manera experta. El resultado es un recubrimiento m\u00e1s suave y duradero que cumple con los m\u00e1s altos est\u00e1ndares de calidad, rendimiento y eficiencia, brindando resultados superiores en cada ocasi\u00f3n.<\/p>\n<h3><span class=\"ez-toc-section\" id=\"Soluciones_Quimicas_Innovadoras_para_Galvanizado\"><\/span><strong>Soluciones Qu\u00edmicas Innovadoras para Galvanizado<\/strong><span class=\"ez-toc-section-end\"><\/span><\/h3>\n<h4><span class=\"ez-toc-section\" id=\"Dragon_Flux_El_Corazon_del_Pretratamiento\"><\/span><strong><a href=\"https:\/\/www.animetal.com.tr\/es\/quimicos-de-galvanizacion\/flujo-de-dragones\/\"><img decoding=\"async\" class=\"wp-image-12718 alignleft size-medium\" src=\"https:\/\/www.animetal.com.tr\/wp-content\/uploads\/2025\/02\/2-1-300x106.png\" alt=\"\" width=\"300\" height=\"106\" \/><\/a>Dragon Flux: El Coraz\u00f3n del Pretratamiento<\/strong><span class=\"ez-toc-section-end\"><\/span><\/h4>\n<p><a href=\"https:\/\/www.animetal.com.tr\/es\/quimicos-de-galvanizacion\/flujo-de-dragones\/\">Dragon Flux<\/a> es un qu\u00edmico de doble sal de alto rendimiento dise\u00f1ado para evitar que el acero se oxide durante la transici\u00f3n del pretratamiento al galvanizado. Compuesto por 56% de ZnCl2 y 44% de NH4Cl, este potente ba\u00f1o de flux sirve como el paso final de limpieza y preparaci\u00f3n antes de la inmersi\u00f3n en el caldero de zinc. Un flux de alta calidad asegura que el acero est\u00e9 completamente limpio, allanando el camino para un recubrimiento de zinc suave y consistente. Al reducir el consumo de zinc y minimizar la formaci\u00f3n de mata (Dross) y ceniza, <a href=\"https:\/\/www.animetal.com.tr\/es\/quimicos-de-galvanizacion\/flujo-de-dragones\/\">Dragon Flux<\/a> ayuda a entregar recubrimientos superiores con una eficiencia \u00f3ptima.<\/p>\n<h4><span class=\"ez-toc-section\" id=\"Anqa_Degreaser_Limpieza_Inigualable_para_Resultados_Impecables\"><\/span><strong><a href=\"https:\/\/www.animetal.com.tr\/es\/quimicos-de-galvanizacion\/desengrasante-anqa\/\"><img decoding=\"async\" class=\"wp-image-12723 alignleft size-medium\" src=\"https:\/\/www.animetal.com.tr\/wp-content\/uploads\/2025\/02\/3-1-300x110.png\" alt=\"\" width=\"300\" height=\"110\" \/><\/a>Anqa Degreaser: Limpieza Inigualable para Resultados Impecables<\/strong><span class=\"ez-toc-section-end\"><\/span><\/h4>\n<p>Lograr una superficie pr\u00edstina es crucial para un galvanizado exitoso, y <a href=\"https:\/\/www.animetal.com.tr\/es\/quimicos-de-galvanizacion\/desengrasante-anqa\/\">Anqa Degreaser<\/a> ofrece un poder de limpieza excepcional. Esta formulaci\u00f3n avanzada elimina f\u00e1cilmente grasa, aceites y contaminantes, dejando una superficie met\u00e1lica perfectamente limpia lista para el tratamiento. Gracias a su f\u00f3rmula meticulosamente elaborada, <a href=\"https:\/\/www.animetal.com.tr\/es\/quimicos-de-galvanizacion\/desengrasante-anqa\/\">Anqa Degreaser<\/a> genera menos lodo que otras marcas, lo que reduce significativamente la necesidad de limpiar el ba\u00f1o y optimiza el proceso en general.<\/p>\n<h4><span class=\"ez-toc-section\" id=\"Lycan_Fumeblock_Protector_de_Trabajadores_y_de_la_Construccion\"><\/span><strong><a href=\"https:\/\/www.animetal.com.tr\/es\/quimicos-de-galvanizacion\/bloque-de-humos-lycan\/\"><img decoding=\"async\" class=\"wp-image-12728 size-medium alignleft\" src=\"https:\/\/www.animetal.com.tr\/wp-content\/uploads\/2025\/02\/4-1-300x95.png\" alt=\"\" width=\"300\" height=\"95\" \/><\/a>Lycan Fumeblock: Protector de Trabajadores y de la Construcci\u00f3n<\/strong><span class=\"ez-toc-section-end\"><\/span><\/h4>\n<p>La seguridad y la protecci\u00f3n del edificio son primordiales en los procesos de galvanizado. <a href=\"https:\/\/www.animetal.com.tr\/es\/quimicos-de-galvanizacion\/bloque-de-humos-lycan\/\">Lycan Fumeblock<\/a> ofrece una soluci\u00f3n innovadora al reducir significativamente los humos nocivos durante el proceso de decapado. Su qu\u00edmica avanzada no solo ayuda a mantener un espacio de trabajo m\u00e1s seguro y saludable, sino que tambi\u00e9n protege edificios, gr\u00faas y equipos de los efectos corrosivos de los humos de \u00e1cido clorh\u00eddrico (HCl). Al incorporar solo un 2% de <a href=\"https:\/\/www.animetal.com.tr\/es\/quimicos-de-galvanizacion\/bloque-de-humos-lycan\/\">Lycan Fumeblock<\/a> en el tanque de \u00e1cido, puede crear un entorno m\u00e1s seguro y c\u00f3modo para los trabajadores, mientras protege la infraestructura del da\u00f1o a largo plazo causado por los vapores \u00e1cidos. Esta soluci\u00f3n mejora tanto la seguridad en el lugar de trabajo como la eficiencia operativa.<\/p>\n<h4><span class=\"ez-toc-section\" id=\"Monster_Inhibitor_Protegiendo_su_Acero_Durante_el_Decapado\"><\/span><strong><a href=\"https:\/\/www.animetal.com.tr\/es\/quimicos-de-galvanizacion\/monster-inhibitor\/\"><img decoding=\"async\" class=\"wp-image-12733 alignleft size-medium\" src=\"https:\/\/www.animetal.com.tr\/wp-content\/uploads\/2025\/02\/5-1-300x101.png\" alt=\"\" width=\"300\" height=\"101\" \/><\/a>Monster Inhibitor: Protegiendo su Acero Durante el Decapado<\/strong><span class=\"ez-toc-section-end\"><\/span><\/h4>\n<p><a href=\"https:\/\/www.animetal.com.tr\/es\/quimicos-de-galvanizacion\/monster-inhibitor\/\">Monster Inhibitor<\/a> es un qu\u00edmico crucial para los tanques de \u00e1cido, que trabaja junto a productos como <a href=\"https:\/\/www.animetal.com.tr\/es\/quimicos-de-galvanizacion\/bloque-de-humos-lycan\/\">Lycan Fumeblock<\/a> para optimizar el proceso de decapado. Con solo una concentraci\u00f3n del 1%, previene reacciones indeseadas entre el \u00e1cido y el acero base, permitiendo que el \u00e1cido se concentre en eliminar eficazmente el \u00f3xido. El inhibidor se absorbe en la superficie del acero, formando una capa protectora que reduce significativamente el impacto corrosivo del \u00e1cido en el metal. Esto no solo minimize el decapado excesivo, sino que tambi\u00e9n reduce el consumo de \u00e1cido, llevando a un proceso m\u00e1s eficiente y rentable.<\/p>\n<h4><span class=\"ez-toc-section\" id=\"SmartNi_La_Forma_Mas_Eficiente_de_Reducir_el_Consumo_de_Zinc\"><\/span><strong><a href=\"https:\/\/www.animetal.com.tr\/es\/quimicos-de-galvanizacion\/smartni\/\"><img decoding=\"async\" class=\"wp-image-12738 alignleft size-medium\" src=\"https:\/\/www.animetal.com.tr\/wp-content\/uploads\/2025\/02\/6-1-300x119.png\" alt=\"\" width=\"300\" height=\"119\" srcset=\"https:\/\/www.animetal.com.tr\/wp-content\/uploads\/2025\/02\/6-1-300x119.png 300w, https:\/\/www.animetal.com.tr\/wp-content\/uploads\/2025\/02\/6-1.png 432w\" sizes=\"(max-width: 300px) 100vw, 300px\" \/><\/a>SmartNi: La Forma M\u00e1s Eficiente de Reducir el Consumo de Zinc<\/strong><span class=\"ez-toc-section-end\"><\/span><\/h4>\n<p><a href=\"https:\/\/www.animetal.com.tr\/es\/quimicos-de-galvanizacion\/smartni\/\">SmartNi<\/a> juega un papel vital en el control del espesor del recubrimiento durante la galvanizaci\u00f3n. Es el \u00fanico elemento que previene efectivamente la formaci\u00f3n excesiva de aleaciones de zinc-hierro, que pueden llevar a recubrimientos gruesos, desprendimientos y acabados mate y grises. Al reducir el consumo de zinc y promover la formaci\u00f3n de un recubrimiento m\u00e1s delgado y uniforme, <a href=\"https:\/\/www.animetal.com.tr\/es\/quimicos-de-galvanizacion\/smartni\/\">SmartNi<\/a> asegura la producci\u00f3n de acero galvanizado de alta calidad con mayor eficiencia.<\/p>\n<h4><span class=\"ez-toc-section\" id=\"Bismuto_Una_Solucion_Mas_Segura_para_Mejorar_la_Fluidez_del_Zinc\"><\/span><strong><img decoding=\"async\" class=\"alignleft wp-image-12743 size-thumbnail\" src=\"https:\/\/www.animetal.com.tr\/wp-content\/uploads\/2025\/02\/7-1-150x150.jpg\" alt=\"\" width=\"150\" height=\"150\" \/>Bismuto: Una Soluci\u00f3n M\u00e1s Segura para Mejorar la Fluidez del Zinc<\/strong><span class=\"ez-toc-section-end\"><\/span><\/h4>\n<p>El bismuto es una alternativa ecol\u00f3gica y consciente de la salud al plomo, ofreciendo el mismo alto rendimiento sin los riesgos asociados. Este elemento especial mejora la fluidez del zinc al reducir la tensi\u00f3n superficial, asegurando un flujo y cobertura m\u00e1s uniformes. Bismuto ayuda a prevenir problemas como capas de zinc delgadas en agujeros y dientes obstruidos, as\u00ed como a reducir el riesgo de fugas en el recubrimiento de zinc. Al incorporar bismuto, los galvanizadores pueden lograr un recubrimiento m\u00e1s suave y consistente mientras mantienen una operaci\u00f3n m\u00e1s segura y sostenible.<\/p>\n<h4><span class=\"ez-toc-section\" id=\"Unicorn_Pass_El_Escudo_Contra_la_Herrumbre_Blanca\"><\/span><strong><img decoding=\"async\" class=\"wp-image-12748 alignleft size-medium\" src=\"https:\/\/www.animetal.com.tr\/wp-content\/uploads\/2025\/02\/8-1-300x91.png\" alt=\"\" width=\"300\" height=\"91\" \/>Unicorn Pass: El Escudo Contra la Herrumbre Blanca<\/strong><span class=\"ez-toc-section-end\"><\/span><\/h4>\n<p>La protecci\u00f3n post-galvanizado es esencial, y Unicorn Pass ofrece una defensa formidable contra la herrumbre blanca. Esta formulaci\u00f3n avanzada crea una barrera protectora que mejora la resistencia a la corrosi\u00f3n y mantiene el atractivo est\u00e9tico de las superficies galvanizadas.<\/p>\n<h4><span class=\"ez-toc-section\" id=\"Amazinc_Spray_Aplicacion_Precisa_para_Reparaciones_Puntuales\"><\/span><strong><a href=\"https:\/\/www.animetal.com.tr\/es\/quimicos-de-galvanizacion\/spray-alucinante\/\"><img decoding=\"async\" class=\"wp-image-12753 alignleft size-medium\" src=\"https:\/\/www.animetal.com.tr\/wp-content\/uploads\/2025\/02\/9-300x88.png\" alt=\"\" width=\"300\" height=\"88\" \/><\/a>Amazinc Spray: Aplicaci\u00f3n Precisa para Reparaciones Puntuales<\/strong><span class=\"ez-toc-section-end\"><\/span><\/h4>\n<p><a href=\"https:\/\/www.animetal.com.tr\/es\/quimicos-de-galvanizacion\/spray-alucinante\/\">Amazinc Spray<\/a> es la soluci\u00f3n ideal para reparaciones puntuales y retoques, ofreciendo precisi\u00f3n en la aplicaci\u00f3n y una capa protectora uniforme. Su mecanismo de pulverizaci\u00f3n f\u00e1cil de usar asegura que incluso las superficies m\u00e1s complejas y las \u00e1reas de dif\u00edcil acceso reciban una cobertura constante y de alta calidad, convirti\u00e9ndolo en una herramienta indispensable para el mantenimiento y las reparaciones menores en las operaciones de galvanizado.<\/p>\n<h4><span class=\"ez-toc-section\" id=\"Amazinc_Paste_Retoque_Dirigido_para_Superficies_Complejas\"><\/span><strong><a href=\"https:\/\/www.animetal.com.tr\/es\/quimicos-de-galvanizacion\/pasta-amazonica\/\"><img decoding=\"async\" class=\"wp-image-12765 alignleft size-medium\" src=\"https:\/\/www.animetal.com.tr\/wp-content\/uploads\/2025\/02\/10-1-300x110.png\" alt=\"\" width=\"300\" height=\"110\" \/><\/a>Amazinc Paste: Retoque Dirigido para Superficies Complejas<\/strong><span class=\"ez-toc-section-end\"><\/span><\/h4>\n<p>Para \u00e1reas que requieren una protecci\u00f3n m\u00e1s concentrada, <a href=\"https:\/\/www.animetal.com.tr\/es\/quimicos-de-galvanizacion\/pasta-amazonica\/\">Amazinc Paste<\/a> brinda un rendimiento inigualable. Su consistencia espesa y adhesiva asegura que las partes met\u00e1licas complejas y de alto estr\u00e9s reciban una cobertura completa y una protecci\u00f3n duradera. Ideal para componentes intrincados o \u00e1reas expuestas a ambientes hostiles, Amazinc Paste asegura una durabilidad y protecci\u00f3n superiores incluso en las aplicaciones m\u00e1s exigentes.<\/p>\n<p>Estos productos qu\u00edmicos avanzados agilizan el proceso de galvanizado, mejorando la eficiencia y mejorando significativamente la calidad del producto final. Desde una limpieza superior hasta una protecci\u00f3n avanzada contra la corrosi\u00f3n, estas soluciones abordan cada etapa del galvanizado, resultando en un recubrimiento m\u00e1s limpio, fuerte y duradero. Muchos de estos productos est\u00e1n dise\u00f1ados con la sostenibilidad y la seguridad en mente. Soluciones como Lycan Fumeblock reducen las emisiones nocivas, mientras que SmartNi apoya la utilizaci\u00f3n eficiente de recursos al optimizar el consumo de zinc. Estas innovaciones contribuyen a un proceso de galvanizado m\u00e1s seguro y sostenible, reduciendo en \u00faltima instancia el impacto ambiental de las operaciones industriales.<\/p>\n<p>[\/et_pb_text][\/et_pb_column][et_pb_column type=\u00bb1_3&#8243; _builder_version=\u00bb4.16&#8243; custom_padding=\u00bb|||\u00bb global_colors_info=\u00bb{}\u00bb custom_padding__hover=\u00bb|||\u00bb][et_pb_text _builder_version=\u00bb4.21.0&#8243; text_font=\u00bb||||||||\u00bb background_color=\u00bbrgba(104,153,193,0.12)\u00bb custom_margin=\u00bb|||\u00bb custom_padding=\u00bb10px|10px|10px|25px\u00bb global_colors_info=\u00bb{}\u00bb]<\/p>\n<p><a href=\"https:\/\/www.animetal.com.tr\/es\/quimicos-de-galvanizacion\/flujo-de-dragones\/\">Dragon Flux<\/a><\/p>\n<p><a href=\"https:\/\/www.animetal.com.tr\/es\/quimicos-de-galvanizacion\/desengrasante-anqa\/\">Anqa Degreaser<\/a><\/p>\n<p><a href=\"https:\/\/www.animetal.com.tr\/es\/quimicos-de-galvanizacion\/bloque-de-humos-lycan\/\">Lycan Fumeblock<\/a><\/p>\n<p><a href=\"https:\/\/www.animetal.com.tr\/es\/quimicos-de-galvanizacion\/monster-inhibitor\/\">Monster Inhibitor<\/a><\/p>\n<p><a href=\"https:\/\/www.animetal.com.tr\/es\/quimicos-de-galvanizacion\/smartni\/\">SmartNi<\/a><\/p>\n<p><a href=\"https:\/\/www.animetal.com.tr\/es\/quimicos-de-galvanizacion\/spray-alucinante\/\">Amazinc Spray<\/a><\/p>\n<p><a href=\"https:\/\/www.animetal.com.tr\/es\/quimicos-de-galvanizacion\/pasta-amazonica\/\">Amazinc Paste<\/a><\/p>\n<p>[\/et_pb_text][\/et_pb_column][\/et_pb_row][\/et_pb_section]<\/p>\n","protected":false},"excerpt":{"rendered":"<p>Qu\u00edmicos de Galvanizaci\u00f3n \u200b Productos Qu\u00edmicos para Galvanizado: Esenciales para Procesos Optimizados y Calidad Superior del Recubrimiento El galvanizado es un m\u00e9todo comprobado para extender significativamente la vida \u00fatil de los metales, pero lograr el recubrimiento de la m\u00e1s alta calidad y eficiencia va mucho m\u00e1s all\u00e1 del ba\u00f1o de zinc. Comienza con una preparaci\u00f3n [&hellip;]<\/p>\n","protected":false},"author":1,"featured_media":11752,"parent":0,"menu_order":4,"comment_status":"closed","ping_status":"closed","template":"","meta":{"_et_pb_use_builder":"on","_et_pb_old_content":"","_et_gb_content_width":"","footnotes":""},"class_list":["post-9729","page","type-page","status-publish","has-post-thumbnail","hentry"],"_links":{"self":[{"href":"https:\/\/www.animetal.com.tr\/es\/wp-json\/wp\/v2\/pages\/9729","targetHints":{"allow":["GET"]}}],"collection":[{"href":"https:\/\/www.animetal.com.tr\/es\/wp-json\/wp\/v2\/pages"}],"about":[{"href":"https:\/\/www.animetal.com.tr\/es\/wp-json\/wp\/v2\/types\/page"}],"author":[{"embeddable":true,"href":"https:\/\/www.animetal.com.tr\/es\/wp-json\/wp\/v2\/users\/1"}],"replies":[{"embeddable":true,"href":"https:\/\/www.animetal.com.tr\/es\/wp-json\/wp\/v2\/comments?post=9729"}],"version-history":[{"count":0,"href":"https:\/\/www.animetal.com.tr\/es\/wp-json\/wp\/v2\/pages\/9729\/revisions"}],"wp:featuredmedia":[{"embeddable":true,"href":"https:\/\/www.animetal.com.tr\/es\/wp-json\/wp\/v2\/media\/11752"}],"wp:attachment":[{"href":"https:\/\/www.animetal.com.tr\/es\/wp-json\/wp\/v2\/media?parent=9729"}],"curies":[{"name":"wp","href":"https:\/\/api.w.org\/{rel}","templated":true}]}}