{"id":9736,"date":"2022-04-18T14:52:37","date_gmt":"2022-04-18T14:52:37","guid":{"rendered":"https:\/\/www.animetal.com.tr\/quimicos-de-galvanizacion\/spray-de-zinc\/"},"modified":"2025-05-13T15:56:53","modified_gmt":"2025-05-13T15:56:53","slug":"spray-alucinante","status":"publish","type":"page","link":"https:\/\/www.animetal.com.tr\/es\/quimicos-de-galvanizacion\/spray-alucinante\/","title":{"rendered":"Spray Alucinante"},"content":{"rendered":"<p>[et_pb_section fb_built=\u00bb1&#8243; _builder_version=\u00bb4.16&#8243; custom_padding=\u00bb26px|0px|20px|0px\u00bb global_colors_info=\u00bb{}\u00bb][et_pb_row _builder_version=\u00bb4.16&#8243; custom_padding=\u00bb0px|0px|0px|0px\u00bb global_colors_info=\u00bb{}\u00bb][et_pb_column type=\u00bb4_4&#8243; _builder_version=\u00bb4.16&#8243; custom_padding=\u00bb|||\u00bb global_colors_info=\u00bb{}\u00bb custom_padding__hover=\u00bb|||\u00bb][et_pb_text _builder_version=\u00bb4.27.4&#8243; global_colors_info=\u00bb{}\u00bb]<\/p>\n<h1>Spray Alucinante<\/h1>\n<p>[\/et_pb_text][\/et_pb_column][\/et_pb_row][\/et_pb_section][et_pb_section fb_built=\u00bb1&#8243; _builder_version=\u00bb4.21.0&#8243; _module_preset=\u00bbdefault\u00bb global_colors_info=\u00bb{}\u00bb][et_pb_row column_structure=\u00bb2_3,1_3&#8243; use_custom_gutter=\u00bbon\u00bb gutter_width=\u00bb1&#8243; _builder_version=\u00bb4.16&#8243; background_color=\u00bb#efefef\u00bb custom_padding=\u00bb0px|0px|0px|0px\u00bb locked=\u00bboff\u00bb global_colors_info=\u00bb{}\u00bb][et_pb_column type=\u00bb2_3&#8243; _builder_version=\u00bb4.16&#8243; custom_padding=\u00bb|||\u00bb global_colors_info=\u00bb{}\u00bb custom_padding__hover=\u00bb|||\u00bb][et_pb_image src=\u00bbhttps:\/\/www.animetal.com.tr\/wp-content\/uploads\/2025\/05\/ani-metal-amazinc-spray01-v2.jpg\u00bb alt=\u00bbANI Metal &#8211; Amazinc Spray\u00bb title_text=\u00bbani-metal-amazinc-spray01-v2&#8243; force_fullwidth=\u00bbon\u00bb align_tablet=\u00bbcenter\u00bb align_phone=\u00bb\u00bb align_last_edited=\u00bbon|desktop\u00bb _builder_version=\u00bb4.27.4&#8243; custom_margin=\u00bb0px|0px|0px|0px\u00bb animation_style=\u00bbslide\u00bb animation_direction=\u00bbleft\u00bb animation_duration=\u00bb500ms\u00bb animation_intensity_slide=\u00bb10%\u00bb hover_enabled=\u00bb0&#8243; global_colors_info=\u00bb{}\u00bb sticky_enabled=\u00bb0&#8243;]<br \/>\n[\/et_pb_image][\/et_pb_column][et_pb_column type=\u00bb1_3&#8243; _builder_version=\u00bb4.16&#8243; custom_padding=\u00bb|||\u00bb global_colors_info=\u00bb{}\u00bb custom_padding__hover=\u00bb|||\u00bb][et_pb_image src=\u00bbhttps:\/\/www.animetal.com.tr\/wp-content\/uploads\/2023\/06\/amazinc-spray-logo-330px.png\u00bb alt=\u00bbAmazinc Spray Logo\u00bb title_text=\u00bbAmazinc Spray Logo\u00bb _builder_version=\u00bb4.21.0&#8243; _module_preset=\u00bbdefault\u00bb width=\u00bb75%\u00bb max_width=\u00bb71%\u00bb module_alignment=\u00bbcenter\u00bb custom_margin=\u00bb100px||||false|false\u00bb locked=\u00bboff\u00bb global_colors_info=\u00bb{}\u00bb][\/et_pb_image][et_pb_cta title=\u00bbAmazinc Spray Brochure\u00bb button_url=\u00bbhttps:\/\/www.animetal.com.tr\/wp-content\/uploads\/2025\/05\/ANI-Metal-amazinc-spray-eng-v3.pdf\u00bb url_new_window=\u00bbon\u00bb button_text=\u00bbPDF\u00bb _builder_version=\u00bb4.27.4&#8243; header_line_height=\u00bb1.2em\u00bb use_background_color=\u00bboff\u00bb background_layout=\u00bblight\u00bb custom_margin=\u00bb50px|20px|10px|20px\u00bb hover_enabled=\u00bb0&#8243; locked=\u00bboff\u00bb global_colors_info=\u00bb{}\u00bb button_text_size__hover_enabled=\u00bboff\u00bb button_one_text_size__hover_enabled=\u00bboff\u00bb button_two_text_size__hover_enabled=\u00bboff\u00bb button_text_color__hover_enabled=\u00bboff\u00bb button_one_text_color__hover_enabled=\u00bboff\u00bb button_two_text_color__hover_enabled=\u00bboff\u00bb button_border_width__hover_enabled=\u00bboff\u00bb button_one_border_width__hover_enabled=\u00bboff\u00bb button_two_border_width__hover_enabled=\u00bboff\u00bb button_border_color__hover_enabled=\u00bboff\u00bb button_one_border_color__hover_enabled=\u00bboff\u00bb button_two_border_color__hover_enabled=\u00bboff\u00bb button_border_radius__hover_enabled=\u00bboff\u00bb button_one_border_radius__hover_enabled=\u00bboff\u00bb button_two_border_radius__hover_enabled=\u00bboff\u00bb button_letter_spacing__hover_enabled=\u00bboff\u00bb button_one_letter_spacing__hover_enabled=\u00bboff\u00bb button_two_letter_spacing__hover_enabled=\u00bboff\u00bb button_bg_color__hover_enabled=\u00bboff\u00bb button_one_bg_color__hover_enabled=\u00bboff\u00bb button_two_bg_color__hover_enabled=\u00bboff\u00bb sticky_enabled=\u00bb0&#8243;][\/et_pb_cta][\/et_pb_column][\/et_pb_row][et_pb_row column_structure=\u00bb2_3,1_3&#8243; use_custom_gutter=\u00bbon\u00bb gutter_width=\u00bb1&#8243; _builder_version=\u00bb4.21.0&#8243; custom_padding=\u00bb20px|0px|0px|0px\u00bb locked=\u00bboff\u00bb global_colors_info=\u00bb{}\u00bb][et_pb_column type=\u00bb2_3&#8243; _builder_version=\u00bb4.21.0&#8243; background_color=\u00bb#c8e8fb\u00bb custom_padding=\u00bb20px|20px|20px|20px|false|false\u00bb global_colors_info=\u00bb{}\u00bb custom_padding__hover=\u00bb|||\u00bb][et_pb_text _builder_version=\u00bb4.27.4&#8243; background_color=\u00bbRGBA(255,255,255,0)\u00bb custom_margin=\u00bb0px|0px|10px|0px|false|false\u00bb custom_padding=\u00bb10px|10px|10px|10px|false|false\u00bb border_radii=\u00bboff|5px|5px||5px\u00bb global_colors_info=\u00bb{}\u00bb]<\/p>\n<div id=\"ez-toc-container\" class=\"ez-toc-v2_0_81 counter-hierarchy ez-toc-counter ez-toc-grey ez-toc-container-direction\">\n<p class=\"ez-toc-title\" style=\"cursor:inherit\">Table of Contents<\/p>\n<label for=\"ez-toc-cssicon-toggle-item-69e004a33599d\" class=\"ez-toc-cssicon-toggle-label\"><span class=\"ez-toc-cssicon\"><span class=\"eztoc-hide\" style=\"display:none;\">Toggle<\/span><span class=\"ez-toc-icon-toggle-span\"><svg style=\"fill: #999;color:#999\" xmlns=\"http:\/\/www.w3.org\/2000\/svg\" class=\"list-377408\" width=\"20px\" height=\"20px\" viewBox=\"0 0 24 24\" fill=\"none\"><path d=\"M6 6H4v2h2V6zm14 0H8v2h12V6zM4 11h2v2H4v-2zm16 0H8v2h12v-2zM4 16h2v2H4v-2zm16 0H8v2h12v-2z\" fill=\"currentColor\"><\/path><\/svg><svg style=\"fill: #999;color:#999\" class=\"arrow-unsorted-368013\" xmlns=\"http:\/\/www.w3.org\/2000\/svg\" width=\"10px\" height=\"10px\" viewBox=\"0 0 24 24\" version=\"1.2\" baseProfile=\"tiny\"><path d=\"M18.2 9.3l-6.2-6.3-6.2 6.3c-.2.2-.3.4-.3.7s.1.5.3.7c.2.2.4.3.7.3h11c.3 0 .5-.1.7-.3.2-.2.3-.5.3-.7s-.1-.5-.3-.7zM5.8 14.7l6.2 6.3 6.2-6.3c.2-.2.3-.5.3-.7s-.1-.5-.3-.7c-.2-.2-.4-.3-.7-.3h-11c-.3 0-.5.1-.7.3-.2.2-.3.5-.3.7s.1.5.3.7z\"\/><\/svg><\/span><\/span><\/label><input type=\"checkbox\"  id=\"ez-toc-cssicon-toggle-item-69e004a33599d\"  aria-label=\"Alternar\" \/><nav><ul class='ez-toc-list ez-toc-list-level-1 ' ><li class='ez-toc-page-1 ez-toc-heading-level-3'><a class=\"ez-toc-link ez-toc-heading-1\" href=\"https:\/\/www.animetal.com.tr\/es\/quimicos-de-galvanizacion\/spray-alucinante\/#ZINC_SPRAY_L_LIGHT_ZINC_SPRAY_D_DARK\" >ZINC SPRAY L (LIGHT) ZINC SPRAY D (DARK)<\/a><ul class='ez-toc-list-level-5' ><li class='ez-toc-heading-level-5'><ul class='ez-toc-list-level-5' ><li class='ez-toc-heading-level-5'><a class=\"ez-toc-link ez-toc-heading-2\" href=\"https:\/\/www.animetal.com.tr\/es\/quimicos-de-galvanizacion\/spray-alucinante\/#ASTM_A780\" >ASTM A780<\/a><\/li><li class='ez-toc-page-1 ez-toc-heading-level-5'><a class=\"ez-toc-link ez-toc-heading-3\" href=\"https:\/\/www.animetal.com.tr\/es\/quimicos-de-galvanizacion\/spray-alucinante\/#al_menos_20_mils_508_%C2%B5m\" >al menos 2,0 mils (50,8 \u00b5m)<\/a><\/li><li class='ez-toc-page-1 ez-toc-heading-level-5'><a class=\"ez-toc-link ez-toc-heading-4\" href=\"https:\/\/www.animetal.com.tr\/es\/quimicos-de-galvanizacion\/spray-alucinante\/#Pinturas_ricas_en_zinc\" >Pinturas ricas en zinc<\/a><\/li><\/ul><\/li><\/ul><\/li><li class='ez-toc-page-1 ez-toc-heading-level-3'><a class=\"ez-toc-link ez-toc-heading-5\" href=\"https:\/\/www.animetal.com.tr\/es\/quimicos-de-galvanizacion\/spray-alucinante\/#Caracteristicas_tecnicas\" >Caracter\u00edsticas t\u00e9cnicas\u00a0<\/a><ul class='ez-toc-list-level-5' ><li class='ez-toc-heading-level-5'><ul class='ez-toc-list-level-5' ><li class='ez-toc-heading-level-5'><a class=\"ez-toc-link ez-toc-heading-6\" href=\"https:\/\/www.animetal.com.tr\/es\/quimicos-de-galvanizacion\/spray-alucinante\/#Caracteristicas\" >Caracter\u00edsticas<\/a><\/li><li class='ez-toc-page-1 ez-toc-heading-level-5'><a class=\"ez-toc-link ez-toc-heading-7\" href=\"https:\/\/www.animetal.com.tr\/es\/quimicos-de-galvanizacion\/spray-alucinante\/#Aplicacion\" >Aplicaci\u00f3n<\/a><\/li><li class='ez-toc-page-1 ez-toc-heading-level-5'><a class=\"ez-toc-link ez-toc-heading-8\" href=\"https:\/\/www.animetal.com.tr\/es\/quimicos-de-galvanizacion\/spray-alucinante\/#Datos_tecnicos\" >Datos t\u00e9cnicos<\/a><\/li><\/ul><\/li><\/ul><\/li><\/ul><\/nav><\/div>\n<h3><span class=\"ez-toc-section\" id=\"ZINC_SPRAY_L_LIGHT_ZINC_SPRAY_D_DARK\"><\/span><strong>ZINC SPRAY L (LIGHT)<br \/>ZINC SPRAY D (DARK)<\/strong><span class=\"ez-toc-section-end\"><\/span><\/h3>\n<p>[\/et_pb_text][et_pb_text _builder_version=\u00bb4.27.4&#8243; background_color=\u00bb#fefefe\u00bb custom_margin=\u00bb0px|0px|10px|0px|false|false\u00bb custom_padding=\u00bb10px|10px|10px|10px|false|false\u00bb border_radii=\u00bboff|5px|5px||5px\u00bb border_width_all=\u00bb2px\u00bb box_shadow_style=\u00bbpreset4&#8243; box_shadow_horizontal=\u00bb5px\u00bb box_shadow_vertical=\u00bb5px\u00bb global_colors_info=\u00bb{}\u00bb]<\/p>\n<p><strong><img decoding=\"async\" class=\"wp-image-11646 alignleft size-full\" src=\"https:\/\/www.animetal.com.tr\/wp-content\/uploads\/2023\/06\/amazinc-spray-information.png\" alt=\"\" width=\"60\" height=\"60\" \/>El retoque y la reparaci\u00f3n de los revestimientos de acero galvanizado en caliente<\/strong> es importante para mantener una barrera uniforme y la protecci\u00f3n cat\u00f3dica, as\u00ed como para garantizar la longevidad. Aunque el revestimiento galvanizado en caliente es muy resistente a los da\u00f1os, pueden producirse peque\u00f1os huecos o defectos en el revestimiento durante el proceso de galvanizado o debido a una manipulaci\u00f3n inadecuada del acero despu\u00e9s del galvanizado.<strong><br \/><\/strong><\/p>\n<p>[\/et_pb_text][et_pb_text _builder_version=\u00bb4.27.4&#8243; background_color=\u00bb#fefefe\u00bb custom_margin=\u00bb0px|0px|10px|0px|false|false\u00bb custom_padding=\u00bb10px|10px|10px|10px|false|false\u00bb border_radii=\u00bboff|5px|5px||5px\u00bb border_width_all=\u00bb2px\u00bb box_shadow_style=\u00bbpreset4&#8243; box_shadow_horizontal=\u00bb5px\u00bb box_shadow_vertical=\u00bb5px\u00bb global_colors_info=\u00bb{}\u00bb]<\/p>\n<p>Los retoques y reparaciones del acero galvanizado son sencillos tanto si se acaba de galvanizar como si lleva a\u00f1os en servicio. <img decoding=\"async\" class=\"wp-image-11671 alignright size-full\" src=\"https:\/\/www.animetal.com.tr\/wp-content\/uploads\/2023\/06\/amazinc-spray-warning.png\" alt=\"\" width=\"66\" height=\"60\" \/>Pero hay m\u00e1s restricciones en las reparaciones permitidas en un producto nuevo que en uno que ha estado en servicio.<\/p>\n<p>[\/et_pb_text][et_pb_text _builder_version=\u00bb4.27.4&#8243; background_color=\u00bb#d7e9ce\u00bb custom_margin=\u00bb0px|0px|10px|0px|false|false\u00bb custom_padding=\u00bb10px|10px|10px|10px|false|false\u00bb border_radii=\u00bboff|5px|5px||5px\u00bb border_width_all=\u00bb2px\u00bb box_shadow_style=\u00bbpreset4&#8243; box_shadow_horizontal=\u00bb5px\u00bb box_shadow_vertical=\u00bb5px\u00bb global_colors_info=\u00bb{}\u00bb]<\/p>\n<h5><span class=\"ez-toc-section\" id=\"ASTM_A780\"><\/span><strong>ASTM A780<\/strong><span class=\"ez-toc-section-end\"><\/span><\/h5>\n<p>La principal restricci\u00f3n en la especificaci\u00f3n para reparar material reci\u00e9n galvanizado es el tama\u00f1o de la superficie, que se indica en las especificaciones de galvanizado de productos (A123, A153 y A767). De acuerdo con estas especificaciones, la superficie admisible para la <strong>reparaci\u00f3n no es superior a \u00bd del 1% de la superficie accesible de ese art\u00edculo, o a 22.500 mm\u00b2 (36 pulg\u00b2) por tonelada de peso por pieza<\/strong>, lo que sea menor. La norma ASTM A780 Practice for Repair of Damaged and Uncoated Areas of Hot-Dip Galvanized Coatings contiene detalles sobre c\u00f3mo reparar el revestimiento da\u00f1ado.<\/p>\n<p>[\/et_pb_text][et_pb_text _builder_version=\u00bb4.27.4&#8243; background_color=\u00bb#d7e9ce\u00bb custom_margin=\u00bb0px|0px|10px|0px|false|false\u00bb custom_padding=\u00bb10px|10px|10px|10px|false|false\u00bb border_radii=\u00bboff|5px|5px||5px\u00bb border_width_all=\u00bb2px\u00bb box_shadow_style=\u00bbpreset4&#8243; box_shadow_horizontal=\u00bb5px\u00bb box_shadow_vertical=\u00bb5px\u00bb global_colors_info=\u00bb{}\u00bb]<\/p>\n<h5><span class=\"ez-toc-section\" id=\"al_menos_20_mils_508_%C2%B5m\"><\/span><strong>al menos 2,0 mils (50,8 \u00b5m)<\/strong><span class=\"ez-toc-section-end\"><\/span><\/h5>\n<p>Otro principio de la especificaci\u00f3n para retoques y reparaciones es el espesor del revestimiento de la zona reparada. Los materiales de retoque deben tener un grosor de revestimiento de <strong>al menos 50,8 \u00b5m (2,0 mils)<\/strong> para una aplicaci\u00f3n, y el grosor final del revestimiento de la zona de reparaci\u00f3n viene dictado por el material utilizado para realizar la reparaci\u00f3n, que se describe a continuaci\u00f3n.<\/p>\n<p>[\/et_pb_text][et_pb_image src=\u00bbhttps:\/\/www.animetal.com.tr\/wp-content\/uploads\/2023\/06\/ani-metal-amazinc-spray02-1.png\u00bb alt=\u00bbANI Metal &#8211; Amazinc Spray\u00bb title_text=\u00bbANI Metal &#8211; Amazinc Spray\u00bb _builder_version=\u00bb4.21.0&#8243; _module_preset=\u00bbdefault\u00bb custom_margin=\u00bb||10px||false|false\u00bb global_colors_info=\u00bb{}\u00bb][\/et_pb_image][et_pb_text _builder_version=\u00bb4.27.4&#8243; background_color=\u00bb#d5ebee\u00bb custom_margin=\u00bb0px|0px|10px|0px|false|false\u00bb custom_padding=\u00bb10px|10px|10px|10px|false|false\u00bb border_radii=\u00bboff|5px|5px||5px\u00bb border_width_all=\u00bb2px\u00bb box_shadow_style=\u00bbpreset4&#8243; box_shadow_horizontal=\u00bb5px\u00bb box_shadow_vertical=\u00bb5px\u00bb global_colors_info=\u00bb{}\u00bb]<\/p>\n<h5><span class=\"ez-toc-section\" id=\"Pinturas_ricas_en_zinc\"><\/span><strong><img decoding=\"async\" class=\"wp-image-11651 alignleft size-full\" src=\"https:\/\/www.animetal.com.tr\/wp-content\/uploads\/2023\/06\/amazinc-spray-paint.png\" alt=\"\" width=\"84\" height=\"66\" \/>Pinturas ricas en zinc<img decoding=\"async\" class=\"wp-image-11666 alignright size-full\" src=\"https:\/\/www.animetal.com.tr\/wp-content\/uploads\/2023\/06\/amazinc-spray-thumbs-up.png\" alt=\"\" width=\"88\" height=\"60\" \/><\/strong><span class=\"ez-toc-section-end\"><\/span><\/h5>\n<p>La pintura rica en zinc se aplica sobre una superficie de acero limpia y seca con brocha o pulverizador. La pintura debe contener entre <strong>un 65% y un 69% de zinc met\u00e1lico en peso o m\u00e1s de un 92% de zinc met\u00e1lico en peso<\/strong> en la pel\u00edcula seca. Las pinturas que contienen polvo de zinc se clasifican como org\u00e1nicas o inorg\u00e1nicas, en funci\u00f3n del aglutinante que contengan. Los aglutinantes inorg\u00e1nicos son especialmente adecuados para pinturas aplicadas en retoques de zonas galvanizadas en caliente no da\u00f1adas.<img decoding=\"async\" class=\"wp-image-11636 alignright size-full\" src=\"https:\/\/www.animetal.com.tr\/wp-content\/uploads\/2023\/06\/amazinc-spray-check-mark.png\" alt=\"\" width=\"60\" height=\"60\" \/><\/p>\n<p>El espesor del <strong>revestimiento<\/strong> de la pintura debe ser <strong>un 50% superior al espesor del revestimiento circundante, pero no superior a 4,0 mils (100 \u00b5m)<\/strong>, y las mediciones deben realizarse con un medidor magn\u00e9tico, electromagn\u00e9tico o de corrientes de Foucault para garantizar el cumplimiento.<\/p>\n<p>[\/et_pb_text][et_pb_image src=\u00bbhttps:\/\/www.animetal.com.tr\/wp-content\/uploads\/2023\/06\/ani-metal-amazinc-spray04-225&#215;300.jpg\u00bb alt=\u00bbANI Metal &#8211; Amazinc Spray\u00bb title_text=\u00bbANI Metal &#8211; Amazinc Spray\u00bb align=\u00bbcenter\u00bb _builder_version=\u00bb4.21.0&#8243; _module_preset=\u00bbdefault\u00bb custom_margin=\u00bb||10px||false|false\u00bb custom_padding=\u00bb||10px||false|false\u00bb global_colors_info=\u00bb{}\u00bb][\/et_pb_image][et_pb_text _builder_version=\u00bb4.27.4&#8243; _module_preset=\u00bbdefault\u00bb custom_margin=\u00bb5px||5px||false|false\u00bb global_colors_info=\u00bb{}\u00bb]<\/p>\n<h3><span class=\"ez-toc-section\" id=\"Caracteristicas_tecnicas\"><\/span>Caracter\u00edsticas t\u00e9cnicas\u00a0<span class=\"ez-toc-section-end\"><\/span><\/h3>\n<p>[\/et_pb_text][et_pb_text _builder_version=\u00bb4.27.4&#8243; background_color=\u00bb#d7e9ce\u00bb custom_margin=\u00bb0px|0px|10px|0px|false|false\u00bb custom_padding=\u00bb10px|10px|10px|10px|false|false\u00bb border_radii=\u00bboff|5px|5px||5px\u00bb border_width_all=\u00bb2px\u00bb box_shadow_style=\u00bbpreset4&#8243; box_shadow_horizontal=\u00bb5px\u00bb box_shadow_vertical=\u00bb5px\u00bb global_colors_info=\u00bb{}\u00bb]<\/p>\n<h5><span class=\"ez-toc-section\" id=\"Caracteristicas\"><\/span><strong>Caracter\u00edsticas<\/strong><span class=\"ez-toc-section-end\"><\/span><\/h5>\n<ul>\n<li>Protecci\u00f3n de secado r\u00e1pido contra la corrosi\u00f3n con excelente efecto a largo plazo para metales con m\u00e1s de 90 de cinc y compuestos de cinc en pel\u00edcula seca.<\/li>\n<li>Se adhiere a casi todos los metales.<\/li>\n<li>Adecuado para reparar capas de zinc da\u00f1adas, recubrir, taladrar, cortar y soldar puntos, capa intermedia conductora en soldadura por puntos, capa primaria para instalaciones expuestas a la humedad. Puede utilizarse en soldadura por puntos.<\/li>\n<li>Resistente al calor hasta 300\u00b0C.<\/li>\n<li>Se puede lacar.<img decoding=\"async\" class=\"wp-image-11661 alignright size-full\" src=\"https:\/\/www.animetal.com.tr\/wp-content\/uploads\/2023\/06\/amazinc-spray-temperature.png\" alt=\"\" width=\"60\" height=\"79\" \/><\/li>\n<\/ul>\n<p>[\/et_pb_text][et_pb_text _builder_version=\u00bb4.27.4&#8243; background_color=\u00bb#fff9c7&#8243; custom_margin=\u00bb0px|0px|10px|0px|false|false\u00bb custom_padding=\u00bb10px|10px|10px|10px|false|false\u00bb border_radii=\u00bboff|5px|5px||5px\u00bb border_width_all=\u00bb2px\u00bb box_shadow_style=\u00bbpreset4&#8243; box_shadow_horizontal=\u00bb5px\u00bb box_shadow_vertical=\u00bb5px\u00bb global_colors_info=\u00bb{}\u00bb]<\/p>\n<h5><span class=\"ez-toc-section\" id=\"Aplicacion\"><\/span><strong><img decoding=\"async\" class=\"wp-image-11689 alignleft size-full\" src=\"https:\/\/www.animetal.com.tr\/wp-content\/uploads\/2023\/06\/amazinc-spray-hand-spray-1.png\" alt=\"\" width=\"185\" height=\"150\" \/>Aplicaci\u00f3n<\/strong><span class=\"ez-toc-section-end\"><\/span><\/h5>\n<ul>\n<li>En primer lugar, limpiar la superficie de residuos de todo tipo (\u00f3xido, capas de pintura e incrustaciones, lubricantes viejos).<\/li>\n<li>Se agita bien.<\/li>\n<li>A continuaci\u00f3n, se pulverizan uniformemente los hilos y superficies en tensi\u00f3n desde una distancia de unos 20-25 cm con una capa fina. Evite los excesos.<\/li>\n<\/ul>\n<p>[\/et_pb_text][et_pb_text _builder_version=\u00bb4.27.4&#8243; background_color=\u00bb#fefefe\u00bb custom_margin=\u00bb0px|0px|10px|0px|false|false\u00bb custom_padding=\u00bb10px|10px|10px|10px|false|false\u00bb border_radii=\u00bboff|5px|5px||5px\u00bb border_width_all=\u00bb2px\u00bb box_shadow_style=\u00bbpreset4&#8243; box_shadow_horizontal=\u00bb5px\u00bb box_shadow_vertical=\u00bb5px\u00bb global_colors_info=\u00bb{}\u00bb]<\/p>\n<h5><span class=\"ez-toc-section\" id=\"Datos_tecnicos\"><\/span><strong>Datos t\u00e9cnicos<img decoding=\"async\" class=\"wp-image-11656 alignright size-full\" src=\"https:\/\/www.animetal.com.tr\/wp-content\/uploads\/2023\/06\/amazinc-spray-sprays.png\" alt=\"\" width=\"63\" height=\"60\" \/><\/strong><span class=\"ez-toc-section-end\"><\/span><\/h5>\n<p>Spray L Color: Aluminio \/ gris claro<br \/>Spray D Color: Aluminio \/ gris oscuro<br \/>Olor: Caracter\u00edstico del disolvente<br \/>Presi\u00f3n @20\u00b0C: 5,5 bar<br \/>Presi\u00f3n relativa @20\u00b0C: 0,71-0,75 g\/ml<br \/>Formaci\u00f3n de la capa inicial @22\u00b0C: 20 minutos<br \/>Pureza del polvo Zn: &gt; 98%<br \/>Temperatura de resistencia: 300\u00b0C (pico de 400\u00b0C)<br \/>% Metal en zinc seco: 64%<br \/>% Zinc en pel\u00edcula seca: 12%<img decoding=\"async\" class=\"wp-image-11631 alignright size-full\" src=\"https:\/\/www.animetal.com.tr\/wp-content\/uploads\/2023\/06\/amazinc-spray-checklist.png\" alt=\"\" width=\"60\" height=\"67\" \/><\/p>\n<p>[\/et_pb_text][et_pb_image src=\u00bbhttps:\/\/www.animetal.com.tr\/wp-content\/uploads\/2025\/05\/ani-metal-amazinc-spray03-275&#215;300-v2-1.png\u00bb alt=\u00bbANI Metal &#8211; Amazinc Spray\u00bb title_text=\u00bbani-metal-amazinc-spray03-275&#215;300-v2&#8243; align=\u00bbcenter\u00bb _builder_version=\u00bb4.27.4&#8243; _module_preset=\u00bbdefault\u00bb custom_margin=\u00bb10px|10px|10px|10px|false|false\u00bb custom_padding=\u00bb10px||10px|10px|false|false\u00bb hover_enabled=\u00bb0&#8243; global_colors_info=\u00bb{}\u00bb sticky_enabled=\u00bb0&#8243;][\/et_pb_image][\/et_pb_column][et_pb_column type=\u00bb1_3&#8243; _builder_version=\u00bb4.16&#8243; custom_padding=\u00bb|||\u00bb global_colors_info=\u00bb{}\u00bb custom_padding__hover=\u00bb|||\u00bb][et_pb_text _builder_version=\u00bb4.21.0&#8243; text_font=\u00bb||||||||\u00bb text_text_color=\u00bb#ff0f0f\u00bb text_line_height=\u00bb1.2em\u00bb background_color=\u00bbrgba(104,153,193,0.12)\u00bb custom_margin=\u00bb|||\u00bb custom_padding=\u00bb10px|10px|10px|25px\u00bb global_colors_info=\u00bb{}\u00bb]<\/p>\n<p><a href=\"https:\/\/www.animetal.com.tr\/es\/quimicos-de-galvanizacion\/flujo-de-dragones\/\">Dragon Flux<\/a><\/p>\n<p><a href=\"https:\/\/www.animetal.com.tr\/es\/quimicos-de-galvanizacion\/desengrasante-anqa\/\">Anqa Degreaser<\/a><\/p>\n<p><a href=\"https:\/\/www.animetal.com.tr\/es\/quimicos-de-galvanizacion\/bloque-de-humos-lycan\/\">Lycan Fumeblock<\/a><\/p>\n<p><a href=\"https:\/\/www.animetal.com.tr\/es\/quimicos-de-galvanizacion\/monster-inhibitor\/\">Monster Inhibitor<\/a><\/p>\n<p><a href=\"https:\/\/www.animetal.com.tr\/es\/quimicos-de-galvanizacion\/smartni\/\">SmartNi<\/a><\/p>\n<p>Amazinc Spray<\/p>\n<p><a href=\"https:\/\/www.animetal.com.tr\/es\/quimicos-de-galvanizacion\/pasta-amazonica\/\">Amazinc Paste<\/a><\/p>\n<p>[\/et_pb_text][\/et_pb_column][\/et_pb_row][\/et_pb_section]<\/p>\n","protected":false},"excerpt":{"rendered":"<p>Spray Alucinante ZINC SPRAY L (LIGHT)ZINC SPRAY D (DARK)El retoque y la reparaci\u00f3n de los revestimientos de acero galvanizado en caliente es importante para mantener una barrera uniforme y la protecci\u00f3n cat\u00f3dica, as\u00ed como para garantizar la longevidad. Aunque el revestimiento galvanizado en caliente es muy resistente a los da\u00f1os, pueden producirse peque\u00f1os huecos o [&hellip;]<\/p>\n","protected":false},"author":1,"featured_media":11607,"parent":9729,"menu_order":6,"comment_status":"closed","ping_status":"closed","template":"","meta":{"_et_pb_use_builder":"on","_et_pb_old_content":"","_et_gb_content_width":"","footnotes":""},"class_list":["post-9736","page","type-page","status-publish","has-post-thumbnail","hentry"],"_links":{"self":[{"href":"https:\/\/www.animetal.com.tr\/es\/wp-json\/wp\/v2\/pages\/9736","targetHints":{"allow":["GET"]}}],"collection":[{"href":"https:\/\/www.animetal.com.tr\/es\/wp-json\/wp\/v2\/pages"}],"about":[{"href":"https:\/\/www.animetal.com.tr\/es\/wp-json\/wp\/v2\/types\/page"}],"author":[{"embeddable":true,"href":"https:\/\/www.animetal.com.tr\/es\/wp-json\/wp\/v2\/users\/1"}],"replies":[{"embeddable":true,"href":"https:\/\/www.animetal.com.tr\/es\/wp-json\/wp\/v2\/comments?post=9736"}],"version-history":[{"count":1,"href":"https:\/\/www.animetal.com.tr\/es\/wp-json\/wp\/v2\/pages\/9736\/revisions"}],"predecessor-version":[{"id":13208,"href":"https:\/\/www.animetal.com.tr\/es\/wp-json\/wp\/v2\/pages\/9736\/revisions\/13208"}],"up":[{"embeddable":true,"href":"https:\/\/www.animetal.com.tr\/es\/wp-json\/wp\/v2\/pages\/9729"}],"wp:featuredmedia":[{"embeddable":true,"href":"https:\/\/www.animetal.com.tr\/es\/wp-json\/wp\/v2\/media\/11607"}],"wp:attachment":[{"href":"https:\/\/www.animetal.com.tr\/es\/wp-json\/wp\/v2\/media?parent=9736"}],"curies":[{"name":"wp","href":"https:\/\/api.w.org\/{rel}","templated":true}]}}