{"id":9748,"date":"2022-04-18T15:04:23","date_gmt":"2022-04-18T15:04:23","guid":{"rendered":"https:\/\/www.animetal.com.tr\/quimicos-de-galvanizacion\/hydronet\/"},"modified":"2025-01-05T13:06:40","modified_gmt":"2025-01-05T13:06:40","slug":"desengrasante-anqa","status":"publish","type":"page","link":"https:\/\/www.animetal.com.tr\/es\/quimicos-de-galvanizacion\/desengrasante-anqa\/","title":{"rendered":"Desengrasante Anqa"},"content":{"rendered":"<p>[et_pb_section fb_built=\u00bb1&#8243; _builder_version=\u00bb4.16&#8243; custom_padding=\u00bb26px|0px|20px|0px\u00bb global_colors_info=\u00bb{}\u00bb][et_pb_row _builder_version=\u00bb4.16&#8243; custom_padding=\u00bb0px|0px|0px|0px\u00bb global_colors_info=\u00bb{}\u00bb][et_pb_column type=\u00bb4_4&#8243; _builder_version=\u00bb4.16&#8243; custom_padding=\u00bb|||\u00bb global_colors_info=\u00bb{}\u00bb custom_padding__hover=\u00bb|||\u00bb][et_pb_text _builder_version=\u00bb4.27.4&#8243; global_colors_info=\u00bb{}\u00bb]<\/p>\n<h1>Desengrasante Anqa<\/h1>\n<p>[\/et_pb_text][\/et_pb_column][\/et_pb_row][\/et_pb_section][et_pb_section fb_built=\u00bb1&#8243; _builder_version=\u00bb4.16&#8243; custom_padding=\u00bb0px|0px|54px|0px\u00bb global_colors_info=\u00bb{}\u00bb][et_pb_row column_structure=\u00bb2_3,1_3&#8243; use_custom_gutter=\u00bbon\u00bb gutter_width=\u00bb1&#8243; _builder_version=\u00bb4.16&#8243; background_color=\u00bb#efefef\u00bb custom_padding=\u00bb0px|0px|0px|0px\u00bb global_colors_info=\u00bb{}\u00bb][et_pb_column type=\u00bb2_3&#8243; _builder_version=\u00bb4.16&#8243; custom_padding=\u00bb|||\u00bb global_colors_info=\u00bb{}\u00bb custom_padding__hover=\u00bb|||\u00bb][et_pb_image src=\u00bbhttps:\/\/www.animetal.com.tr\/wp-content\/uploads\/2023\/06\/ANI-Metal-Anqa-Degreaser01.jpg\u00bb alt=\u00bbANI Metal &#8211; Anqa Degreaser\u00bb title_text=\u00bbANI Metal &#8211; Anqa Degreaser\u00bb force_fullwidth=\u00bbon\u00bb align_tablet=\u00bbcenter\u00bb align_phone=\u00bb\u00bb align_last_edited=\u00bbon|desktop\u00bb _builder_version=\u00bb4.21.0&#8243; custom_margin=\u00bb0px|0px|0px|0px\u00bb animation_style=\u00bbslide\u00bb animation_direction=\u00bbleft\u00bb animation_duration=\u00bb500ms\u00bb animation_intensity_slide=\u00bb10%\u00bb global_colors_info=\u00bb{}\u00bb]<br \/>\n[\/et_pb_image][\/et_pb_column][et_pb_column type=\u00bb1_3&#8243; _builder_version=\u00bb4.16&#8243; custom_padding=\u00bb|||\u00bb global_colors_info=\u00bb{}\u00bb custom_padding__hover=\u00bb|||\u00bb][et_pb_image src=\u00bbhttps:\/\/www.animetal.com.tr\/wp-content\/uploads\/2023\/06\/anqa-degreaser-logo-330px-2.png\u00bb alt=\u00bbAnqa Degreaser Logo\u00bb title_text=\u00bbAnqa Degreaser Logo\u00bb _builder_version=\u00bb4.21.0&#8243; _module_preset=\u00bbdefault\u00bb width=\u00bb75%\u00bb max_width=\u00bb71%\u00bb module_alignment=\u00bbcenter\u00bb custom_margin=\u00bb100px||||false|false\u00bb locked=\u00bboff\u00bb global_colors_info=\u00bb{}\u00bb][\/et_pb_image][et_pb_cta title=\u00bbAnqa Degreaser Brochure\u00bb button_url=\u00bbhttps:\/\/www.animetal.com.tr\/wp-content\/uploads\/2023\/08\/ANI-Metal-anqa-degreaser-data-sheet-eng-v2.pdf\u00bb url_new_window=\u00bbon\u00bb button_text=\u00bbPDF\u00bb _builder_version=\u00bb4.21.0&#8243; header_line_height=\u00bb1.2em\u00bb use_background_color=\u00bboff\u00bb background_layout=\u00bblight\u00bb custom_margin=\u00bb50px|20px|10px|20px\u00bb locked=\u00bboff\u00bb global_colors_info=\u00bb{}\u00bb button_text_size__hover_enabled=\u00bboff\u00bb button_one_text_size__hover_enabled=\u00bboff\u00bb button_two_text_size__hover_enabled=\u00bboff\u00bb button_text_color__hover_enabled=\u00bboff\u00bb button_one_text_color__hover_enabled=\u00bboff\u00bb button_two_text_color__hover_enabled=\u00bboff\u00bb button_border_width__hover_enabled=\u00bboff\u00bb button_one_border_width__hover_enabled=\u00bboff\u00bb button_two_border_width__hover_enabled=\u00bboff\u00bb button_border_color__hover_enabled=\u00bboff\u00bb button_one_border_color__hover_enabled=\u00bboff\u00bb button_two_border_color__hover_enabled=\u00bboff\u00bb button_border_radius__hover_enabled=\u00bboff\u00bb button_one_border_radius__hover_enabled=\u00bboff\u00bb button_two_border_radius__hover_enabled=\u00bboff\u00bb button_letter_spacing__hover_enabled=\u00bboff\u00bb button_one_letter_spacing__hover_enabled=\u00bboff\u00bb button_two_letter_spacing__hover_enabled=\u00bboff\u00bb button_bg_color__hover_enabled=\u00bboff\u00bb button_one_bg_color__hover_enabled=\u00bboff\u00bb button_two_bg_color__hover_enabled=\u00bboff\u00bb][\/et_pb_cta][\/et_pb_column][\/et_pb_row][et_pb_row column_structure=\u00bb2_3,1_3&#8243; use_custom_gutter=\u00bbon\u00bb gutter_width=\u00bb1&#8243; _builder_version=\u00bb4.21.0&#8243; custom_padding=\u00bb20px|0px|0px|0px\u00bb global_colors_info=\u00bb{}\u00bb][et_pb_column type=\u00bb2_3&#8243; _builder_version=\u00bb4.21.0&#8243; background_color=\u00bb#fee8c0&#8243; custom_padding=\u00bb20px|20px|20px|20px|false|false\u00bb global_colors_info=\u00bb{}\u00bb custom_padding__hover=\u00bb|||\u00bb][et_pb_text _builder_version=\u00bb4.27.4&#8243; background_color=\u00bbRGBA(255,255,255,0)\u00bb custom_margin=\u00bb0px|0px|10px|0px|false|false\u00bb custom_padding=\u00bb10px|10px|10px|10px|false|false\u00bb hover_enabled=\u00bb0&#8243; border_radii=\u00bboff|5px|5px||5px\u00bb global_colors_info=\u00bb{}\u00bb sticky_enabled=\u00bb0&#8243;]<\/p>\n<div id=\"ez-toc-container\" class=\"ez-toc-v2_0_81 counter-hierarchy ez-toc-counter ez-toc-grey ez-toc-container-direction\">\n<p class=\"ez-toc-title\" style=\"cursor:inherit\">Table of Contents<\/p>\n<label for=\"ez-toc-cssicon-toggle-item-69ea1fd78da0a\" class=\"ez-toc-cssicon-toggle-label\"><span class=\"ez-toc-cssicon\"><span class=\"eztoc-hide\" style=\"display:none;\">Toggle<\/span><span class=\"ez-toc-icon-toggle-span\"><svg style=\"fill: #999;color:#999\" xmlns=\"http:\/\/www.w3.org\/2000\/svg\" class=\"list-377408\" width=\"20px\" height=\"20px\" viewBox=\"0 0 24 24\" fill=\"none\"><path d=\"M6 6H4v2h2V6zm14 0H8v2h12V6zM4 11h2v2H4v-2zm16 0H8v2h12v-2zM4 16h2v2H4v-2zm16 0H8v2h12v-2z\" fill=\"currentColor\"><\/path><\/svg><svg style=\"fill: #999;color:#999\" class=\"arrow-unsorted-368013\" xmlns=\"http:\/\/www.w3.org\/2000\/svg\" width=\"10px\" height=\"10px\" viewBox=\"0 0 24 24\" version=\"1.2\" baseProfile=\"tiny\"><path d=\"M18.2 9.3l-6.2-6.3-6.2 6.3c-.2.2-.3.4-.3.7s.1.5.3.7c.2.2.4.3.7.3h11c.3 0 .5-.1.7-.3.2-.2.3-.5.3-.7s-.1-.5-.3-.7zM5.8 14.7l6.2 6.3 6.2-6.3c.2-.2.3-.5.3-.7s-.1-.5-.3-.7c-.2-.2-.4-.3-.7-.3h-11c-.3 0-.5.1-.7.3-.2.2-.3.5-.3.7s.1.5.3.7z\"\/><\/svg><\/span><\/span><\/label><input type=\"checkbox\"  id=\"ez-toc-cssicon-toggle-item-69ea1fd78da0a\"  aria-label=\"Alternar\" \/><nav><ul class='ez-toc-list ez-toc-list-level-1 ' ><li class='ez-toc-page-1 ez-toc-heading-level-3'><a class=\"ez-toc-link ez-toc-heading-1\" href=\"https:\/\/www.animetal.com.tr\/es\/quimicos-de-galvanizacion\/desengrasante-anqa\/#DESENGRASANTE_ACIDO_DE_BAJO_CONTENIDO_FOSFORICO_PARA_LA_INDUSTRIA_DEL_GALVANIZADO_EN_CALIENTE\" >DESENGRASANTE \u00c1CIDO DE BAJO CONTENIDO FOSF\u00d3RICO PARA LA INDUSTRIA DEL GALVANIZADO EN CALIENTE<\/a><ul class='ez-toc-list-level-4' ><li class='ez-toc-heading-level-4'><a class=\"ez-toc-link ez-toc-heading-2\" href=\"https:\/\/www.animetal.com.tr\/es\/quimicos-de-galvanizacion\/desengrasante-anqa\/#Preparacion_de_la_solucion_desengrasante_acida\" >Preparaci\u00f3n de la soluci\u00f3n desengrasante \u00e1cida<\/a><\/li><li class='ez-toc-page-1 ez-toc-heading-level-4'><a class=\"ez-toc-link ez-toc-heading-3\" href=\"https:\/\/www.animetal.com.tr\/es\/quimicos-de-galvanizacion\/desengrasante-anqa\/#Caracteristicas_tecnicas\" >Caracter\u00edsticas t\u00e9cnicas<\/a><\/li><\/ul><\/li><\/ul><\/nav><\/div>\n<h3><span class=\"ez-toc-section\" id=\"DESENGRASANTE_ACIDO_DE_BAJO_CONTENIDO_FOSFORICO_PARA_LA_INDUSTRIA_DEL_GALVANIZADO_EN_CALIENTE\"><\/span>DESENGRASANTE \u00c1CIDO DE BAJO CONTENIDO FOSF\u00d3RICO PARA LA INDUSTRIA DEL GALVANIZADO EN CALIENTE<span class=\"ez-toc-section-end\"><\/span><\/h3>\n<p>[\/et_pb_text][et_pb_text _builder_version=\u00bb4.27.4&#8243; background_color=\u00bb#d7e9ce\u00bb custom_margin=\u00bb0px|0px|10px|0px|false|false\u00bb custom_padding=\u00bb10px|10px|10px|10px|false|false\u00bb hover_enabled=\u00bb0&#8243; border_radii=\u00bboff|5px|5px||5px\u00bb border_width_all=\u00bb2px\u00bb box_shadow_style=\u00bbpreset4&#8243; box_shadow_horizontal=\u00bb5px\u00bb box_shadow_vertical=\u00bb5px\u00bb global_colors_info=\u00bb{}\u00bb sticky_enabled=\u00bb0&#8243;]<\/p>\n<p><strong><img decoding=\"async\" class=\"wp-image-10898 alignleft size-full\" src=\"https:\/\/www.animetal.com.tr\/wp-content\/uploads\/2023\/06\/anqa-degreaser-info-icon.png\" alt=\"Anqa Degreaser Info Icon\" width=\"60\" height=\"60\" \/>ANQA DE<\/strong> GREASER es un desengrasante \u00e1cido a base de \u00e1cido fosf\u00f3rico y \u00e1cido clorh\u00eddrico.<\/p>\n<p><img decoding=\"async\" class=\"wp-image-10905 alignnone size-full\" style=\"float: right;\" src=\"https:\/\/www.animetal.com.tr\/wp-content\/uploads\/2023\/06\/anqa-degreaser-drops.png\" alt=\"Anqa Degreaser Drops\" width=\"44\" height=\"106\" \/><\/p>\n<p><strong>ANQA DEGREASER<\/strong> elimina el aceite y otras impurezas de la superficie del acero.<\/p>\n<p>[\/et_pb_text][et_pb_text _builder_version=\u00bb4.27.4&#8243; background_color=\u00bb#fefefe\u00bb custom_margin=\u00bb0px|0px|10px|0px|false|false\u00bb custom_padding=\u00bb10px|10px|10px|10px|false|false\u00bb hover_enabled=\u00bb0&#8243; border_radii=\u00bboff|5px|5px||5px\u00bb border_width_all=\u00bb2px\u00bb box_shadow_style=\u00bbpreset4&#8243; box_shadow_horizontal=\u00bb5px\u00bb box_shadow_vertical=\u00bb5px\u00bb global_colors_info=\u00bb{}\u00bb sticky_enabled=\u00bb0&#8243;]<\/p>\n<p><img decoding=\"async\" class=\"wp-image-10981 alignleft size-full\" src=\"https:\/\/www.animetal.com.tr\/wp-content\/uploads\/2023\/06\/anqa-degreaser-phosphorus-icon-2.png\" alt=\"Anqa Degreaser Phosphorus\" width=\"98\" height=\"60\" \/>Contiene menos \u00e1cido fosf\u00f3rico<\/p>\n<ul>\n<li>Menor cantidad de s\u00f3lidos tras el desengrasado<\/li>\n<li>Menor cantidad de residuos s\u00f3lidos<\/li>\n<\/ul>\n<p>[\/et_pb_text][et_pb_text _builder_version=\u00bb4.27.4&#8243; background_color=\u00bb#fefefe\u00bb custom_margin=\u00bb0px|0px|10px|0px|false|false\u00bb custom_padding=\u00bb10px|10px|10px|10px|false|false\u00bb hover_enabled=\u00bb0&#8243; border_radii=\u00bboff|5px|5px||5px\u00bb border_width_all=\u00bb2px\u00bb box_shadow_style=\u00bbpreset4&#8243; box_shadow_horizontal=\u00bb5px\u00bb box_shadow_vertical=\u00bb5px\u00bb global_colors_info=\u00bb{}\u00bb sticky_enabled=\u00bb0&#8243;]<\/p>\n<p><img decoding=\"async\" class=\"wp-image-10976 alignleft size-full\" src=\"https:\/\/www.animetal.com.tr\/wp-content\/uploads\/2023\/06\/anqa-degreaser-check-mark-2.png\" alt=\"Anqa Degreaser Check Mark\" width=\"98\" height=\"60\" \/>Contiene tensioactivos<\/p>\n<ul>\n<li>Aumenta la eficacia desengrasante<\/li>\n<\/ul>\n<p>[\/et_pb_text][et_pb_text _builder_version=\u00bb4.27.4&#8243; background_color=\u00bb#fefefe\u00bb custom_margin=\u00bb0px|0px|10px|0px|false|false\u00bb custom_padding=\u00bb10px|10px|10px|10px|false|false\u00bb hover_enabled=\u00bb0&#8243; border_radii=\u00bboff|5px|5px||5px\u00bb border_width_all=\u00bb2px\u00bb box_shadow_style=\u00bbpreset4&#8243; box_shadow_horizontal=\u00bb5px\u00bb box_shadow_vertical=\u00bb5px\u00bb global_colors_info=\u00bb{}\u00bb sticky_enabled=\u00bb0&#8243;]<\/p>\n<p><img decoding=\"async\" class=\"wp-image-10970 alignleft size-full\" src=\"https:\/\/www.animetal.com.tr\/wp-content\/uploads\/2023\/06\/anqa-degreaser-emoji-thumbs-up-1.png\" alt=\"Anqa Degreaser Emoji Thumbs Up\" width=\"98\" height=\"60\" \/>Contiene inhibidores de la corrosi\u00f3n<\/p>\n<ul>\n<li>Previene el ataque \u00e1cido al acero<\/li>\n<\/ul>\n<p>[\/et_pb_text][et_pb_text _builder_version=\u00bb4.27.4&#8243; background_color=\u00bb#fce3d7&#8243; custom_margin=\u00bb0px|0px|10px|0px|false|false\u00bb custom_padding=\u00bb10px|10px|10px|10px|false|false\u00bb hover_enabled=\u00bb0&#8243; border_radii=\u00bboff|5px|5px||5px\u00bb border_width_all=\u00bb2px\u00bb box_shadow_style=\u00bbpreset4&#8243; box_shadow_horizontal=\u00bb5px\u00bb box_shadow_vertical=\u00bb5px\u00bb global_colors_info=\u00bb{}\u00bb sticky_enabled=\u00bb0&#8243;]<\/p>\n<p><img decoding=\"async\" class=\"wp-image-10910 alignleft size-full\" src=\"https:\/\/www.animetal.com.tr\/wp-content\/uploads\/2023\/06\/anqa-degreaser-warning-sign.png\" alt=\"Anqa Degreaser Warning Sign\" width=\"66\" height=\"60\" \/><\/p>\n<p><strong>ATENCI\u00d3N:<br \/>Los dep\u00f3sitos de desengrase deben ser resistentes a los \u00e1cidos y poder calentarse a 35\u00b0C.<img decoding=\"async\" class=\"wp-image-11040 alignright size-full\" src=\"https:\/\/www.animetal.com.tr\/wp-content\/uploads\/2023\/06\/anqa-degreaser-temperature-icon.png\" alt=\"Anqa Degreaser Temeprature Icon\" width=\"60\" height=\"78\" \/><\/strong><\/p>\n<p>&nbsp;<\/p>\n<p>&nbsp;<\/p>\n<p>[\/et_pb_text][et_pb_text _builder_version=\u00bb4.27.4&#8243; background_color=\u00bb#d5ebee\u00bb custom_margin=\u00bb0px|0px|10px|0px|false|false\u00bb custom_padding=\u00bb10px|10px|10px|10px|false|false\u00bb hover_enabled=\u00bb0&#8243; border_radii=\u00bboff|5px|5px||5px\u00bb border_width_all=\u00bb2px\u00bb box_shadow_style=\u00bbpreset4&#8243; box_shadow_horizontal=\u00bb5px\u00bb box_shadow_vertical=\u00bb5px\u00bb global_colors_info=\u00bb{}\u00bb sticky_enabled=\u00bb0&#8243;]<\/p>\n<h4><span class=\"ez-toc-section\" id=\"Preparacion_de_la_solucion_desengrasante_acida\"><\/span><strong>Preparaci\u00f3n de la soluci\u00f3n desengrasante \u00e1cida<\/strong><span class=\"ez-toc-section-end\"><\/span><\/h4>\n<ul>\n<li>Calcular el volumen del dep\u00f3sito<\/li>\n<li>Llene de agua el 75% del nivel de trabajo del dep\u00f3sito<\/li>\n<li>Llene de 8 a 10% del nivel de trabajo con <strong>ANQA DEGREASER<\/strong><\/li>\n<li>Llene el resto del dep\u00f3sito con agua hasta el nivel de trabajo<\/li>\n<\/ul>\n<p>[\/et_pb_text][et_pb_image src=\u00bbhttps:\/\/www.animetal.com.tr\/wp-content\/uploads\/2023\/06\/ANI-Metal-Anqa-Degreaser02.jpg\u00bb alt=\u00bbANI Metal &#8211; Anqa Degreaser\u00bb title_text=\u00bbANI Metal &#8211; Anqa Degreaser\u00bb _builder_version=\u00bb4.21.0&#8243; _module_preset=\u00bbdefault\u00bb global_colors_info=\u00bb{}\u00bb][\/et_pb_image][et_pb_text _builder_version=\u00bb4.27.4&#8243; background_color=\u00bb#fefefe\u00bb custom_margin=\u00bb10px|0px|10px|0px|false|false\u00bb custom_padding=\u00bb10px|10px|10px|10px|false|false\u00bb hover_enabled=\u00bb0&#8243; border_radii=\u00bboff|5px|5px||5px\u00bb border_width_all=\u00bb2px\u00bb box_shadow_style=\u00bbpreset4&#8243; box_shadow_horizontal=\u00bb5px\u00bb box_shadow_vertical=\u00bb5px\u00bb global_colors_info=\u00bb{}\u00bb sticky_enabled=\u00bb0&#8243;]<\/p>\n<h4><span class=\"ez-toc-section\" id=\"Caracteristicas_tecnicas\"><\/span><img decoding=\"async\" class=\"wp-image-10951 alignleft size-full\" src=\"https:\/\/www.animetal.com.tr\/wp-content\/uploads\/2023\/06\/anqa-degreaser-worker-helmet.png\" alt=\"Anqa Degreaser Worker Helmet\" width=\"66\" height=\"60\" \/><strong>Caracter\u00edsticas t\u00e9cnicas<\/strong><span class=\"ez-toc-section-end\"><\/span><\/h4>\n<p><strong>Par\u00e1metros de trabajo<\/strong><br \/>pH : 1 &#8211; 2<br \/>Temperatura : 30 &#8211; 40\u00b0C<br \/>Tiempo de proceso : 10 &#8211; 30 minutos dependiendo del aceite sobre sustrato de acero<img decoding=\"async\" class=\"wp-image-11047 alignright size-full\" src=\"https:\/\/www.animetal.com.tr\/wp-content\/uploads\/2023\/06\/anqa-degreaser-fe-zn-1.png\" alt=\"Anqa Degreaser Fe Zn\" width=\"120\" height=\"104\" \/><br \/>Concentraci\u00f3n de hierro (<sup>Fe+2<\/sup>) : max 50 g\/litro<\/p>\n<p>[\/et_pb_text][et_pb_text _builder_version=\u00bb4.27.4&#8243; background_color=\u00bb#d5ebee\u00bb custom_margin=\u00bb0px|0px|10px|0px|false|false\u00bb custom_padding=\u00bb10px|10px|10px|10px|false|false\u00bb hover_enabled=\u00bb0&#8243; border_radii=\u00bboff|5px|5px||5px\u00bb border_width_all=\u00bb2px\u00bb box_shadow_style=\u00bbpreset4&#8243; box_shadow_horizontal=\u00bb5px\u00bb box_shadow_vertical=\u00bb5px\u00bb global_colors_info=\u00bb{}\u00bb sticky_enabled=\u00bb0&#8243;]<\/p>\n<p><strong><img decoding=\"async\" class=\"wp-image-10805 alignleft size-full\" src=\"https:\/\/www.animetal.com.tr\/wp-content\/uploads\/2023\/06\/tools_60px.png\" alt=\"Wrench and Hummer Icon\" width=\"60\" height=\"60\" \/>Mantenimiento de la soluci\u00f3n desengrasante<\/strong><\/p>\n<p>Hay un consumo del producto qu\u00edmico<\/p>\n<ul>\n<li>Por reacci\u00f3n del aceite y el producto qu\u00edmico<\/li>\n<li>Por arrastre de los art\u00edculos<\/li>\n<\/ul>\n<p>El consumo del producto es de 0,8 &#8211; 1,2 kg\/t de material galvanizado y depende del contenido de aceite y de la superficie de los art\u00edculos.<\/p>\n<p>Las adiciones deben realizarse en funci\u00f3n de la tonelada de acero galvanizado.<img decoding=\"async\" class=\"wp-image-10916 alignright size-full\" src=\"https:\/\/www.animetal.com.tr\/wp-content\/uploads\/2023\/06\/anqa-degreaser-checklist-icon.png\" alt=\"Anqa Degreaser Checklist-icon\" width=\"60\" height=\"85\" \/><\/p>\n<p>Los an\u00e1lisis mensuales ayudar\u00e1n a mantener la soluci\u00f3n desengrasante con una concentraci\u00f3n del 8-10%.<\/p>\n<p>[\/et_pb_text][et_pb_text _builder_version=\u00bb4.27.4&#8243; custom_margin=\u00bb20px|0px|10px|0px|false|false\u00bb custom_padding=\u00bb0px|0px|0px|0px|false|false\u00bb hover_enabled=\u00bb0&#8243; global_colors_info=\u00bb{}\u00bb sticky_enabled=\u00bb0&#8243;]<\/p>\n<p><img decoding=\"async\" class=\"wp-image-11035 alignnone size-full\" src=\"https:\/\/www.animetal.com.tr\/wp-content\/uploads\/2023\/06\/ANI-Metal-Anqa-Degreaser03.jpg\" alt=\"ANI Metal - Anqa Degreaser\" width=\"720\" height=\"760\" srcset=\"https:\/\/www.animetal.com.tr\/wp-content\/uploads\/2023\/06\/ANI-Metal-Anqa-Degreaser03.jpg 720w, https:\/\/www.animetal.com.tr\/wp-content\/uploads\/2023\/06\/ANI-Metal-Anqa-Degreaser03-480x507.jpg 480w\" sizes=\"(min-width: 0px) and (max-width: 480px) 480px, (min-width: 481px) 720px, 100vw\" \/><\/p>\n<p>[\/et_pb_text][\/et_pb_column][et_pb_column type=\u00bb1_3&#8243; _builder_version=\u00bb4.16&#8243; custom_padding=\u00bb|||\u00bb global_colors_info=\u00bb{}\u00bb custom_padding__hover=\u00bb|||\u00bb][et_pb_text _builder_version=\u00bb4.21.0&#8243; text_font=\u00bb||||||||\u00bb text_text_color=\u00bb#ff0f0f\u00bb text_line_height=\u00bb1.2em\u00bb background_color=\u00bbrgba(104,153,193,0.12)\u00bb custom_margin=\u00bb|||\u00bb custom_padding=\u00bb10px|10px|10px|25px\u00bb global_colors_info=\u00bb{}\u00bb]<\/p>\n<p><a href=\"https:\/\/www.animetal.com.tr\/es\/quimicos-de-galvanizacion\/flujo-de-dragones\/\">Dragon Flux<\/a><\/p>\n<p>Anqa Degreaser<\/p>\n<p><a href=\"https:\/\/www.animetal.com.tr\/es\/quimicos-de-galvanizacion\/bloque-de-humos-lycan\/\">Lycan Fumeblock<\/a><\/p>\n<p><a href=\"https:\/\/www.animetal.com.tr\/es\/quimicos-de-galvanizacion\/monster-inhibitor\/\">Monster Inhibitor<\/a><\/p>\n<p><a href=\"https:\/\/www.animetal.com.tr\/es\/quimicos-de-galvanizacion\/smartni\/\">SmartNi<\/a><\/p>\n<p><a href=\"https:\/\/www.animetal.com.tr\/es\/quimicos-de-galvanizacion\/spray-alucinante\/\">Amazinc Spray<\/a><\/p>\n<p><a href=\"https:\/\/www.animetal.com.tr\/es\/quimicos-de-galvanizacion\/pasta-amazonica\/\">Amazinc Paste<\/a><\/p>\n<p>[\/et_pb_text][\/et_pb_column][\/et_pb_row][\/et_pb_section]<\/p>\n","protected":false},"excerpt":{"rendered":"<p>Desengrasante Anqa DESENGRASANTE \u00c1CIDO DE BAJO CONTENIDO FOSF\u00d3RICO PARA LA INDUSTRIA DEL GALVANIZADO EN CALIENTEANQA DE GREASER es un desengrasante \u00e1cido a base de \u00e1cido fosf\u00f3rico y \u00e1cido clorh\u00eddrico. ANQA DEGREASER elimina el aceite y otras impurezas de la superficie del acero.Contiene menos \u00e1cido fosf\u00f3rico Menor cantidad de s\u00f3lidos tras el desengrasado Menor cantidad de [&hellip;]<\/p>\n","protected":false},"author":1,"featured_media":10990,"parent":9729,"menu_order":2,"comment_status":"closed","ping_status":"closed","template":"","meta":{"_et_pb_use_builder":"on","_et_pb_old_content":"","_et_gb_content_width":"","footnotes":""},"class_list":["post-9748","page","type-page","status-publish","has-post-thumbnail","hentry"],"_links":{"self":[{"href":"https:\/\/www.animetal.com.tr\/es\/wp-json\/wp\/v2\/pages\/9748","targetHints":{"allow":["GET"]}}],"collection":[{"href":"https:\/\/www.animetal.com.tr\/es\/wp-json\/wp\/v2\/pages"}],"about":[{"href":"https:\/\/www.animetal.com.tr\/es\/wp-json\/wp\/v2\/types\/page"}],"author":[{"embeddable":true,"href":"https:\/\/www.animetal.com.tr\/es\/wp-json\/wp\/v2\/users\/1"}],"replies":[{"embeddable":true,"href":"https:\/\/www.animetal.com.tr\/es\/wp-json\/wp\/v2\/comments?post=9748"}],"version-history":[{"count":0,"href":"https:\/\/www.animetal.com.tr\/es\/wp-json\/wp\/v2\/pages\/9748\/revisions"}],"up":[{"embeddable":true,"href":"https:\/\/www.animetal.com.tr\/es\/wp-json\/wp\/v2\/pages\/9729"}],"wp:featuredmedia":[{"embeddable":true,"href":"https:\/\/www.animetal.com.tr\/es\/wp-json\/wp\/v2\/media\/10990"}],"wp:attachment":[{"href":"https:\/\/www.animetal.com.tr\/es\/wp-json\/wp\/v2\/media?parent=9748"}],"curies":[{"name":"wp","href":"https:\/\/api.w.org\/{rel}","templated":true}]}}