{"id":9751,"date":"2022-04-18T15:05:20","date_gmt":"2022-04-18T15:05:20","guid":{"rendered":"https:\/\/www.animetal.com.tr\/quimicos-de-galvanizacion\/antivapor\/"},"modified":"2025-01-05T12:57:02","modified_gmt":"2025-01-05T12:57:02","slug":"bloque-de-humos-lycan","status":"publish","type":"page","link":"https:\/\/www.animetal.com.tr\/es\/quimicos-de-galvanizacion\/bloque-de-humos-lycan\/","title":{"rendered":"Bloque de Humos Lycan"},"content":{"rendered":"<p>[et_pb_section fb_built=\u00bb1&#8243; _builder_version=\u00bb4.16&#8243; custom_padding=\u00bb26px|0px|20px|0px\u00bb global_colors_info=\u00bb{}\u00bb][et_pb_row _builder_version=\u00bb4.16&#8243; custom_padding=\u00bb0px|0px|0px|0px\u00bb global_colors_info=\u00bb{}\u00bb][et_pb_column type=\u00bb4_4&#8243; _builder_version=\u00bb4.16&#8243; custom_padding=\u00bb|||\u00bb global_colors_info=\u00bb{}\u00bb custom_padding__hover=\u00bb|||\u00bb][et_pb_text _builder_version=\u00bb4.27.4&#8243; global_colors_info=\u00bb{}\u00bb]<\/p>\n<h1>Bloque de Humos Lycan<\/h1>\n<p>[\/et_pb_text][\/et_pb_column][\/et_pb_row][\/et_pb_section][et_pb_section fb_built=\u00bb1&#8243; _builder_version=\u00bb4.16&#8243; custom_padding=\u00bb0px|0px|54px|0px\u00bb global_colors_info=\u00bb{}\u00bb][et_pb_row column_structure=\u00bb2_3,1_3&#8243; use_custom_gutter=\u00bbon\u00bb gutter_width=\u00bb1&#8243; _builder_version=\u00bb4.16&#8243; background_color=\u00bb#efefef\u00bb custom_padding=\u00bb0px|0px|0px|0px\u00bb global_colors_info=\u00bb{}\u00bb][et_pb_column type=\u00bb2_3&#8243; _builder_version=\u00bb4.16&#8243; custom_padding=\u00bb|||\u00bb global_colors_info=\u00bb{}\u00bb custom_padding__hover=\u00bb|||\u00bb][et_pb_image src=\u00bbhttps:\/\/www.animetal.com.tr\/wp-content\/uploads\/2023\/06\/Lycan-Fumeblock01.jpg\u00bb alt=\u00bbLycan Fumeblock\u00bb title_text=\u00bbLycan Fumeblock\u00bb force_fullwidth=\u00bbon\u00bb align_tablet=\u00bbcenter\u00bb align_phone=\u00bb\u00bb align_last_edited=\u00bbon|desktop\u00bb _builder_version=\u00bb4.21.0&#8243; custom_margin=\u00bb0px|0px|0px|0px\u00bb animation_style=\u00bbslide\u00bb animation_direction=\u00bbleft\u00bb animation_duration=\u00bb500ms\u00bb animation_intensity_slide=\u00bb10%\u00bb global_colors_info=\u00bb{}\u00bb]<br \/>\n[\/et_pb_image][\/et_pb_column][et_pb_column type=\u00bb1_3&#8243; _builder_version=\u00bb4.16&#8243; custom_padding=\u00bb|||\u00bb global_colors_info=\u00bb{}\u00bb custom_padding__hover=\u00bb|||\u00bb][et_pb_image src=\u00bbhttps:\/\/www.animetal.com.tr\/wp-content\/uploads\/2023\/06\/lycan-fumeblock-logo-330px.png\u00bb alt=\u00bbLycan Fumeblock Logo\u00bb title_text=\u00bbLycan Fumeblock Logo\u00bb _builder_version=\u00bb4.21.0&#8243; _module_preset=\u00bbdefault\u00bb width=\u00bb75%\u00bb max_width=\u00bb71%\u00bb module_alignment=\u00bbcenter\u00bb custom_margin=\u00bb100px||||false|false\u00bb locked=\u00bboff\u00bb global_colors_info=\u00bb{}\u00bb][\/et_pb_image][et_pb_cta title=\u00bbLycan Fumeblock Brochure\u00bb button_url=\u00bbhttps:\/\/www.animetal.com.tr\/wp-content\/uploads\/2023\/08\/ANI-Metal-lycan-fumeblock-data-sheet-eng-v2.pdf\u00bb url_new_window=\u00bbon\u00bb button_text=\u00bbPDF\u00bb _builder_version=\u00bb4.21.0&#8243; header_line_height=\u00bb1.2em\u00bb use_background_color=\u00bboff\u00bb background_layout=\u00bblight\u00bb custom_margin=\u00bb50px|20px|10px|20px\u00bb locked=\u00bboff\u00bb global_colors_info=\u00bb{}\u00bb button_text_size__hover_enabled=\u00bboff\u00bb button_one_text_size__hover_enabled=\u00bboff\u00bb button_two_text_size__hover_enabled=\u00bboff\u00bb button_text_color__hover_enabled=\u00bboff\u00bb button_one_text_color__hover_enabled=\u00bboff\u00bb button_two_text_color__hover_enabled=\u00bboff\u00bb button_border_width__hover_enabled=\u00bboff\u00bb button_one_border_width__hover_enabled=\u00bboff\u00bb button_two_border_width__hover_enabled=\u00bboff\u00bb button_border_color__hover_enabled=\u00bboff\u00bb button_one_border_color__hover_enabled=\u00bboff\u00bb button_two_border_color__hover_enabled=\u00bboff\u00bb button_border_radius__hover_enabled=\u00bboff\u00bb button_one_border_radius__hover_enabled=\u00bboff\u00bb button_two_border_radius__hover_enabled=\u00bboff\u00bb button_letter_spacing__hover_enabled=\u00bboff\u00bb button_one_letter_spacing__hover_enabled=\u00bboff\u00bb button_two_letter_spacing__hover_enabled=\u00bboff\u00bb button_bg_color__hover_enabled=\u00bboff\u00bb button_one_bg_color__hover_enabled=\u00bboff\u00bb button_two_bg_color__hover_enabled=\u00bboff\u00bb][\/et_pb_cta][\/et_pb_column][\/et_pb_row][et_pb_row column_structure=\u00bb2_3,1_3&#8243; use_custom_gutter=\u00bbon\u00bb gutter_width=\u00bb1&#8243; _builder_version=\u00bb4.21.0&#8243; custom_padding=\u00bb20px|0px|0px|0px\u00bb locked=\u00bboff\u00bb global_colors_info=\u00bb{}\u00bb][et_pb_column type=\u00bb2_3&#8243; _builder_version=\u00bb4.21.0&#8243; background_color=\u00bb#fff9c7&#8243; custom_padding=\u00bb20px|20px|20px|20px|false|false\u00bb global_colors_info=\u00bb{}\u00bb custom_padding__hover=\u00bb|||\u00bb][et_pb_text _builder_version=\u00bb4.27.4&#8243; background_color=\u00bbRGBA(255,255,255,0)\u00bb custom_margin=\u00bb0px|0px|10px|0px|false|false\u00bb custom_padding=\u00bb10px|10px|10px|10px|false|false\u00bb border_radii=\u00bboff|5px|5px||5px\u00bb global_colors_info=\u00bb{}\u00bb]<\/p>\n<div id=\"ez-toc-container\" class=\"ez-toc-v2_0_81 counter-hierarchy ez-toc-counter ez-toc-grey ez-toc-container-direction\">\n<p class=\"ez-toc-title\" style=\"cursor:inherit\">Table of Contents<\/p>\n<label for=\"ez-toc-cssicon-toggle-item-69da155bf0bfd\" class=\"ez-toc-cssicon-toggle-label\"><span class=\"ez-toc-cssicon\"><span class=\"eztoc-hide\" style=\"display:none;\">Toggle<\/span><span class=\"ez-toc-icon-toggle-span\"><svg style=\"fill: #999;color:#999\" xmlns=\"http:\/\/www.w3.org\/2000\/svg\" class=\"list-377408\" width=\"20px\" height=\"20px\" viewBox=\"0 0 24 24\" fill=\"none\"><path d=\"M6 6H4v2h2V6zm14 0H8v2h12V6zM4 11h2v2H4v-2zm16 0H8v2h12v-2zM4 16h2v2H4v-2zm16 0H8v2h12v-2z\" fill=\"currentColor\"><\/path><\/svg><svg style=\"fill: #999;color:#999\" class=\"arrow-unsorted-368013\" xmlns=\"http:\/\/www.w3.org\/2000\/svg\" width=\"10px\" height=\"10px\" viewBox=\"0 0 24 24\" version=\"1.2\" baseProfile=\"tiny\"><path d=\"M18.2 9.3l-6.2-6.3-6.2 6.3c-.2.2-.3.4-.3.7s.1.5.3.7c.2.2.4.3.7.3h11c.3 0 .5-.1.7-.3.2-.2.3-.5.3-.7s-.1-.5-.3-.7zM5.8 14.7l6.2 6.3 6.2-6.3c.2-.2.3-.5.3-.7s-.1-.5-.3-.7c-.2-.2-.4-.3-.7-.3h-11c-.3 0-.5.1-.7.3-.2.2-.3.5-.3.7s.1.5.3.7z\"\/><\/svg><\/span><\/span><\/label><input type=\"checkbox\"  id=\"ez-toc-cssicon-toggle-item-69da155bf0bfd\"  aria-label=\"Alternar\" \/><nav><ul class='ez-toc-list ez-toc-list-level-1 ' ><li class='ez-toc-page-1 ez-toc-heading-level-3'><a class=\"ez-toc-link ez-toc-heading-1\" href=\"https:\/\/www.animetal.com.tr\/es\/quimicos-de-galvanizacion\/bloque-de-humos-lycan\/#AGENTE_ANTIHUMOS_PARA_LA_INDUSTRIA_DEL_GALVANIZADO_EN_CALIENTE\" >AGENTE ANTIHUMOS PARA LA INDUSTRIA DEL GALVANIZADO EN CALIENTE<\/a><ul class='ez-toc-list-level-4' ><li class='ez-toc-heading-level-4'><a class=\"ez-toc-link ez-toc-heading-2\" href=\"https:\/\/www.animetal.com.tr\/es\/quimicos-de-galvanizacion\/bloque-de-humos-lycan\/#Caracteristicas_Tecnicas\" >Caracter\u00edsticas T\u00e9cnicas<\/a><\/li><\/ul><\/li><\/ul><\/nav><\/div>\n<h3><span class=\"ez-toc-section\" id=\"AGENTE_ANTIHUMOS_PARA_LA_INDUSTRIA_DEL_GALVANIZADO_EN_CALIENTE\"><\/span>AGENTE ANTIHUMOS PARA LA INDUSTRIA DEL GALVANIZADO EN CALIENTE<span class=\"ez-toc-section-end\"><\/span><\/h3>\n<p>[\/et_pb_text][et_pb_text _builder_version=\u00bb4.27.4&#8243; background_color=\u00bb#fce3d7&#8243; custom_margin=\u00bb0px|0px|10px|0px|false|false\u00bb custom_padding=\u00bb10px|10px|10px|10px|false|false\u00bb border_radii=\u00bboff|5px|5px||5px\u00bb border_width_all=\u00bb2px\u00bb box_shadow_style=\u00bbpreset4&#8243; box_shadow_horizontal=\u00bb5px\u00bb box_shadow_vertical=\u00bb5px\u00bb global_colors_info=\u00bb{}\u00bb]<\/p>\n<p>Utilice un agente antihumos para minimizar las gotas de \u00e1cido en el aire alrededor de los tanques y proporcionar un mejor entorno para el personal y el equipo.<\/p>\n<p><img decoding=\"async\" class=\"wp-image-11101 alignnone size-full\" src=\"https:\/\/www.animetal.com.tr\/wp-content\/uploads\/2023\/06\/Lycan-Fumeblock02.png\" alt=\"Lycan Fumeblock\" width=\"720\" height=\"421\" srcset=\"https:\/\/www.animetal.com.tr\/wp-content\/uploads\/2023\/06\/Lycan-Fumeblock02.png 720w, https:\/\/www.animetal.com.tr\/wp-content\/uploads\/2023\/06\/Lycan-Fumeblock02-480x281.png 480w\" sizes=\"(min-width: 0px) and (max-width: 480px) 480px, (min-width: 481px) 720px, 100vw\" \/><\/p>\n<p>El agente antihumos puede ser una capa de espuma, bolas de pl\u00e1stico, etc., o un aditivo qu\u00edmico que minimice la formaci\u00f3n de gotas, que se pulveriza sobre el ba\u00f1o de decapado.<\/p>\n<p>[\/et_pb_text][et_pb_text _builder_version=\u00bb4.27.4&#8243; background_color=\u00bb#fefefe\u00bb custom_margin=\u00bb0px|0px|10px|0px|false|false\u00bb custom_padding=\u00bb10px|10px|10px|10px|false|false\u00bb border_radii=\u00bboff|5px|5px||5px\u00bb border_width_all=\u00bb2px\u00bb box_shadow_style=\u00bbpreset4&#8243; box_shadow_horizontal=\u00bb5px\u00bb box_shadow_vertical=\u00bb5px\u00bb global_colors_info=\u00bb{}\u00bb]<\/p>\n<p>La soluci\u00f3n correcta es una sala de pretratamiento encapsulada que proporcione seguridad y salud laboral, un entorno limpio y una protecci\u00f3n integral de edificios y equipos contra la corrosi\u00f3n por humos \u00e1cidos. Los agentes antihumos son la soluci\u00f3n en condiciones limitadas.<\/p>\n<p><img decoding=\"async\" class=\"wp-image-11119 alignnone size-full\" src=\"https:\/\/www.animetal.com.tr\/wp-content\/uploads\/2023\/06\/Lycan-Fumeblock03-1.png\" alt=\"Lycan Fumeblock\" width=\"720\" height=\"421\" srcset=\"https:\/\/www.animetal.com.tr\/wp-content\/uploads\/2023\/06\/Lycan-Fumeblock03-1.png 720w, https:\/\/www.animetal.com.tr\/wp-content\/uploads\/2023\/06\/Lycan-Fumeblock03-1-480x281.png 480w\" sizes=\"(min-width: 0px) and (max-width: 480px) 480px, (min-width: 481px) 720px, 100vw\" \/><\/p>\n<p><strong>REDUCEN LOS HUMOS Y VAPORES \u00c1CIDOS EN EL PROCESO DE DECAPADO<\/strong><\/p>\n<p>[\/et_pb_text][et_pb_text _builder_version=\u00bb4.27.4&#8243; background_color=\u00bb#d5ebee\u00bb custom_margin=\u00bb0px|0px|10px|0px|false|false\u00bb custom_padding=\u00bb10px|10px|10px|10px|false|false\u00bb hover_enabled=\u00bb0&#8243; border_radii=\u00bboff|5px|5px||5px\u00bb border_width_all=\u00bb2px\u00bb box_shadow_style=\u00bbpreset4&#8243; box_shadow_horizontal=\u00bb5px\u00bb box_shadow_vertical=\u00bb5px\u00bb global_colors_info=\u00bb{}\u00bb sticky_enabled=\u00bb0&#8243;]<\/p>\n<p><strong>LYCAN FUMEBLOCK<\/strong><\/p>\n<ul>\n<li>reduce la tensi\u00f3n superficial de las mol\u00e9culas de \u00e1cido en los ba\u00f1os de decapado, lo que conduce a una reducci\u00f3n significativa de la emisi\u00f3n de vapores de \u00e1cido en la superficie de los ba\u00f1os de decapado, incluso al formar un nuevo ba\u00f1o<\/li>\n<li>reduce visiblemente la emisi\u00f3n de vapores, independientemente de la temperatura de funcionamiento<img decoding=\"async\" class=\"wp-image-11141 alignright size-full\" src=\"https:\/\/www.animetal.com.tr\/wp-content\/uploads\/2023\/06\/lycan-fumeblock-worker.png\" alt=\"Lycan Fumeblock Worker\" width=\"60\" height=\"93\" \/><\/li>\n<li>tiene un efecto emulsionante sobre los componentes org\u00e1nicos del ba\u00f1o de trabajo, manteni\u00e9ndolos estables y retrasando el tiempo de flotaci\u00f3n de las impurezas org\u00e1nicas en la superficie del ba\u00f1o de trabajo<\/li>\n<li>aumenta el poder humectante del material base \/ acero, lo que aumenta la homogeneidad del decapado<\/li>\n<\/ul>\n<p>[\/et_pb_text][et_pb_text _builder_version=\u00bb4.27.4&#8243; background_color=\u00bb#fce3d7&#8243; custom_margin=\u00bb0px|0px|10px|0px|false|false\u00bb custom_padding=\u00bb10px|10px|10px|10px|false|false\u00bb border_radii=\u00bboff|5px|5px||5px\u00bb border_width_all=\u00bb2px\u00bb box_shadow_style=\u00bbpreset4&#8243; box_shadow_horizontal=\u00bb5px\u00bb box_shadow_vertical=\u00bb5px\u00bb global_colors_info=\u00bb{}\u00bb]<\/p>\n<h4><span class=\"ez-toc-section\" id=\"Caracteristicas_Tecnicas\"><\/span><strong>Caracter\u00edsticas T\u00e9cnicas<\/strong><span class=\"ez-toc-section-end\"><\/span><\/h4>\n<p><strong>Preparaci\u00f3n de la soluci\u00f3n de decapado con LYCAN FUMEBLOCK<\/strong><\/p>\n<ul>\n<li>Calcular el volumen del dep\u00f3sito<\/li>\n<li>Llenar de agua el 50% del nivel de trabajo del dep\u00f3sito<\/li>\n<li>Llenar LYCAN FUMEBLOCK en un 2% de la cantidad de \u00e1cido concentrado a\u00f1adido en el ba\u00f1o nuevo<\/li>\n<li>Llenar el resto del tanque hasta el nivel de trabajo con HCl<img decoding=\"async\" class=\"wp-image-11131 alignright size-full\" src=\"https:\/\/www.animetal.com.tr\/wp-content\/uploads\/2023\/06\/lycan-fumeblock-glass-flask-beaker.png\" alt=\"Lycan Fumeblock Glass Flask Beaker\" width=\"60\" height=\"75\" \/><\/li>\n<\/ul>\n<p>[\/et_pb_text][et_pb_text _builder_version=\u00bb4.27.4&#8243; background_color=\u00bb#d7e9ce\u00bb custom_margin=\u00bb0px|0px|10px|0px|false|false\u00bb custom_padding=\u00bb10px|10px|10px|10px|false|false\u00bb border_radii=\u00bboff|5px|5px||5px\u00bb border_width_all=\u00bb2px\u00bb box_shadow_style=\u00bbpreset4&#8243; box_shadow_horizontal=\u00bb5px\u00bb box_shadow_vertical=\u00bb5px\u00bb global_colors_info=\u00bb{}\u00bb]<\/p>\n<p><strong>Mantenimiento de la soluci\u00f3n de decapado<\/strong><\/p>\n<p>Hay un consumo del producto qu\u00edmico por arrastre.<\/p>\n<p>Las adiciones deben hacerse de acuerdo con el HCl fresco a\u00f1adido, como 2% <strong>LYCAN FUMEBLOCK<\/strong> de la cantidad de \u00e1cido concentrado a\u00f1adido. <img decoding=\"async\" class=\"wp-image-11136 alignright size-full\" src=\"https:\/\/www.animetal.com.tr\/wp-content\/uploads\/2023\/06\/lycan-fumeblock-thumbs-up.png\" alt=\"Lycan Fumeblock Thumbs Up\" width=\"60\" height=\"68\" \/><\/p>\n<p>[\/et_pb_text][et_pb_text _builder_version=\u00bb4.27.4&#8243; background_color=\u00bb#d5ebee\u00bb custom_margin=\u00bb0px|0px|10px|0px|false|false\u00bb custom_padding=\u00bb10px|10px|10px|10px|false|false\u00bb border_radii=\u00bboff|5px|5px||5px\u00bb border_width_all=\u00bb2px\u00bb box_shadow_style=\u00bbpreset4&#8243; box_shadow_horizontal=\u00bb5px\u00bb box_shadow_vertical=\u00bb5px\u00bb global_colors_info=\u00bb{}\u00bb]<\/p>\n<p><strong>Par\u00e1metros de trabajo<\/strong><\/p>\n<p>Temperatura : RT-35\u00b0C<br \/>Tiempo de proceso : 15-90 minutos dependiendo del contenido de HCl libre y <sup> Fe+2 <\/sup>en la soluci\u00f3n de decapado<br \/>Concentraci\u00f3n de hierro (<sup>Fe+2<\/sup>) : M\u00e1ximo 125 g\/litro<br \/>Concentraci\u00f3n de HCl libre : M\u00ednimo 25 g\/litro<\/p>\n<p>[\/et_pb_text][et_pb_image src=\u00bbhttps:\/\/www.animetal.com.tr\/wp-content\/uploads\/2023\/06\/Lycan-Fumeblock04.jpg\u00bb alt=\u00bbLycan Fumeblock\u00bb title_text=\u00bbLycan Fumeblock\u00bb _builder_version=\u00bb4.21.0&#8243; _module_preset=\u00bbdefault\u00bb global_colors_info=\u00bb{}\u00bb][\/et_pb_image][\/et_pb_column][et_pb_column type=\u00bb1_3&#8243; _builder_version=\u00bb4.16&#8243; custom_padding=\u00bb|||\u00bb global_colors_info=\u00bb{}\u00bb custom_padding__hover=\u00bb|||\u00bb][et_pb_text _builder_version=\u00bb4.21.0&#8243; text_font=\u00bb||||||||\u00bb text_text_color=\u00bb#ff0f0f\u00bb text_line_height=\u00bb1.2em\u00bb background_color=\u00bbrgba(104,153,193,0.12)\u00bb custom_margin=\u00bb|||\u00bb custom_padding=\u00bb10px|10px|10px|25px\u00bb global_colors_info=\u00bb{}\u00bb]<\/p>\n<p><a href=\"https:\/\/www.animetal.com.tr\/es\/quimicos-de-galvanizacion\/flujo-de-dragones\/\">Dragon Flux<\/a><\/p>\n<p><a href=\"https:\/\/www.animetal.com.tr\/es\/quimicos-de-galvanizacion\/desengrasante-anqa\/\">Anqa Degreaser<\/a><\/p>\n<p>Lycan Fumeblock<\/p>\n<p><a href=\"https:\/\/www.animetal.com.tr\/es\/quimicos-de-galvanizacion\/monster-inhibitor\/\">Monster Inhibitor<\/a><\/p>\n<p><a href=\"https:\/\/www.animetal.com.tr\/es\/quimicos-de-galvanizacion\/smartni\/\">SmartNi<\/a><\/p>\n<p><a href=\"https:\/\/www.animetal.com.tr\/es\/quimicos-de-galvanizacion\/spray-alucinante\/\">Amazinc Spray<\/a><\/p>\n<p><a href=\"https:\/\/www.animetal.com.tr\/es\/quimicos-de-galvanizacion\/pasta-amazonica\/\">Amazinc Paste<\/a><\/p>\n<p>[\/et_pb_text][\/et_pb_column][\/et_pb_row][\/et_pb_section]<\/p>\n","protected":false},"excerpt":{"rendered":"<p>Bloque de Humos Lycan AGENTE ANTIHUMOS PARA LA INDUSTRIA DEL GALVANIZADO EN CALIENTEUtilice un agente antihumos para minimizar las gotas de \u00e1cido en el aire alrededor de los tanques y proporcionar un mejor entorno para el personal y el equipo. El agente antihumos puede ser una capa de espuma, bolas de pl\u00e1stico, etc., o un [&hellip;]<\/p>\n","protected":false},"author":1,"featured_media":11099,"parent":9729,"menu_order":3,"comment_status":"closed","ping_status":"closed","template":"","meta":{"_et_pb_use_builder":"on","_et_pb_old_content":"","_et_gb_content_width":"","footnotes":""},"class_list":["post-9751","page","type-page","status-publish","has-post-thumbnail","hentry"],"_links":{"self":[{"href":"https:\/\/www.animetal.com.tr\/es\/wp-json\/wp\/v2\/pages\/9751","targetHints":{"allow":["GET"]}}],"collection":[{"href":"https:\/\/www.animetal.com.tr\/es\/wp-json\/wp\/v2\/pages"}],"about":[{"href":"https:\/\/www.animetal.com.tr\/es\/wp-json\/wp\/v2\/types\/page"}],"author":[{"embeddable":true,"href":"https:\/\/www.animetal.com.tr\/es\/wp-json\/wp\/v2\/users\/1"}],"replies":[{"embeddable":true,"href":"https:\/\/www.animetal.com.tr\/es\/wp-json\/wp\/v2\/comments?post=9751"}],"version-history":[{"count":0,"href":"https:\/\/www.animetal.com.tr\/es\/wp-json\/wp\/v2\/pages\/9751\/revisions"}],"up":[{"embeddable":true,"href":"https:\/\/www.animetal.com.tr\/es\/wp-json\/wp\/v2\/pages\/9729"}],"wp:featuredmedia":[{"embeddable":true,"href":"https:\/\/www.animetal.com.tr\/es\/wp-json\/wp\/v2\/media\/11099"}],"wp:attachment":[{"href":"https:\/\/www.animetal.com.tr\/es\/wp-json\/wp\/v2\/media?parent=9751"}],"curies":[{"name":"wp","href":"https:\/\/api.w.org\/{rel}","templated":true}]}}