{"id":9769,"date":"2022-04-18T15:09:36","date_gmt":"2022-04-18T15:09:36","guid":{"rendered":"https:\/\/www.animetal.com.tr\/quimicos-de-galvanizacion\/pasivasyon\/"},"modified":"2025-01-19T14:54:48","modified_gmt":"2025-01-19T14:54:48","slug":"pasivacion","status":"publish","type":"page","link":"https:\/\/www.animetal.com.tr\/es\/quimicos-de-galvanizacion\/pasivacion\/","title":{"rendered":"Pasivasyon"},"content":{"rendered":"<p>[et_pb_section fb_built=\u00bb1&#8243; _builder_version=\u00bb4.16&#8243; custom_padding=\u00bb26px|0px|20px|0px\u00bb global_colors_info=\u00bb{}\u00bb][et_pb_row _builder_version=\u00bb4.16&#8243; custom_padding=\u00bb0px|0px|0px|0px\u00bb global_colors_info=\u00bb{}\u00bb][et_pb_column type=\u00bb4_4&#8243; _builder_version=\u00bb4.16&#8243; custom_padding=\u00bb|||\u00bb global_colors_info=\u00bb{}\u00bb custom_padding__hover=\u00bb|||\u00bb][et_pb_text _builder_version=\u00bb4.27.4&#8243; hover_enabled=\u00bb0&#8243; global_colors_info=\u00bb{}\u00bb sticky_enabled=\u00bb0&#8243;]<\/p>\n<h1>Pasivaci\u00f3n<\/h1>\n<p>[\/et_pb_text][\/et_pb_column][\/et_pb_row][\/et_pb_section][et_pb_section fb_built=\u00bb1&#8243; _builder_version=\u00bb4.16&#8243; custom_padding=\u00bb0px|0px|54px|0px\u00bb global_colors_info=\u00bb{}\u00bb][et_pb_row column_structure=\u00bb2_3,1_3&#8243; use_custom_gutter=\u00bbon\u00bb gutter_width=\u00bb1&#8243; _builder_version=\u00bb4.16&#8243; background_color=\u00bb#efefef\u00bb custom_padding=\u00bb0px|0px|0px|0px\u00bb global_colors_info=\u00bb{}\u00bb][et_pb_column type=\u00bb2_3&#8243; _builder_version=\u00bb4.16&#8243; custom_padding=\u00bb|||\u00bb global_colors_info=\u00bb{}\u00bb custom_padding__hover=\u00bb|||\u00bb][et_pb_image src=\u00bbhttps:\/\/www.animetal.com.tr\/wp-content\/uploads\/2020\/01\/kimyasal08-Pasivasyon-Brugal-Galvapas-320.jpg\u00bb alt=\u00bbPasivasyon &#8211; Brugal Galvapas 320&#8243; title_text=\u00bbkimyasal08-Pasivasyon-Brugal-Galvapas-320&#8243; force_fullwidth=\u00bbon\u00bb align_tablet=\u00bbcenter\u00bb align_phone=\u00bb\u00bb align_last_edited=\u00bbon|desktop\u00bb _builder_version=\u00bb4.16&#8243; custom_margin=\u00bb0px|0px|0px|0px\u00bb animation_style=\u00bbslide\u00bb animation_direction=\u00bbleft\u00bb animation_duration=\u00bb500ms\u00bb animation_intensity_slide=\u00bb10%\u00bb global_colors_info=\u00bb{}\u00bb]<br \/>\n[\/et_pb_image][\/et_pb_column][et_pb_column type=\u00bb1_3&#8243; _builder_version=\u00bb4.16&#8243; custom_padding=\u00bb|||\u00bb global_colors_info=\u00bb{}\u00bb custom_padding__hover=\u00bb|||\u00bb][\/et_pb_column][\/et_pb_row][et_pb_row column_structure=\u00bb2_3,1_3&#8243; use_custom_gutter=\u00bbon\u00bb gutter_width=\u00bb1&#8243; _builder_version=\u00bb4.16&#8243; custom_padding=\u00bb20px|0px|0px|0px\u00bb global_colors_info=\u00bb{}\u00bb][et_pb_column type=\u00bb2_3&#8243; _builder_version=\u00bb4.16&#8243; custom_padding=\u00bb|||\u00bb global_colors_info=\u00bb{}\u00bb custom_padding__hover=\u00bb|||\u00bb][et_pb_text _builder_version=\u00bb4.27.4&#8243; hover_enabled=\u00bb0&#8243; global_colors_info=\u00bb{}\u00bb sticky_enabled=\u00bb0&#8243;]<\/p>\n<p>ENTRADA<br \/>Es un producto de pasivaci\u00f3n de alto rendimiento. Con su combinaci\u00f3n \u00fanica de compuestos org\u00e1nicos y minerales, protege el producto galvanizado contra la formaci\u00f3n de \u00f3xido blanco y asegura que su apariencia brillante dure por m\u00e1s tiempo.<\/p>\n<p>2. ESPECIFICACIONES T\u00c9CNICAS<\/p>\n<p>No contiene cromo 6<br \/>Proporciona un recubrimiento transparente (incoloro).<br \/>Proporciona una excelente resistencia a la corrosi\u00f3n.<br \/>Asegura que el aspecto brillante del producto se conserve durante el almacenamiento.<br \/>Garantiza la protecci\u00f3n del producto durante el transporte terrestre y en el extranjero a largo plazo.<br \/>Admite el almacenamiento del producto al aire libre durante m\u00e1s de 6 meses.<\/p>\n<p>3. CARACTER\u00cdSTICAS T\u00c9CNICAS<br \/>Aspecto y color del producto: Violeta\/l\u00edquido<br \/>Densidad: 1,09<br \/>pH: 3 \u2013 4<\/p>\n<p>4. PAR\u00c1METROS DE USO Y CUIDADO DEL BA\u00d1O<br \/>Concentraci\u00f3n: 3 a 8%<br \/>Temperatura del ba\u00f1o: 20 \u00f7 60\u00b0C<br \/>Tiempo de inmersi\u00f3n: 20 segundos \u00f7 2 minutos<br \/>Mezcla: Con inmersi\u00f3n de material<\/p>\n<p>Instalaci\u00f3n de la ba\u00f1era: Llenar 2\/3 de la ba\u00f1era con agua del grifo, a\u00f1adir Pasivaci\u00f3n seg\u00fan la proporci\u00f3n determinada y completar el nivel con agua del grifo.<\/p>\n<p>Proceso: Los productos de acero calientes que salen del horno de galvanizaci\u00f3n deben sumergirse primero en agua de refrigeraci\u00f3n y luego sumergirse en un ba\u00f1o de pasivaci\u00f3n preparado con Brugal Galvapas 320 (la temperatura m\u00e1xima de los productos de acero galvanizado antes de la inmersi\u00f3n en el ba\u00f1o de pasivaci\u00f3n debe ser de 180 \u00b0C ).<\/p>\n<p>Mantenimiento del ba\u00f1o: Se monitorea mediante an\u00e1lisis mensuales por parte del laboratorio de VCD y se realizan adiciones y ajustes necesarios.<\/p>\n<p>Informaci\u00f3n adicional:<br \/>La inmersi\u00f3n de piezas galvanizadas calientes provoca la generaci\u00f3n de algo de vapor.<br \/>Si las piezas no est\u00e1n lo suficientemente calientes durante la inmersi\u00f3n de pasivaci\u00f3n, se pueden mantener en un horno de secado despu\u00e9s de la pasivaci\u00f3n para completar la polimerizaci\u00f3n. (60-80 \u00b0C durante 10 minutos).<br \/>Si se prefiere que los productos se sequen a temperatura ambiente despu\u00e9s de la pasivaci\u00f3n, se deben conservar durante aproximadamente 1 hora antes de retirarlos de la balsa.<br \/>Equipo \u2013 El tanque donde se instalar\u00e1 el pasivador debe estar recubierto con pintura anti\u00e1cida o ser de acero inoxidable o pl\u00e1stico.<\/p>\n<p>5. EMBALAJE<br \/>Este producto est\u00e1 disponible en las siguientes variantes de embalaje:<\/p>\n<p>Contenedor IBC de 1090 kg<br \/>Barril de 218 kg<br \/>Tambor de 27,25 kg<\/p>\n<p>6. ADVERTENCIAS DE USO<br \/>Al igual que otros productos qu\u00edmicos, este producto debe manipularse teniendo debidamente en cuenta las advertencias legales aplicables (como se indica en la MSDS).<br \/>Utilice el Equipo de Protecci\u00f3n Personal necesario.<\/p>\n<p>7. TRANSPORTE Y SEGURIDAD<br \/>Lea la hoja de datos de seguridad (MSDS).<\/p>\n<p>[\/et_pb_text][\/et_pb_column][et_pb_column type=\u00bb1_3&#8243; _builder_version=\u00bb4.16&#8243; custom_padding=\u00bb|||\u00bb global_colors_info=\u00bb{}\u00bb custom_padding__hover=\u00bb|||\u00bb][et_pb_text _builder_version=\u00bb4.27.4&#8243; text_font=\u00bb||||||||\u00bb background_color=\u00bbrgba(104,153,193,0.12)\u00bb custom_margin=\u00bb|||\u00bb custom_padding=\u00bb10px|10px|10px|25px\u00bb global_colors_info=\u00bb{}\u00bb]<\/p>\n<p><a href=\"#\">Nikel Tabletler<\/a><\/p>\n<p><a href=\"#\">\u00c7inko Sprey<\/a><\/p>\n<p><a href=\"#\">\u00c7inko Pasta<\/a><\/p>\n<p><a href=\"#\">Flaks<\/a><\/p>\n<p><a href=\"#\">Hydronet<\/a><\/p>\n<p><a href=\"#\">Antivapor<\/a><\/p>\n<p><a href=\"#\">Ironsave<\/a><\/p>\n<p><a href=\"#\">Filmflux<\/a><\/p>\n<p><a href=\"#\">Antiblast<\/a><\/p>\n<p><a href=\"#\">Flux Zinc<\/a><\/p>\n<p>Pasivasyon<\/p>\n<p>[\/et_pb_text][\/et_pb_column][\/et_pb_row][\/et_pb_section]<\/p>\n","protected":false},"excerpt":{"rendered":"<p>Pasivaci\u00f3n ENTRADAEs un producto de pasivaci\u00f3n de alto rendimiento. Con su combinaci\u00f3n \u00fanica de compuestos org\u00e1nicos y minerales, protege el producto galvanizado contra la formaci\u00f3n de \u00f3xido blanco y asegura que su apariencia brillante dure por m\u00e1s tiempo. 2. ESPECIFICACIONES T\u00c9CNICAS No contiene cromo 6Proporciona un recubrimiento transparente (incoloro).Proporciona una excelente resistencia a la corrosi\u00f3n.Asegura [&hellip;]<\/p>\n","protected":false},"author":1,"featured_media":0,"parent":9729,"menu_order":10,"comment_status":"closed","ping_status":"closed","template":"","meta":{"_et_pb_use_builder":"on","_et_pb_old_content":"","_et_gb_content_width":"","footnotes":""},"class_list":["post-9769","page","type-page","status-publish","hentry"],"_links":{"self":[{"href":"https:\/\/www.animetal.com.tr\/es\/wp-json\/wp\/v2\/pages\/9769","targetHints":{"allow":["GET"]}}],"collection":[{"href":"https:\/\/www.animetal.com.tr\/es\/wp-json\/wp\/v2\/pages"}],"about":[{"href":"https:\/\/www.animetal.com.tr\/es\/wp-json\/wp\/v2\/types\/page"}],"author":[{"embeddable":true,"href":"https:\/\/www.animetal.com.tr\/es\/wp-json\/wp\/v2\/users\/1"}],"replies":[{"embeddable":true,"href":"https:\/\/www.animetal.com.tr\/es\/wp-json\/wp\/v2\/comments?post=9769"}],"version-history":[{"count":0,"href":"https:\/\/www.animetal.com.tr\/es\/wp-json\/wp\/v2\/pages\/9769\/revisions"}],"up":[{"embeddable":true,"href":"https:\/\/www.animetal.com.tr\/es\/wp-json\/wp\/v2\/pages\/9729"}],"wp:attachment":[{"href":"https:\/\/www.animetal.com.tr\/es\/wp-json\/wp\/v2\/media?parent=9769"}],"curies":[{"name":"wp","href":"https:\/\/api.w.org\/{rel}","templated":true}]}}