{"id":9780,"date":"2022-04-18T15:31:33","date_gmt":"2022-04-18T15:31:33","guid":{"rendered":"https:\/\/www.animetal.com.tr\/servicios-de-ingenieria\/"},"modified":"2022-04-19T08:02:22","modified_gmt":"2022-04-19T08:02:22","slug":"servicios-de-ingenieria","status":"publish","type":"page","link":"https:\/\/www.animetal.com.tr\/es\/servicios-de-ingenieria\/","title":{"rendered":"Servicios de Ingenier\u00eda"},"content":{"rendered":"<p>[et_pb_section fb_built=\u00bb1&#8243; _builder_version=\u00bb4.16&#8243; custom_padding=\u00bb26px|0px|20px|0px\u00bb global_colors_info=\u00bb{}\u00bb][et_pb_row use_custom_gutter=\u00bbon\u00bb gutter_width=\u00bb1&#8243; _builder_version=\u00bb4.16&#8243; custom_padding=\u00bb0px|0px|0px|0px\u00bb global_colors_info=\u00bb{}\u00bb][et_pb_column type=\u00bb4_4&#8243; _builder_version=\u00bb4.16&#8243; custom_padding=\u00bb|||\u00bb global_colors_info=\u00bb{}\u00bb custom_padding__hover=\u00bb|||\u00bb][et_pb_text _builder_version=\u00bb4.16&#8243; global_colors_info=\u00bb{}\u00bb]<\/p>\n<h1>Servicios de Ingenier\u00eda<\/h1>\n<p>[\/et_pb_text][\/et_pb_column][\/et_pb_row][\/et_pb_section][et_pb_section fb_built=\u00bb1&#8243; _builder_version=\u00bb4.16&#8243; custom_padding=\u00bb0px|0px|0px|0px\u00bb global_colors_info=\u00bb{}\u00bb][et_pb_row column_structure=\u00bb2_3,1_3&#8243; use_custom_gutter=\u00bbon\u00bb gutter_width=\u00bb1&#8243; _builder_version=\u00bb4.16&#8243; background_color=\u00bb#efefef\u00bb custom_padding=\u00bb0px|0px|0px|0px\u00bb global_colors_info=\u00bb{}\u00bb][et_pb_column type=\u00bb2_3&#8243; _builder_version=\u00bb4.16&#8243; custom_padding=\u00bb|||\u00bb global_colors_info=\u00bb{}\u00bb custom_padding__hover=\u00bb|||\u00bb][et_pb_image src=\u00bbhttps:\/\/www.animetal.com.tr\/wp-content\/uploads\/2020\/10\/02-engineering-services01.jpg\u00bb alt=\u00bbDise\u00f1o de planta\u00bb title_text=\u00bb02-engineering-services01&#8243; align_tablet=\u00bbcenter\u00bb align_phone=\u00bb\u00bb align_last_edited=\u00bbon|desktop\u00bb _builder_version=\u00bb4.16&#8243; animation_style=\u00bbslide\u00bb animation_direction=\u00bbleft\u00bb animation_duration=\u00bb500ms\u00bb animation_intensity_slide=\u00bb10%\u00bb global_colors_info=\u00bb{}\u00bb]&nbsp;<br \/>\n[\/et_pb_image][\/et_pb_column][et_pb_column type=\u00bb1_3&#8243; _builder_version=\u00bb4.16&#8243; custom_padding=\u00bb|||\u00bb global_colors_info=\u00bb{}\u00bb custom_padding__hover=\u00bb|||\u00bb][et_pb_cta title=\u00bbFolleto de Servicios de Ingenier\u00eda\u00bb button_url=\u00bbhttps:\/\/www.animetal.com.tr\/wp-content\/uploads\/2022\/04\/ANI-Metal_02-engineering-services-esp.pdf\u00bb url_new_window=\u00bbon\u00bb button_text=\u00bbPDF\u00bb _builder_version=\u00bb4.17.1&#8243; use_background_color=\u00bboff\u00bb background_layout=\u00bblight\u00bb custom_margin=\u00bb150px|50px|100px|50px\u00bb hover_enabled=\u00bb0&#8243; global_colors_info=\u00bb{}\u00bb button_text_size__hover_enabled=\u00bboff\u00bb button_text_size__hover=\u00bbnull\u00bb button_one_text_size__hover_enabled=\u00bboff\u00bb button_one_text_size__hover=\u00bbnull\u00bb button_two_text_size__hover_enabled=\u00bboff\u00bb button_two_text_size__hover=\u00bbnull\u00bb button_text_color__hover_enabled=\u00bboff\u00bb button_text_color__hover=\u00bbnull\u00bb button_one_text_color__hover_enabled=\u00bboff\u00bb button_one_text_color__hover=\u00bbnull\u00bb button_two_text_color__hover_enabled=\u00bboff\u00bb button_two_text_color__hover=\u00bbnull\u00bb button_border_width__hover_enabled=\u00bboff\u00bb button_border_width__hover=\u00bbnull\u00bb button_one_border_width__hover_enabled=\u00bboff\u00bb button_one_border_width__hover=\u00bbnull\u00bb button_two_border_width__hover_enabled=\u00bboff\u00bb button_two_border_width__hover=\u00bbnull\u00bb button_border_color__hover_enabled=\u00bboff\u00bb button_border_color__hover=\u00bbnull\u00bb button_one_border_color__hover_enabled=\u00bboff\u00bb button_one_border_color__hover=\u00bbnull\u00bb button_two_border_color__hover_enabled=\u00bboff\u00bb button_two_border_color__hover=\u00bbnull\u00bb button_border_radius__hover_enabled=\u00bboff\u00bb button_border_radius__hover=\u00bbnull\u00bb button_one_border_radius__hover_enabled=\u00bboff\u00bb button_one_border_radius__hover=\u00bbnull\u00bb button_two_border_radius__hover_enabled=\u00bboff\u00bb button_two_border_radius__hover=\u00bbnull\u00bb button_letter_spacing__hover_enabled=\u00bboff\u00bb button_letter_spacing__hover=\u00bbnull\u00bb button_one_letter_spacing__hover_enabled=\u00bboff\u00bb button_one_letter_spacing__hover=\u00bbnull\u00bb button_two_letter_spacing__hover_enabled=\u00bboff\u00bb button_two_letter_spacing__hover=\u00bbnull\u00bb button_bg_color__hover_enabled=\u00bboff\u00bb button_bg_color__hover=\u00bbnull\u00bb button_one_bg_color__hover_enabled=\u00bboff\u00bb button_one_bg_color__hover=\u00bbnull\u00bb button_two_bg_color__hover_enabled=\u00bboff\u00bb button_two_bg_color__hover=\u00bbnull\u00bb sticky_enabled=\u00bb0&#8243;][\/et_pb_cta][\/et_pb_column][\/et_pb_row][\/et_pb_section][et_pb_section fb_built=\u00bb1&#8243; _builder_version=\u00bb4.16&#8243; custom_padding=\u00bb0px|0px|54px|0px\u00bb global_colors_info=\u00bb{}\u00bb][et_pb_row column_structure=\u00bb2_3,1_3&#8243; _builder_version=\u00bb4.16&#8243; custom_padding=\u00bb20px|0px|27px|0px\u00bb global_colors_info=\u00bb{}\u00bb][et_pb_column type=\u00bb2_3&#8243; _builder_version=\u00bb4.16&#8243; custom_padding=\u00bb|||\u00bb global_colors_info=\u00bb{}\u00bb custom_padding__hover=\u00bb|||\u00bb][et_pb_text _builder_version=\u00bb4.16&#8243; global_colors_info=\u00bb{}\u00bb]<\/p>\n<div>El rendimiento del galvanizado por inmersi\u00f3n en caliente depende de factores como la calidad del producto, costos operativos, personal bien entrenado, conocimiento del proceso, distribuci\u00f3n adecuada de la planta y selecci\u00f3n de equipo.<\/div>\n<div><\/div>\n<div>En un mercado con competencia, las empresas que logren galvanizar con bajos costes y alta calidad lograr\u00e1n ventajas competitivas.<\/div>\n<div><\/div>\n<p><img decoding=\"async\" class=\"wp-image-9023 alignnone size-full\" src=\"https:\/\/www.animetal.com.tr\/wp-content\/uploads\/2018\/02\/full-automatic-e1561550957603.jpg\" alt=\"\" width=\"720\" height=\"502\" \/><\/p>\n<p>ANI Metal proporciona consultor\u00eda y soporte de ingenier\u00eda en el dise\u00f1o de sus plantas, formaci\u00f3n de empleados, control de costes etc. especialmente a los inversores que no tienen experiencia en galvanizaci\u00f3n y desean entrar en el mercado.<\/p>\n<p><img decoding=\"async\" class=\"wp-image-9321 alignnone size-full\" src=\"https:\/\/www.animetal.com.tr\/wp-content\/uploads\/2020\/11\/02-engineering-services02.jpg\" alt=\"Heat Exchanger\" width=\"700\" height=\"507\" srcset=\"https:\/\/www.animetal.com.tr\/wp-content\/uploads\/2020\/11\/02-engineering-services02.jpg 700w, https:\/\/www.animetal.com.tr\/wp-content\/uploads\/2020\/11\/02-engineering-services02-480x348.jpg 480w\" sizes=\"(min-width: 0px) and (max-width: 480px) 480px, (min-width: 481px) 700px, 100vw\" \/><\/p>\n<p>Galvaniz prosesinin metal\u00fcrji ve kimyas\u0131 konusunda yo\u011fun tecr\u00fcbeye sahip m\u00fchendis kadrosu sayesinde m\u00fc\u015fterilerinin proses kontrol\u00fcn\u00fc d\u00fczenli bir \u015fekilde takip ederek kaliteyi art\u0131rmak i\u00e7in ve maliyetleri d\u00fc\u015f\u00fcrmek i\u00e7in s\u00fcrekli m\u00fchendislik deste\u011fi vermektedir.<\/p>\n<div>Con un equipo de ingenieros con amplia experiencia en metalurgia y en la qu\u00edmica del proceso de galvanizaci\u00f3n, ANI Metal monitoriza regularmente los procesos de sus clientes y presta soporte de ingenier\u00eda para reducir costes con el fin de elevar la calidad.<\/div>\n<div><\/div>\n<div>ANI Metal proporciona servicios de ingenier\u00eda desde c\u00e1lculos est\u00e1ticos hasta la puesta en marcha de la planta.<\/div>\n<div><\/div>\n<p><img decoding=\"async\" class=\"wp-image-9608 alignnone size-full\" src=\"https:\/\/www.animetal.com.tr\/wp-content\/uploads\/2021\/06\/engineering-2021_4633.jpg\" alt=\"ANI METAL - Engineering Services\" width=\"700\" height=\"466\" srcset=\"https:\/\/www.animetal.com.tr\/wp-content\/uploads\/2021\/06\/engineering-2021_4633.jpg 700w, https:\/\/www.animetal.com.tr\/wp-content\/uploads\/2021\/06\/engineering-2021_4633-480x320.jpg 480w\" sizes=\"(min-width: 0px) and (max-width: 480px) 480px, (min-width: 481px) 700px, 100vw\" \/><\/p>\n<p><img decoding=\"async\" class=\"wp-image-4654 alignnone size-full\" src=\"https:\/\/www.animetal.com.tr\/wp-content\/uploads\/2019\/06\/ani_metal_engineering_services_technical_drawing_720px.jpg\" alt=\"ANI METAL - Engineering Services\" width=\"720\" height=\"509\" srcset=\"https:\/\/www.animetal.com.tr\/wp-content\/uploads\/2019\/06\/ani_metal_engineering_services_technical_drawing_720px.jpg 720w, https:\/\/www.animetal.com.tr\/wp-content\/uploads\/2019\/06\/ani_metal_engineering_services_technical_drawing_720px-300x212.jpg 300w, https:\/\/www.animetal.com.tr\/wp-content\/uploads\/2019\/06\/ani_metal_engineering_services_technical_drawing_720px-400x284.jpg 400w\" sizes=\"(max-width: 720px) 100vw, 720px\" \/><\/p>\n<p><img decoding=\"async\" class=\"wp-image-5478 alignnone size-full\" src=\"https:\/\/www.animetal.com.tr\/wp-content\/uploads\/2020\/10\/02-engineering-services03.jpg\" alt=\"3D Conveyor Rendering\" width=\"720\" height=\"505\" srcset=\"https:\/\/www.animetal.com.tr\/wp-content\/uploads\/2020\/10\/02-engineering-services03.jpg 720w, https:\/\/www.animetal.com.tr\/wp-content\/uploads\/2020\/10\/02-engineering-services03-480x337.jpg 480w\" sizes=\"(min-width: 0px) and (max-width: 480px) 480px, (min-width: 481px) 720px, 100vw\" \/>[\/et_pb_text][\/et_pb_column][et_pb_column type=\u00bb1_3&#8243; _builder_version=\u00bb4.16&#8243; custom_padding=\u00bb|||\u00bb global_colors_info=\u00bb{}\u00bb custom_padding__hover=\u00bb|||\u00bb][\/et_pb_column][\/et_pb_row][\/et_pb_section]<\/p>\n","protected":false},"excerpt":{"rendered":"<p>Servicios de Ingenier\u00eda &nbsp; El rendimiento del galvanizado por inmersi\u00f3n en caliente depende de factores como la calidad del producto, costos operativos, personal bien entrenado, conocimiento del proceso, distribuci\u00f3n adecuada de la planta y selecci\u00f3n de equipo. En un mercado con competencia, las empresas que logren galvanizar con bajos costes y alta calidad lograr\u00e1n ventajas [&hellip;]<\/p>\n","protected":false},"author":1,"featured_media":0,"parent":0,"menu_order":6,"comment_status":"closed","ping_status":"closed","template":"","meta":{"_et_pb_use_builder":"on","_et_pb_old_content":"","_et_gb_content_width":"","footnotes":""},"class_list":["post-9780","page","type-page","status-publish","hentry"],"_links":{"self":[{"href":"https:\/\/www.animetal.com.tr\/es\/wp-json\/wp\/v2\/pages\/9780","targetHints":{"allow":["GET"]}}],"collection":[{"href":"https:\/\/www.animetal.com.tr\/es\/wp-json\/wp\/v2\/pages"}],"about":[{"href":"https:\/\/www.animetal.com.tr\/es\/wp-json\/wp\/v2\/types\/page"}],"author":[{"embeddable":true,"href":"https:\/\/www.animetal.com.tr\/es\/wp-json\/wp\/v2\/users\/1"}],"replies":[{"embeddable":true,"href":"https:\/\/www.animetal.com.tr\/es\/wp-json\/wp\/v2\/comments?post=9780"}],"version-history":[{"count":0,"href":"https:\/\/www.animetal.com.tr\/es\/wp-json\/wp\/v2\/pages\/9780\/revisions"}],"wp:attachment":[{"href":"https:\/\/www.animetal.com.tr\/es\/wp-json\/wp\/v2\/media?parent=9780"}],"curies":[{"name":"wp","href":"https:\/\/api.w.org\/{rel}","templated":true}]}}