{"id":9807,"date":"2022-04-19T06:31:14","date_gmt":"2022-04-19T06:31:14","guid":{"rendered":"https:\/\/www.animetal.com.tr\/factory-equipment\/hornos-de-galvanizacion\/"},"modified":"2022-10-04T09:21:47","modified_gmt":"2022-10-04T09:21:47","slug":"hornos-de-galvanizacion","status":"publish","type":"page","link":"https:\/\/www.animetal.com.tr\/es\/equipo-de-fabrica\/hornos-de-galvanizacion\/","title":{"rendered":"Hornos de Galvanizaci\u00f3n"},"content":{"rendered":"<p>[et_pb_section fb_built=\u00bb1&#8243; _builder_version=\u00bb4.16&#8243; custom_padding=\u00bb26px|0px|20px|0px\u00bb global_colors_info=\u00bb{}\u00bb][et_pb_row _builder_version=\u00bb4.16&#8243; custom_padding=\u00bb0px|0px|0px|0px\u00bb global_colors_info=\u00bb{}\u00bb][et_pb_column type=\u00bb4_4&#8243; _builder_version=\u00bb4.16&#8243; custom_padding=\u00bb|||\u00bb global_colors_info=\u00bb{}\u00bb custom_padding__hover=\u00bb|||\u00bb][et_pb_text _builder_version=\u00bb4.16&#8243; global_colors_info=\u00bb{}\u00bb]<\/p>\n<h1>Hornos de Galvanizaci\u00f3n<\/h1>\n<p>[\/et_pb_text][\/et_pb_column][\/et_pb_row][\/et_pb_section][et_pb_section fb_built=\u00bb1&#8243; _builder_version=\u00bb4.16&#8243; custom_padding=\u00bb0px|0px|54px|0px\u00bb global_colors_info=\u00bb{}\u00bb][et_pb_row column_structure=\u00bb2_3,1_3&#8243; use_custom_gutter=\u00bbon\u00bb gutter_width=\u00bb1&#8243; _builder_version=\u00bb4.16&#8243; background_color=\u00bb#efefef\u00bb custom_padding=\u00bb0px|0px|0px|0px\u00bb global_colors_info=\u00bb{}\u00bb][et_pb_column type=\u00bb2_3&#8243; _builder_version=\u00bb4.16&#8243; custom_padding=\u00bb|||\u00bb global_colors_info=\u00bb{}\u00bb custom_padding__hover=\u00bb|||\u00bb][et_pb_image src=\u00bbhttps:\/\/www.animetal.com.tr\/wp-content\/uploads\/2022\/10\/animetal-kingfield-furnace01.jpg\u00bb alt=\u00bbANI METAL &#8211; KINGFIELD FURNACE\u00bb title_text=\u00bbANI METAL &#8211; KINGFIELD FURNACE\u00bb force_fullwidth=\u00bbon\u00bb align_tablet=\u00bbcenter\u00bb align_phone=\u00bb\u00bb align_last_edited=\u00bbon|desktop\u00bb _builder_version=\u00bb4.17.4&#8243; custom_margin=\u00bb0px|0px|0px|0px\u00bb animation_style=\u00bbslide\u00bb animation_direction=\u00bbleft\u00bb animation_duration=\u00bb500ms\u00bb animation_intensity_slide=\u00bb10%\u00bb global_colors_info=\u00bb{}\u00bb][\/et_pb_image][\/et_pb_column][et_pb_column type=\u00bb1_3&#8243; _builder_version=\u00bb4.16&#8243; custom_padding=\u00bb|||\u00bb global_colors_info=\u00bb{}\u00bb custom_padding__hover=\u00bb|||\u00bb][et_pb_image src=\u00bbhttps:\/\/www.animetal.com.tr\/wp-content\/uploads\/2022\/10\/kingfield-logo-330px-300&#215;84.jpg\u00bb alt=\u00bbKingfield Logo\u00bb title_text=\u00bbKingfield Logo\u00bb _builder_version=\u00bb4.17.4&#8243; _module_preset=\u00bbdefault\u00bb width=\u00bb75%\u00bb max_width=\u00bb71%\u00bb module_alignment=\u00bbcenter\u00bb custom_margin=\u00bb100px||||false|false\u00bb global_colors_info=\u00bb{}\u00bb][\/et_pb_image][et_pb_cta title=\u00bbFolleto de Hornos de Galvanizaci\u00f3n\u00bb button_url=\u00bbhttps:\/\/www.animetal.com.tr\/wp-content\/uploads\/2022\/10\/ANI-Metal_05-galvanizing-furnaces-isp.pdf\u00bb url_new_window=\u00bbon\u00bb button_text=\u00bbPDF\u00bb _builder_version=\u00bb4.18.0&#8243; use_background_color=\u00bboff\u00bb background_layout=\u00bblight\u00bb custom_margin=\u00bb50px|50px|10px|50px\u00bb hover_enabled=\u00bb0&#8243; global_colors_info=\u00bb{}\u00bb button_text_size__hover_enabled=\u00bboff\u00bb button_text_size__hover=\u00bbnull\u00bb button_one_text_size__hover_enabled=\u00bboff\u00bb button_one_text_size__hover=\u00bbnull\u00bb button_two_text_size__hover_enabled=\u00bboff\u00bb button_two_text_size__hover=\u00bbnull\u00bb button_text_color__hover_enabled=\u00bboff\u00bb button_text_color__hover=\u00bbnull\u00bb button_one_text_color__hover_enabled=\u00bboff\u00bb button_one_text_color__hover=\u00bbnull\u00bb button_two_text_color__hover_enabled=\u00bboff\u00bb button_two_text_color__hover=\u00bbnull\u00bb button_border_width__hover_enabled=\u00bboff\u00bb button_border_width__hover=\u00bbnull\u00bb button_one_border_width__hover_enabled=\u00bboff\u00bb button_one_border_width__hover=\u00bbnull\u00bb button_two_border_width__hover_enabled=\u00bboff\u00bb button_two_border_width__hover=\u00bbnull\u00bb button_border_color__hover_enabled=\u00bboff\u00bb button_border_color__hover=\u00bbnull\u00bb button_one_border_color__hover_enabled=\u00bboff\u00bb button_one_border_color__hover=\u00bbnull\u00bb button_two_border_color__hover_enabled=\u00bboff\u00bb button_two_border_color__hover=\u00bbnull\u00bb button_border_radius__hover_enabled=\u00bboff\u00bb button_border_radius__hover=\u00bbnull\u00bb button_one_border_radius__hover_enabled=\u00bboff\u00bb button_one_border_radius__hover=\u00bbnull\u00bb button_two_border_radius__hover_enabled=\u00bboff\u00bb button_two_border_radius__hover=\u00bbnull\u00bb button_letter_spacing__hover_enabled=\u00bboff\u00bb button_letter_spacing__hover=\u00bbnull\u00bb button_one_letter_spacing__hover_enabled=\u00bboff\u00bb button_one_letter_spacing__hover=\u00bbnull\u00bb button_two_letter_spacing__hover_enabled=\u00bboff\u00bb button_two_letter_spacing__hover=\u00bbnull\u00bb button_bg_color__hover_enabled=\u00bboff\u00bb button_bg_color__hover=\u00bbnull\u00bb button_one_bg_color__hover_enabled=\u00bboff\u00bb button_one_bg_color__hover=\u00bbnull\u00bb button_two_bg_color__hover_enabled=\u00bboff\u00bb button_two_bg_color__hover=\u00bbnull\u00bb sticky_enabled=\u00bb0&#8243;][\/et_pb_cta][\/et_pb_column][\/et_pb_row][et_pb_row column_structure=\u00bb2_3,1_3&#8243; use_custom_gutter=\u00bbon\u00bb gutter_width=\u00bb1&#8243; _builder_version=\u00bb4.16&#8243; custom_padding=\u00bb20px|0px|0px|0px\u00bb global_colors_info=\u00bb{}\u00bb][et_pb_column type=\u00bb2_3&#8243; _builder_version=\u00bb4.16&#8243; custom_padding=\u00bb|||\u00bb global_colors_info=\u00bb{}\u00bb custom_padding__hover=\u00bb|||\u00bb][et_pb_text _builder_version=\u00bb4.18.0&#8243; custom_margin=\u00bb|20px||\u00bb hover_enabled=\u00bb0&#8243; global_colors_info=\u00bb{}\u00bb sticky_enabled=\u00bb0&#8243;]<\/p>\n<ul>\n<li><span style=\"font-size: 14px;\">Sistemas de combusti\u00f3n de alta velocidad y eficiente en combustible<\/span><\/li>\n<li><span style=\"font-size: 14px;\">Sistema de combusti\u00f3n reversible \/ cambio de direcci\u00f3n para aumentar la vida \u00fatil del crisol<\/span><\/li>\n<li><span style=\"font-size: 14px;\">Mayor vida \u00fatil del horno &#8211; m\u00e1s de 20 a\u00f1os &#8211; sin reforma mayor<\/span><\/li>\n<li><span style=\"font-size: 14px;\">Avanzado sistema de aislamiento que minimiza la p\u00e9rdida de calor<\/span><\/li>\n<li><span style=\"font-size: 14px;\">Con quemadores eficientes, m\u00ednimo n\u00famero de quemadores y reducci\u00f3n de componentes y mantenimiento.<\/span><\/li>\n<li><span style=\"font-size: 14px;\">Sensores de presi\u00f3n y temperatura de la c\u00e1mara<\/span><\/li>\n<li><span style=\"font-size: 14px;\">Construcci\u00f3n modular que permite cambiar el tama\u00f1o del crisol<\/span><\/li>\n<li><span style=\"font-size: 14px;\">Funci\u00f3n \u201cturbo\u201d para acelerar el aporte de calor<\/span><\/li>\n<li><span style=\"font-size: 14px;\">Sistema de control PID de 3 componentes para el control de la temperatura del humo y zinc<\/span><\/li>\n<li><span style=\"font-size: 14px;\">Optimizada eficiencia t\u00e9rmica y transferencia de calor\u00a0<\/span><\/li>\n<li><span style=\"font-size: 14px;\">Tecnolog\u00eda de control de temperatura finita<\/span><\/li>\n<li><span style=\"font-size: 14px;\">Sistemas de calentamiento con Gas Natural, Diesel o El\u00e9ctricos<\/span><\/li>\n<li><span style=\"font-size: 14px;\">Sistemas de seguridad avanzados<\/span><\/li>\n<li><span style=\"font-size: 14px;\">Sistemas de detecci\u00f3n de fugas<\/span><\/li>\n<li><span style=\"font-size: 14px;\">Autocalentamiento<\/span><\/li>\n<li><span style=\"font-size: 14px;\">Termopar externo<\/span><\/li>\n<li><span style=\"font-size: 14px;\">Control con PLC<\/span><\/li>\n<li><span style=\"font-size: 14px;\">Amortiguador de escape<\/span><\/li>\n<li><span style=\"font-size: 14px;\">Quemadores con bajo nivel de NOx y CO<\/span><\/li>\n<\/ul>\n<p><img decoding=\"async\" class=\"wp-image-10188 alignnone size-full\" src=\"https:\/\/www.animetal.com.tr\/wp-content\/uploads\/2022\/10\/animetal-kingfield-furnace02.jpg\" alt=\"ANI METAL - KINGFIELD FURNACE\" width=\"700\" height=\"525\" srcset=\"https:\/\/www.animetal.com.tr\/wp-content\/uploads\/2022\/10\/animetal-kingfield-furnace02.jpg 700w, https:\/\/www.animetal.com.tr\/wp-content\/uploads\/2022\/10\/animetal-kingfield-furnace02-480x360.jpg 480w\" sizes=\"(min-width: 0px) and (max-width: 480px) 480px, (min-width: 481px) 700px, 100vw\" \/><\/p>\n<div id=\"ez-toc-container\" class=\"ez-toc-v2_0_81 counter-hierarchy ez-toc-counter ez-toc-grey ez-toc-container-direction\">\n<p class=\"ez-toc-title\" style=\"cursor:inherit\">Table of Contents<\/p>\n<label for=\"ez-toc-cssicon-toggle-item-69ea2043be854\" class=\"ez-toc-cssicon-toggle-label\"><span class=\"ez-toc-cssicon\"><span class=\"eztoc-hide\" style=\"display:none;\">Toggle<\/span><span class=\"ez-toc-icon-toggle-span\"><svg style=\"fill: #999;color:#999\" xmlns=\"http:\/\/www.w3.org\/2000\/svg\" class=\"list-377408\" width=\"20px\" height=\"20px\" viewBox=\"0 0 24 24\" fill=\"none\"><path d=\"M6 6H4v2h2V6zm14 0H8v2h12V6zM4 11h2v2H4v-2zm16 0H8v2h12v-2zM4 16h2v2H4v-2zm16 0H8v2h12v-2z\" fill=\"currentColor\"><\/path><\/svg><svg style=\"fill: #999;color:#999\" class=\"arrow-unsorted-368013\" xmlns=\"http:\/\/www.w3.org\/2000\/svg\" width=\"10px\" height=\"10px\" viewBox=\"0 0 24 24\" version=\"1.2\" baseProfile=\"tiny\"><path d=\"M18.2 9.3l-6.2-6.3-6.2 6.3c-.2.2-.3.4-.3.7s.1.5.3.7c.2.2.4.3.7.3h11c.3 0 .5-.1.7-.3.2-.2.3-.5.3-.7s-.1-.5-.3-.7zM5.8 14.7l6.2 6.3 6.2-6.3c.2-.2.3-.5.3-.7s-.1-.5-.3-.7c-.2-.2-.4-.3-.7-.3h-11c-.3 0-.5.1-.7.3-.2.2-.3.5-.3.7s.1.5.3.7z\"\/><\/svg><\/span><\/span><\/label><input type=\"checkbox\"  id=\"ez-toc-cssicon-toggle-item-69ea2043be854\"  aria-label=\"Alternar\" \/><nav><ul class='ez-toc-list ez-toc-list-level-1 ' ><li class='ez-toc-page-1 ez-toc-heading-level-4'><a class=\"ez-toc-link ez-toc-heading-1\" href=\"https:\/\/www.animetal.com.tr\/es\/equipo-de-fabrica\/hornos-de-galvanizacion\/#Horno_Hibrido\" >Horno H\u00edbrido<\/a><\/li><\/ul><\/nav><\/div>\n<h4><span class=\"ez-toc-section\" id=\"Horno_Hibrido\"><\/span>Horno H\u00edbrido<span class=\"ez-toc-section-end\"><\/span><\/h4>\n<p>Varias combinaciones de funciones de \u201cplug and play\u201d seg\u00fan los requisitos del cliente, la energ\u00eda disponible y la fuente de energ\u00eda.<\/p>\n<p>El dise\u00f1o del horno h\u00edbrido ofrece combustible el\u00e9ctrico y de hidr\u00f3geno con electricidad verde producida de energ\u00eda solar, e\u00f3lica o hidr\u00e1ulica y ahora combinando el hidr\u00f3geno verde.<\/p>\n<p>Dise\u00f1o del horno para abarcar muchas variaciones y combinaciones; \u00a1como un horno que se calienta con energ\u00eda el\u00e9ctrica verde durante el d\u00eda y luego se calienta con hidr\u00f3geno verde durante la noche! Todo esto est\u00e1 totalmente automatizado, supervisado y controlado a trav\u00e9s de nuestro acceso remoto digitalizado para Industria 4.0.<\/p>\n<p><img decoding=\"async\" class=\"wp-image-10193 alignnone size-full\" src=\"https:\/\/www.animetal.com.tr\/wp-content\/uploads\/2022\/10\/animetal-kingfield-furnace03.jpg\" alt=\"ANI METAL - KINGFIELD FURNACE\" width=\"700\" height=\"469\" srcset=\"https:\/\/www.animetal.com.tr\/wp-content\/uploads\/2022\/10\/animetal-kingfield-furnace03.jpg 700w, https:\/\/www.animetal.com.tr\/wp-content\/uploads\/2022\/10\/animetal-kingfield-furnace03-480x322.jpg 480w\" sizes=\"(min-width: 0px) and (max-width: 480px) 480px, (min-width: 481px) 700px, 100vw\" \/><\/p>\n<p><img decoding=\"async\" class=\"wp-image-10203 alignnone size-full\" src=\"https:\/\/www.animetal.com.tr\/wp-content\/uploads\/2022\/10\/animetal-kingfield-furnace05.jpg\" alt=\"ANI METAL - KINGFIELD FURNACE\" width=\"700\" height=\"526\" srcset=\"https:\/\/www.animetal.com.tr\/wp-content\/uploads\/2022\/10\/animetal-kingfield-furnace05.jpg 700w, https:\/\/www.animetal.com.tr\/wp-content\/uploads\/2022\/10\/animetal-kingfield-furnace05-480x361.jpg 480w\" sizes=\"(min-width: 0px) and (max-width: 480px) 480px, (min-width: 481px) 700px, 100vw\" \/><\/p>\n<p><img decoding=\"async\" class=\"wp-image-10198 alignnone size-full\" src=\"https:\/\/www.animetal.com.tr\/wp-content\/uploads\/2022\/10\/animetal-kingfield-furnace04.jpg\" alt=\"ANI METAL - KINGFIELD FURNACE\" width=\"638\" height=\"478\" srcset=\"https:\/\/www.animetal.com.tr\/wp-content\/uploads\/2022\/10\/animetal-kingfield-furnace04.jpg 638w, https:\/\/www.animetal.com.tr\/wp-content\/uploads\/2022\/10\/animetal-kingfield-furnace04-480x360.jpg 480w\" sizes=\"(min-width: 0px) and (max-width: 480px) 480px, (min-width: 481px) 638px, 100vw\" \/><\/p>\n<p>&nbsp;<\/p>\n<p>[\/et_pb_text][\/et_pb_column][et_pb_column type=\u00bb1_3&#8243; _builder_version=\u00bb4.16&#8243; custom_padding=\u00bb|||\u00bb global_colors_info=\u00bb{}\u00bb custom_padding__hover=\u00bb|||\u00bb][et_pb_sidebar area=\u00bbet_pb_widget_area_3&#8243; _builder_version=\u00bb4.16&#8243; body_font=\u00bb||||||||\u00bb body_text_color=\u00bb#0c71c3&#8243; background_color=\u00bbrgba(104,153,193,0.12)\u00bb background_color_gradient_direction=\u00bb217deg\u00bb custom_margin=\u00bb|||\u00bb custom_padding=\u00bb10px|10px|10px|25px\u00bb saved_tabs=\u00bball\u00bb global_colors_info=\u00bb{}\u00bb][\/et_pb_sidebar][\/et_pb_column][\/et_pb_row][\/et_pb_section]<\/p>\n","protected":false},"excerpt":{"rendered":"<p>Hornos de Galvanizaci\u00f3n Sistemas de combusti\u00f3n de alta velocidad y eficiente en combustible Sistema de combusti\u00f3n reversible \/ cambio de direcci\u00f3n para aumentar la vida \u00fatil del crisol Mayor vida \u00fatil del horno &#8211; m\u00e1s de 20 a\u00f1os &#8211; sin reforma mayor Avanzado sistema de aislamiento que minimiza la p\u00e9rdida de calor Con quemadores eficientes, [&hellip;]<\/p>\n","protected":false},"author":1,"featured_media":0,"parent":9766,"menu_order":6,"comment_status":"closed","ping_status":"closed","template":"","meta":{"_et_pb_use_builder":"on","_et_pb_old_content":"","_et_gb_content_width":"","footnotes":""},"class_list":["post-9807","page","type-page","status-publish","hentry"],"_links":{"self":[{"href":"https:\/\/www.animetal.com.tr\/es\/wp-json\/wp\/v2\/pages\/9807","targetHints":{"allow":["GET"]}}],"collection":[{"href":"https:\/\/www.animetal.com.tr\/es\/wp-json\/wp\/v2\/pages"}],"about":[{"href":"https:\/\/www.animetal.com.tr\/es\/wp-json\/wp\/v2\/types\/page"}],"author":[{"embeddable":true,"href":"https:\/\/www.animetal.com.tr\/es\/wp-json\/wp\/v2\/users\/1"}],"replies":[{"embeddable":true,"href":"https:\/\/www.animetal.com.tr\/es\/wp-json\/wp\/v2\/comments?post=9807"}],"version-history":[{"count":0,"href":"https:\/\/www.animetal.com.tr\/es\/wp-json\/wp\/v2\/pages\/9807\/revisions"}],"up":[{"embeddable":true,"href":"https:\/\/www.animetal.com.tr\/es\/wp-json\/wp\/v2\/pages\/9766"}],"wp:attachment":[{"href":"https:\/\/www.animetal.com.tr\/es\/wp-json\/wp\/v2\/media?parent=9807"}],"curies":[{"name":"wp","href":"https:\/\/api.w.org\/{rel}","templated":true}]}}