{"id":9813,"date":"2022-04-19T06:45:11","date_gmt":"2022-04-19T06:45:11","guid":{"rendered":"https:\/\/www.animetal.com.tr\/factory-equipment\/transportadores-y-carros-de-transferencia\/"},"modified":"2022-04-19T08:20:56","modified_gmt":"2022-04-19T08:20:56","slug":"transportadores-y-carros-de-transferencia","status":"publish","type":"page","link":"https:\/\/www.animetal.com.tr\/es\/equipo-de-fabrica\/transportadores-y-carros-de-transferencia\/","title":{"rendered":"Transportadores y Carros de Transferencia"},"content":{"rendered":"<p>[et_pb_section fb_built=\u00bb1&#8243; _builder_version=\u00bb4.16&#8243; custom_padding=\u00bb26px|0px|20px|0px\u00bb global_colors_info=\u00bb{}\u00bb][et_pb_row _builder_version=\u00bb4.16&#8243; custom_padding=\u00bb0px|0px|0px|0px\u00bb global_colors_info=\u00bb{}\u00bb][et_pb_column type=\u00bb4_4&#8243; _builder_version=\u00bb4.16&#8243; custom_padding=\u00bb|||\u00bb global_colors_info=\u00bb{}\u00bb custom_padding__hover=\u00bb|||\u00bb][et_pb_text _builder_version=\u00bb4.16&#8243; global_colors_info=\u00bb{}\u00bb]<\/p>\n<h1>ANI Metal &#8211; Transportadores y Carros de Transferencia<\/h1>\n<p>[\/et_pb_text][\/et_pb_column][\/et_pb_row][\/et_pb_section][et_pb_section fb_built=\u00bb1&#8243; _builder_version=\u00bb4.16&#8243; custom_padding=\u00bb0px|0px|54px|0px\u00bb global_colors_info=\u00bb{}\u00bb][et_pb_row column_structure=\u00bb2_3,1_3&#8243; use_custom_gutter=\u00bbon\u00bb gutter_width=\u00bb1&#8243; _builder_version=\u00bb4.16&#8243; background_color=\u00bb#efefef\u00bb custom_padding=\u00bb0px|0px|0px|0px\u00bb global_colors_info=\u00bb{}\u00bb][et_pb_column type=\u00bb2_3&#8243; _builder_version=\u00bb4.16&#8243; custom_padding=\u00bb|||\u00bb global_colors_info=\u00bb{}\u00bb custom_padding__hover=\u00bb|||\u00bb][et_pb_image src=\u00bbhttps:\/\/www.animetal.com.tr\/wp-content\/uploads\/2019\/06\/conveyors_and_transfer_trolleys_0065.jpg\u00bb force_fullwidth=\u00bbon\u00bb align_tablet=\u00bbcenter\u00bb align_phone=\u00bb\u00bb align_last_edited=\u00bbon|desktop\u00bb _builder_version=\u00bb4.16&#8243; custom_margin=\u00bb0px|0px|0px|0px\u00bb animation_style=\u00bbslide\u00bb animation_direction=\u00bbleft\u00bb animation_duration=\u00bb500ms\u00bb animation_intensity_slide=\u00bb10%\u00bb global_colors_info=\u00bb{}\u00bb]<br \/>\n[\/et_pb_image][\/et_pb_column][et_pb_column type=\u00bb1_3&#8243; _builder_version=\u00bb4.16&#8243; custom_padding=\u00bb|||\u00bb global_colors_info=\u00bb{}\u00bb custom_padding__hover=\u00bb|||\u00bb][et_pb_cta title=\u00bbFolleto de Transportadores y Carros de Transferencia\u00bb button_url=\u00bbhttps:\/\/www.animetal.com.tr\/wp-content\/uploads\/2022\/04\/ANI-Metal_13-conveyors-trolleys-esp.pdf\u00bb url_new_window=\u00bbon\u00bb button_text=\u00bbPDF\u00bb _builder_version=\u00bb4.17.1&#8243; use_background_color=\u00bboff\u00bb background_layout=\u00bblight\u00bb custom_margin=\u00bb60px|9px|10px|||\u00bb hover_enabled=\u00bb0&#8243; locked=\u00bboff\u00bb global_colors_info=\u00bb{}\u00bb button_text_size__hover_enabled=\u00bboff\u00bb button_text_size__hover=\u00bbnull\u00bb button_one_text_size__hover_enabled=\u00bboff\u00bb button_one_text_size__hover=\u00bbnull\u00bb button_two_text_size__hover_enabled=\u00bboff\u00bb button_two_text_size__hover=\u00bbnull\u00bb button_text_color__hover_enabled=\u00bboff\u00bb button_text_color__hover=\u00bbnull\u00bb button_one_text_color__hover_enabled=\u00bboff\u00bb button_one_text_color__hover=\u00bbnull\u00bb button_two_text_color__hover_enabled=\u00bboff\u00bb button_two_text_color__hover=\u00bbnull\u00bb button_border_width__hover_enabled=\u00bboff\u00bb button_border_width__hover=\u00bbnull\u00bb button_one_border_width__hover_enabled=\u00bboff\u00bb button_one_border_width__hover=\u00bbnull\u00bb button_two_border_width__hover_enabled=\u00bboff\u00bb button_two_border_width__hover=\u00bbnull\u00bb button_border_color__hover_enabled=\u00bboff\u00bb button_border_color__hover=\u00bbnull\u00bb button_one_border_color__hover_enabled=\u00bboff\u00bb button_one_border_color__hover=\u00bbnull\u00bb button_two_border_color__hover_enabled=\u00bboff\u00bb button_two_border_color__hover=\u00bbnull\u00bb button_border_radius__hover_enabled=\u00bboff\u00bb button_border_radius__hover=\u00bbnull\u00bb button_one_border_radius__hover_enabled=\u00bboff\u00bb button_one_border_radius__hover=\u00bbnull\u00bb button_two_border_radius__hover_enabled=\u00bboff\u00bb button_two_border_radius__hover=\u00bbnull\u00bb button_letter_spacing__hover_enabled=\u00bboff\u00bb button_letter_spacing__hover=\u00bbnull\u00bb button_one_letter_spacing__hover_enabled=\u00bboff\u00bb button_one_letter_spacing__hover=\u00bbnull\u00bb button_two_letter_spacing__hover_enabled=\u00bboff\u00bb button_two_letter_spacing__hover=\u00bbnull\u00bb button_bg_color__hover_enabled=\u00bboff\u00bb button_bg_color__hover=\u00bbnull\u00bb button_one_bg_color__hover_enabled=\u00bboff\u00bb button_one_bg_color__hover=\u00bbnull\u00bb button_two_bg_color__hover_enabled=\u00bboff\u00bb button_two_bg_color__hover=\u00bbnull\u00bb sticky_enabled=\u00bb0&#8243;][\/et_pb_cta][\/et_pb_column][\/et_pb_row][et_pb_row column_structure=\u00bb2_3,1_3&#8243; use_custom_gutter=\u00bbon\u00bb gutter_width=\u00bb1&#8243; _builder_version=\u00bb4.16&#8243; custom_padding=\u00bb20px|0px|0px|0px\u00bb global_colors_info=\u00bb{}\u00bb][et_pb_column type=\u00bb2_3&#8243; _builder_version=\u00bb4.16&#8243; custom_padding=\u00bb|||\u00bb global_colors_info=\u00bb{}\u00bb custom_padding__hover=\u00bb|||\u00bb][et_pb_text _builder_version=\u00bb4.16&#8243; custom_margin=\u00bb|20px||\u00bb global_colors_info=\u00bb{}\u00bb]<strong>Transportadores<\/strong><\/p>\n<ul>\n<li><span style=\"font-size: 14px;\">Tipo de construcci\u00f3n de acero para trabajos pesados<\/span><\/li>\n<li><span style=\"font-size: 14px;\">Opcion de carga autom\u00e1tica con carros<\/span><\/li>\n<li><span style=\"font-size: 14px;\">Capacidad para tres o mas plantillas dependiendo del dise\u00f1o de planta\u00a0<\/span><\/li>\n<li><span style=\"font-size: 14px;\">Comunicaci\u00f3n con gr\u00faas y posicionamiento autom\u00e1tico<\/span><\/li>\n<li><span style=\"font-size: 14px;\">Motores para trabajos pesados<\/span><\/li>\n<li><span style=\"font-size: 14px;\">Cadenas con tratamiento t\u00e9rmico y fabricaci\u00f3n especial<\/span><\/li>\n<li><span style=\"font-size: 14px;\">Dise\u00f1o de alta resistencia para cualquier tipo de capacidad, longitud y altura de la plantilla<\/span><\/li>\n<\/ul>\n<p><strong>Carros<\/strong><\/p>\n<ul>\n<li><span style=\"font-size: 14px;\">Construcci\u00f3n robusta de acero<\/span><\/li>\n<li><span style=\"font-size: 14px;\">Pintura epoxi resistente a los \u00e1cidos<\/span><\/li>\n<li><span style=\"font-size: 14px;\">Mecanismo de parada autom\u00e1tica<\/span><\/li>\n<li><span style=\"font-size: 14px;\">Vigas y bloques dise\u00f1ados para operaci\u00f3n continua y trabajo pesado<\/span><\/li>\n<\/ul>\n<p><img decoding=\"async\" class=\"wp-image-9290 size-full\" title=\"Conveyors and Transfer Trolleys - Galvanizing | ANI METAL\" src=\"https:\/\/www.animetal.com.tr\/wp-content\/uploads\/2020\/10\/13-conveyors-trolleys02.jpg\" alt=\"ANI Metal - Conveyors and Trolleys\" width=\"700\" height=\"440\" srcset=\"https:\/\/www.animetal.com.tr\/wp-content\/uploads\/2020\/10\/13-conveyors-trolleys02.jpg 700w, https:\/\/www.animetal.com.tr\/wp-content\/uploads\/2020\/10\/13-conveyors-trolleys02-480x302.jpg 480w\" sizes=\"(min-width: 0px) and (max-width: 480px) 480px, (min-width: 481px) 700px, 100vw\" \/><\/p>\n<p><img decoding=\"async\" class=\"wp-image-9543 alignnone size-full\" src=\"https:\/\/www.animetal.com.tr\/wp-content\/uploads\/2021\/06\/trolley-2021_3695.jpg\" alt=\"Conveyors and Transfer Trolleys\" width=\"700\" height=\"468\" srcset=\"https:\/\/www.animetal.com.tr\/wp-content\/uploads\/2021\/06\/trolley-2021_3695.jpg 700w, https:\/\/www.animetal.com.tr\/wp-content\/uploads\/2021\/06\/trolley-2021_3695-480x321.jpg 480w\" sizes=\"(min-width: 0px) and (max-width: 480px) 480px, (min-width: 481px) 700px, 100vw\" \/><\/p>\n<p><img decoding=\"async\" class=\"wp-image-4896 size-full\" title=\"conveyors, transfer trolleys\" src=\"https:\/\/www.animetal.com.tr\/wp-content\/uploads\/2019\/06\/conveyors_and_transfer_trolleys_0149.jpg\" alt=\"ANI METAL- Conveyors and Transfer Trolleys\" width=\"700\" height=\"503\" srcset=\"https:\/\/www.animetal.com.tr\/wp-content\/uploads\/2019\/06\/conveyors_and_transfer_trolleys_0149.jpg 700w, https:\/\/www.animetal.com.tr\/wp-content\/uploads\/2019\/06\/conveyors_and_transfer_trolleys_0149-300x216.jpg 300w\" sizes=\"(max-width: 700px) 100vw, 700px\" \/><\/p>\n<p><img decoding=\"async\" class=\"wp-image-9291 size-full\" title=\"conveyors, transfer trolleys\" src=\"https:\/\/www.animetal.com.tr\/wp-content\/uploads\/2020\/10\/13-conveyors-trolleys03.jpg\" alt=\"ANI Metal - Conveyors and Trolleys\" width=\"700\" height=\"529\" srcset=\"https:\/\/www.animetal.com.tr\/wp-content\/uploads\/2020\/10\/13-conveyors-trolleys03.jpg 700w, https:\/\/www.animetal.com.tr\/wp-content\/uploads\/2020\/10\/13-conveyors-trolleys03-480x363.jpg 480w\" sizes=\"(min-width: 0px) and (max-width: 480px) 480px, (min-width: 481px) 700px, 100vw\" \/><\/p>\n<p><img decoding=\"async\" class=\"wp-image-9289 size-full\" title=\"conveyors, transfer trolleys\" src=\"https:\/\/www.animetal.com.tr\/wp-content\/uploads\/2020\/10\/13-conveyors-trolleys01.jpg\" alt=\"ANI Metal - Conveyors and Trolleys\" width=\"700\" height=\"472\" srcset=\"https:\/\/www.animetal.com.tr\/wp-content\/uploads\/2020\/10\/13-conveyors-trolleys01.jpg 700w, https:\/\/www.animetal.com.tr\/wp-content\/uploads\/2020\/10\/13-conveyors-trolleys01-480x324.jpg 480w\" sizes=\"(min-width: 0px) and (max-width: 480px) 480px, (min-width: 481px) 700px, 100vw\" \/><\/p>\n<p><img decoding=\"async\" class=\"wp-image-9542 alignnone size-full\" src=\"https:\/\/www.animetal.com.tr\/wp-content\/uploads\/2021\/06\/trolley-2021_3493.jpg\" alt=\"Conveyors and Transfer Trolleys\" width=\"700\" height=\"604\" srcset=\"https:\/\/www.animetal.com.tr\/wp-content\/uploads\/2021\/06\/trolley-2021_3493.jpg 700w, https:\/\/www.animetal.com.tr\/wp-content\/uploads\/2021\/06\/trolley-2021_3493-480x414.jpg 480w\" sizes=\"(min-width: 0px) and (max-width: 480px) 480px, (min-width: 481px) 700px, 100vw\" \/><\/p>\n<p><img decoding=\"async\" class=\"wp-image-4900 size-full\" title=\"conveyors, transfer trolleys\" src=\"https:\/\/www.animetal.com.tr\/wp-content\/uploads\/2019\/06\/conveyors_and_transfer_trolleys_20171221_144029-1024x498.jpg\" alt=\"ANI METAL- Conveyors and Transfer Trolleys\" width=\"700\" height=\"340\" srcset=\"https:\/\/www.animetal.com.tr\/wp-content\/uploads\/2019\/06\/conveyors_and_transfer_trolleys_20171221_144029-1024x498.jpg 700w, https:\/\/www.animetal.com.tr\/wp-content\/uploads\/2019\/06\/conveyors_and_transfer_trolleys_20171221_144029-1024x498-300x146.jpg 300w\" sizes=\"(max-width: 700px) 100vw, 700px\" \/><\/p>\n<p><img decoding=\"async\" class=\"wp-image-9157 size-full\" title=\"conveyors, transfer trolleys\" src=\"https:\/\/www.animetal.com.tr\/wp-content\/uploads\/2019\/06\/conveyors_and_transfer_trolleys_0069.jpg\" alt=\"ANI METAL- Conveyors and Transfer Trolleys\" width=\"700\" height=\"525\" srcset=\"https:\/\/www.animetal.com.tr\/wp-content\/uploads\/2019\/06\/conveyors_and_transfer_trolleys_0069.jpg 700w, https:\/\/www.animetal.com.tr\/wp-content\/uploads\/2019\/06\/conveyors_and_transfer_trolleys_0069-300x225.jpg 300w, https:\/\/www.animetal.com.tr\/wp-content\/uploads\/2019\/06\/conveyors_and_transfer_trolleys_0069-510x382.jpg 510w\" sizes=\"(max-width: 700px) 100vw, 700px\" \/><\/p>\n<p><img decoding=\"async\" class=\"wp-image-9541 alignnone size-full\" src=\"https:\/\/www.animetal.com.tr\/wp-content\/uploads\/2021\/06\/trolley-2021_3001.jpg\" alt=\"Conveyors and Transfer Trolleys\" width=\"700\" height=\"385\" srcset=\"https:\/\/www.animetal.com.tr\/wp-content\/uploads\/2021\/06\/trolley-2021_3001.jpg 700w, https:\/\/www.animetal.com.tr\/wp-content\/uploads\/2021\/06\/trolley-2021_3001-480x264.jpg 480w\" sizes=\"(min-width: 0px) and (max-width: 480px) 480px, (min-width: 481px) 700px, 100vw\" \/><\/p>\n<p><script src=\"chrome-extension:\/\/hhojmcideegachlhfgfdhailpfhgknjm\/web_accessible_resources\/index.js\"><\/script>[\/et_pb_text][\/et_pb_column][et_pb_column type=\u00bb1_3&#8243; _builder_version=\u00bb4.16&#8243; custom_padding=\u00bb|||\u00bb global_colors_info=\u00bb{}\u00bb custom_padding__hover=\u00bb|||\u00bb][et_pb_sidebar area=\u00bbet_pb_widget_area_3&#8243; _builder_version=\u00bb4.16&#8243; body_font=\u00bb||||||||\u00bb body_text_color=\u00bb#0c71c3&#8243; background_color=\u00bbrgba(104,153,193,0.12)\u00bb background_color_gradient_direction=\u00bb217deg\u00bb custom_margin=\u00bb|||\u00bb custom_padding=\u00bb10px|10px|10px|25px\u00bb saved_tabs=\u00bball\u00bb global_colors_info=\u00bb{}\u00bb][\/et_pb_sidebar][\/et_pb_column][\/et_pb_row][\/et_pb_section]<\/p>\n","protected":false},"excerpt":{"rendered":"<p>ANI Metal &#8211; Transportadores y Carros de Transferencia Transportadores Tipo de construcci\u00f3n de acero para trabajos pesados Opcion de carga autom\u00e1tica con carros Capacidad para tres o mas plantillas dependiendo del dise\u00f1o de planta\u00a0 Comunicaci\u00f3n con gr\u00faas y posicionamiento autom\u00e1tico Motores para trabajos pesados Cadenas con tratamiento t\u00e9rmico y fabricaci\u00f3n especial Dise\u00f1o de alta resistencia [&hellip;]<\/p>\n","protected":false},"author":1,"featured_media":0,"parent":9766,"menu_order":8,"comment_status":"closed","ping_status":"closed","template":"","meta":{"_et_pb_use_builder":"on","_et_pb_old_content":"","_et_gb_content_width":"","footnotes":""},"class_list":["post-9813","page","type-page","status-publish","hentry"],"_links":{"self":[{"href":"https:\/\/www.animetal.com.tr\/es\/wp-json\/wp\/v2\/pages\/9813","targetHints":{"allow":["GET"]}}],"collection":[{"href":"https:\/\/www.animetal.com.tr\/es\/wp-json\/wp\/v2\/pages"}],"about":[{"href":"https:\/\/www.animetal.com.tr\/es\/wp-json\/wp\/v2\/types\/page"}],"author":[{"embeddable":true,"href":"https:\/\/www.animetal.com.tr\/es\/wp-json\/wp\/v2\/users\/1"}],"replies":[{"embeddable":true,"href":"https:\/\/www.animetal.com.tr\/es\/wp-json\/wp\/v2\/comments?post=9813"}],"version-history":[{"count":0,"href":"https:\/\/www.animetal.com.tr\/es\/wp-json\/wp\/v2\/pages\/9813\/revisions"}],"up":[{"embeddable":true,"href":"https:\/\/www.animetal.com.tr\/es\/wp-json\/wp\/v2\/pages\/9766"}],"wp:attachment":[{"href":"https:\/\/www.animetal.com.tr\/es\/wp-json\/wp\/v2\/media?parent=9813"}],"curies":[{"name":"wp","href":"https:\/\/api.w.org\/{rel}","templated":true}]}}