{"id":9822,"date":"2022-04-19T06:57:08","date_gmt":"2022-04-19T06:57:08","guid":{"rendered":"https:\/\/www.animetal.com.tr\/factory-equipment\/equipo-auxiliar-de-pretratamiento\/"},"modified":"2022-04-19T08:18:27","modified_gmt":"2022-04-19T08:18:27","slug":"equipo-auxiliar-de-pretratamiento","status":"publish","type":"page","link":"https:\/\/www.animetal.com.tr\/es\/equipo-de-fabrica\/equipo-auxiliar-de-pretratamiento\/","title":{"rendered":"Equipo Auxiliar de Pretratamiento"},"content":{"rendered":"<p>[et_pb_section fb_built=\u00bb1&#8243; _builder_version=\u00bb4.16&#8243; custom_padding=\u00bb26px|0px|20px|0px\u00bb global_colors_info=\u00bb{}\u00bb][et_pb_row _builder_version=\u00bb4.16&#8243; custom_padding=\u00bb0px|0px|0px|0px\u00bb global_colors_info=\u00bb{}\u00bb][et_pb_column type=\u00bb4_4&#8243; _builder_version=\u00bb4.16&#8243; custom_padding=\u00bb|||\u00bb global_colors_info=\u00bb{}\u00bb custom_padding__hover=\u00bb|||\u00bb][et_pb_text _builder_version=\u00bb4.16&#8243; global_colors_info=\u00bb{}\u00bb]<\/p>\n<h1>Equipo Auxiliar de Pretratamiento<\/h1>\n<p>[\/et_pb_text][\/et_pb_column][\/et_pb_row][\/et_pb_section][et_pb_section fb_built=\u00bb1&#8243; _builder_version=\u00bb4.16&#8243; custom_padding=\u00bb0px|0px|54px|0px\u00bb global_colors_info=\u00bb{}\u00bb][et_pb_row column_structure=\u00bb2_3,1_3&#8243; use_custom_gutter=\u00bbon\u00bb gutter_width=\u00bb1&#8243; _builder_version=\u00bb4.16&#8243; background_color=\u00bb#efefef\u00bb custom_padding=\u00bb0px|0px|0px|0px\u00bb global_colors_info=\u00bb{}\u00bb][et_pb_column type=\u00bb2_3&#8243; _builder_version=\u00bb4.16&#8243; custom_padding=\u00bb|||\u00bb global_colors_info=\u00bb{}\u00bb custom_padding__hover=\u00bb|||\u00bb][et_pb_image src=\u00bbhttps:\/\/www.animetal.com.tr\/wp-content\/uploads\/2020\/10\/09-pretreatment-auxiliary-equipments01.jpg\u00bb alt=\u00bbANI Metal &#8211; Equipo Auxiliar de Pretratamiento\u00bb title_text=\u00bb09-pretreatment-auxiliary-equipments01&#8243; force_fullwidth=\u00bbon\u00bb align_tablet=\u00bbcenter\u00bb align_phone=\u00bb\u00bb align_last_edited=\u00bbon|desktop\u00bb _builder_version=\u00bb4.16&#8243; custom_margin=\u00bb0px|0px|0px|0px\u00bb animation_style=\u00bbslide\u00bb animation_direction=\u00bbleft\u00bb animation_duration=\u00bb500ms\u00bb animation_intensity_slide=\u00bb10%\u00bb global_colors_info=\u00bb{}\u00bb][\/et_pb_image][\/et_pb_column][et_pb_column type=\u00bb1_3&#8243; _builder_version=\u00bb4.16&#8243; custom_padding=\u00bb|||\u00bb global_colors_info=\u00bb{}\u00bb custom_padding__hover=\u00bb|||\u00bb][et_pb_cta title=\u00bbFolleto de Equipo Auxiliar de Pretratamiento\u00bb button_url=\u00bbhttps:\/\/www.animetal.com.tr\/wp-content\/uploads\/2022\/04\/ANI-Metal_09-pretreatment-auxiliary-equipments-esp.pdf\u00bb url_new_window=\u00bbon\u00bb button_text=\u00bbPDF\u00bb _builder_version=\u00bb4.17.1&#8243; use_background_color=\u00bboff\u00bb background_layout=\u00bblight\u00bb custom_margin=\u00bb225px|30px|50px|30px\u00bb hover_enabled=\u00bb0&#8243; global_colors_info=\u00bb{}\u00bb button_text_size__hover_enabled=\u00bboff\u00bb button_text_size__hover=\u00bbnull\u00bb button_one_text_size__hover_enabled=\u00bboff\u00bb button_one_text_size__hover=\u00bbnull\u00bb button_two_text_size__hover_enabled=\u00bboff\u00bb button_two_text_size__hover=\u00bbnull\u00bb button_text_color__hover_enabled=\u00bboff\u00bb button_text_color__hover=\u00bbnull\u00bb button_one_text_color__hover_enabled=\u00bboff\u00bb button_one_text_color__hover=\u00bbnull\u00bb button_two_text_color__hover_enabled=\u00bboff\u00bb button_two_text_color__hover=\u00bbnull\u00bb button_border_width__hover_enabled=\u00bboff\u00bb button_border_width__hover=\u00bbnull\u00bb button_one_border_width__hover_enabled=\u00bboff\u00bb button_one_border_width__hover=\u00bbnull\u00bb button_two_border_width__hover_enabled=\u00bboff\u00bb button_two_border_width__hover=\u00bbnull\u00bb button_border_color__hover_enabled=\u00bboff\u00bb button_border_color__hover=\u00bbnull\u00bb button_one_border_color__hover_enabled=\u00bboff\u00bb button_one_border_color__hover=\u00bbnull\u00bb button_two_border_color__hover_enabled=\u00bboff\u00bb button_two_border_color__hover=\u00bbnull\u00bb button_border_radius__hover_enabled=\u00bboff\u00bb button_border_radius__hover=\u00bbnull\u00bb button_one_border_radius__hover_enabled=\u00bboff\u00bb button_one_border_radius__hover=\u00bbnull\u00bb button_two_border_radius__hover_enabled=\u00bboff\u00bb button_two_border_radius__hover=\u00bbnull\u00bb button_letter_spacing__hover_enabled=\u00bboff\u00bb button_letter_spacing__hover=\u00bbnull\u00bb button_one_letter_spacing__hover_enabled=\u00bboff\u00bb button_one_letter_spacing__hover=\u00bbnull\u00bb button_two_letter_spacing__hover_enabled=\u00bboff\u00bb button_two_letter_spacing__hover=\u00bbnull\u00bb button_bg_color__hover_enabled=\u00bboff\u00bb button_bg_color__hover=\u00bbnull\u00bb button_one_bg_color__hover_enabled=\u00bboff\u00bb button_one_bg_color__hover=\u00bbnull\u00bb button_two_bg_color__hover_enabled=\u00bboff\u00bb button_two_bg_color__hover=\u00bbnull\u00bb sticky_enabled=\u00bb0&#8243;][\/et_pb_cta][\/et_pb_column][\/et_pb_row][et_pb_row column_structure=\u00bb2_3,1_3&#8243; use_custom_gutter=\u00bbon\u00bb gutter_width=\u00bb1&#8243; _builder_version=\u00bb4.16&#8243; custom_padding=\u00bb20px|0px|0px|0px\u00bb global_colors_info=\u00bb{}\u00bb][et_pb_column type=\u00bb2_3&#8243; _builder_version=\u00bb4.16&#8243; custom_padding=\u00bb|||\u00bb global_colors_info=\u00bb{}\u00bb custom_padding__hover=\u00bb|||\u00bb][et_pb_text _builder_version=\u00bb4.16&#8243; custom_margin=\u00bb|20px||\u00bb global_colors_info=\u00bb{}\u00bb]C\u00f3mo en todos tipos de m\u00e9todos de revestimiento, la etapa m\u00e1s importante para alcanzar una alta calidad\u00a0 de galvanizado por inmersi\u00f3n en caliente es\u00a0 el pretratamiento. Utilizar los productos qu\u00edmicos apropiados, controlar el proceso de limpieza de superficies hacer an\u00e1lisis regulares son partes importantes para conseguir una alta calidad &#8211; y bajo costo de revestimiento.<\/p>\n<p>La correcta aplicaci\u00f3n de las etapas mencionadas a continuaci\u00f3n es muy importante para obtener resultados deseados.<\/p>\n<ul>\n<li><span style=\"font-size: 14px;\">Desengrasante<\/span><\/li>\n<li><span style=\"font-size: 14px;\">Decapado<\/span><\/li>\n<li><span style=\"font-size: 14px;\">Enjuague (m\u00ednimo 2 etapas)<\/span><\/li>\n<li><span style=\"font-size: 14px;\">Flujo<\/span><\/li>\n<\/ul>\n<p><img decoding=\"async\" class=\"wp-image-5677 alignnone size-full\" src=\"https:\/\/www.animetal.com.tr\/wp-content\/uploads\/2020\/10\/09-pretreatment-auxiliary-equipments03.jpg\" alt=\"ANI Metal - Pretreatment Auxiliary Equipment\" width=\"700\" height=\"525\" srcset=\"https:\/\/www.animetal.com.tr\/wp-content\/uploads\/2020\/10\/09-pretreatment-auxiliary-equipments03.jpg 700w, https:\/\/www.animetal.com.tr\/wp-content\/uploads\/2020\/10\/09-pretreatment-auxiliary-equipments03-480x360.jpg 480w\" sizes=\"(min-width: 0px) and (max-width: 480px) 480px, (min-width: 481px) 700px, 100vw\" \/><\/p>\n<p>La aplicaci\u00f3n correcta del proceso depende de la elecci\u00f3n del equipo apropiado. La Protecci\u00f3n de la estructura y el equipamiento contra la corrosi\u00f3n puede garantizarse con la eleccion de un tanque correcto resistente a los \u00e1cidos.<\/p>\n<p>Para tal fin, el uso del siguiente equipamiento es muy importante en el proceso de pretratamiento:<\/p>\n<ul>\n<li><span style=\"font-size: 14px;\">Tanques de pretratamiento<\/span><\/li>\n<li><span style=\"font-size: 14px;\">Placas de calentamiento del tanque<\/span><\/li>\n<li><span style=\"font-size: 14px;\">Tuber\u00eda y estaci\u00f3n de bombeo<\/span><\/li>\n<li><span style=\"font-size: 14px;\">Rejillas y pasarelas entre los tanques<\/span><\/li>\n<li><span style=\"font-size: 14px;\">Limpiador de vapores \u00e1cidos<\/span><\/li>\n<li><span style=\"font-size: 14px;\">Tanques de reserva de \u00e1cido<\/span><\/li>\n<li><span style=\"font-size: 14px;\">Sistema de tratamiento de flujos<\/span><\/li>\n<li><span style=\"font-size: 14px;\">Unidad de regeneraci\u00f3n de \u00e1cidos (en las \u00e1reas necesarias)<\/span><\/li>\n<\/ul>\n<p><img decoding=\"async\" class=\"wp-image-5681 alignnone size-full\" src=\"https:\/\/www.animetal.com.tr\/wp-content\/uploads\/2020\/10\/09-pretreatment-auxiliary-equipments02.jpg\" alt=\"ANI Metal - Scrubber\" width=\"700\" height=\"415\" srcset=\"https:\/\/www.animetal.com.tr\/wp-content\/uploads\/2020\/10\/09-pretreatment-auxiliary-equipments02.jpg 700w, https:\/\/www.animetal.com.tr\/wp-content\/uploads\/2020\/10\/09-pretreatment-auxiliary-equipments02-480x285.jpg 480w\" sizes=\"(min-width: 0px) and (max-width: 480px) 480px, (min-width: 481px) 700px, 100vw\" \/><\/p>\n<p><img decoding=\"async\" class=\"alignnone wp-image-9139 size-full\" src=\"https:\/\/www.animetal.com.tr\/wp-content\/uploads\/2019\/06\/ani_metal_pretreatment_tanks_8312.jpg\" alt=\"ANI METAL- Scrubber\" width=\"700\" height=\"525\" srcset=\"https:\/\/www.animetal.com.tr\/wp-content\/uploads\/2019\/06\/ani_metal_pretreatment_tanks_8312.jpg 700w, https:\/\/www.animetal.com.tr\/wp-content\/uploads\/2019\/06\/ani_metal_pretreatment_tanks_8312-300x225.jpg 300w, https:\/\/www.animetal.com.tr\/wp-content\/uploads\/2019\/06\/ani_metal_pretreatment_tanks_8312-510x382.jpg 510w\" sizes=\"(max-width: 700px) 100vw, 700px\" \/><\/p>\n<p><img decoding=\"async\" class=\"wp-image-5689 alignnone size-full\" src=\"https:\/\/www.animetal.com.tr\/wp-content\/uploads\/2020\/10\/09-pretreatment-auxiliary-equipments06.jpg\" alt=\"ANI Metal - Pretreatment Auxiliary Equipment\" width=\"700\" height=\"467\" srcset=\"https:\/\/www.animetal.com.tr\/wp-content\/uploads\/2020\/10\/09-pretreatment-auxiliary-equipments06.jpg 700w, https:\/\/www.animetal.com.tr\/wp-content\/uploads\/2020\/10\/09-pretreatment-auxiliary-equipments06-480x320.jpg 480w\" sizes=\"(min-width: 0px) and (max-width: 480px) 480px, (min-width: 481px) 700px, 100vw\" \/><\/p>\n<p><img decoding=\"async\" class=\"wp-image-5685 alignnone size-full\" src=\"https:\/\/www.animetal.com.tr\/wp-content\/uploads\/2020\/10\/09-pretreatment-auxiliary-equipments05.jpg\" alt=\"ANI Metal - Pretreatment Auxiliary Equipment\" width=\"700\" height=\"525\" srcset=\"https:\/\/www.animetal.com.tr\/wp-content\/uploads\/2020\/10\/09-pretreatment-auxiliary-equipments05.jpg 700w, https:\/\/www.animetal.com.tr\/wp-content\/uploads\/2020\/10\/09-pretreatment-auxiliary-equipments05-480x360.jpg 480w\" sizes=\"(min-width: 0px) and (max-width: 480px) 480px, (min-width: 481px) 700px, 100vw\" \/><\/p>\n<p><img decoding=\"async\" class=\"wp-image-7616 alignnone size-full\" src=\"https:\/\/www.animetal.com.tr\/wp-content\/uploads\/2021\/06\/pretreatment-2021_4232.jpg\" alt=\"ANI METAL - ACID TANKS\" width=\"700\" height=\"467\" srcset=\"https:\/\/www.animetal.com.tr\/wp-content\/uploads\/2021\/06\/pretreatment-2021_4232.jpg 700w, https:\/\/www.animetal.com.tr\/wp-content\/uploads\/2021\/06\/pretreatment-2021_4232-480x320.jpg 480w\" sizes=\"(min-width: 0px) and (max-width: 480px) 480px, (min-width: 481px) 700px, 100vw\" \/>[\/et_pb_text][\/et_pb_column][et_pb_column type=\u00bb1_3&#8243; _builder_version=\u00bb4.16&#8243; custom_padding=\u00bb|||\u00bb global_colors_info=\u00bb{}\u00bb custom_padding__hover=\u00bb|||\u00bb][et_pb_sidebar area=\u00bbet_pb_widget_area_3&#8243; _builder_version=\u00bb4.16&#8243; body_font=\u00bb||||||||\u00bb body_text_color=\u00bb#0c71c3&#8243; background_color=\u00bbrgba(104,153,193,0.12)\u00bb background_color_gradient_direction=\u00bb217deg\u00bb custom_margin=\u00bb|||\u00bb custom_padding=\u00bb10px|10px|10px|25px\u00bb saved_tabs=\u00bball\u00bb global_colors_info=\u00bb{}\u00bb][\/et_pb_sidebar][\/et_pb_column][\/et_pb_row][\/et_pb_section]<\/p>\n","protected":false},"excerpt":{"rendered":"<p>Equipo Auxiliar de PretratamientoC\u00f3mo en todos tipos de m\u00e9todos de revestimiento, la etapa m\u00e1s importante para alcanzar una alta calidad\u00a0 de galvanizado por inmersi\u00f3n en caliente es\u00a0 el pretratamiento. Utilizar los productos qu\u00edmicos apropiados, controlar el proceso de limpieza de superficies hacer an\u00e1lisis regulares son partes importantes para conseguir una alta calidad &#8211; y bajo [&hellip;]<\/p>\n","protected":false},"author":1,"featured_media":0,"parent":9766,"menu_order":11,"comment_status":"closed","ping_status":"closed","template":"","meta":{"_et_pb_use_builder":"on","_et_pb_old_content":"","_et_gb_content_width":"","footnotes":""},"class_list":["post-9822","page","type-page","status-publish","hentry"],"_links":{"self":[{"href":"https:\/\/www.animetal.com.tr\/es\/wp-json\/wp\/v2\/pages\/9822","targetHints":{"allow":["GET"]}}],"collection":[{"href":"https:\/\/www.animetal.com.tr\/es\/wp-json\/wp\/v2\/pages"}],"about":[{"href":"https:\/\/www.animetal.com.tr\/es\/wp-json\/wp\/v2\/types\/page"}],"author":[{"embeddable":true,"href":"https:\/\/www.animetal.com.tr\/es\/wp-json\/wp\/v2\/users\/1"}],"replies":[{"embeddable":true,"href":"https:\/\/www.animetal.com.tr\/es\/wp-json\/wp\/v2\/comments?post=9822"}],"version-history":[{"count":0,"href":"https:\/\/www.animetal.com.tr\/es\/wp-json\/wp\/v2\/pages\/9822\/revisions"}],"up":[{"embeddable":true,"href":"https:\/\/www.animetal.com.tr\/es\/wp-json\/wp\/v2\/pages\/9766"}],"wp:attachment":[{"href":"https:\/\/www.animetal.com.tr\/es\/wp-json\/wp\/v2\/media?parent=9822"}],"curies":[{"name":"wp","href":"https:\/\/api.w.org\/{rel}","templated":true}]}}