{"id":9844,"date":"2022-04-19T07:44:00","date_gmt":"2022-04-19T07:44:00","guid":{"rendered":"https:\/\/www.animetal.com.tr\/factory-equipment\/crisol-de-galvanizado\/"},"modified":"2025-02-18T11:38:02","modified_gmt":"2025-02-18T11:38:02","slug":"crisol-de-galvanizado","status":"publish","type":"page","link":"https:\/\/www.animetal.com.tr\/es\/equipo-de-fabrica\/crisol-de-galvanizado\/","title":{"rendered":"Crisol de Galvanizado"},"content":{"rendered":"<p>[et_pb_section fb_built=\u00bb1&#8243; _builder_version=\u00bb4.16&#8243; custom_padding=\u00bb26px|0px|20px|0px\u00bb global_colors_info=\u00bb{}\u00bb][et_pb_row _builder_version=\u00bb4.16&#8243; custom_padding=\u00bb0px|0px|0px|0px\u00bb global_colors_info=\u00bb{}\u00bb][et_pb_column type=\u00bb4_4&#8243; _builder_version=\u00bb4.16&#8243; custom_padding=\u00bb|||\u00bb global_colors_info=\u00bb{}\u00bb custom_padding__hover=\u00bb|||\u00bb][et_pb_text _builder_version=\u00bb4.16&#8243; global_colors_info=\u00bb{}\u00bb]<\/p>\n<h1>Crisol de Galvanizado<\/h1>\n<p>[\/et_pb_text][\/et_pb_column][\/et_pb_row][\/et_pb_section][et_pb_section fb_built=\u00bb1&#8243; _builder_version=\u00bb4.16&#8243; custom_padding=\u00bb0px|0px|54px|0px\u00bb global_colors_info=\u00bb{}\u00bb][et_pb_row column_structure=\u00bb2_3,1_3&#8243; use_custom_gutter=\u00bbon\u00bb gutter_width=\u00bb1&#8243; _builder_version=\u00bb4.16&#8243; background_color=\u00bb#efefef\u00bb custom_padding=\u00bb0px|0px|0px|0px\u00bb global_colors_info=\u00bb{}\u00bb][et_pb_column type=\u00bb2_3&#8243; _builder_version=\u00bb4.16&#8243; custom_padding=\u00bb|||\u00bb global_colors_info=\u00bb{}\u00bb custom_padding__hover=\u00bb|||\u00bb][et_pb_image src=\u00bbhttps:\/\/www.animetal.com.tr\/wp-content\/uploads\/2019\/06\/ani_metal_galvanizing_kettle_720px.jpg\u00bb alt=\u00bbCrisol de Galvanizado &#8211; Plantas de Galvanizado Por Inmersi\u00f3n en Caliente | ANI METAL\u00bb title_text=\u00bbCrisol de Galvanizado &#8211; Plantas de Galvanizado Por Inmersi\u00f3n en Caliente | ANI METAL\u00bb force_fullwidth=\u00bbon\u00bb align_tablet=\u00bbcenter\u00bb align_phone=\u00bb\u00bb align_last_edited=\u00bbon|desktop\u00bb _builder_version=\u00bb4.16&#8243; custom_margin=\u00bb0px|0px|0px|0px\u00bb animation_style=\u00bbslide\u00bb animation_direction=\u00bbleft\u00bb animation_duration=\u00bb500ms\u00bb animation_intensity_slide=\u00bb10%\u00bb global_colors_info=\u00bb{}\u00bb]<br \/>\n[\/et_pb_image][\/et_pb_column][et_pb_column type=\u00bb1_3&#8243; _builder_version=\u00bb4.16&#8243; custom_padding=\u00bb|||\u00bb global_colors_info=\u00bb{}\u00bb custom_padding__hover=\u00bb|||\u00bb][et_pb_image src=\u00bbhttps:\/\/www.animetal.com.tr\/wp-content\/uploads\/2019\/06\/pilling_logo_300px.png\u00bb align=\u00bbcenter\u00bb align_tablet=\u00bbcenter\u00bb align_phone=\u00bb\u00bb align_last_edited=\u00bbon|desktop\u00bb _builder_version=\u00bb4.16&#8243; max_width=\u00bb70%\u00bb module_alignment=\u00bbcenter\u00bb custom_margin=\u00bb50px|0px||0px\u00bb custom_padding=\u00bb|||\u00bb animation_style=\u00bbslide\u00bb animation_direction=\u00bbleft\u00bb animation_duration=\u00bb500ms\u00bb animation_intensity_slide=\u00bb10%\u00bb global_colors_info=\u00bb{}\u00bb]<br \/>\n[\/et_pb_image][et_pb_text _builder_version=\u00bb4.16&#8243; custom_margin=\u00bb30px|30px||30px\u00bb custom_padding=\u00bb||0px|0px\u00bb global_colors_info=\u00bb{}\u00bb]<\/p>\n<p style=\"text-align: center;\">W. Pilling of Riepe, Germany, the world\u2019s leading kettle manufacturer<br \/>\n<strong style=\"font-size: 14px;\">since<\/strong><\/p>\n<p>[\/et_pb_text][et_pb_number_counter number=\u00bb1873&#8243; percent_sign=\u00bboff\u00bb _builder_version=\u00bb4.16&#8243; title_font=\u00bb||||||||\u00bb number_font=\u00bb||||||||\u00bb number_text_color=\u00bb#e02b20&#8243; number_font_size=\u00bb50px\u00bb number_line_height=\u00bb1px\u00bb custom_margin=\u00bb30px|||\u00bb custom_padding=\u00bb|||\u00bb global_colors_info=\u00bb{}\u00bb]<br \/>\n[\/et_pb_number_counter][et_pb_text _builder_version=\u00bb4.16&#8243; text_font=\u00bb||||||||\u00bb text_line_height=\u00bb1em\u00bb custom_margin=\u00bb-22px|||||\u00bb saved_tabs=\u00bball\u00bb global_colors_info=\u00bb{}\u00bb button_text_size__hover_enabled=\u00bboff\u00bb button_text_size__hover=\u00bbnull\u00bb button_one_text_size__hover_enabled=\u00bboff\u00bb button_one_text_size__hover=\u00bbnull\u00bb button_two_text_size__hover_enabled=\u00bboff\u00bb button_two_text_size__hover=\u00bbnull\u00bb button_text_color__hover_enabled=\u00bboff\u00bb button_text_color__hover=\u00bbnull\u00bb button_one_text_color__hover_enabled=\u00bboff\u00bb button_one_text_color__hover=\u00bbnull\u00bb button_two_text_color__hover_enabled=\u00bboff\u00bb button_two_text_color__hover=\u00bbnull\u00bb button_border_width__hover_enabled=\u00bboff\u00bb button_border_width__hover=\u00bbnull\u00bb button_one_border_width__hover_enabled=\u00bboff\u00bb button_one_border_width__hover=\u00bbnull\u00bb button_two_border_width__hover_enabled=\u00bboff\u00bb button_two_border_width__hover=\u00bbnull\u00bb button_border_color__hover_enabled=\u00bboff\u00bb button_border_color__hover=\u00bbnull\u00bb button_one_border_color__hover_enabled=\u00bboff\u00bb button_one_border_color__hover=\u00bbnull\u00bb button_two_border_color__hover_enabled=\u00bboff\u00bb button_two_border_color__hover=\u00bbnull\u00bb button_border_radius__hover_enabled=\u00bboff\u00bb button_border_radius__hover=\u00bbnull\u00bb button_one_border_radius__hover_enabled=\u00bboff\u00bb button_one_border_radius__hover=\u00bbnull\u00bb button_two_border_radius__hover_enabled=\u00bboff\u00bb button_two_border_radius__hover=\u00bbnull\u00bb button_letter_spacing__hover_enabled=\u00bboff\u00bb button_letter_spacing__hover=\u00bbnull\u00bb button_one_letter_spacing__hover_enabled=\u00bboff\u00bb button_one_letter_spacing__hover=\u00bbnull\u00bb button_two_letter_spacing__hover_enabled=\u00bboff\u00bb button_two_letter_spacing__hover=\u00bbnull\u00bb button_bg_color__hover_enabled=\u00bboff\u00bb button_bg_color__hover=\u00bbnull\u00bb button_one_bg_color__hover_enabled=\u00bboff\u00bb button_one_bg_color__hover=\u00bbnull\u00bb button_two_bg_color__hover_enabled=\u00bboff\u00bb button_two_bg_color__hover=\u00bbnull\u00bb]<\/p>\n<p style=\"text-align: center;\">Deepest Kettle of the World<\/p>\n<p style=\"text-align: center;\"><strong>13 x 1,8 x 4,6m<\/strong><\/p>\n<p>[\/et_pb_text][et_pb_cta title=\u00bbFolleto de Crisol de Galvanizado\u00bb button_url=\u00bbhttps:\/\/www.animetal.com.tr\/wp-content\/uploads\/2022\/10\/ANI-Metal_04-galvanizing-kettle-isp.pdf\u00bb url_new_window=\u00bbon\u00bb button_text=\u00bbPDF\u00bb _builder_version=\u00bb4.27.4&#8243; use_background_color=\u00bboff\u00bb background_layout=\u00bblight\u00bb min_height=\u00bb68px\u00bb custom_margin=\u00bb10px||10px|||\u00bb custom_padding=\u00bb15px|||||\u00bb hover_enabled=\u00bb0&#8243; global_colors_info=\u00bb{}\u00bb button_text_size__hover_enabled=\u00bboff\u00bb button_one_text_size__hover_enabled=\u00bboff\u00bb button_two_text_size__hover_enabled=\u00bboff\u00bb button_text_color__hover_enabled=\u00bboff\u00bb button_one_text_color__hover_enabled=\u00bboff\u00bb button_two_text_color__hover_enabled=\u00bboff\u00bb button_border_width__hover_enabled=\u00bboff\u00bb button_one_border_width__hover_enabled=\u00bboff\u00bb button_two_border_width__hover_enabled=\u00bboff\u00bb button_border_color__hover_enabled=\u00bboff\u00bb button_one_border_color__hover_enabled=\u00bboff\u00bb button_two_border_color__hover_enabled=\u00bboff\u00bb button_border_radius__hover_enabled=\u00bboff\u00bb button_one_border_radius__hover_enabled=\u00bboff\u00bb button_two_border_radius__hover_enabled=\u00bboff\u00bb button_letter_spacing__hover_enabled=\u00bboff\u00bb button_one_letter_spacing__hover_enabled=\u00bboff\u00bb button_two_letter_spacing__hover_enabled=\u00bboff\u00bb button_bg_color__hover_enabled=\u00bboff\u00bb button_one_bg_color__hover_enabled=\u00bboff\u00bb button_two_bg_color__hover_enabled=\u00bboff\u00bb header_level=\u00bbh3&#8243; sticky_enabled=\u00bb0&#8243;][\/et_pb_cta][\/et_pb_column][\/et_pb_row][et_pb_row column_structure=\u00bb2_3,1_3&#8243; use_custom_gutter=\u00bbon\u00bb gutter_width=\u00bb1&#8243; _builder_version=\u00bb4.16&#8243; custom_padding=\u00bb20px|0px|0px|0px\u00bb global_colors_info=\u00bb{}\u00bb][et_pb_column type=\u00bb2_3&#8243; _builder_version=\u00bb4.16&#8243; custom_padding=\u00bb|||\u00bb global_colors_info=\u00bb{}\u00bb custom_padding__hover=\u00bb|||\u00bb][et_pb_text _builder_version=\u00bb4.27.4&#8243; custom_padding=\u00bb|20px||\u00bb hover_enabled=\u00bb0&#8243; global_colors_info=\u00bb{}\u00bb sticky_enabled=\u00bb0&#8243;]<\/p>\n<p>Nos complace representar a W. Pilling en T\u00fanez, Argelia, Irak, Afganist\u00e1n y Turqu\u00eda. W. Pilling, con sede en Riepe, Alemania, ha sido el principal fabricante de crisoles de galvanizado a nivel mundial desde 1873. Los crisoles de galvanizado proporcionados por W. Pilling son reconocidos por su calidad y precisi\u00f3n incomparables. A continuaci\u00f3n se detallan las especificaciones t\u00e9cnicas clave y los servicios asociados con estos crisoles:<\/p>\n<div id=\"ez-toc-container\" class=\"ez-toc-v2_0_81 counter-hierarchy ez-toc-counter ez-toc-grey ez-toc-container-direction\">\n<p class=\"ez-toc-title\" style=\"cursor:inherit\">Table of Contents<\/p>\n<label for=\"ez-toc-cssicon-toggle-item-69ea1fe7a1cd4\" class=\"ez-toc-cssicon-toggle-label\"><span class=\"ez-toc-cssicon\"><span class=\"eztoc-hide\" style=\"display:none;\">Toggle<\/span><span class=\"ez-toc-icon-toggle-span\"><svg style=\"fill: #999;color:#999\" xmlns=\"http:\/\/www.w3.org\/2000\/svg\" class=\"list-377408\" width=\"20px\" height=\"20px\" viewBox=\"0 0 24 24\" fill=\"none\"><path d=\"M6 6H4v2h2V6zm14 0H8v2h12V6zM4 11h2v2H4v-2zm16 0H8v2h12v-2zM4 16h2v2H4v-2zm16 0H8v2h12v-2z\" fill=\"currentColor\"><\/path><\/svg><svg style=\"fill: #999;color:#999\" class=\"arrow-unsorted-368013\" xmlns=\"http:\/\/www.w3.org\/2000\/svg\" width=\"10px\" height=\"10px\" viewBox=\"0 0 24 24\" version=\"1.2\" baseProfile=\"tiny\"><path d=\"M18.2 9.3l-6.2-6.3-6.2 6.3c-.2.2-.3.4-.3.7s.1.5.3.7c.2.2.4.3.7.3h11c.3 0 .5-.1.7-.3.2-.2.3-.5.3-.7s-.1-.5-.3-.7zM5.8 14.7l6.2 6.3 6.2-6.3c.2-.2.3-.5.3-.7s-.1-.5-.3-.7c-.2-.2-.4-.3-.7-.3h-11c-.3 0-.5.1-.7.3-.2.2-.3.5-.3.7s.1.5.3.7z\"\/><\/svg><\/span><\/span><\/label><input type=\"checkbox\"  id=\"ez-toc-cssicon-toggle-item-69ea1fe7a1cd4\"  aria-label=\"Alternar\" \/><nav><ul class='ez-toc-list ez-toc-list-level-1 ' ><li class='ez-toc-page-1 ez-toc-heading-level-2'><a class=\"ez-toc-link ez-toc-heading-1\" href=\"https:\/\/www.animetal.com.tr\/es\/equipo-de-fabrica\/crisol-de-galvanizado\/#Especificaciones_Tecnicas_Principales\" >Especificaciones T\u00e9cnicas Principales:<\/a><\/li><li class='ez-toc-page-1 ez-toc-heading-level-2'><a class=\"ez-toc-link ez-toc-heading-2\" href=\"https:\/\/www.animetal.com.tr\/es\/equipo-de-fabrica\/crisol-de-galvanizado\/#La_Importancia_del_Crisol_de_Galvanizado\" >La Importancia del Crisol de Galvanizado<\/a><\/li><li class='ez-toc-page-1 ez-toc-heading-level-2'><a class=\"ez-toc-link ez-toc-heading-3\" href=\"https:\/\/www.animetal.com.tr\/es\/equipo-de-fabrica\/crisol-de-galvanizado\/#Control_Preciso_de_la_Temperatura_para_Resultados_Optimos\" >Control Preciso de la Temperatura para Resultados \u00d3ptimos<\/a><\/li><li class='ez-toc-page-1 ez-toc-heading-level-2'><a class=\"ez-toc-link ez-toc-heading-4\" href=\"https:\/\/www.animetal.com.tr\/es\/equipo-de-fabrica\/crisol-de-galvanizado\/#Mantenimiento_Esencial_para_la_Longevidad_y_Eficiencia\" >Mantenimiento Esencial para la Longevidad y Eficiencia<\/a><\/li><\/ul><\/nav><\/div>\n\n<h2><span class=\"ez-toc-section\" id=\"Especificaciones_Tecnicas_Principales\"><\/span><strong>Especificaciones T\u00e9cnicas Principales:<\/strong><span class=\"ez-toc-section-end\"><\/span><\/h2>\n<ul>\n<li><strong>Composici\u00f3n \u00danica de Placa de Acero:<br \/><\/strong>C: 0,08% \u2013 Si: 0,02% \u2013 Mn: 0,5% \u2013 P: 0,15% \u2013 S: 0,01% (m\u00e1ximo).<br \/>Esta mezcla cuidadosamente dise\u00f1ada de acero asegura una mayor durabilidad, resistencia a la corrosi\u00f3n y un rendimiento \u00f3ptimo bajo altas temperaturas.<\/li>\n<li><strong>Tecnolog\u00eda de Soldadura Electro-Slag:<\/strong> Esta avanzada t\u00e9cnica de soldadura garantiza una resistencia y durabilidad excepcionales en la construcci\u00f3n del crisol, minimizando el riesgo de fatiga y desgaste con el tiempo. Garantiza una estructura robusta capaz de resistir las exigentes condiciones de exposici\u00f3n continua al zinc fundido.<\/li>\n<li><strong>L\u00e1minas de Acero Laminado en Caliente:<\/strong> Al usar l\u00e1minas de acero laminado en caliente, W. Pilling reduce las tensiones de producci\u00f3n, lo que extiende significativamente la vida \u00fatil del crisol. Esta elecci\u00f3n de material mejora la resistencia del crisol a la expansi\u00f3n y contracci\u00f3n t\u00e9rmica, ayudando a que funcione de manera confiable durante a\u00f1os de operaci\u00f3n.<\/li>\n<li><strong>Sin Soldaduras Horizontales ni en Esquinas:<\/strong> La ausencia de soldaduras horizontales o en esquinas mejora la integridad estructural del crisol, previniendo puntos d\u00e9biles y minimizando el riesgo de posibles fugas o da\u00f1os durante el proceso de galvanizado. Esta caracter\u00edstica de dise\u00f1o contribuye a un crisol m\u00e1s duradero y de mayor vida \u00fatil.<\/li>\n<li><strong>Pruebas Ultrasonido:<\/strong> W. Pilling utiliza pruebas ultras\u00f3nicas para monitorear el grosor del crisol en varios puntos, proporcionando datos en tiempo real sobre su rendimiento. Esta tecnolog\u00eda permite predecir la vida \u00fatil restante del crisol bajo las condiciones actuales de operaci\u00f3n, asegurando un mantenimiento proactivo y evitando fallos inesperados.<\/li>\n<li><strong>Servicio de Bombeo de Zinc:<\/strong> Al transferir el zinc fundido a los Contenedores Especializados de Retenci\u00f3n de Zinc de W. Pilling, el proceso de cambio del crisol es significativamente m\u00e1s r\u00e1pido y eficiente. Esto minimiza el tiempo de inactividad y garantiza que su operaci\u00f3n pueda continuar con interrupciones m\u00ednimas.<\/li>\n<\/ul>\n<h2><span class=\"ez-toc-section\" id=\"La_Importancia_del_Crisol_de_Galvanizado\"><\/span><strong>La Importancia del Crisol de Galvanizado<\/strong><span class=\"ez-toc-section-end\"><\/span><\/h2>\n<p>En el \u00e1mbito de la protecci\u00f3n de metales, el crisol de galvanizado es la piedra angular del proceso de galvanizado por inmersi\u00f3n en caliente. Este equipo cr\u00edtico sumerge los art\u00edculos met\u00e1licos en zinc fundido, formando un recubrimiento resistente a la corrosi\u00f3n. Gracias a la f\u00f3rmula \u00fanica de acero y la avanzada tecnolog\u00eda de soldadura de W. Pilling, sus crisoles est\u00e1n dise\u00f1ados para durar mucho m\u00e1s tiempo en comparaci\u00f3n con los de otros fabricantes, especialmente cuando se mantienen en condiciones \u00f3ptimas, como el control preciso de la temperatura y el mantenimiento regular.<\/p>\n<p>El uso de un crisol de galvanizado de alta calidad es esencial para minimizar el riesgo de interrupciones en la producci\u00f3n causadas por fallos del equipo. Un crisol confiable asegura una calidad de recubrimiento constante, reduce el tiempo de inactividad y mantiene las operaciones funcionando sin problemas ni problemas inesperados.<\/p>\n<h2><span class=\"ez-toc-section\" id=\"Control_Preciso_de_la_Temperatura_para_Resultados_Optimos\"><\/span><strong>Control Preciso de la Temperatura para Resultados \u00d3ptimos<\/strong><span class=\"ez-toc-section-end\"><\/span><\/h2>\n<p>El control de la temperatura es un factor crucial en el proceso de galvanizado. El crisol debe mantener una temperatura de aproximadamente <strong>450\u00b0C (842\u00b0F)<\/strong> para asegurar la correcta adhesi\u00f3n del recubrimiento de zinc al metal. El sobrecalentamiento puede causar un desgaste excesivo en las paredes del crisol, lo que acorta significativamente su vida \u00fatil. Por lo tanto, mantener la temperatura correcta es esencial no solo para la calidad, sino tambi\u00e9n para la longevidad del crisol.<\/p>\n<h2><span class=\"ez-toc-section\" id=\"Mantenimiento_Esencial_para_la_Longevidad_y_Eficiencia\"><\/span><strong>Mantenimiento Esencial para la Longevidad y Eficiencia<\/strong><span class=\"ez-toc-section-end\"><\/span><\/h2>\n<p>Para garantizar que el crisol de galvanizado funcione de manera \u00f3ptima con el tiempo, es vital un mantenimiento regular. Se deben realizar inspecciones rutinarias para identificar cualquier signo de desgaste o corrosi\u00f3n. La limpieza regular de la mata y cenizas es crucial para eliminar residuos e impurezas que podr\u00edan afectar la calidad del recubrimiento de zinc. Esto tambi\u00e9n ayuda a prevenir el sobrecalentamiento localizado, lo que puede provocar desgaste y fugas en el crisol. Al abordar estos problemas de manera proactiva, se optimiza el rendimiento del crisol y se extiende su vida \u00fatil.<\/p>\n<p>En resumen, mantener un crisol de galvanizado de alta calidad y seguir los protocolos adecuados de control de temperatura y mantenimiento es clave para lograr resultados consistentes y asegurar el \u00e9xito operativo a largo plazo. Al elegir los avanzados crisoles de W. Pilling, invierte en fiabilidad, eficiencia y durabilidad para sus operaciones de galvanizado.<\/p>\n<p style=\"text-align: left;\"><img decoding=\"async\" class=\"wp-image-9997 alignnone size-full\" src=\"https:\/\/www.animetal.com.tr\/wp-content\/uploads\/2022\/04\/galvanizing-kettle-isp.jpg\" alt=\"Pa\u00edses de Agencia Exclusiva\" width=\"699\" height=\"289\" srcset=\"https:\/\/www.animetal.com.tr\/wp-content\/uploads\/2022\/04\/galvanizing-kettle-isp.jpg 699w, https:\/\/www.animetal.com.tr\/wp-content\/uploads\/2022\/04\/galvanizing-kettle-isp-480x198.jpg 480w\" sizes=\"(min-width: 0px) and (max-width: 480px) 480px, (min-width: 481px) 699px, 100vw\" \/><\/p>\n<p><img decoding=\"async\" class=\"wp-image-4706 size-full\" title=\"Galvanizing Kettle \" src=\"https:\/\/www.animetal.com.tr\/wp-content\/uploads\/2019\/06\/ani_metal_galvanizing_kettle02_720px.jpg\" alt=\"ANI METAL- PILLING Crisol de Galvanizado\" width=\"700\" height=\"469\" srcset=\"https:\/\/www.animetal.com.tr\/wp-content\/uploads\/2019\/06\/ani_metal_galvanizing_kettle02_720px.jpg 700w, https:\/\/www.animetal.com.tr\/wp-content\/uploads\/2019\/06\/ani_metal_galvanizing_kettle02_720px-300x201.jpg 300w\" sizes=\"(max-width: 700px) 100vw, 700px\" \/><\/p>\n<p><img decoding=\"async\" title=\"Galvanizing Kettle \" src=\"https:\/\/www.animetal.com.tr\/wp-content\/uploads\/2020\/10\/04-galvanizing-kettle03.jpg\" alt=\"ANI Metal - Galvanizing Kettle\" width=\"700\" height=\"357\" \/><\/p>\n<p><img decoding=\"async\" title=\"Galvanizing Kettle\" src=\"https:\/\/www.animetal.com.tr\/wp-content\/uploads\/2020\/10\/04-galvanizing-kettle01.jpg\" alt=\"ANI Metal - Galvanizing Kettle\" width=\"700\" height=\"316\" \/><br \/><img decoding=\"async\" title=\"Galvanizing Kettle \" src=\"https:\/\/www.animetal.com.tr\/wp-content\/uploads\/2020\/10\/04-galvanizing-kettle02.jpg\" alt=\"ANI Metal - Galvanizing Kettle\" width=\"700\" height=\"356\" \/><\/p>\n<p>[\/et_pb_text][\/et_pb_column][et_pb_column type=\u00bb1_3&#8243; _builder_version=\u00bb4.16&#8243; custom_padding=\u00bb|||\u00bb global_colors_info=\u00bb{}\u00bb custom_padding__hover=\u00bb|||\u00bb][et_pb_sidebar area=\u00bbet_pb_widget_area_3&#8243; _builder_version=\u00bb4.16&#8243; body_font=\u00bb||||||||\u00bb body_text_color=\u00bb#0c71c3&#8243; background_color=\u00bbrgba(104,153,193,0.12)\u00bb background_color_gradient_direction=\u00bb217deg\u00bb custom_margin=\u00bb|||\u00bb custom_padding=\u00bb10px|10px|10px|25px\u00bb saved_tabs=\u00bball\u00bb global_colors_info=\u00bb{}\u00bb][\/et_pb_sidebar][\/et_pb_column][\/et_pb_row][\/et_pb_section]<\/p>\n","protected":false},"excerpt":{"rendered":"<p>Crisol de Galvanizado W. Pilling of Riepe, Germany, the world\u2019s leading kettle manufacturer since Deepest Kettle of the World 13 x 1,8 x 4,6mNos complace representar a W. Pilling en T\u00fanez, Argelia, Irak, Afganist\u00e1n y Turqu\u00eda. W. Pilling, con sede en Riepe, Alemania, ha sido el principal fabricante de crisoles de galvanizado a nivel mundial [&hellip;]<\/p>\n","protected":false},"author":1,"featured_media":0,"parent":9766,"menu_order":15,"comment_status":"closed","ping_status":"closed","template":"","meta":{"_et_pb_use_builder":"on","_et_pb_old_content":"","_et_gb_content_width":"","footnotes":""},"class_list":["post-9844","page","type-page","status-publish","hentry"],"_links":{"self":[{"href":"https:\/\/www.animetal.com.tr\/es\/wp-json\/wp\/v2\/pages\/9844","targetHints":{"allow":["GET"]}}],"collection":[{"href":"https:\/\/www.animetal.com.tr\/es\/wp-json\/wp\/v2\/pages"}],"about":[{"href":"https:\/\/www.animetal.com.tr\/es\/wp-json\/wp\/v2\/types\/page"}],"author":[{"embeddable":true,"href":"https:\/\/www.animetal.com.tr\/es\/wp-json\/wp\/v2\/users\/1"}],"replies":[{"embeddable":true,"href":"https:\/\/www.animetal.com.tr\/es\/wp-json\/wp\/v2\/comments?post=9844"}],"version-history":[{"count":0,"href":"https:\/\/www.animetal.com.tr\/es\/wp-json\/wp\/v2\/pages\/9844\/revisions"}],"up":[{"embeddable":true,"href":"https:\/\/www.animetal.com.tr\/es\/wp-json\/wp\/v2\/pages\/9766"}],"wp:attachment":[{"href":"https:\/\/www.animetal.com.tr\/es\/wp-json\/wp\/v2\/media?parent=9844"}],"curies":[{"name":"wp","href":"https:\/\/api.w.org\/{rel}","templated":true}]}}