{"id":161,"date":"2017-09-25T18:05:42","date_gmt":"2017-09-25T18:05:26","guid":{"rendered":"http:\/\/v2.animetal.com.tr\/sur\/"},"modified":"2024-01-23T13:35:34","modified_gmt":"2024-01-23T13:35:34","slug":"sur","status":"publish","type":"page","link":"https:\/\/www.animetal.com.tr\/fr\/sur\/","title":{"rendered":"\u00c0 Propos"},"content":{"rendered":"<p>[et_pb_section fb_built=\u00a0\u00bb1&Prime; _builder_version=\u00a0\u00bb4.16&Prime; custom_padding=\u00a0\u00bb0px|0px|20px|0px\u00a0\u00bb global_colors_info=\u00a0\u00bb{}\u00a0\u00bb][et_pb_row use_custom_gutter=\u00a0\u00bbon\u00a0\u00bb gutter_width=\u00a0\u00bb1&Prime; _builder_version=\u00a0\u00bb4.16&Prime; custom_padding=\u00a0\u00bb26px|0px|0px|0px\u00a0\u00bb global_colors_info=\u00a0\u00bb{}\u00a0\u00bb][et_pb_column type=\u00a0\u00bb4_4&Prime; _builder_version=\u00a0\u00bb4.16&Prime; custom_padding=\u00a0\u00bb|||\u00a0\u00bb global_colors_info=\u00a0\u00bb{}\u00a0\u00bb custom_padding__hover=\u00a0\u00bb|||\u00a0\u00bb][et_pb_text _builder_version=\u00a0\u00bb4.16&Prime; animation_style=\u00a0\u00bbslide\u00a0\u00bb animation_direction=\u00a0\u00bbleft\u00a0\u00bb animation_duration=\u00a0\u00bb500ms\u00a0\u00bb animation_intensity_slide=\u00a0\u00bb10%\u00a0\u00bb global_colors_info=\u00a0\u00bb{}\u00a0\u00bb]<\/p>\n<h1>\u00c0 Propos<\/h1>\n<p>[\/et_pb_text][\/et_pb_column][\/et_pb_row][\/et_pb_section][et_pb_section fb_built=\u00a0\u00bb1&Prime; _builder_version=\u00a0\u00bb4.16&Prime; custom_padding=\u00a0\u00bb0px|0px|0px|0px\u00a0\u00bb saved_tabs=\u00a0\u00bball\u00a0\u00bb global_colors_info=\u00a0\u00bb{}\u00a0\u00bb][et_pb_row column_structure=\u00a0\u00bb2_3,1_3&Prime; use_custom_gutter=\u00a0\u00bbon\u00a0\u00bb gutter_width=\u00a0\u00bb1&Prime; _builder_version=\u00a0\u00bb4.24.0&Prime; background_color=\u00a0\u00bb#efefef\u00a0\u00bb custom_padding=\u00a0\u00bb0px|0px|0px|0px\u00a0\u00bb hover_enabled=\u00a0\u00bb0&Prime; global_colors_info=\u00a0\u00bb{}\u00a0\u00bb sticky_enabled=\u00a0\u00bb0&Prime;][et_pb_column type=\u00a0\u00bb2_3&Prime; _builder_version=\u00a0\u00bb4.16&Prime; custom_padding=\u00a0\u00bb|||\u00a0\u00bb global_colors_info=\u00a0\u00bb{}\u00a0\u00bb custom_padding__hover=\u00a0\u00bb|||\u00a0\u00bb][et_pb_image src=\u00a0\u00bbhttps:\/\/www.animetal.com.tr\/wp-content\/uploads\/2019\/06\/about_us_480px.jpg\u00a0\u00bb align_tablet=\u00a0\u00bbcenter\u00a0\u00bb align_phone=\u00a0\u00bb\u00a0\u00bb align_last_edited=\u00a0\u00bbon|desktop\u00a0\u00bb _builder_version=\u00a0\u00bb4.16&Prime; animation_style=\u00a0\u00bbslide\u00a0\u00bb animation_direction=\u00a0\u00bbleft\u00a0\u00bb animation_duration=\u00a0\u00bb500ms\u00a0\u00bb animation_intensity_slide=\u00a0\u00bb10%\u00a0\u00bb global_colors_info=\u00a0\u00bb{}\u00a0\u00bb]<br \/>\n[\/et_pb_image][\/et_pb_column][et_pb_column type=\u00a0\u00bb1_3&Prime; _builder_version=\u00a0\u00bb4.24.0&Prime; background_image=\u00a0\u00bbhttps:\/\/www.animetal.com.tr\/wp-content\/uploads\/2024\/01\/references_world_map4.jpg\u00a0\u00bb background_size=\u00a0\u00bbinitial\u00a0\u00bb custom_padding=\u00a0\u00bb|||\u00a0\u00bb hover_enabled=\u00a0\u00bb0&Prime; global_colors_info=\u00a0\u00bb{}\u00a0\u00bb custom_padding__hover=\u00a0\u00bb|||\u00a0\u00bb alt=\u00a0\u00bbANI Metal &#8211; References World Map\u00a0\u00bb title_text=\u00a0\u00bbANI Metal &#8211; References World Map\u00a0\u00bb sticky_enabled=\u00a0\u00bb0&Prime;][et_pb_number_counter title=\u00a0\u00bbDes pays\u00a0\u00bb number=\u00a0\u00bb26&Prime; percent_sign=\u00a0\u00bboff\u00a0\u00bb _builder_version=\u00a0\u00bb4.24.0&Prime; title_font=\u00a0\u00bb|700|||||||\u00a0\u00bb title_text_align=\u00a0\u00bbcenter\u00a0\u00bb number_font=\u00a0\u00bb||||||||\u00a0\u00bb custom_margin=\u00a0\u00bb90px|||\u00a0\u00bb number_text_shadow_style=\u00a0\u00bbpreset2&Prime; number_text_shadow_blur_strength=\u00a0\u00bb0.06em\u00a0\u00bb global_colors_info=\u00a0\u00bb{}\u00a0\u00bb]<br \/>\n[\/et_pb_number_counter][et_pb_number_counter title=\u00a0\u00bbProjets\u00a0\u00bb number=\u00a0\u00bb56&Prime; percent_sign=\u00a0\u00bboff\u00a0\u00bb _builder_version=\u00a0\u00bb4.24.0&Prime; title_font=\u00a0\u00bb|700|||||||\u00a0\u00bb number_font=\u00a0\u00bb||||||||\u00a0\u00bb custom_margin=\u00a0\u00bb50px||100px|\u00a0\u00bb number_text_shadow_style=\u00a0\u00bbpreset2&Prime; number_text_shadow_blur_strength=\u00a0\u00bb0.06em\u00a0\u00bb global_colors_info=\u00a0\u00bb{}\u00a0\u00bb]<br \/>\n[\/et_pb_number_counter][\/et_pb_column][\/et_pb_row][\/et_pb_section][et_pb_section fb_built=\u00a0\u00bb1&Prime; _builder_version=\u00a0\u00bb4.16&Prime; custom_padding=\u00a0\u00bb0px|0px|0px|0px\u00a0\u00bb global_colors_info=\u00a0\u00bb{}\u00a0\u00bb][et_pb_row column_structure=\u00a0\u00bb2_3,1_3&Prime; _builder_version=\u00a0\u00bb4.16&Prime; custom_padding=\u00a0\u00bb20px|0px|27px|0px\u00a0\u00bb global_colors_info=\u00a0\u00bb{}\u00a0\u00bb][et_pb_column type=\u00a0\u00bb2_3&Prime; _builder_version=\u00a0\u00bb4.16&Prime; custom_padding=\u00a0\u00bb|||\u00a0\u00bb global_colors_info=\u00a0\u00bb{}\u00a0\u00bb custom_padding__hover=\u00a0\u00bb|||\u00a0\u00bb][et_pb_text _builder_version=\u00a0\u00bb4.16&Prime; global_colors_info=\u00a0\u00bb{}\u00a0\u00bb]<\/p>\n<p>ANI METAL, en tant que l&rsquo;un des principaux fournisseurs d&rsquo;installations dans le secteur de la galvanisation \u00e0 chaud, outre la fourniture d&rsquo;installations de galvanisation cl\u00e9s en main, fournit un certain nombre de services d&rsquo;ing\u00e9nierie tels que le conseil en mati\u00e8re de proc\u00e9d\u00e9s, l&rsquo;analyse financi\u00e8re et l&rsquo;analyse des co\u00fbts, y compris l&rsquo;analyse de march\u00e9.<\/p>\n<p><img decoding=\"async\" src=\"https:\/\/www.animetal.com.tr\/wp-content\/uploads\/2020\/12\/01-about02-fr-1.jpg\" width=\"800\" height=\"182\" alt=\"USINES DE GALVANISATION \u00c0 CHAUD CL\u00c9S EN MAIN\" class=\"wp-image-6137 alignnone size-full\" style=\"display: block; margin-left: auto; margin-right: auto;\" srcset=\"https:\/\/www.animetal.com.tr\/wp-content\/uploads\/2020\/12\/01-about02-fr-1.jpg 800w, https:\/\/www.animetal.com.tr\/wp-content\/uploads\/2020\/12\/01-about02-fr-1-480x109.jpg 480w\" sizes=\"(min-width: 0px) and (max-width: 480px) 480px, (min-width: 481px) 800px, 100vw\" \/><\/p>\n<p><span style=\"font-size: 14px;\">La soci\u00e9t\u00e9, qui a intensifi\u00e9 ses activit\u00e9s notamment au Moyen-Orient, en Afrique du Nord et en Asie occidentale, a achev\u00e9 l&rsquo;installation de pr\u00e8s de 40 usines cl\u00e9s en main et a coop\u00e9r\u00e9 avec plus de 100 entreprises tant dans le domaine du conseil en proc\u00e9d\u00e9s que dans celui de la fourniture de divers \u00e9quipements de galvanisation avec les principaux partenaires commerciaux mondiaux.<\/span><\/p>\n<div><\/div>\n<div>\n<p>En fonction des besoins des clients et des budgets d&rsquo;investissement, ANI Metal fournit des installations de galvanisation allant de syst\u00e8mes de base manuels \u00e0 des usines modernes de haute technologie, avec un transport automatis\u00e9 du mat\u00e9riel. Gr\u00e2ce \u00e0 l&rsquo;exp\u00e9rience et aux connaissances de son personnel, acquises au fil de nombreuses ann\u00e9es, ANI Metal fournit un service de conseil et d&rsquo;ing\u00e9nierie illimit\u00e9 et gratuit \u00e0 ses clients, afin de leur permettre d&rsquo;atteindre des co\u00fbts de processus minimaux et une qualit\u00e9 et une efficacit\u00e9 \u00e9lev\u00e9es en mati\u00e8re de galvanisation.<\/p>\n<p><img decoding=\"async\" src=\"https:\/\/www.animetal.com.tr\/wp-content\/uploads\/2021\/06\/about-2021_4700-1.jpg\" width=\"700\" height=\"431\" alt=\"ANI METAL - Turnkey Galvanising Plants\" class=\"wp-image-7749 alignnone size-full\" srcset=\"https:\/\/www.animetal.com.tr\/wp-content\/uploads\/2021\/06\/about-2021_4700-1.jpg 700w, https:\/\/www.animetal.com.tr\/wp-content\/uploads\/2021\/06\/about-2021_4700-1-480x296.jpg 480w\" sizes=\"(min-width: 0px) and (max-width: 480px) 480px, (min-width: 481px) 700px, 100vw\" \/><\/p>\n<p>Nous sommes repr\u00e9sentant des principaux fournisseurs de produits chimiques, et savons ainsi soutenir les objectifs de ses clients en mati\u00e8re de qualit\u00e9, d&rsquo;efficacit\u00e9 et de maitrise des co\u00fbts.<\/p>\n<ul>\n<li>Analyse du march\u00e9<\/li>\n<li>Analyse des co\u00fbts d&rsquo;investissement<\/li>\n<li>Choisir la meilleure dimension pour le creuset<\/li>\n<li>Layout: Disposition des \u00e9quipements du process<\/li>\n<li>Croquis de conception de la charpente et des fondations<\/li>\n<li>Fourniture de l&rsquo;\u00e9quipement de galvanisation<\/li>\n<li>Livraison et soutien logistique<\/li>\n<li>Installation et mise en service<\/li>\n<li>Conseil en mati\u00e8re de processus<\/li>\n<li>Fourniture de produits chimiques et de tablettes de nickel<\/li>\n<\/ul>\n<\/div>\n<p>[\/et_pb_text][\/et_pb_column][et_pb_column type=\u00a0\u00bb1_3&Prime; _builder_version=\u00a0\u00bb4.16&Prime; custom_padding=\u00a0\u00bb|||\u00a0\u00bb global_colors_info=\u00a0\u00bb{}\u00a0\u00bb custom_padding__hover=\u00a0\u00bb|||\u00a0\u00bb][\/et_pb_column][\/et_pb_row][\/et_pb_section]<\/p>\n","protected":false},"excerpt":{"rendered":"<p>\u00c0 Propos ANI METAL, en tant que l&rsquo;un des principaux fournisseurs d&rsquo;installations dans le secteur de la galvanisation \u00e0 chaud, outre la fourniture d&rsquo;installations de galvanisation cl\u00e9s en main, fournit un certain nombre de services d&rsquo;ing\u00e9nierie tels que le conseil en mati\u00e8re de proc\u00e9d\u00e9s, l&rsquo;analyse financi\u00e8re et l&rsquo;analyse des co\u00fbts, y compris l&rsquo;analyse de march\u00e9. [&hellip;]<\/p>\n","protected":false},"author":1,"featured_media":0,"parent":0,"menu_order":2,"comment_status":"closed","ping_status":"closed","template":"","meta":{"_et_pb_use_builder":"on","_et_pb_old_content":"","_et_gb_content_width":"","footnotes":""},"class_list":["post-161","page","type-page","status-publish","hentry"],"_links":{"self":[{"href":"https:\/\/www.animetal.com.tr\/fr\/wp-json\/wp\/v2\/pages\/161","targetHints":{"allow":["GET"]}}],"collection":[{"href":"https:\/\/www.animetal.com.tr\/fr\/wp-json\/wp\/v2\/pages"}],"about":[{"href":"https:\/\/www.animetal.com.tr\/fr\/wp-json\/wp\/v2\/types\/page"}],"author":[{"embeddable":true,"href":"https:\/\/www.animetal.com.tr\/fr\/wp-json\/wp\/v2\/users\/1"}],"replies":[{"embeddable":true,"href":"https:\/\/www.animetal.com.tr\/fr\/wp-json\/wp\/v2\/comments?post=161"}],"version-history":[{"count":0,"href":"https:\/\/www.animetal.com.tr\/fr\/wp-json\/wp\/v2\/pages\/161\/revisions"}],"wp:attachment":[{"href":"https:\/\/www.animetal.com.tr\/fr\/wp-json\/wp\/v2\/media?parent=161"}],"curies":[{"name":"wp","href":"https:\/\/api.w.org\/{rel}","templated":true}]}}