{"id":329,"date":"2017-09-26T14:09:42","date_gmt":"2017-09-26T14:09:20","guid":{"rendered":"http:\/\/v2.animetal.com.tr\/services-dingenierie\/"},"modified":"2021-06-24T13:22:04","modified_gmt":"2021-06-24T13:22:04","slug":"services-dingenierie","status":"publish","type":"page","link":"https:\/\/www.animetal.com.tr\/fr\/services-dingenierie\/","title":{"rendered":"Services d&rsquo;Ing\u00e9nierie"},"content":{"rendered":"<p>[et_pb_section fb_built=\u00a0\u00bb1&Prime; _builder_version=\u00a0\u00bb3.22&Prime; custom_padding=\u00a0\u00bb26px|0px|20px|0px\u00a0\u00bb][et_pb_row use_custom_gutter=\u00a0\u00bbon\u00a0\u00bb gutter_width=\u00a0\u00bb1&Prime; _builder_version=\u00a0\u00bb3.25&Prime; custom_padding=\u00a0\u00bb0px|0px|0px|0px\u00a0\u00bb][et_pb_column type=\u00a0\u00bb4_4&Prime; _builder_version=\u00a0\u00bb3.25&Prime; custom_padding=\u00a0\u00bb|||\u00a0\u00bb custom_padding__hover=\u00a0\u00bb|||\u00a0\u00bb][et_pb_text _builder_version=\u00a0\u00bb3.27.4&Prime;]<\/p>\n<h1>SERVICES D&rsquo;ING\u00c9NIERIE<\/h1>\n<p>[\/et_pb_text][\/et_pb_column][\/et_pb_row][\/et_pb_section][et_pb_section fb_built=\u00a0\u00bb1&Prime; _builder_version=\u00a0\u00bb3.22&Prime; custom_padding=\u00a0\u00bb0px|0px|0px|0px\u00a0\u00bb][et_pb_row column_structure=\u00a0\u00bb2_3,1_3&Prime; use_custom_gutter=\u00a0\u00bbon\u00a0\u00bb gutter_width=\u00a0\u00bb1&Prime; _builder_version=\u00a0\u00bb3.25&Prime; background_color=\u00a0\u00bb#efefef\u00a0\u00bb custom_padding=\u00a0\u00bb0px|0px|0px|0px\u00a0\u00bb][et_pb_column type=\u00a0\u00bb2_3&Prime; _builder_version=\u00a0\u00bb3.25&Prime; custom_padding=\u00a0\u00bb|||\u00a0\u00bb custom_padding__hover=\u00a0\u00bb|||\u00a0\u00bb][et_pb_image src=\u00a0\u00bbhttps:\/\/www.animetal.com.tr\/wp-content\/uploads\/2020\/10\/02-engineering-services01.jpg\u00a0\u00bb alt=\u00a0\u00bbPlant Design\u00a0\u00bb title_text=\u00a0\u00bb02-engineering-services01&Prime; align_tablet=\u00a0\u00bbcenter\u00a0\u00bb align_phone=\u00a0\u00bb\u00a0\u00bb align_last_edited=\u00a0\u00bbon|desktop\u00a0\u00bb _builder_version=\u00a0\u00bb4.7.3&Prime; animation_style=\u00a0\u00bbslide\u00a0\u00bb animation_direction=\u00a0\u00bbleft\u00a0\u00bb animation_duration=\u00a0\u00bb500ms\u00a0\u00bb animation_intensity_slide=\u00a0\u00bb10%\u00a0\u00bb]<\/p>\n<p>[\/et_pb_image][\/et_pb_column][et_pb_column type=\u00a0\u00bb1_3&Prime; _builder_version=\u00a0\u00bb3.25&Prime; custom_padding=\u00a0\u00bb|||\u00a0\u00bb custom_padding__hover=\u00a0\u00bb|||\u00a0\u00bb][et_pb_cta title=\u00a0\u00bbBROCHURE DES SERVICES D&rsquo;ING\u00c9NIERIE\u00a0\u00bb button_url=\u00a0\u00bbhttps:\/\/www.animetal.com.tr\/wp-content\/uploads\/2021\/06\/ANI-Metal_02-engineering-services-fr_v03.pdf\u00a0\u00bb url_new_window=\u00a0\u00bbon\u00a0\u00bb button_text=\u00a0\u00bbPDF\u00a0\u00bb _builder_version=\u00a0\u00bb4.9.7&Prime; use_background_color=\u00a0\u00bboff\u00a0\u00bb background_layout=\u00a0\u00bblight\u00a0\u00bb custom_margin=\u00a0\u00bb150px|50px|100px|50px\u00a0\u00bb hover_enabled=\u00a0\u00bb0&Prime; button_text_size__hover_enabled=\u00a0\u00bboff\u00a0\u00bb button_text_size__hover=\u00a0\u00bbnull\u00a0\u00bb button_one_text_size__hover_enabled=\u00a0\u00bboff\u00a0\u00bb button_one_text_size__hover=\u00a0\u00bbnull\u00a0\u00bb button_two_text_size__hover_enabled=\u00a0\u00bboff\u00a0\u00bb button_two_text_size__hover=\u00a0\u00bbnull\u00a0\u00bb button_text_color__hover_enabled=\u00a0\u00bboff\u00a0\u00bb button_text_color__hover=\u00a0\u00bbnull\u00a0\u00bb button_one_text_color__hover_enabled=\u00a0\u00bboff\u00a0\u00bb button_one_text_color__hover=\u00a0\u00bbnull\u00a0\u00bb button_two_text_color__hover_enabled=\u00a0\u00bboff\u00a0\u00bb button_two_text_color__hover=\u00a0\u00bbnull\u00a0\u00bb button_border_width__hover_enabled=\u00a0\u00bboff\u00a0\u00bb button_border_width__hover=\u00a0\u00bbnull\u00a0\u00bb button_one_border_width__hover_enabled=\u00a0\u00bboff\u00a0\u00bb button_one_border_width__hover=\u00a0\u00bbnull\u00a0\u00bb button_two_border_width__hover_enabled=\u00a0\u00bboff\u00a0\u00bb button_two_border_width__hover=\u00a0\u00bbnull\u00a0\u00bb button_border_color__hover_enabled=\u00a0\u00bboff\u00a0\u00bb button_border_color__hover=\u00a0\u00bbnull\u00a0\u00bb button_one_border_color__hover_enabled=\u00a0\u00bboff\u00a0\u00bb button_one_border_color__hover=\u00a0\u00bbnull\u00a0\u00bb button_two_border_color__hover_enabled=\u00a0\u00bboff\u00a0\u00bb button_two_border_color__hover=\u00a0\u00bbnull\u00a0\u00bb button_border_radius__hover_enabled=\u00a0\u00bboff\u00a0\u00bb button_border_radius__hover=\u00a0\u00bbnull\u00a0\u00bb button_one_border_radius__hover_enabled=\u00a0\u00bboff\u00a0\u00bb button_one_border_radius__hover=\u00a0\u00bbnull\u00a0\u00bb button_two_border_radius__hover_enabled=\u00a0\u00bboff\u00a0\u00bb button_two_border_radius__hover=\u00a0\u00bbnull\u00a0\u00bb button_letter_spacing__hover_enabled=\u00a0\u00bboff\u00a0\u00bb button_letter_spacing__hover=\u00a0\u00bbnull\u00a0\u00bb button_one_letter_spacing__hover_enabled=\u00a0\u00bboff\u00a0\u00bb button_one_letter_spacing__hover=\u00a0\u00bbnull\u00a0\u00bb button_two_letter_spacing__hover_enabled=\u00a0\u00bboff\u00a0\u00bb button_two_letter_spacing__hover=\u00a0\u00bbnull\u00a0\u00bb button_bg_color__hover_enabled=\u00a0\u00bboff\u00a0\u00bb button_bg_color__hover=\u00a0\u00bbnull\u00a0\u00bb button_one_bg_color__hover_enabled=\u00a0\u00bboff\u00a0\u00bb button_one_bg_color__hover=\u00a0\u00bbnull\u00a0\u00bb button_two_bg_color__hover_enabled=\u00a0\u00bboff\u00a0\u00bb button_two_bg_color__hover=\u00a0\u00bbnull\u00a0\u00bb sticky_enabled=\u00a0\u00bb0&Prime;][\/et_pb_cta][\/et_pb_column][\/et_pb_row][\/et_pb_section][et_pb_section fb_built=\u00a0\u00bb1&Prime; _builder_version=\u00a0\u00bb3.22&Prime; custom_padding=\u00a0\u00bb0px|0px|54px|0px\u00a0\u00bb][et_pb_row column_structure=\u00a0\u00bb2_3,1_3&Prime; _builder_version=\u00a0\u00bb3.25&Prime; custom_padding=\u00a0\u00bb20px|0px|27px|0px\u00a0\u00bb][et_pb_column type=\u00a0\u00bb2_3&Prime; _builder_version=\u00a0\u00bb3.25&Prime; custom_padding=\u00a0\u00bb|||\u00a0\u00bb custom_padding__hover=\u00a0\u00bb|||\u00a0\u00bb][et_pb_text _builder_version=\u00a0\u00bb4.9.7&Prime; hover_enabled=\u00a0\u00bb0&Prime; sticky_enabled=\u00a0\u00bb0&Prime;]<\/p>\n<div>La performance du processus de galvanisation d\u00e9pend de facteurs tels que la qualit\u00e9 du produit, les co\u00fbts d&rsquo;exploitation, un personnel bien form\u00e9, la connaissance du processus, la bonne disposition de l&rsquo;usine et le choix de l&rsquo;\u00e9quipement.<\/div>\n<div><\/div>\n<div>\n<p>Sur les march\u00e9s \u00e0 forte concurrence, les entreprises qui\u00a0 galvanisent en maitrisant les co\u00fbts et une qualit\u00e9 \u00e9lev\u00e9e, obtiendront un avantage.<\/p>\n<p>&nbsp;<\/p>\n<\/div>\n<p><img decoding=\"async\" class=\"wp-image-2724 alignnone size-full\" src=\"https:\/\/www.animetal.com.tr\/wp-content\/uploads\/2018\/02\/full-automatic-e1561550957603.jpg\" alt=\"\" width=\"720\" height=\"502\" \/><\/p>\n<p>ANI Metal fournit des services de conseil et d&rsquo;ing\u00e9nierie pour l&rsquo;am\u00e9nagement des usines, la formation des employ\u00e9s, le contr\u00f4le des co\u00fbts, etc., en particulier aux investisseurs qui n&rsquo;ont pas d&rsquo;exp\u00e9rience en mati\u00e8re de galvanisation et qui souhaitent p\u00e9n\u00e9trer le march\u00e9.<\/p>\n<p><img decoding=\"async\" class=\"wp-image-5926 alignnone size-full\" src=\"https:\/\/www.animetal.com.tr\/wp-content\/uploads\/2020\/11\/02-engineering-services02.jpg\" alt=\"Heat Exchanger\" width=\"700\" height=\"507\" srcset=\"https:\/\/www.animetal.com.tr\/wp-content\/uploads\/2020\/11\/02-engineering-services02.jpg 700w, https:\/\/www.animetal.com.tr\/wp-content\/uploads\/2020\/11\/02-engineering-services02-480x348.jpg 480w\" sizes=\"(min-width: 0px) and (max-width: 480px) 480px, (min-width: 481px) 700px, 100vw\" \/><\/p>\n<div>Avec une \u00e9quipe d&rsquo;ing\u00e9nieurs ayant une grande exp\u00e9rience dans la m\u00e9tallurgie et la chimie du processus de galvanisation, ANI Metal contr\u00f4le r\u00e9guli\u00e8rement le processus de ses clients et propose un soutien technique continu pour r\u00e9duire les co\u00fbts afin d&rsquo;am\u00e9liorer la qualit\u00e9.<\/div>\n<div><\/div>\n<div>ANI Metal fournit des services d&rsquo;ing\u00e9nierie depuis les calculs statiques du batiment jusqu&rsquo;\u00e0 la mise en route de l&rsquo;usine.<\/div>\n<div><img decoding=\"async\" src=\"https:\/\/www.animetal.com.tr\/wp-content\/uploads\/2021\/06\/engineering-2021_4633.jpg\" width=\"700\" height=\"466\" alt=\"ANI METAL - Engineering Services\" class=\"wp-image-7730 alignnone size-full\" srcset=\"https:\/\/www.animetal.com.tr\/wp-content\/uploads\/2021\/06\/engineering-2021_4633.jpg 700w, https:\/\/www.animetal.com.tr\/wp-content\/uploads\/2021\/06\/engineering-2021_4633-480x320.jpg 480w\" sizes=\"(min-width: 0px) and (max-width: 480px) 480px, (min-width: 481px) 700px, 100vw\" \/><\/div>\n<p><img decoding=\"async\" class=\"wp-image-4654 alignnone size-full\" src=\"https:\/\/www.animetal.com.tr\/wp-content\/uploads\/2019\/06\/ani_metal_engineering_services_technical_drawing_720px.jpg\" alt=\"ANI METAL - Engineering Services\" width=\"720\" height=\"509\" srcset=\"https:\/\/www.animetal.com.tr\/wp-content\/uploads\/2019\/06\/ani_metal_engineering_services_technical_drawing_720px.jpg 720w, https:\/\/www.animetal.com.tr\/wp-content\/uploads\/2019\/06\/ani_metal_engineering_services_technical_drawing_720px-300x212.jpg 300w, https:\/\/www.animetal.com.tr\/wp-content\/uploads\/2019\/06\/ani_metal_engineering_services_technical_drawing_720px-400x284.jpg 400w\" sizes=\"(max-width: 720px) 100vw, 720px\" \/><\/p>\n<p><img decoding=\"async\" class=\"wp-image-5478 alignnone size-full\" src=\"https:\/\/www.animetal.com.tr\/wp-content\/uploads\/2020\/10\/02-engineering-services03.jpg\" alt=\"3D Conveyor Rendering\" width=\"720\" height=\"505\" srcset=\"https:\/\/www.animetal.com.tr\/wp-content\/uploads\/2020\/10\/02-engineering-services03.jpg 720w, https:\/\/www.animetal.com.tr\/wp-content\/uploads\/2020\/10\/02-engineering-services03-480x337.jpg 480w\" sizes=\"(min-width: 0px) and (max-width: 480px) 480px, (min-width: 481px) 720px, 100vw\" \/><\/p>\n<p>[\/et_pb_text][\/et_pb_column][et_pb_column type=\u00a0\u00bb1_3&Prime; _builder_version=\u00a0\u00bb3.25&Prime; custom_padding=\u00a0\u00bb|||\u00a0\u00bb custom_padding__hover=\u00a0\u00bb|||\u00a0\u00bb][\/et_pb_column][\/et_pb_row][\/et_pb_section]<\/p>\n","protected":false},"excerpt":{"rendered":"<p>SERVICES D&rsquo;ING\u00c9NIERIE La performance du processus de galvanisation d\u00e9pend de facteurs tels que la qualit\u00e9 du produit, les co\u00fbts d&rsquo;exploitation, un personnel bien form\u00e9, la connaissance du processus, la bonne disposition de l&rsquo;usine et le choix de l&rsquo;\u00e9quipement. Sur les march\u00e9s \u00e0 forte concurrence, les entreprises qui\u00a0 galvanisent en maitrisant les co\u00fbts et une qualit\u00e9 [&hellip;]<\/p>\n","protected":false},"author":1,"featured_media":0,"parent":0,"menu_order":6,"comment_status":"closed","ping_status":"closed","template":"","meta":{"_et_pb_use_builder":"on","_et_pb_old_content":"","_et_gb_content_width":"","footnotes":""},"class_list":["post-329","page","type-page","status-publish","hentry"],"_links":{"self":[{"href":"https:\/\/www.animetal.com.tr\/fr\/wp-json\/wp\/v2\/pages\/329","targetHints":{"allow":["GET"]}}],"collection":[{"href":"https:\/\/www.animetal.com.tr\/fr\/wp-json\/wp\/v2\/pages"}],"about":[{"href":"https:\/\/www.animetal.com.tr\/fr\/wp-json\/wp\/v2\/types\/page"}],"author":[{"embeddable":true,"href":"https:\/\/www.animetal.com.tr\/fr\/wp-json\/wp\/v2\/users\/1"}],"replies":[{"embeddable":true,"href":"https:\/\/www.animetal.com.tr\/fr\/wp-json\/wp\/v2\/comments?post=329"}],"version-history":[{"count":0,"href":"https:\/\/www.animetal.com.tr\/fr\/wp-json\/wp\/v2\/pages\/329\/revisions"}],"wp:attachment":[{"href":"https:\/\/www.animetal.com.tr\/fr\/wp-json\/wp\/v2\/media?parent=329"}],"curies":[{"name":"wp","href":"https:\/\/api.w.org\/{rel}","templated":true}]}}