{"id":6155,"date":"2020-12-28T12:42:42","date_gmt":"2020-12-28T12:42:07","guid":{"rendered":"http:\/\/www.animetal.com.tr\/les-systemes-de-ponts-roulants-automatiques\/"},"modified":"2021-06-22T05:51:14","modified_gmt":"2021-06-22T05:51:14","slug":"les-systemes-de-ponts-roulants-automatiques","status":"publish","type":"page","link":"https:\/\/www.animetal.com.tr\/fr\/factory-equipment\/les-systemes-de-ponts-roulants-automatiques\/","title":{"rendered":"Les Syst\u00e8mes de Ponts Roulants Automatiques"},"content":{"rendered":"<p>[et_pb_section fb_built=\u00a0\u00bb1&Prime; _builder_version=\u00a0\u00bb3.22&Prime; custom_padding=\u00a0\u00bb26px|0px|20px|0px\u00a0\u00bb][et_pb_row _builder_version=\u00a0\u00bb3.25&Prime; background_size=\u00a0\u00bbinitial\u00a0\u00bb background_position=\u00a0\u00bbtop_left\u00a0\u00bb background_repeat=\u00a0\u00bbrepeat\u00a0\u00bb custom_padding=\u00a0\u00bb0px|0px|0px|0px\u00a0\u00bb][et_pb_column type=\u00a0\u00bb4_4&Prime; _builder_version=\u00a0\u00bb3.25&Prime; custom_padding=\u00a0\u00bb|||\u00a0\u00bb custom_padding__hover=\u00a0\u00bb|||\u00a0\u00bb][et_pb_text _builder_version=\u00a0\u00bb4.9.7&Prime; hover_enabled=\u00a0\u00bb0&Prime; sticky_enabled=\u00a0\u00bb0&Prime;]<\/p>\n<h1>Les Syst\u00e8mes de Ponts Roulants Automatiques<\/h1>\n<p>[\/et_pb_text][\/et_pb_column][\/et_pb_row][\/et_pb_section][et_pb_section fb_built=\u00a0\u00bb1&Prime; _builder_version=\u00a0\u00bb3.22&Prime; custom_padding=\u00a0\u00bb0px|0px|54px|0px\u00a0\u00bb][et_pb_row column_structure=\u00a0\u00bb2_3,1_3&Prime; use_custom_gutter=\u00a0\u00bbon\u00a0\u00bb gutter_width=\u00a0\u00bb1&Prime; _builder_version=\u00a0\u00bb3.25&Prime; background_color=\u00a0\u00bb#efefef\u00a0\u00bb custom_padding=\u00a0\u00bb0px|0px|0px|0px\u00a0\u00bb][et_pb_column type=\u00a0\u00bb2_3&Prime; _builder_version=\u00a0\u00bb3.25&Prime; custom_padding=\u00a0\u00bb|||\u00a0\u00bb custom_padding__hover=\u00a0\u00bb|||\u00a0\u00bb][et_pb_image src=\u00a0\u00bbhttps:\/\/www.animetal.com.tr\/wp-content\/uploads\/2020\/10\/03-automatic-crane-systems01.jpg\u00a0\u00bb alt=\u00a0\u00bbSCHEFFER LES SYST\u00c8MES DE PONTS ROULANTS AUTOMATIQUES\u00a0\u00bb title_text=\u00a0\u00bb03-automatic-crane-systems01&Prime; force_fullwidth=\u00a0\u00bbon\u00a0\u00bb align_tablet=\u00a0\u00bbcenter\u00a0\u00bb align_phone=\u00a0\u00bb\u00a0\u00bb align_last_edited=\u00a0\u00bbon|desktop\u00a0\u00bb _builder_version=\u00a0\u00bb4.7.3&Prime; custom_margin=\u00a0\u00bb0px|0px|0px|0px\u00a0\u00bb animation_style=\u00a0\u00bbslide\u00a0\u00bb animation_direction=\u00a0\u00bbleft\u00a0\u00bb animation_duration=\u00a0\u00bb500ms\u00a0\u00bb animation_intensity_slide=\u00a0\u00bb10%\u00a0\u00bb]<br \/>\n[\/et_pb_image][\/et_pb_column][et_pb_column type=\u00a0\u00bb1_3&Prime; _builder_version=\u00a0\u00bb3.25&Prime; custom_padding=\u00a0\u00bb|||\u00a0\u00bb custom_padding__hover=\u00a0\u00bb|||\u00a0\u00bb][et_pb_image src=\u00a0\u00bbhttps:\/\/www.animetal.com.tr\/wp-content\/uploads\/2017\/12\/home_scheffer_logo.png\u00a0\u00bb align_tablet=\u00a0\u00bbcenter\u00a0\u00bb align_phone=\u00a0\u00bb\u00a0\u00bb align_last_edited=\u00a0\u00bbon|desktop\u00a0\u00bb _builder_version=\u00a0\u00bb3.23&Prime; max_width=\u00a0\u00bb78%\u00a0\u00bb module_alignment=\u00a0\u00bbcenter\u00a0\u00bb]<br \/>\n[\/et_pb_image][et_pb_number_counter title=\u00a0\u00bbDepuis\u00a0\u00bb number=\u00a0\u00bb1963&Prime; percent_sign=\u00a0\u00bboff\u00a0\u00bb _builder_version=\u00a0\u00bb3.0.105&Prime; title_font=\u00a0\u00bb||||||||\u00a0\u00bb number_font=\u00a0\u00bb||||||||\u00a0\u00bb number_text_color=\u00a0\u00bb#e02b20&Prime; number_font_size=\u00a0\u00bb50px\u00a0\u00bb number_line_height=\u00a0\u00bb91px\u00a0\u00bb custom_margin=\u00a0\u00bb|||\u00a0\u00bb custom_padding=\u00a0\u00bb27px|0px|0px|0px||\u00a0\u00bb saved_tabs=\u00a0\u00bball\u00a0\u00bb]<br \/>\n[\/et_pb_number_counter][et_pb_cta title=\u00a0\u00bbBrochure Les Syst\u00e8mes de Ponts Roulants Automatiques\u00a0\u00bb button_url=\u00a0\u00bbhttps:\/\/www.animetal.com.tr\/wp-content\/uploads\/2020\/11\/ANI-Metal-otomatik-vinc-sistemleri-2020-11.pdf\u00a0\u00bb url_new_window=\u00a0\u00bbon\u00a0\u00bb button_text=\u00a0\u00bbPDF\u00a0\u00bb _builder_version=\u00a0\u00bb4.9.7&Prime; use_background_color=\u00a0\u00bboff\u00a0\u00bb background_layout=\u00a0\u00bblight\u00a0\u00bb custom_margin=\u00a0\u00bb32px|50px||50px||\u00a0\u00bb hover_enabled=\u00a0\u00bb0&Prime; locked=\u00a0\u00bboff\u00a0\u00bb button_text_size__hover_enabled=\u00a0\u00bboff\u00a0\u00bb button_one_text_size__hover_enabled=\u00a0\u00bboff\u00a0\u00bb button_two_text_size__hover_enabled=\u00a0\u00bboff\u00a0\u00bb button_text_color__hover_enabled=\u00a0\u00bboff\u00a0\u00bb button_one_text_color__hover_enabled=\u00a0\u00bboff\u00a0\u00bb button_two_text_color__hover_enabled=\u00a0\u00bboff\u00a0\u00bb button_border_width__hover_enabled=\u00a0\u00bboff\u00a0\u00bb button_one_border_width__hover_enabled=\u00a0\u00bboff\u00a0\u00bb button_two_border_width__hover_enabled=\u00a0\u00bboff\u00a0\u00bb button_border_color__hover_enabled=\u00a0\u00bboff\u00a0\u00bb button_one_border_color__hover_enabled=\u00a0\u00bboff\u00a0\u00bb button_two_border_color__hover_enabled=\u00a0\u00bboff\u00a0\u00bb button_border_radius__hover_enabled=\u00a0\u00bboff\u00a0\u00bb button_one_border_radius__hover_enabled=\u00a0\u00bboff\u00a0\u00bb button_two_border_radius__hover_enabled=\u00a0\u00bboff\u00a0\u00bb button_letter_spacing__hover_enabled=\u00a0\u00bboff\u00a0\u00bb button_one_letter_spacing__hover_enabled=\u00a0\u00bboff\u00a0\u00bb button_two_letter_spacing__hover_enabled=\u00a0\u00bboff\u00a0\u00bb button_bg_color__hover_enabled=\u00a0\u00bboff\u00a0\u00bb button_one_bg_color__hover_enabled=\u00a0\u00bboff\u00a0\u00bb button_two_bg_color__hover_enabled=\u00a0\u00bboff\u00a0\u00bb sticky_enabled=\u00a0\u00bb0&Prime;][\/et_pb_cta][\/et_pb_column][\/et_pb_row][et_pb_row column_structure=\u00a0\u00bb2_3,1_3&Prime; use_custom_gutter=\u00a0\u00bbon\u00a0\u00bb gutter_width=\u00a0\u00bb1&Prime; _builder_version=\u00a0\u00bb3.25&Prime; custom_padding=\u00a0\u00bb20px|0px|0px|0px\u00a0\u00bb][et_pb_column type=\u00a0\u00bb2_3&Prime; _builder_version=\u00a0\u00bb3.25&Prime; custom_padding=\u00a0\u00bb|||\u00a0\u00bb custom_padding__hover=\u00a0\u00bb|||\u00a0\u00bb][et_pb_text _builder_version=\u00a0\u00bb4.7.7&Prime; custom_padding=\u00a0\u00bb|20px||\u00a0\u00bb]<\/p>\n<ul>\n<li>Installations de galvanisation automatiques et semi-automatiques<\/li>\n<li>Des syst\u00e8mes de transport \u00e0 la pointe de la technologie<\/li>\n<li>Des solutions sur mesure<\/li>\n<li>Haute efficacit\u00e9 et disponibilit\u00e9<\/li>\n<li>Contr\u00f4le et suivi informatis\u00e9s des processus<\/li>\n<li>Fiabilit\u00e9<\/li>\n<li>Durabilit\u00e9<\/li>\n<\/ul>\n<p><img decoding=\"async\" src=\"https:\/\/www.animetal.com.tr\/wp-content\/uploads\/2020\/12\/03-automatic-crane-systems02-fr.jpg\" width=\"700\" height=\"344\" alt=\"LES SYST\u00c8MES DE PONTS ROULANTS AUTOMATIQUES\" class=\"wp-image-6161 alignnone size-full\" srcset=\"https:\/\/www.animetal.com.tr\/wp-content\/uploads\/2020\/12\/03-automatic-crane-systems02-fr.jpg 700w, https:\/\/www.animetal.com.tr\/wp-content\/uploads\/2020\/12\/03-automatic-crane-systems02-fr-480x236.jpg 480w\" sizes=\"(min-width: 0px) and (max-width: 480px) 480px, (min-width: 481px) 700px, 100vw\" \/><\/p>\n<p><img decoding=\"async\" class=\"alignnone wp-image-4669 size-full\" src=\"https:\/\/www.animetal.com.tr\/wp-content\/uploads\/2019\/06\/ies_scheffer_0024_700px.jpg\" alt=\"\" width=\"700\" height=\"466\" srcset=\"https:\/\/www.animetal.com.tr\/wp-content\/uploads\/2019\/06\/ies_scheffer_0024_700px.jpg 700w, https:\/\/www.animetal.com.tr\/wp-content\/uploads\/2019\/06\/ies_scheffer_0024_700px-300x200.jpg 300w\" sizes=\"(max-width: 700px) 100vw, 700px\" \/><\/p>\n<p><img decoding=\"async\" class=\"wp-image-5580 alignnone size-full\" src=\"https:\/\/www.animetal.com.tr\/wp-content\/uploads\/2020\/10\/scheffer_Distribution-crane-3.jpg\" alt=\"ANI METAL- SCHEFFER Automatic Cranes Systems\" width=\"700\" height=\"467\" srcset=\"https:\/\/www.animetal.com.tr\/wp-content\/uploads\/2020\/10\/scheffer_Distribution-crane-3.jpg 700w, https:\/\/www.animetal.com.tr\/wp-content\/uploads\/2020\/10\/scheffer_Distribution-crane-3-480x320.jpg 480w\" sizes=\"(min-width: 0px) and (max-width: 480px) 480px, (min-width: 481px) 700px, 100vw\" \/><\/p>\n<p><img decoding=\"async\" class=\"wp-image-4673 alignnone size-full\" src=\"https:\/\/www.animetal.com.tr\/wp-content\/uploads\/2019\/06\/scheffer_Distribution-crane.jpg\" alt=\"ANI METAL- SCHEFFER Automatic Cranes Systems\" width=\"700\" height=\"469\" srcset=\"https:\/\/www.animetal.com.tr\/wp-content\/uploads\/2019\/06\/scheffer_Distribution-crane.jpg 700w, https:\/\/www.animetal.com.tr\/wp-content\/uploads\/2019\/06\/scheffer_Distribution-crane-300x201.jpg 300w\" sizes=\"(max-width: 700px) 100vw, 700px\" \/><\/p>\n<p><img decoding=\"async\" class=\"wp-image-4677 alignnone size-full\" src=\"https:\/\/www.animetal.com.tr\/wp-content\/uploads\/2019\/06\/scheffer_transfer-bridge.jpg\" alt=\"ANI METAL- SCHEFFER Transfer Bridge\" width=\"700\" height=\"345\" srcset=\"https:\/\/www.animetal.com.tr\/wp-content\/uploads\/2019\/06\/scheffer_transfer-bridge.jpg 700w, https:\/\/www.animetal.com.tr\/wp-content\/uploads\/2019\/06\/scheffer_transfer-bridge-300x148.jpg 300w\" sizes=\"(max-width: 700px) 100vw, 700px\" \/><\/p>\n<p><img decoding=\"async\" class=\"wp-image-4681 alignnone size-full\" src=\"https:\/\/www.animetal.com.tr\/wp-content\/uploads\/2019\/06\/scheffer_galvanizing.jpg\" alt=\"ANI METAL- SCHEFFER Automatic Cranes Systems\" width=\"700\" height=\"469\" srcset=\"https:\/\/www.animetal.com.tr\/wp-content\/uploads\/2019\/06\/scheffer_galvanizing.jpg 700w, https:\/\/www.animetal.com.tr\/wp-content\/uploads\/2019\/06\/scheffer_galvanizing-300x201.jpg 300w\" sizes=\"(max-width: 700px) 100vw, 700px\" \/><\/p>\n<p><img decoding=\"async\" class=\"wp-image-4685 alignnone size-full\" src=\"https:\/\/www.animetal.com.tr\/wp-content\/uploads\/2019\/06\/scheffer_image013.jpg\" alt=\"ANI METAL- SCHEFFER Automatic Cranes Systems\" width=\"700\" height=\"526\" srcset=\"https:\/\/www.animetal.com.tr\/wp-content\/uploads\/2019\/06\/scheffer_image013.jpg 700w, https:\/\/www.animetal.com.tr\/wp-content\/uploads\/2019\/06\/scheffer_image013-300x225.jpg 300w, https:\/\/www.animetal.com.tr\/wp-content\/uploads\/2019\/06\/scheffer_image013-510x382.jpg 510w\" sizes=\"(max-width: 700px) 100vw, 700px\" \/><\/p>\n<p>[\/et_pb_text][\/et_pb_column][et_pb_column type=\u00a0\u00bb1_3&Prime; _builder_version=\u00a0\u00bb3.25&Prime; custom_padding=\u00a0\u00bb|||\u00a0\u00bb custom_padding__hover=\u00a0\u00bb|||\u00a0\u00bb][et_pb_sidebar area=\u00a0\u00bbet_pb_widget_area_3&Prime; _builder_version=\u00a0\u00bb3.0.105&Prime; body_font=\u00a0\u00bb||||||||\u00a0\u00bb body_text_color=\u00a0\u00bb#0c71c3&Prime; background_color=\u00a0\u00bbrgba(104,153,193,0.12)\u00a0\u00bb background_color_gradient_direction=\u00a0\u00bb217deg\u00a0\u00bb custom_margin=\u00a0\u00bb|||\u00a0\u00bb custom_padding=\u00a0\u00bb10px|10px|10px|25px\u00a0\u00bb saved_tabs=\u00a0\u00bball\u00a0\u00bb][\/et_pb_sidebar][\/et_pb_column][\/et_pb_row][\/et_pb_section]<\/p>\n","protected":false},"excerpt":{"rendered":"<p>Les Syst\u00e8mes de Ponts Roulants Automatiques Installations de galvanisation automatiques et semi-automatiques Des syst\u00e8mes de transport \u00e0 la pointe de la technologie Des solutions sur mesure Haute efficacit\u00e9 et disponibilit\u00e9 Contr\u00f4le et suivi informatis\u00e9s des processus Fiabilit\u00e9 Durabilit\u00e9<\/p>\n","protected":false},"author":1,"featured_media":0,"parent":6215,"menu_order":4,"comment_status":"closed","ping_status":"closed","template":"","meta":{"_et_pb_use_builder":"on","_et_pb_old_content":"","_et_gb_content_width":"","footnotes":""},"class_list":["post-6155","page","type-page","status-publish","hentry"],"_links":{"self":[{"href":"https:\/\/www.animetal.com.tr\/fr\/wp-json\/wp\/v2\/pages\/6155","targetHints":{"allow":["GET"]}}],"collection":[{"href":"https:\/\/www.animetal.com.tr\/fr\/wp-json\/wp\/v2\/pages"}],"about":[{"href":"https:\/\/www.animetal.com.tr\/fr\/wp-json\/wp\/v2\/types\/page"}],"author":[{"embeddable":true,"href":"https:\/\/www.animetal.com.tr\/fr\/wp-json\/wp\/v2\/users\/1"}],"replies":[{"embeddable":true,"href":"https:\/\/www.animetal.com.tr\/fr\/wp-json\/wp\/v2\/comments?post=6155"}],"version-history":[{"count":0,"href":"https:\/\/www.animetal.com.tr\/fr\/wp-json\/wp\/v2\/pages\/6155\/revisions"}],"up":[{"embeddable":true,"href":"https:\/\/www.animetal.com.tr\/fr\/wp-json\/wp\/v2\/pages\/6215"}],"wp:attachment":[{"href":"https:\/\/www.animetal.com.tr\/fr\/wp-json\/wp\/v2\/media?parent=6155"}],"curies":[{"name":"wp","href":"https:\/\/api.w.org\/{rel}","templated":true}]}}