{"id":6183,"date":"2020-12-28T13:23:42","date_gmt":"2020-12-28T13:23:33","guid":{"rendered":"http:\/\/www.animetal.com.tr\/les-convoyeurs-et-chariots-de-transfert\/"},"modified":"2021-06-24T11:53:16","modified_gmt":"2021-06-24T11:53:16","slug":"les-convoyeurs-et-chariots-de-transfert","status":"publish","type":"page","link":"https:\/\/www.animetal.com.tr\/fr\/factory-equipment\/les-convoyeurs-et-chariots-de-transfert\/","title":{"rendered":"Les Convoyeurs et Chariots de Transfert"},"content":{"rendered":"<p>[et_pb_section fb_built=\u00a0\u00bb1&Prime; _builder_version=\u00a0\u00bb3.22&Prime; custom_padding=\u00a0\u00bb26px|0px|20px|0px\u00a0\u00bb][et_pb_row _builder_version=\u00a0\u00bb3.25&Prime; custom_padding=\u00a0\u00bb0px|0px|0px|0px\u00a0\u00bb][et_pb_column type=\u00a0\u00bb4_4&Prime; _builder_version=\u00a0\u00bb3.25&Prime; custom_padding=\u00a0\u00bb|||\u00a0\u00bb custom_padding__hover=\u00a0\u00bb|||\u00a0\u00bb][et_pb_text _builder_version=\u00a0\u00bb4.9.7&Prime;]<\/p>\n<h1>Les Convoyeurs et Chariots de Transfert<\/h1>\n<p>[\/et_pb_text][\/et_pb_column][\/et_pb_row][\/et_pb_section][et_pb_section fb_built=\u00a0\u00bb1&Prime; _builder_version=\u00a0\u00bb3.22&Prime; custom_padding=\u00a0\u00bb0px|0px|54px|0px\u00a0\u00bb][et_pb_row column_structure=\u00a0\u00bb2_3,1_3&Prime; use_custom_gutter=\u00a0\u00bbon\u00a0\u00bb gutter_width=\u00a0\u00bb1&Prime; _builder_version=\u00a0\u00bb3.25&Prime; background_color=\u00a0\u00bb#efefef\u00a0\u00bb custom_padding=\u00a0\u00bb0px|0px|0px|0px\u00a0\u00bb][et_pb_column type=\u00a0\u00bb2_3&Prime; _builder_version=\u00a0\u00bb3.25&Prime; custom_padding=\u00a0\u00bb|||\u00a0\u00bb custom_padding__hover=\u00a0\u00bb|||\u00a0\u00bb][et_pb_image src=\u00a0\u00bbhttps:\/\/www.animetal.com.tr\/wp-content\/uploads\/2019\/06\/conveyors_and_transfer_trolleys_0065.jpg\u00a0\u00bb force_fullwidth=\u00a0\u00bbon\u00a0\u00bb align_tablet=\u00a0\u00bbcenter\u00a0\u00bb align_phone=\u00a0\u00bb\u00a0\u00bb align_last_edited=\u00a0\u00bbon|desktop\u00a0\u00bb _builder_version=\u00a0\u00bb3.23&Prime; custom_margin=\u00a0\u00bb0px|0px|0px|0px\u00a0\u00bb animation_style=\u00a0\u00bbslide\u00a0\u00bb animation_direction=\u00a0\u00bbleft\u00a0\u00bb animation_duration=\u00a0\u00bb500ms\u00a0\u00bb animation_intensity_slide=\u00a0\u00bb10%\u00a0\u00bb]<br \/>\n[\/et_pb_image][\/et_pb_column][et_pb_column type=\u00a0\u00bb1_3&Prime; _builder_version=\u00a0\u00bb3.25&Prime; custom_padding=\u00a0\u00bb|||\u00a0\u00bb custom_padding__hover=\u00a0\u00bb|||\u00a0\u00bb][et_pb_cta title=\u00a0\u00bbBrochure Les Convoyeurs et Chariots de Transfert\u00a0\u00bb button_url=\u00a0\u00bbhttps:\/\/www.animetal.com.tr\/wp-content\/uploads\/2021\/06\/ANI-Metal_13-conveyors-trolleys-fr_v03.pdf\u00a0\u00bb url_new_window=\u00a0\u00bbon\u00a0\u00bb button_text=\u00a0\u00bbPDF\u00a0\u00bb _builder_version=\u00a0\u00bb4.9.7&Prime; use_background_color=\u00a0\u00bboff\u00a0\u00bb background_layout=\u00a0\u00bblight\u00a0\u00bb custom_margin=\u00a0\u00bb60px|9px|10px|||\u00a0\u00bb hover_enabled=\u00a0\u00bb0&Prime; locked=\u00a0\u00bboff\u00a0\u00bb button_text_size__hover_enabled=\u00a0\u00bboff\u00a0\u00bb button_text_size__hover=\u00a0\u00bbnull\u00a0\u00bb button_one_text_size__hover_enabled=\u00a0\u00bboff\u00a0\u00bb button_one_text_size__hover=\u00a0\u00bbnull\u00a0\u00bb button_two_text_size__hover_enabled=\u00a0\u00bboff\u00a0\u00bb button_two_text_size__hover=\u00a0\u00bbnull\u00a0\u00bb button_text_color__hover_enabled=\u00a0\u00bboff\u00a0\u00bb button_text_color__hover=\u00a0\u00bbnull\u00a0\u00bb button_one_text_color__hover_enabled=\u00a0\u00bboff\u00a0\u00bb button_one_text_color__hover=\u00a0\u00bbnull\u00a0\u00bb button_two_text_color__hover_enabled=\u00a0\u00bboff\u00a0\u00bb button_two_text_color__hover=\u00a0\u00bbnull\u00a0\u00bb button_border_width__hover_enabled=\u00a0\u00bboff\u00a0\u00bb button_border_width__hover=\u00a0\u00bbnull\u00a0\u00bb button_one_border_width__hover_enabled=\u00a0\u00bboff\u00a0\u00bb button_one_border_width__hover=\u00a0\u00bbnull\u00a0\u00bb button_two_border_width__hover_enabled=\u00a0\u00bboff\u00a0\u00bb button_two_border_width__hover=\u00a0\u00bbnull\u00a0\u00bb button_border_color__hover_enabled=\u00a0\u00bboff\u00a0\u00bb button_border_color__hover=\u00a0\u00bbnull\u00a0\u00bb button_one_border_color__hover_enabled=\u00a0\u00bboff\u00a0\u00bb button_one_border_color__hover=\u00a0\u00bbnull\u00a0\u00bb button_two_border_color__hover_enabled=\u00a0\u00bboff\u00a0\u00bb button_two_border_color__hover=\u00a0\u00bbnull\u00a0\u00bb button_border_radius__hover_enabled=\u00a0\u00bboff\u00a0\u00bb button_border_radius__hover=\u00a0\u00bbnull\u00a0\u00bb button_one_border_radius__hover_enabled=\u00a0\u00bboff\u00a0\u00bb button_one_border_radius__hover=\u00a0\u00bbnull\u00a0\u00bb button_two_border_radius__hover_enabled=\u00a0\u00bboff\u00a0\u00bb button_two_border_radius__hover=\u00a0\u00bbnull\u00a0\u00bb button_letter_spacing__hover_enabled=\u00a0\u00bboff\u00a0\u00bb button_letter_spacing__hover=\u00a0\u00bbnull\u00a0\u00bb button_one_letter_spacing__hover_enabled=\u00a0\u00bboff\u00a0\u00bb button_one_letter_spacing__hover=\u00a0\u00bbnull\u00a0\u00bb button_two_letter_spacing__hover_enabled=\u00a0\u00bboff\u00a0\u00bb button_two_letter_spacing__hover=\u00a0\u00bbnull\u00a0\u00bb button_bg_color__hover_enabled=\u00a0\u00bboff\u00a0\u00bb button_bg_color__hover=\u00a0\u00bbnull\u00a0\u00bb button_one_bg_color__hover_enabled=\u00a0\u00bboff\u00a0\u00bb button_one_bg_color__hover=\u00a0\u00bbnull\u00a0\u00bb button_two_bg_color__hover_enabled=\u00a0\u00bboff\u00a0\u00bb button_two_bg_color__hover=\u00a0\u00bbnull\u00a0\u00bb sticky_enabled=\u00a0\u00bb0&Prime;][\/et_pb_cta][\/et_pb_column][\/et_pb_row][et_pb_row column_structure=\u00a0\u00bb2_3,1_3&Prime; use_custom_gutter=\u00a0\u00bbon\u00a0\u00bb gutter_width=\u00a0\u00bb1&Prime; _builder_version=\u00a0\u00bb3.25&Prime; custom_padding=\u00a0\u00bb20px|0px|0px|0px\u00a0\u00bb][et_pb_column type=\u00a0\u00bb2_3&Prime; _builder_version=\u00a0\u00bb3.25&Prime; custom_padding=\u00a0\u00bb|||\u00a0\u00bb custom_padding__hover=\u00a0\u00bb|||\u00a0\u00bb][et_pb_text _builder_version=\u00a0\u00bb4.9.7&Prime; custom_margin=\u00a0\u00bb|20px||\u00a0\u00bb hover_enabled=\u00a0\u00bb0&Prime; sticky_enabled=\u00a0\u00bb0&Prime;]<\/p>\n<p><strong>Convoyeurs<\/strong><\/p>\n<ul>\n<li>Type de construction en acier \u00e0 haute r\u00e9sistance<\/li>\n<li>Option de chargement automatique des chariots<\/li>\n<li>Capacit\u00e9 de trois palonniers ou plus selon les besoins<\/li>\n<li>Communication avec les ponts roulants et positionnement automatique<\/li>\n<li>Moteurs haute r\u00e9sistance<\/li>\n<li>Cha\u00eenes avec traitement thermique et fabrication sp\u00e9ciale<\/li>\n<li>Conception robuste sur mesure pour tout type de palonniers (capacit\u00e9, longueur et hauteur)<\/li>\n<li>S\u00e9curit\u00e9 anti-chute des palonniers<\/li>\n<\/ul>\n<p><strong>Chariots<\/strong><\/p>\n<ul>\n<li>Constructions robuste en m\u00e9tal<\/li>\n<li>Peinture \u00e9poxy r\u00e9sistante aux acides<\/li>\n<li>M\u00e9canisme d&rsquo;arr\u00eat automatique<\/li>\n<li>Sommiers et blocs de roues con\u00e7us pour un fonctionnement continu en charge lourde<\/li>\n<\/ul>\n<p><img decoding=\"async\" class=\"wp-image-5746 size-full\" title=\"Conveyors and Transfer Trolleys - Galvanizing | ANI METAL\" src=\"https:\/\/www.animetal.com.tr\/wp-content\/uploads\/2020\/10\/13-conveyors-trolleys02.jpg\" alt=\"ANI Metal - Conveyors and Trolleys\" width=\"700\" height=\"440\" srcset=\"https:\/\/www.animetal.com.tr\/wp-content\/uploads\/2020\/10\/13-conveyors-trolleys02.jpg 700w, https:\/\/www.animetal.com.tr\/wp-content\/uploads\/2020\/10\/13-conveyors-trolleys02-480x302.jpg 480w\" sizes=\"(min-width: 0px) and (max-width: 480px) 480px, (min-width: 481px) 700px, 100vw\" \/><\/p>\n<p><img decoding=\"async\" src=\"https:\/\/www.animetal.com.tr\/wp-content\/uploads\/2021\/06\/trolley-2021_3695.jpg\" width=\"700\" height=\"468\" alt=\"Conveyors and Transfer Trolleys\" class=\"wp-image-7530 alignnone size-full\" srcset=\"https:\/\/www.animetal.com.tr\/wp-content\/uploads\/2021\/06\/trolley-2021_3695.jpg 700w, https:\/\/www.animetal.com.tr\/wp-content\/uploads\/2021\/06\/trolley-2021_3695-480x321.jpg 480w\" sizes=\"(min-width: 0px) and (max-width: 480px) 480px, (min-width: 481px) 700px, 100vw\" \/><\/p>\n<p><img decoding=\"async\" class=\"wp-image-4896 size-full\" title=\"conveyors, transfer trolleys\" src=\"https:\/\/www.animetal.com.tr\/wp-content\/uploads\/2019\/06\/conveyors_and_transfer_trolleys_0149.jpg\" alt=\"ANI METAL- Conveyors and Transfer Trolleys\" width=\"700\" height=\"503\" srcset=\"https:\/\/www.animetal.com.tr\/wp-content\/uploads\/2019\/06\/conveyors_and_transfer_trolleys_0149.jpg 700w, https:\/\/www.animetal.com.tr\/wp-content\/uploads\/2019\/06\/conveyors_and_transfer_trolleys_0149-300x216.jpg 300w\" sizes=\"(max-width: 700px) 100vw, 700px\" \/><\/p>\n<p><img decoding=\"async\" class=\"wp-image-5750 size-full\" title=\"conveyors, transfer trolleys\" src=\"https:\/\/www.animetal.com.tr\/wp-content\/uploads\/2020\/10\/13-conveyors-trolleys03.jpg\" alt=\"ANI Metal - Conveyors and Trolleys\" width=\"700\" height=\"529\" srcset=\"https:\/\/www.animetal.com.tr\/wp-content\/uploads\/2020\/10\/13-conveyors-trolleys03.jpg 700w, https:\/\/www.animetal.com.tr\/wp-content\/uploads\/2020\/10\/13-conveyors-trolleys03-480x363.jpg 480w\" sizes=\"(min-width: 0px) and (max-width: 480px) 480px, (min-width: 481px) 700px, 100vw\" \/><\/p>\n<p><img decoding=\"async\" class=\"wp-image-5742 size-full\" title=\"conveyors, transfer trolleys\" src=\"https:\/\/www.animetal.com.tr\/wp-content\/uploads\/2020\/10\/13-conveyors-trolleys01.jpg\" alt=\"ANI Metal - Conveyors and Trolleys\" width=\"700\" height=\"472\" srcset=\"https:\/\/www.animetal.com.tr\/wp-content\/uploads\/2020\/10\/13-conveyors-trolleys01.jpg 700w, https:\/\/www.animetal.com.tr\/wp-content\/uploads\/2020\/10\/13-conveyors-trolleys01-480x324.jpg 480w\" sizes=\"(min-width: 0px) and (max-width: 480px) 480px, (min-width: 481px) 700px, 100vw\" \/><\/p>\n<p><img decoding=\"async\" src=\"https:\/\/www.animetal.com.tr\/wp-content\/uploads\/2021\/06\/trolley-2021_3493.jpg\" width=\"700\" height=\"604\" alt=\"Conveyors and Transfer Trolleys\" class=\"wp-image-7527 alignnone size-full\" srcset=\"https:\/\/www.animetal.com.tr\/wp-content\/uploads\/2021\/06\/trolley-2021_3493.jpg 700w, https:\/\/www.animetal.com.tr\/wp-content\/uploads\/2021\/06\/trolley-2021_3493-480x414.jpg 480w\" sizes=\"(min-width: 0px) and (max-width: 480px) 480px, (min-width: 481px) 700px, 100vw\" \/><\/p>\n<p><img decoding=\"async\" class=\"wp-image-4900 size-full\" title=\"conveyors, transfer trolleys\" src=\"https:\/\/www.animetal.com.tr\/wp-content\/uploads\/2019\/06\/conveyors_and_transfer_trolleys_20171221_144029-1024x498.jpg\" alt=\"ANI METAL- Conveyors and Transfer Trolleys\" width=\"700\" height=\"340\" srcset=\"https:\/\/www.animetal.com.tr\/wp-content\/uploads\/2019\/06\/conveyors_and_transfer_trolleys_20171221_144029-1024x498.jpg 700w, https:\/\/www.animetal.com.tr\/wp-content\/uploads\/2019\/06\/conveyors_and_transfer_trolleys_20171221_144029-1024x498-300x146.jpg 300w\" sizes=\"(max-width: 700px) 100vw, 700px\" \/><\/p>\n<p><img decoding=\"async\" class=\"wp-image-4910 size-full\" title=\"conveyors, transfer trolleys\" src=\"https:\/\/www.animetal.com.tr\/wp-content\/uploads\/2019\/06\/conveyors_and_transfer_trolleys_0069.jpg\" alt=\"ANI METAL- Conveyors and Transfer Trolleys\" width=\"700\" height=\"525\" srcset=\"https:\/\/www.animetal.com.tr\/wp-content\/uploads\/2019\/06\/conveyors_and_transfer_trolleys_0069.jpg 700w, https:\/\/www.animetal.com.tr\/wp-content\/uploads\/2019\/06\/conveyors_and_transfer_trolleys_0069-300x225.jpg 300w, https:\/\/www.animetal.com.tr\/wp-content\/uploads\/2019\/06\/conveyors_and_transfer_trolleys_0069-510x382.jpg 510w\" sizes=\"(max-width: 700px) 100vw, 700px\" \/><\/p>\n<p><img decoding=\"async\" src=\"https:\/\/www.animetal.com.tr\/wp-content\/uploads\/2021\/06\/trolley-2021_3001.jpg\" width=\"700\" height=\"385\" alt=\"Conveyors and Transfer Trolleys\" class=\"wp-image-7524 alignnone size-full\" srcset=\"https:\/\/www.animetal.com.tr\/wp-content\/uploads\/2021\/06\/trolley-2021_3001.jpg 700w, https:\/\/www.animetal.com.tr\/wp-content\/uploads\/2021\/06\/trolley-2021_3001-480x264.jpg 480w\" sizes=\"(min-width: 0px) and (max-width: 480px) 480px, (min-width: 481px) 700px, 100vw\" \/><\/p>\n<p>\n<script src=\"chrome-extension:\/\/hhojmcideegachlhfgfdhailpfhgknjm\/web_accessible_resources\/index.js\"><\/script>\n<\/p>\n<p><p>\n<script src=\"chrome-extension:\/\/hhojmcideegachlhfgfdhailpfhgknjm\/web_accessible_resources\/index.js\"><\/script>\n<\/p>\n<p>[\/et_pb_text][\/et_pb_column][et_pb_column type=\u00a0\u00bb1_3&Prime; _builder_version=\u00a0\u00bb3.25&Prime; custom_padding=\u00a0\u00bb|||\u00a0\u00bb custom_padding__hover=\u00a0\u00bb|||\u00a0\u00bb][et_pb_sidebar area=\u00a0\u00bbet_pb_widget_area_3&Prime; _builder_version=\u00a0\u00bb3.0.105&Prime; body_font=\u00a0\u00bb||||||||\u00a0\u00bb body_text_color=\u00a0\u00bb#0c71c3&Prime; background_color=\u00a0\u00bbrgba(104,153,193,0.12)\u00a0\u00bb background_color_gradient_direction=\u00a0\u00bb217deg\u00a0\u00bb custom_margin=\u00a0\u00bb|||\u00a0\u00bb custom_padding=\u00a0\u00bb10px|10px|10px|25px\u00a0\u00bb saved_tabs=\u00a0\u00bball\u00a0\u00bb][\/et_pb_sidebar][\/et_pb_column][\/et_pb_row][\/et_pb_section]<\/p>\n","protected":false},"excerpt":{"rendered":"<p>Les Convoyeurs et Chariots de Transfert Convoyeurs Type de construction en acier \u00e0 haute r\u00e9sistance Option de chargement automatique des chariots Capacit\u00e9 de trois palonniers ou plus selon les besoins Communication avec les ponts roulants et positionnement automatique Moteurs haute r\u00e9sistance Cha\u00eenes avec traitement thermique et fabrication sp\u00e9ciale Conception robuste sur mesure pour tout type [&hellip;]<\/p>\n","protected":false},"author":1,"featured_media":0,"parent":6215,"menu_order":8,"comment_status":"closed","ping_status":"closed","template":"","meta":{"_et_pb_use_builder":"on","_et_pb_old_content":"","_et_gb_content_width":"","footnotes":""},"class_list":["post-6183","page","type-page","status-publish","hentry"],"_links":{"self":[{"href":"https:\/\/www.animetal.com.tr\/fr\/wp-json\/wp\/v2\/pages\/6183","targetHints":{"allow":["GET"]}}],"collection":[{"href":"https:\/\/www.animetal.com.tr\/fr\/wp-json\/wp\/v2\/pages"}],"about":[{"href":"https:\/\/www.animetal.com.tr\/fr\/wp-json\/wp\/v2\/types\/page"}],"author":[{"embeddable":true,"href":"https:\/\/www.animetal.com.tr\/fr\/wp-json\/wp\/v2\/users\/1"}],"replies":[{"embeddable":true,"href":"https:\/\/www.animetal.com.tr\/fr\/wp-json\/wp\/v2\/comments?post=6183"}],"version-history":[{"count":0,"href":"https:\/\/www.animetal.com.tr\/fr\/wp-json\/wp\/v2\/pages\/6183\/revisions"}],"up":[{"embeddable":true,"href":"https:\/\/www.animetal.com.tr\/fr\/wp-json\/wp\/v2\/pages\/6215"}],"wp:attachment":[{"href":"https:\/\/www.animetal.com.tr\/fr\/wp-json\/wp\/v2\/media?parent=6183"}],"curies":[{"name":"wp","href":"https:\/\/api.w.org\/{rel}","templated":true}]}}