{"id":6221,"date":"2020-12-28T14:34:42","date_gmt":"2020-12-28T14:34:40","guid":{"rendered":"http:\/\/www.animetal.com.tr\/systemes-de-traitement-du-flux\/"},"modified":"2021-06-22T06:04:27","modified_gmt":"2021-06-22T06:04:27","slug":"systemes-de-traitement-du-flux","status":"publish","type":"page","link":"https:\/\/www.animetal.com.tr\/fr\/factory-equipment\/systemes-de-traitement-du-flux\/","title":{"rendered":"Syst\u00e8me de Traitement du Flux"},"content":{"rendered":"<p>[et_pb_section fb_built=\u00a0\u00bb1&Prime; _builder_version=\u00a0\u00bb3.22&Prime; custom_padding=\u00a0\u00bb26px|0px|20px|0px\u00a0\u00bb][et_pb_row _builder_version=\u00a0\u00bb3.25&Prime; custom_padding=\u00a0\u00bb0px|0px|0px|0px\u00a0\u00bb][et_pb_column type=\u00a0\u00bb4_4&Prime; _builder_version=\u00a0\u00bb3.25&Prime; custom_padding=\u00a0\u00bb|||\u00a0\u00bb custom_padding__hover=\u00a0\u00bb|||\u00a0\u00bb][et_pb_text _builder_version=\u00a0\u00bb4.9.7&Prime; hover_enabled=\u00a0\u00bb0&Prime; sticky_enabled=\u00a0\u00bb0&Prime;]<\/p>\n<h1>Syst\u00e8me de Traitement du Flux<\/h1>\n<p>\n<script src=\"chrome-extension:\/\/hhojmcideegachlhfgfdhailpfhgknjm\/web_accessible_resources\/index.js\"><\/script>\n<\/p>\n<p>[\/et_pb_text][\/et_pb_column][\/et_pb_row][\/et_pb_section][et_pb_section fb_built=\u00a0\u00bb1&Prime; _builder_version=\u00a0\u00bb3.22&Prime; custom_padding=\u00a0\u00bb0px|0px|54px|0px\u00a0\u00bb][et_pb_row column_structure=\u00a0\u00bb2_3,1_3&Prime; use_custom_gutter=\u00a0\u00bbon\u00a0\u00bb gutter_width=\u00a0\u00bb1&Prime; _builder_version=\u00a0\u00bb3.25&Prime; background_color=\u00a0\u00bb#efefef\u00a0\u00bb custom_padding=\u00a0\u00bb0px|0px|0px|0px\u00a0\u00bb][et_pb_column type=\u00a0\u00bb2_3&Prime; _builder_version=\u00a0\u00bb3.25&Prime; custom_padding=\u00a0\u00bb|||\u00a0\u00bb custom_padding__hover=\u00a0\u00bb|||\u00a0\u00bb][et_pb_image src=\u00a0\u00bbhttps:\/\/www.animetal.com.tr\/wp-content\/uploads\/2019\/06\/ani_metal_flux_treatment_systems_image1.jpg\u00a0\u00bb force_fullwidth=\u00a0\u00bbon\u00a0\u00bb align_tablet=\u00a0\u00bbcenter\u00a0\u00bb align_phone=\u00a0\u00bb\u00a0\u00bb align_last_edited=\u00a0\u00bbon|desktop\u00a0\u00bb _builder_version=\u00a0\u00bb3.23&Prime; custom_margin=\u00a0\u00bb0px|0px|0px|0px\u00a0\u00bb animation_style=\u00a0\u00bbslide\u00a0\u00bb animation_direction=\u00a0\u00bbleft\u00a0\u00bb animation_duration=\u00a0\u00bb500ms\u00a0\u00bb animation_intensity_slide=\u00a0\u00bb10%\u00a0\u00bb][\/et_pb_image][\/et_pb_column][et_pb_column type=\u00a0\u00bb1_3&Prime; _builder_version=\u00a0\u00bb3.25&Prime; custom_padding=\u00a0\u00bb|||\u00a0\u00bb custom_padding__hover=\u00a0\u00bb|||\u00a0\u00bb][et_pb_cta title=\u00a0\u00bbBrochure Syst\u00e8me de Traitement du Flux\u00a0\u00bb button_url=\u00a0\u00bbhttps:\/\/www.animetal.com.tr\/wp-content\/uploads\/2020\/12\/ANI-Metal-traitement-du-flux.pdf\u00a0\u00bb url_new_window=\u00a0\u00bbon\u00a0\u00bb button_text=\u00a0\u00bbPDF\u00a0\u00bb _builder_version=\u00a0\u00bb4.9.7&Prime; use_background_color=\u00a0\u00bboff\u00a0\u00bb background_layout=\u00a0\u00bblight\u00a0\u00bb custom_margin=\u00a0\u00bb200px|30px|50px|30px\u00a0\u00bb hover_enabled=\u00a0\u00bb0&Prime; button_text_size__hover_enabled=\u00a0\u00bboff\u00a0\u00bb button_text_size__hover=\u00a0\u00bbnull\u00a0\u00bb button_one_text_size__hover_enabled=\u00a0\u00bboff\u00a0\u00bb button_one_text_size__hover=\u00a0\u00bbnull\u00a0\u00bb button_two_text_size__hover_enabled=\u00a0\u00bboff\u00a0\u00bb button_two_text_size__hover=\u00a0\u00bbnull\u00a0\u00bb button_text_color__hover_enabled=\u00a0\u00bboff\u00a0\u00bb button_text_color__hover=\u00a0\u00bbnull\u00a0\u00bb button_one_text_color__hover_enabled=\u00a0\u00bboff\u00a0\u00bb button_one_text_color__hover=\u00a0\u00bbnull\u00a0\u00bb button_two_text_color__hover_enabled=\u00a0\u00bboff\u00a0\u00bb button_two_text_color__hover=\u00a0\u00bbnull\u00a0\u00bb button_border_width__hover_enabled=\u00a0\u00bboff\u00a0\u00bb button_border_width__hover=\u00a0\u00bbnull\u00a0\u00bb button_one_border_width__hover_enabled=\u00a0\u00bboff\u00a0\u00bb button_one_border_width__hover=\u00a0\u00bbnull\u00a0\u00bb button_two_border_width__hover_enabled=\u00a0\u00bboff\u00a0\u00bb button_two_border_width__hover=\u00a0\u00bbnull\u00a0\u00bb button_border_color__hover_enabled=\u00a0\u00bboff\u00a0\u00bb button_border_color__hover=\u00a0\u00bbnull\u00a0\u00bb button_one_border_color__hover_enabled=\u00a0\u00bboff\u00a0\u00bb button_one_border_color__hover=\u00a0\u00bbnull\u00a0\u00bb button_two_border_color__hover_enabled=\u00a0\u00bboff\u00a0\u00bb button_two_border_color__hover=\u00a0\u00bbnull\u00a0\u00bb button_border_radius__hover_enabled=\u00a0\u00bboff\u00a0\u00bb button_border_radius__hover=\u00a0\u00bbnull\u00a0\u00bb button_one_border_radius__hover_enabled=\u00a0\u00bboff\u00a0\u00bb button_one_border_radius__hover=\u00a0\u00bbnull\u00a0\u00bb button_two_border_radius__hover_enabled=\u00a0\u00bboff\u00a0\u00bb button_two_border_radius__hover=\u00a0\u00bbnull\u00a0\u00bb button_letter_spacing__hover_enabled=\u00a0\u00bboff\u00a0\u00bb button_letter_spacing__hover=\u00a0\u00bbnull\u00a0\u00bb button_one_letter_spacing__hover_enabled=\u00a0\u00bboff\u00a0\u00bb button_one_letter_spacing__hover=\u00a0\u00bbnull\u00a0\u00bb button_two_letter_spacing__hover_enabled=\u00a0\u00bboff\u00a0\u00bb button_two_letter_spacing__hover=\u00a0\u00bbnull\u00a0\u00bb button_bg_color__hover_enabled=\u00a0\u00bboff\u00a0\u00bb button_bg_color__hover=\u00a0\u00bbnull\u00a0\u00bb button_one_bg_color__hover_enabled=\u00a0\u00bboff\u00a0\u00bb button_one_bg_color__hover=\u00a0\u00bbnull\u00a0\u00bb button_two_bg_color__hover_enabled=\u00a0\u00bboff\u00a0\u00bb button_two_bg_color__hover=\u00a0\u00bbnull\u00a0\u00bb sticky_enabled=\u00a0\u00bb0&Prime;][\/et_pb_cta][\/et_pb_column][\/et_pb_row][et_pb_row column_structure=\u00a0\u00bb2_3,1_3&Prime; use_custom_gutter=\u00a0\u00bbon\u00a0\u00bb gutter_width=\u00a0\u00bb1&Prime; _builder_version=\u00a0\u00bb3.25&Prime; custom_padding=\u00a0\u00bb20px|0px|0px|0px\u00a0\u00bb][et_pb_column type=\u00a0\u00bb2_3&Prime; _builder_version=\u00a0\u00bb3.25&Prime; custom_padding=\u00a0\u00bb|||\u00a0\u00bb custom_padding__hover=\u00a0\u00bb|||\u00a0\u00bb][et_pb_text _builder_version=\u00a0\u00bb4.7.7&Prime; custom_margin=\u00a0\u00bb|20px||\u00a0\u00bb]<\/p>\n<ul>\n<li>Capacit\u00e9: 100-130 kg de traitement du fluxage par jour<\/li>\n<li>Un fonctionnement facile enti\u00e8rement automatis\u00e9<\/li>\n<li>R\u00e9glage automatis\u00e9 du pH<\/li>\n<li>R\u00e9duit les cendres et les matts de zinc<\/li>\n<li>Permet de r\u00e9duire l&rsquo;utilisation de produits chimiques et la consommation de zinc<\/li>\n<li>R\u00e9duit les fum\u00e9es blanches de galvanisation<\/li>\n<li>Augmente la qualit\u00e9 de la galvanisation<\/li>\n<li>R\u00e9duit les projections de zinc lors du trempage<\/li>\n<li>Conception compacte<\/li>\n<\/ul>\n<p>&nbsp;<br \/>\n<img decoding=\"async\" class=\"alignnone wp-image-4942 size-full\" src=\"https:\/\/www.animetal.com.tr\/wp-content\/uploads\/2019\/06\/ani_metal_flux_treatment_systems_4661.jpg\" alt=\"ANI METAL- Flux Treatment Systems\" width=\"700\" height=\"525\" style=\"font-size: 14px;\" srcset=\"https:\/\/www.animetal.com.tr\/wp-content\/uploads\/2019\/06\/ani_metal_flux_treatment_systems_4661.jpg 700w, https:\/\/www.animetal.com.tr\/wp-content\/uploads\/2019\/06\/ani_metal_flux_treatment_systems_4661-300x225.jpg 300w, https:\/\/www.animetal.com.tr\/wp-content\/uploads\/2019\/06\/ani_metal_flux_treatment_systems_4661-510x382.jpg 510w\" sizes=\"(max-width: 700px) 100vw, 700px\" \/><img decoding=\"async\" class=\"alignnone wp-image-4946 size-full\" src=\"https:\/\/www.animetal.com.tr\/wp-content\/uploads\/2019\/06\/ani_metal_flux_treatment_systems_image3.jpg\" alt=\"ANI METAL- Flux Treatment Systems\" width=\"466\" height=\"700\" style=\"font-size: 14px;\" srcset=\"https:\/\/www.animetal.com.tr\/wp-content\/uploads\/2019\/06\/ani_metal_flux_treatment_systems_image3.jpg 466w, https:\/\/www.animetal.com.tr\/wp-content\/uploads\/2019\/06\/ani_metal_flux_treatment_systems_image3-200x300.jpg 200w\" sizes=\"(max-width: 466px) 100vw, 466px\" \/>[\/et_pb_text][\/et_pb_column][et_pb_column type=\u00a0\u00bb1_3&Prime; _builder_version=\u00a0\u00bb3.25&Prime; custom_padding=\u00a0\u00bb|||\u00a0\u00bb custom_padding__hover=\u00a0\u00bb|||\u00a0\u00bb][et_pb_sidebar area=\u00a0\u00bbet_pb_widget_area_3&Prime; _builder_version=\u00a0\u00bb3.0.105&Prime; body_font=\u00a0\u00bb||||||||\u00a0\u00bb body_text_color=\u00a0\u00bb#0c71c3&Prime; background_color=\u00a0\u00bbrgba(104,153,193,0.12)\u00a0\u00bb background_color_gradient_direction=\u00a0\u00bb217deg\u00a0\u00bb custom_margin=\u00a0\u00bb|||\u00a0\u00bb custom_padding=\u00a0\u00bb10px|10px|10px|25px\u00a0\u00bb saved_tabs=\u00a0\u00bball\u00a0\u00bb][\/et_pb_sidebar][\/et_pb_column][\/et_pb_row][\/et_pb_section]<\/p>\n","protected":false},"excerpt":{"rendered":"<p>Syst\u00e8me de Traitement du Flux Capacit\u00e9: 100-130 kg de traitement du fluxage par jour Un fonctionnement facile enti\u00e8rement automatis\u00e9 R\u00e9glage automatis\u00e9 du pH R\u00e9duit les cendres et les matts de zinc Permet de r\u00e9duire l&rsquo;utilisation de produits chimiques et la consommation de zinc R\u00e9duit les fum\u00e9es blanches de galvanisation Augmente la qualit\u00e9 de la galvanisation [&hellip;]<\/p>\n","protected":false},"author":1,"featured_media":0,"parent":6215,"menu_order":1,"comment_status":"closed","ping_status":"closed","template":"","meta":{"_et_pb_use_builder":"on","_et_pb_old_content":"","_et_gb_content_width":"","footnotes":""},"class_list":["post-6221","page","type-page","status-publish","hentry"],"_links":{"self":[{"href":"https:\/\/www.animetal.com.tr\/fr\/wp-json\/wp\/v2\/pages\/6221","targetHints":{"allow":["GET"]}}],"collection":[{"href":"https:\/\/www.animetal.com.tr\/fr\/wp-json\/wp\/v2\/pages"}],"about":[{"href":"https:\/\/www.animetal.com.tr\/fr\/wp-json\/wp\/v2\/types\/page"}],"author":[{"embeddable":true,"href":"https:\/\/www.animetal.com.tr\/fr\/wp-json\/wp\/v2\/users\/1"}],"replies":[{"embeddable":true,"href":"https:\/\/www.animetal.com.tr\/fr\/wp-json\/wp\/v2\/comments?post=6221"}],"version-history":[{"count":0,"href":"https:\/\/www.animetal.com.tr\/fr\/wp-json\/wp\/v2\/pages\/6221\/revisions"}],"up":[{"embeddable":true,"href":"https:\/\/www.animetal.com.tr\/fr\/wp-json\/wp\/v2\/pages\/6215"}],"wp:attachment":[{"href":"https:\/\/www.animetal.com.tr\/fr\/wp-json\/wp\/v2\/media?parent=6221"}],"curies":[{"name":"wp","href":"https:\/\/api.w.org\/{rel}","templated":true}]}}