{"id":6235,"date":"2020-12-28T14:45:42","date_gmt":"2020-12-28T14:45:42","guid":{"rendered":"http:\/\/www.animetal.com.tr\/les-fours-de-galvanisation\/"},"modified":"2022-10-04T09:20:18","modified_gmt":"2022-10-04T09:20:18","slug":"les-fours-de-galvanisation","status":"publish","type":"page","link":"https:\/\/www.animetal.com.tr\/fr\/factory-equipment\/les-fours-de-galvanisation\/","title":{"rendered":"Les Fours de Galvanization"},"content":{"rendered":"<p>[et_pb_section fb_built=\u00a0\u00bb1&Prime; _builder_version=\u00a0\u00bb4.16&Prime; custom_padding=\u00a0\u00bb26px|0px|20px|0px\u00a0\u00bb global_colors_info=\u00a0\u00bb{}\u00a0\u00bb][et_pb_row _builder_version=\u00a0\u00bb4.16&Prime; custom_padding=\u00a0\u00bb0px|0px|0px|0px\u00a0\u00bb global_colors_info=\u00a0\u00bb{}\u00a0\u00bb][et_pb_column type=\u00a0\u00bb4_4&Prime; _builder_version=\u00a0\u00bb4.16&Prime; custom_padding=\u00a0\u00bb|||\u00a0\u00bb global_colors_info=\u00a0\u00bb{}\u00a0\u00bb custom_padding__hover=\u00a0\u00bb|||\u00a0\u00bb][et_pb_text _builder_version=\u00a0\u00bb4.16&Prime; global_colors_info=\u00a0\u00bb{}\u00a0\u00bb]<\/p>\n<h1>LES FOURS DE GALVANISATION<\/h1>\n<p>[\/et_pb_text][\/et_pb_column][\/et_pb_row][\/et_pb_section][et_pb_section fb_built=\u00a0\u00bb1&Prime; _builder_version=\u00a0\u00bb4.16&Prime; custom_padding=\u00a0\u00bb0px|0px|54px|0px\u00a0\u00bb global_colors_info=\u00a0\u00bb{}\u00a0\u00bb][et_pb_row column_structure=\u00a0\u00bb2_3,1_3&Prime; use_custom_gutter=\u00a0\u00bbon\u00a0\u00bb gutter_width=\u00a0\u00bb1&Prime; _builder_version=\u00a0\u00bb4.16&Prime; background_color=\u00a0\u00bb#efefef\u00a0\u00bb custom_padding=\u00a0\u00bb0px|0px|0px|0px\u00a0\u00bb global_colors_info=\u00a0\u00bb{}\u00a0\u00bb][et_pb_column type=\u00a0\u00bb2_3&Prime; _builder_version=\u00a0\u00bb4.16&Prime; custom_padding=\u00a0\u00bb|||\u00a0\u00bb global_colors_info=\u00a0\u00bb{}\u00a0\u00bb custom_padding__hover=\u00a0\u00bb|||\u00a0\u00bb][et_pb_image src=\u00a0\u00bbhttps:\/\/www.animetal.com.tr\/wp-content\/uploads\/2022\/10\/animetal-kingfield-furnace01.jpg\u00a0\u00bb alt=\u00a0\u00bbANI METAL &#8211; KINGFIELD FURNACE\u00a0\u00bb title_text=\u00a0\u00bbANI METAL &#8211; KINGFIELD FURNACE\u00a0\u00bb force_fullwidth=\u00a0\u00bbon\u00a0\u00bb align_tablet=\u00a0\u00bbcenter\u00a0\u00bb align_phone=\u00a0\u00bb\u00a0\u00bb align_last_edited=\u00a0\u00bbon|desktop\u00a0\u00bb _builder_version=\u00a0\u00bb4.17.4&Prime; custom_margin=\u00a0\u00bb0px|0px|0px|0px\u00a0\u00bb animation_style=\u00a0\u00bbslide\u00a0\u00bb animation_direction=\u00a0\u00bbleft\u00a0\u00bb animation_duration=\u00a0\u00bb500ms\u00a0\u00bb animation_intensity_slide=\u00a0\u00bb10%\u00a0\u00bb global_colors_info=\u00a0\u00bb{}\u00a0\u00bb][\/et_pb_image][\/et_pb_column][et_pb_column type=\u00a0\u00bb1_3&Prime; _builder_version=\u00a0\u00bb4.16&Prime; custom_padding=\u00a0\u00bb|||\u00a0\u00bb global_colors_info=\u00a0\u00bb{}\u00a0\u00bb custom_padding__hover=\u00a0\u00bb|||\u00a0\u00bb][et_pb_image src=\u00a0\u00bbhttps:\/\/www.animetal.com.tr\/wp-content\/uploads\/2022\/10\/kingfield-logo-330px-300&#215;84.jpg\u00a0\u00bb alt=\u00a0\u00bbKingfield Logo\u00a0\u00bb title_text=\u00a0\u00bbKingfield Logo\u00a0\u00bb _builder_version=\u00a0\u00bb4.17.4&Prime; _module_preset=\u00a0\u00bbdefault\u00a0\u00bb width=\u00a0\u00bb75%\u00a0\u00bb max_width=\u00a0\u00bb71%\u00a0\u00bb module_alignment=\u00a0\u00bbcenter\u00a0\u00bb custom_margin=\u00a0\u00bb100px||||false|false\u00a0\u00bb global_colors_info=\u00a0\u00bb{}\u00a0\u00bb][\/et_pb_image][et_pb_cta title=\u00a0\u00bbBROCHURE DES FOURS DE GALVANISATION\u00a0\u00bb button_url=\u00a0\u00bbhttps:\/\/www.animetal.com.tr\/wp-content\/uploads\/2022\/10\/ANI-Metal_05-galvanizing-furnaces-fr_v03.pdf\u00a0\u00bb url_new_window=\u00a0\u00bbon\u00a0\u00bb button_text=\u00a0\u00bbPDF\u00a0\u00bb _builder_version=\u00a0\u00bb4.18.0&Prime; use_background_color=\u00a0\u00bboff\u00a0\u00bb background_layout=\u00a0\u00bblight\u00a0\u00bb custom_margin=\u00a0\u00bb50px|50px|10px|50px\u00a0\u00bb hover_enabled=\u00a0\u00bb0&Prime; global_colors_info=\u00a0\u00bb{}\u00a0\u00bb button_text_size__hover_enabled=\u00a0\u00bboff\u00a0\u00bb button_text_size__hover=\u00a0\u00bbnull\u00a0\u00bb button_one_text_size__hover_enabled=\u00a0\u00bboff\u00a0\u00bb button_one_text_size__hover=\u00a0\u00bbnull\u00a0\u00bb button_two_text_size__hover_enabled=\u00a0\u00bboff\u00a0\u00bb button_two_text_size__hover=\u00a0\u00bbnull\u00a0\u00bb button_text_color__hover_enabled=\u00a0\u00bboff\u00a0\u00bb button_text_color__hover=\u00a0\u00bbnull\u00a0\u00bb button_one_text_color__hover_enabled=\u00a0\u00bboff\u00a0\u00bb button_one_text_color__hover=\u00a0\u00bbnull\u00a0\u00bb button_two_text_color__hover_enabled=\u00a0\u00bboff\u00a0\u00bb button_two_text_color__hover=\u00a0\u00bbnull\u00a0\u00bb button_border_width__hover_enabled=\u00a0\u00bboff\u00a0\u00bb button_border_width__hover=\u00a0\u00bbnull\u00a0\u00bb button_one_border_width__hover_enabled=\u00a0\u00bboff\u00a0\u00bb button_one_border_width__hover=\u00a0\u00bbnull\u00a0\u00bb button_two_border_width__hover_enabled=\u00a0\u00bboff\u00a0\u00bb button_two_border_width__hover=\u00a0\u00bbnull\u00a0\u00bb button_border_color__hover_enabled=\u00a0\u00bboff\u00a0\u00bb button_border_color__hover=\u00a0\u00bbnull\u00a0\u00bb button_one_border_color__hover_enabled=\u00a0\u00bboff\u00a0\u00bb button_one_border_color__hover=\u00a0\u00bbnull\u00a0\u00bb button_two_border_color__hover_enabled=\u00a0\u00bboff\u00a0\u00bb button_two_border_color__hover=\u00a0\u00bbnull\u00a0\u00bb button_border_radius__hover_enabled=\u00a0\u00bboff\u00a0\u00bb button_border_radius__hover=\u00a0\u00bbnull\u00a0\u00bb button_one_border_radius__hover_enabled=\u00a0\u00bboff\u00a0\u00bb button_one_border_radius__hover=\u00a0\u00bbnull\u00a0\u00bb button_two_border_radius__hover_enabled=\u00a0\u00bboff\u00a0\u00bb button_two_border_radius__hover=\u00a0\u00bbnull\u00a0\u00bb button_letter_spacing__hover_enabled=\u00a0\u00bboff\u00a0\u00bb button_letter_spacing__hover=\u00a0\u00bbnull\u00a0\u00bb button_one_letter_spacing__hover_enabled=\u00a0\u00bboff\u00a0\u00bb button_one_letter_spacing__hover=\u00a0\u00bbnull\u00a0\u00bb button_two_letter_spacing__hover_enabled=\u00a0\u00bboff\u00a0\u00bb button_two_letter_spacing__hover=\u00a0\u00bbnull\u00a0\u00bb button_bg_color__hover_enabled=\u00a0\u00bboff\u00a0\u00bb button_bg_color__hover=\u00a0\u00bbnull\u00a0\u00bb button_one_bg_color__hover_enabled=\u00a0\u00bboff\u00a0\u00bb button_one_bg_color__hover=\u00a0\u00bbnull\u00a0\u00bb button_two_bg_color__hover_enabled=\u00a0\u00bboff\u00a0\u00bb button_two_bg_color__hover=\u00a0\u00bbnull\u00a0\u00bb sticky_enabled=\u00a0\u00bb0&Prime;][\/et_pb_cta][\/et_pb_column][\/et_pb_row][et_pb_row column_structure=\u00a0\u00bb2_3,1_3&Prime; use_custom_gutter=\u00a0\u00bbon\u00a0\u00bb gutter_width=\u00a0\u00bb1&Prime; _builder_version=\u00a0\u00bb4.16&Prime; custom_padding=\u00a0\u00bb20px|0px|0px|0px\u00a0\u00bb global_colors_info=\u00a0\u00bb{}\u00a0\u00bb][et_pb_column type=\u00a0\u00bb2_3&Prime; _builder_version=\u00a0\u00bb4.16&Prime; custom_padding=\u00a0\u00bb|||\u00a0\u00bb global_colors_info=\u00a0\u00bb{}\u00a0\u00bb custom_padding__hover=\u00a0\u00bb|||\u00a0\u00bb][et_pb_text _builder_version=\u00a0\u00bb4.18.0&Prime; custom_margin=\u00a0\u00bb|20px||\u00a0\u00bb hover_enabled=\u00a0\u00bb0&Prime; global_colors_info=\u00a0\u00bb{}\u00a0\u00bb sticky_enabled=\u00a0\u00bb0&Prime;]<\/p>\n<ul>\n<li><span style=\"font-size: 14px;\">Syst\u00e8me de combustion \u00e0 haute v\u00e9locit\u00e9 \u00e9conome en carburant<\/span><\/li>\n<li><span style=\"font-size: 14px;\">Systeme de combustion reversible augmentant la dur\u00e9e de vie du Creuset<\/span><\/li>\n<li><span style=\"font-size: 14px;\">Dur\u00e9e de vie du four prolong\u00e9e \u2013 plus de 20 ans \u2013 sans necessit\u00e9 de reconditionnement majeur<\/span><\/li>\n<li><span style=\"font-size: 14px;\">Pertes calorifiques minimis\u00e9es grace \u00e0 une isolation avanc\u00e9e techniquement<\/span><\/li>\n<li><span style=\"font-size: 14px;\">L\u00b4efficacit\u00e9 des bruleurs permet un nombre r\u00e9duit de bruleurs,\u00a0 donc moins de maintenance et de composants impliqu\u00e9s<\/span><\/li>\n<li><span style=\"font-size: 14px;\">Sonde de mesure de temperature et de pression<\/span><\/li>\n<li><span style=\"font-size: 14px;\">Construction modulaire permettant des changements ult\u00e9rieurs de dimensions de Creuset<\/span><\/li>\n<li><span style=\"font-size: 14px;\">Reversibilit\u00e9 de la direction de combustion permettant de ralonger la dur\u00e9e de vie du Creuset<\/span><\/li>\n<li><span style=\"font-size: 14px;\">Function Turbo de booster de chaleur<\/span><\/li>\n<li><span style=\"font-size: 14px;\">Syst\u00e8me de r\u00e9gulateur PID \u00e0 3 termes permettant la surveillance de la temperature des gaz de combustion et du zinc<\/span><\/li>\n<li><span style=\"font-size: 14px;\">Optimization des transferts de chaleur et de l\u00b4efficience thermique<\/span><\/li>\n<li><span style=\"font-size: 14px;\">Technologie de controle de la temperature finie<\/span><\/li>\n<li><span style=\"font-size: 14px;\">Syst\u00e8me de chauffe au gas,\u00a0 electrique ou diesel<\/span><\/li>\n<li><span style=\"font-size: 14px;\">Syst\u00e8me de s\u00e9curit\u00e9 avanc\u00e9<\/span><\/li>\n<li><span style=\"font-size: 14px;\">D\u00e9tection des fuites<\/span><\/li>\n<li><span style=\"font-size: 14px;\">Mont\u00e9e en temperature automatique<\/span><\/li>\n<li><span style=\"font-size: 14px;\">Thermocouple externe<\/span><\/li>\n<li><span style=\"font-size: 14px;\">Commande PLC<\/span><\/li>\n<li><span style=\"font-size: 14px;\">Clapet et soupape de d\u00e9lestage et d\u00b4echappement<\/span><\/li>\n<li><span style=\"font-size: 14px;\">Bruleurs NOx et CO bas<\/span><\/li>\n<\/ul>\n<p><img decoding=\"async\" class=\"wp-image-10188 alignnone size-full\" src=\"https:\/\/www.animetal.com.tr\/wp-content\/uploads\/2022\/10\/animetal-kingfield-furnace02.jpg\" alt=\"ANI METAL - KINGFIELD FURNACE\" width=\"700\" height=\"525\" srcset=\"https:\/\/www.animetal.com.tr\/wp-content\/uploads\/2022\/10\/animetal-kingfield-furnace02.jpg 700w, https:\/\/www.animetal.com.tr\/wp-content\/uploads\/2022\/10\/animetal-kingfield-furnace02-480x360.jpg 480w\" sizes=\"(min-width: 0px) and (max-width: 480px) 480px, (min-width: 481px) 700px, 100vw\" \/><\/p>\n<div id=\"ez-toc-container\" class=\"ez-toc-v2_0_81 counter-hierarchy ez-toc-counter ez-toc-grey ez-toc-container-direction\">\n<p class=\"ez-toc-title\" style=\"cursor:inherit\">Table of Contents<\/p>\n<label for=\"ez-toc-cssicon-toggle-item-69ea2051a34c4\" class=\"ez-toc-cssicon-toggle-label\"><span class=\"ez-toc-cssicon\"><span class=\"eztoc-hide\" style=\"display:none;\">Toggle<\/span><span class=\"ez-toc-icon-toggle-span\"><svg style=\"fill: #999;color:#999\" xmlns=\"http:\/\/www.w3.org\/2000\/svg\" class=\"list-377408\" width=\"20px\" height=\"20px\" viewBox=\"0 0 24 24\" fill=\"none\"><path d=\"M6 6H4v2h2V6zm14 0H8v2h12V6zM4 11h2v2H4v-2zm16 0H8v2h12v-2zM4 16h2v2H4v-2zm16 0H8v2h12v-2z\" fill=\"currentColor\"><\/path><\/svg><svg style=\"fill: #999;color:#999\" class=\"arrow-unsorted-368013\" xmlns=\"http:\/\/www.w3.org\/2000\/svg\" width=\"10px\" height=\"10px\" viewBox=\"0 0 24 24\" version=\"1.2\" baseProfile=\"tiny\"><path d=\"M18.2 9.3l-6.2-6.3-6.2 6.3c-.2.2-.3.4-.3.7s.1.5.3.7c.2.2.4.3.7.3h11c.3 0 .5-.1.7-.3.2-.2.3-.5.3-.7s-.1-.5-.3-.7zM5.8 14.7l6.2 6.3 6.2-6.3c.2-.2.3-.5.3-.7s-.1-.5-.3-.7c-.2-.2-.4-.3-.7-.3h-11c-.3 0-.5.1-.7.3-.2.2-.3.5-.3.7s.1.5.3.7z\"\/><\/svg><\/span><\/span><\/label><input type=\"checkbox\"  id=\"ez-toc-cssicon-toggle-item-69ea2051a34c4\"  aria-label=\"Toggle\" \/><nav><ul class='ez-toc-list ez-toc-list-level-1 ' ><li class='ez-toc-page-1 ez-toc-heading-level-4'><a class=\"ez-toc-link ez-toc-heading-1\" href=\"https:\/\/www.animetal.com.tr\/fr\/factory-equipment\/les-fours-de-galvanisation\/#Four_Hybride\" >Four Hybride<\/a><\/li><\/ul><\/nav><\/div>\n<h4><span class=\"ez-toc-section\" id=\"Four_Hybride\"><\/span>Four Hybride<span class=\"ez-toc-section-end\"><\/span><\/h4>\n<p>Plusieurs combinaisons de fonction en mode Plug and Play (prets \u00e0 l\u00b4emploi), selon les demandes du client, l\u00b4\u00e9nergie et la source d\u00b4\u00e9nergie disponible.<\/p>\n<p>Grace \u00e0 l\u00b4\u00e9lectricit\u00e9 verte issue du solaire, de l\u00b4\u00e9olien, ou de l\u00b4hydrolique; combinant maintenant l\u00b4hydrog\u00e8ne, notre design de four hybride permet un carburant hydrog\u00e8ne ou electrique.<\/p>\n<p>Le design de notre four permet des combinaisons et variations multiples: comme celui d\u00b4un four aliment\u00e9 par de l\u00b4\u00e9nergie electrique verte le jour, pouvant basculer en hydrog\u00e8ne verte pour la nuit. Le tout en automatization compl\u00e8te surveill\u00e9e et controlee par le biais d\u00b4une commande \u00e0 distance digitalis\u00e9e Industry 4.0.<\/p>\n<p><img decoding=\"async\" class=\"wp-image-10193 alignnone size-full\" src=\"https:\/\/www.animetal.com.tr\/wp-content\/uploads\/2022\/10\/animetal-kingfield-furnace03.jpg\" alt=\"ANI METAL - KINGFIELD FURNACE\" width=\"700\" height=\"469\" srcset=\"https:\/\/www.animetal.com.tr\/wp-content\/uploads\/2022\/10\/animetal-kingfield-furnace03.jpg 700w, https:\/\/www.animetal.com.tr\/wp-content\/uploads\/2022\/10\/animetal-kingfield-furnace03-480x322.jpg 480w\" sizes=\"(min-width: 0px) and (max-width: 480px) 480px, (min-width: 481px) 700px, 100vw\" \/><\/p>\n<p><img decoding=\"async\" class=\"wp-image-10203 alignnone size-full\" src=\"https:\/\/www.animetal.com.tr\/wp-content\/uploads\/2022\/10\/animetal-kingfield-furnace05.jpg\" alt=\"ANI METAL - KINGFIELD FURNACE\" width=\"700\" height=\"526\" srcset=\"https:\/\/www.animetal.com.tr\/wp-content\/uploads\/2022\/10\/animetal-kingfield-furnace05.jpg 700w, https:\/\/www.animetal.com.tr\/wp-content\/uploads\/2022\/10\/animetal-kingfield-furnace05-480x361.jpg 480w\" sizes=\"(min-width: 0px) and (max-width: 480px) 480px, (min-width: 481px) 700px, 100vw\" \/><\/p>\n<p><img decoding=\"async\" class=\"wp-image-10198 alignnone size-full\" src=\"https:\/\/www.animetal.com.tr\/wp-content\/uploads\/2022\/10\/animetal-kingfield-furnace04.jpg\" alt=\"ANI METAL - KINGFIELD FURNACE\" width=\"638\" height=\"478\" srcset=\"https:\/\/www.animetal.com.tr\/wp-content\/uploads\/2022\/10\/animetal-kingfield-furnace04.jpg 638w, https:\/\/www.animetal.com.tr\/wp-content\/uploads\/2022\/10\/animetal-kingfield-furnace04-480x360.jpg 480w\" sizes=\"(min-width: 0px) and (max-width: 480px) 480px, (min-width: 481px) 638px, 100vw\" \/><\/p>\n<p>&nbsp;<\/p>\n<p>[\/et_pb_text][\/et_pb_column][et_pb_column type=\u00a0\u00bb1_3&Prime; _builder_version=\u00a0\u00bb4.16&Prime; custom_padding=\u00a0\u00bb|||\u00a0\u00bb global_colors_info=\u00a0\u00bb{}\u00a0\u00bb custom_padding__hover=\u00a0\u00bb|||\u00a0\u00bb][et_pb_sidebar area=\u00a0\u00bbet_pb_widget_area_3&Prime; _builder_version=\u00a0\u00bb4.16&Prime; body_font=\u00a0\u00bb||||||||\u00a0\u00bb body_text_color=\u00a0\u00bb#0c71c3&Prime; background_color=\u00a0\u00bbrgba(104,153,193,0.12)\u00a0\u00bb background_color_gradient_direction=\u00a0\u00bb217deg\u00a0\u00bb custom_margin=\u00a0\u00bb|||\u00a0\u00bb custom_padding=\u00a0\u00bb10px|10px|10px|25px\u00a0\u00bb saved_tabs=\u00a0\u00bball\u00a0\u00bb global_colors_info=\u00a0\u00bb{}\u00a0\u00bb][\/et_pb_sidebar][\/et_pb_column][\/et_pb_row][\/et_pb_section]<\/p>\n","protected":false},"excerpt":{"rendered":"<p>LES FOURS DE GALVANISATION Syst\u00e8me de combustion \u00e0 haute v\u00e9locit\u00e9 \u00e9conome en carburant Systeme de combustion reversible augmentant la dur\u00e9e de vie du Creuset Dur\u00e9e de vie du four prolong\u00e9e \u2013 plus de 20 ans \u2013 sans necessit\u00e9 de reconditionnement majeur Pertes calorifiques minimis\u00e9es grace \u00e0 une isolation avanc\u00e9e techniquement L\u00b4efficacit\u00e9 des bruleurs permet un [&hellip;]<\/p>\n","protected":false},"author":1,"featured_media":0,"parent":6215,"menu_order":6,"comment_status":"closed","ping_status":"closed","template":"","meta":{"_et_pb_use_builder":"on","_et_pb_old_content":"","_et_gb_content_width":"","footnotes":""},"class_list":["post-6235","page","type-page","status-publish","hentry"],"_links":{"self":[{"href":"https:\/\/www.animetal.com.tr\/fr\/wp-json\/wp\/v2\/pages\/6235","targetHints":{"allow":["GET"]}}],"collection":[{"href":"https:\/\/www.animetal.com.tr\/fr\/wp-json\/wp\/v2\/pages"}],"about":[{"href":"https:\/\/www.animetal.com.tr\/fr\/wp-json\/wp\/v2\/types\/page"}],"author":[{"embeddable":true,"href":"https:\/\/www.animetal.com.tr\/fr\/wp-json\/wp\/v2\/users\/1"}],"replies":[{"embeddable":true,"href":"https:\/\/www.animetal.com.tr\/fr\/wp-json\/wp\/v2\/comments?post=6235"}],"version-history":[{"count":0,"href":"https:\/\/www.animetal.com.tr\/fr\/wp-json\/wp\/v2\/pages\/6235\/revisions"}],"up":[{"embeddable":true,"href":"https:\/\/www.animetal.com.tr\/fr\/wp-json\/wp\/v2\/pages\/6215"}],"wp:attachment":[{"href":"https:\/\/www.animetal.com.tr\/fr\/wp-json\/wp\/v2\/media?parent=6235"}],"curies":[{"name":"wp","href":"https:\/\/api.w.org\/{rel}","templated":true}]}}