{"id":6276,"date":"2020-12-28T15:19:42","date_gmt":"2020-12-28T15:19:29","guid":{"rendered":"http:\/\/www.animetal.com.tr\/cuves-de-pretraitement-kvk\/"},"modified":"2021-06-22T05:56:47","modified_gmt":"2021-06-22T05:56:47","slug":"cuves-de-pretraitement-kvk","status":"publish","type":"page","link":"https:\/\/www.animetal.com.tr\/fr\/factory-equipment\/equipement-auxiliaire-de-pretraitement\/cuves-de-pretraitement-kvk\/","title":{"rendered":"Cuves de Pretraitement KVK"},"content":{"rendered":"<p>[et_pb_section fb_built=\u00a0\u00bb1&Prime; _builder_version=\u00a0\u00bb3.22&Prime; custom_padding=\u00a0\u00bb26px|0px|20px|0px\u00a0\u00bb][et_pb_row _builder_version=\u00a0\u00bb3.25&Prime; custom_padding=\u00a0\u00bb0px|0px|0px|0px\u00a0\u00bb][et_pb_column type=\u00a0\u00bb4_4&Prime; _builder_version=\u00a0\u00bb3.25&Prime; custom_padding=\u00a0\u00bb|||\u00a0\u00bb custom_padding__hover=\u00a0\u00bb|||\u00a0\u00bb][et_pb_text _builder_version=\u00a0\u00bb4.9.7&Prime; hover_enabled=\u00a0\u00bb0&Prime; sticky_enabled=\u00a0\u00bb0&Prime;]<\/p>\n<h1>Cuves de Pretraitement KVK<\/h1>\n<p>[\/et_pb_text][\/et_pb_column][\/et_pb_row][\/et_pb_section][et_pb_section fb_built=\u00a0\u00bb1&Prime; _builder_version=\u00a0\u00bb3.22&Prime; custom_padding=\u00a0\u00bb0px|0px|54px|0px\u00a0\u00bb][et_pb_row column_structure=\u00a0\u00bb2_3,1_3&Prime; use_custom_gutter=\u00a0\u00bbon\u00a0\u00bb gutter_width=\u00a0\u00bb1&Prime; _builder_version=\u00a0\u00bb3.25&Prime; background_color=\u00a0\u00bb#efefef\u00a0\u00bb custom_padding=\u00a0\u00bb0px|0px|0px|0px\u00a0\u00bb][et_pb_column type=\u00a0\u00bb2_3&Prime; _builder_version=\u00a0\u00bb3.25&Prime; custom_padding=\u00a0\u00bb|||\u00a0\u00bb custom_padding__hover=\u00a0\u00bb|||\u00a0\u00bb][et_pb_image src=\u00a0\u00bbhttps:\/\/www.animetal.com.tr\/wp-content\/uploads\/2019\/06\/kvk_tanks_2197_6_Detail.jpg\u00a0\u00bb force_fullwidth=\u00a0\u00bbon\u00a0\u00bb align_tablet=\u00a0\u00bbcenter\u00a0\u00bb align_phone=\u00a0\u00bb\u00a0\u00bb align_last_edited=\u00a0\u00bbon|desktop\u00a0\u00bb _builder_version=\u00a0\u00bb3.23&Prime; custom_margin=\u00a0\u00bb0px|0px|0px|0px\u00a0\u00bb animation_style=\u00a0\u00bbslide\u00a0\u00bb animation_direction=\u00a0\u00bbleft\u00a0\u00bb animation_duration=\u00a0\u00bb500ms\u00a0\u00bb animation_intensity_slide=\u00a0\u00bb10%\u00a0\u00bb]<br \/>\n[\/et_pb_image][\/et_pb_column][et_pb_column type=\u00a0\u00bb1_3&Prime; _builder_version=\u00a0\u00bb3.25&Prime; custom_padding=\u00a0\u00bb|||\u00a0\u00bb custom_padding__hover=\u00a0\u00bb|||\u00a0\u00bb][et_pb_image src=\u00a0\u00bb\/wp-content\/uploads\/2017\/12\/home_koerner_logo.png\u00a0\u00bb align_tablet=\u00a0\u00bbcenter\u00a0\u00bb align_phone=\u00a0\u00bb\u00a0\u00bb align_last_edited=\u00a0\u00bbon|desktop\u00a0\u00bb _builder_version=\u00a0\u00bb3.23&Prime; max_width=\u00a0\u00bb70%\u00a0\u00bb module_alignment=\u00a0\u00bbcenter\u00a0\u00bb]<br \/>\n[\/et_pb_image][et_pb_cta title=\u00a0\u00bbBrochure Cuves de Pretraitement KVK\u00a0\u00bb button_url=\u00a0\u00bbhttps:\/\/www.animetal.com.tr\/wp-content\/uploads\/2020\/12\/ANI-Metal-cuves-de-pretraitement-kvk.pdf\u00a0\u00bb url_new_window=\u00a0\u00bbon\u00a0\u00bb button_text=\u00a0\u00bbPDF\u00a0\u00bb _builder_version=\u00a0\u00bb4.9.7&Prime; use_background_color=\u00a0\u00bboff\u00a0\u00bb background_layout=\u00a0\u00bblight\u00a0\u00bb custom_margin=\u00a0\u00bb60px||10px|\u00a0\u00bb hover_enabled=\u00a0\u00bb0&Prime; locked=\u00a0\u00bboff\u00a0\u00bb button_text_size__hover_enabled=\u00a0\u00bboff\u00a0\u00bb button_text_size__hover=\u00a0\u00bbnull\u00a0\u00bb button_one_text_size__hover_enabled=\u00a0\u00bboff\u00a0\u00bb button_one_text_size__hover=\u00a0\u00bbnull\u00a0\u00bb button_two_text_size__hover_enabled=\u00a0\u00bboff\u00a0\u00bb button_two_text_size__hover=\u00a0\u00bbnull\u00a0\u00bb button_text_color__hover_enabled=\u00a0\u00bboff\u00a0\u00bb button_text_color__hover=\u00a0\u00bbnull\u00a0\u00bb button_one_text_color__hover_enabled=\u00a0\u00bboff\u00a0\u00bb button_one_text_color__hover=\u00a0\u00bbnull\u00a0\u00bb button_two_text_color__hover_enabled=\u00a0\u00bboff\u00a0\u00bb button_two_text_color__hover=\u00a0\u00bbnull\u00a0\u00bb button_border_width__hover_enabled=\u00a0\u00bboff\u00a0\u00bb button_border_width__hover=\u00a0\u00bbnull\u00a0\u00bb button_one_border_width__hover_enabled=\u00a0\u00bboff\u00a0\u00bb button_one_border_width__hover=\u00a0\u00bbnull\u00a0\u00bb button_two_border_width__hover_enabled=\u00a0\u00bboff\u00a0\u00bb button_two_border_width__hover=\u00a0\u00bbnull\u00a0\u00bb button_border_color__hover_enabled=\u00a0\u00bboff\u00a0\u00bb button_border_color__hover=\u00a0\u00bbnull\u00a0\u00bb button_one_border_color__hover_enabled=\u00a0\u00bboff\u00a0\u00bb button_one_border_color__hover=\u00a0\u00bbnull\u00a0\u00bb button_two_border_color__hover_enabled=\u00a0\u00bboff\u00a0\u00bb button_two_border_color__hover=\u00a0\u00bbnull\u00a0\u00bb button_border_radius__hover_enabled=\u00a0\u00bboff\u00a0\u00bb button_border_radius__hover=\u00a0\u00bbnull\u00a0\u00bb button_one_border_radius__hover_enabled=\u00a0\u00bboff\u00a0\u00bb button_one_border_radius__hover=\u00a0\u00bbnull\u00a0\u00bb button_two_border_radius__hover_enabled=\u00a0\u00bboff\u00a0\u00bb button_two_border_radius__hover=\u00a0\u00bbnull\u00a0\u00bb button_letter_spacing__hover_enabled=\u00a0\u00bboff\u00a0\u00bb button_letter_spacing__hover=\u00a0\u00bbnull\u00a0\u00bb button_one_letter_spacing__hover_enabled=\u00a0\u00bboff\u00a0\u00bb button_one_letter_spacing__hover=\u00a0\u00bbnull\u00a0\u00bb button_two_letter_spacing__hover_enabled=\u00a0\u00bboff\u00a0\u00bb button_two_letter_spacing__hover=\u00a0\u00bbnull\u00a0\u00bb button_bg_color__hover_enabled=\u00a0\u00bboff\u00a0\u00bb button_bg_color__hover=\u00a0\u00bbnull\u00a0\u00bb button_one_bg_color__hover_enabled=\u00a0\u00bboff\u00a0\u00bb button_one_bg_color__hover=\u00a0\u00bbnull\u00a0\u00bb button_two_bg_color__hover_enabled=\u00a0\u00bboff\u00a0\u00bb button_two_bg_color__hover=\u00a0\u00bbnull\u00a0\u00bb sticky_enabled=\u00a0\u00bb0&Prime;][\/et_pb_cta][\/et_pb_column][\/et_pb_row][et_pb_row column_structure=\u00a0\u00bb2_3,1_3&Prime; use_custom_gutter=\u00a0\u00bbon\u00a0\u00bb gutter_width=\u00a0\u00bb1&Prime; _builder_version=\u00a0\u00bb3.25&Prime; custom_padding=\u00a0\u00bb20px|0px|0px|0px\u00a0\u00bb][et_pb_column type=\u00a0\u00bb2_3&Prime; _builder_version=\u00a0\u00bb3.25&Prime; custom_padding=\u00a0\u00bb|||\u00a0\u00bb custom_padding__hover=\u00a0\u00bb|||\u00a0\u00bb][et_pb_text _builder_version=\u00a0\u00bb4.7.7&Prime; custom_margin=\u00a0\u00bb|20px||\u00a0\u00bb]<\/p>\n<div>Les cuves KVK sont construites \u00e0 partir de panneaux qui ont une construction sandwich sp\u00e9ciale: un noyau r\u00e9sistant aux chocs en c\u00e9ramique synth\u00e9tique, recouvert sur les deux faces de lamin\u00e9s renforc\u00e9s de fibres pour former une pi\u00e8ce monobloc ins\u00e9parable. La r\u00e9sistance aux chocs exceptionnellement \u00e9lev\u00e9e qui en r\u00e9sulte r\u00e9siste m\u00eame aux chocs m\u00e9caniques les plus s\u00e9v\u00e8res.<\/div>\n<\/p>\n<div><strong>R\u00e9sistance aux produits chimiques<\/strong><\/div>\n<div>Les cuves de d\u00e9capage KVK sont r\u00e9sistantes \u00e0 la plupart des produits chimiques utilis\u00e9s dans les processus de d\u00e9capage.<\/div>\n<\/p>\n<div><strong>Pas de soudures<\/strong><\/div>\n<div>Les parois du r\u00e9servoir sont fabriqu\u00e9es en une seule pi\u00e8ce continue et sans soudure sur toute la longueur et la largeur du r\u00e9servoir.<\/div>\n<\/p>\n<div><strong>R\u00e9sistant \u00e0 la temp\u00e9rature<\/strong><\/div>\n<div>Les panneaux KVK ont une bien meilleure performance \u00e0 haute temp\u00e9rature.<\/div>\n<\/p>\n<div><strong>R\u00e9sistant \u00e0 l&rsquo;usure<\/strong><\/div>\n<div>Les cuves d`acide KVK sont en outre prot\u00e9g\u00e9es des chocs m\u00e9caniques et des abrasions par des laminages suppl\u00e9mentaires rigidifiants qui augmentent consid\u00e9rablement leur dur\u00e9e de vie op\u00e9rationnelle. En cas de perforation de la paroi du r\u00e9servoir pendant l&rsquo;immersion, la paroi du r\u00e9servoir KVK ne subit que des dommages locaux mineurs, qui peuvent \u00eatre facilement r\u00e9par\u00e9s par le personnel interne.<\/div>\n<\/p>\n<div><strong>Protection ext\u00e9rieure<\/strong><\/div>\n<div>Les cuves KVK sont ins\u00e9r\u00e9es dans un cadre en acier robuste adapt\u00e9 aux dimensions.<\/div>\n<\/p>\n<p><img decoding=\"async\" class=\"alignnone wp-image-4841 size-full\" src=\"https:\/\/www.animetal.com.tr\/wp-content\/uploads\/2019\/06\/kvk_tanksVBH_innen_e84.jpg\" alt=\"ANI METAL- KVK Tanks\" width=\"700\" height=\"466\" srcset=\"https:\/\/www.animetal.com.tr\/wp-content\/uploads\/2019\/06\/kvk_tanksVBH_innen_e84.jpg 700w, https:\/\/www.animetal.com.tr\/wp-content\/uploads\/2019\/06\/kvk_tanksVBH_innen_e84-300x200.jpg 300w\" sizes=\"(max-width: 700px) 100vw, 700px\" \/><\/p>\n<p><img decoding=\"async\" class=\"wp-image-5708 alignnone size-full\" src=\"https:\/\/www.animetal.com.tr\/wp-content\/uploads\/2020\/10\/10-kvk-tanks02.jpg\" alt=\"ANI METAL- KVK Tanks\" width=\"700\" height=\"357\" srcset=\"https:\/\/www.animetal.com.tr\/wp-content\/uploads\/2020\/10\/10-kvk-tanks02.jpg 700w, https:\/\/www.animetal.com.tr\/wp-content\/uploads\/2020\/10\/10-kvk-tanks02-480x245.jpg 480w\" sizes=\"(min-width: 0px) and (max-width: 480px) 480px, (min-width: 481px) 700px, 100vw\" \/><\/p>\n<p><img decoding=\"async\" class=\"wp-image-5704 alignnone size-full\" src=\"https:\/\/www.animetal.com.tr\/wp-content\/uploads\/2020\/10\/10-kvk-tanks01.jpg\" alt=\"ANI METAL- KVK Tanks\" width=\"700\" height=\"467\" srcset=\"https:\/\/www.animetal.com.tr\/wp-content\/uploads\/2020\/10\/10-kvk-tanks01.jpg 700w, https:\/\/www.animetal.com.tr\/wp-content\/uploads\/2020\/10\/10-kvk-tanks01-480x320.jpg 480w\" sizes=\"(min-width: 0px) and (max-width: 480px) 480px, (min-width: 481px) 700px, 100vw\" \/><\/p>\n<p><img decoding=\"async\" class=\"wp-image-5712 alignnone size-full\" src=\"https:\/\/www.animetal.com.tr\/wp-content\/uploads\/2020\/10\/10-kvk-tanks03.jpg\" alt=\"ANI METAL- KVK Tanks\" width=\"700\" height=\"298\" srcset=\"https:\/\/www.animetal.com.tr\/wp-content\/uploads\/2020\/10\/10-kvk-tanks03.jpg 700w, https:\/\/www.animetal.com.tr\/wp-content\/uploads\/2020\/10\/10-kvk-tanks03-480x204.jpg 480w\" sizes=\"(min-width: 0px) and (max-width: 480px) 480px, (min-width: 481px) 700px, 100vw\" \/><\/p>\n<p>[\/et_pb_text][\/et_pb_column][et_pb_column type=\u00a0\u00bb1_3&Prime; _builder_version=\u00a0\u00bb3.25&Prime; custom_padding=\u00a0\u00bb|||\u00a0\u00bb custom_padding__hover=\u00a0\u00bb|||\u00a0\u00bb][et_pb_sidebar area=\u00a0\u00bbet_pb_widget_area_3&Prime; _builder_version=\u00a0\u00bb3.0.105&Prime; body_font=\u00a0\u00bb||||||||\u00a0\u00bb body_text_color=\u00a0\u00bb#0c71c3&Prime; background_color=\u00a0\u00bbrgba(104,153,193,0.12)\u00a0\u00bb background_color_gradient_direction=\u00a0\u00bb217deg\u00a0\u00bb custom_margin=\u00a0\u00bb|||\u00a0\u00bb custom_padding=\u00a0\u00bb10px|10px|10px|25px\u00a0\u00bb saved_tabs=\u00a0\u00bball\u00a0\u00bb][\/et_pb_sidebar][\/et_pb_column][\/et_pb_row][\/et_pb_section]<\/p>\n","protected":false},"excerpt":{"rendered":"<p>Cuves de Pretraitement KVK Les cuves KVK sont construites \u00e0 partir de panneaux qui ont une construction sandwich sp\u00e9ciale: un noyau r\u00e9sistant aux chocs en c\u00e9ramique synth\u00e9tique, recouvert sur les deux faces de lamin\u00e9s renforc\u00e9s de fibres pour former une pi\u00e8ce monobloc ins\u00e9parable. La r\u00e9sistance aux chocs exceptionnellement \u00e9lev\u00e9e qui en r\u00e9sulte r\u00e9siste m\u00eame aux [&hellip;]<\/p>\n","protected":false},"author":1,"featured_media":0,"parent":6306,"menu_order":0,"comment_status":"closed","ping_status":"closed","template":"","meta":{"_et_pb_use_builder":"on","_et_pb_old_content":"","_et_gb_content_width":"","footnotes":""},"class_list":["post-6276","page","type-page","status-publish","hentry"],"_links":{"self":[{"href":"https:\/\/www.animetal.com.tr\/fr\/wp-json\/wp\/v2\/pages\/6276","targetHints":{"allow":["GET"]}}],"collection":[{"href":"https:\/\/www.animetal.com.tr\/fr\/wp-json\/wp\/v2\/pages"}],"about":[{"href":"https:\/\/www.animetal.com.tr\/fr\/wp-json\/wp\/v2\/types\/page"}],"author":[{"embeddable":true,"href":"https:\/\/www.animetal.com.tr\/fr\/wp-json\/wp\/v2\/users\/1"}],"replies":[{"embeddable":true,"href":"https:\/\/www.animetal.com.tr\/fr\/wp-json\/wp\/v2\/comments?post=6276"}],"version-history":[{"count":0,"href":"https:\/\/www.animetal.com.tr\/fr\/wp-json\/wp\/v2\/pages\/6276\/revisions"}],"up":[{"embeddable":true,"href":"https:\/\/www.animetal.com.tr\/fr\/wp-json\/wp\/v2\/pages\/6306"}],"wp:attachment":[{"href":"https:\/\/www.animetal.com.tr\/fr\/wp-json\/wp\/v2\/media?parent=6276"}],"curies":[{"name":"wp","href":"https:\/\/api.w.org\/{rel}","templated":true}]}}