{"id":1861,"date":"2017-12-13T17:03:13","date_gmt":"2017-12-13T17:03:13","guid":{"rendered":"http:\/\/v2.animetal.com.tr\/?page_id=1861\/"},"modified":"2022-10-04T07:51:17","modified_gmt":"2022-10-04T07:51:17","slug":"galvaniz-firinlari","status":"publish","type":"page","link":"https:\/\/www.animetal.com.tr\/tr\/fabrika-ekipmanlari\/galvaniz-firinlari\/","title":{"rendered":"Galvaniz F\u0131r\u0131nlar\u0131"},"content":{"rendered":"<p>[et_pb_section fb_built=&#8221;1&#8243; _builder_version=&#8221;4.16&#8243; custom_padding=&#8221;26px|0px|20px|0px&#8221; global_colors_info=&#8221;{}&#8221;][et_pb_row _builder_version=&#8221;4.16&#8243; custom_padding=&#8221;0px|0px|0px|0px&#8221; global_colors_info=&#8221;{}&#8221;][et_pb_column type=&#8221;4_4&#8243; _builder_version=&#8221;4.16&#8243; custom_padding=&#8221;|||&#8221; global_colors_info=&#8221;{}&#8221; custom_padding__hover=&#8221;|||&#8221;][et_pb_text _builder_version=&#8221;4.16&#8243; global_colors_info=&#8221;{}&#8221;]<\/p>\n<h1>Galvaniz F\u0131r\u0131nlar\u0131<\/h1>\n<p>[\/et_pb_text][\/et_pb_column][\/et_pb_row][\/et_pb_section][et_pb_section fb_built=&#8221;1&#8243; _builder_version=&#8221;4.16&#8243; custom_padding=&#8221;0px|0px|54px|0px&#8221; global_colors_info=&#8221;{}&#8221;][et_pb_row column_structure=&#8221;2_3,1_3&#8243; use_custom_gutter=&#8221;on&#8221; gutter_width=&#8221;1&#8243; _builder_version=&#8221;4.16&#8243; background_color=&#8221;#efefef&#8221; custom_padding=&#8221;0px|0px|0px|0px&#8221; global_colors_info=&#8221;{}&#8221;][et_pb_column type=&#8221;2_3&#8243; _builder_version=&#8221;4.16&#8243; custom_padding=&#8221;|||&#8221; global_colors_info=&#8221;{}&#8221; custom_padding__hover=&#8221;|||&#8221;][et_pb_image src=&#8221;https:\/\/www.animetal.com.tr\/wp-content\/uploads\/2022\/10\/animetal-kingfield-furnace01.jpg&#8221; alt=&#8221;ANI METAL &#8211; KINGFIELD FURNACE&#8221; title_text=&#8221;ANI METAL &#8211; KINGFIELD FURNACE&#8221; force_fullwidth=&#8221;on&#8221; align_tablet=&#8221;center&#8221; align_phone=&#8221;&#8221; align_last_edited=&#8221;on|desktop&#8221; _builder_version=&#8221;4.17.4&#8243; custom_margin=&#8221;0px|0px|0px|0px&#8221; animation_style=&#8221;slide&#8221; animation_direction=&#8221;left&#8221; animation_duration=&#8221;500ms&#8221; animation_intensity_slide=&#8221;10%&#8221; global_colors_info=&#8221;{}&#8221;][\/et_pb_image][\/et_pb_column][et_pb_column type=&#8221;1_3&#8243; _builder_version=&#8221;4.16&#8243; custom_padding=&#8221;|||&#8221; global_colors_info=&#8221;{}&#8221; custom_padding__hover=&#8221;|||&#8221;][et_pb_image src=&#8221;https:\/\/www.animetal.com.tr\/wp-content\/uploads\/2022\/10\/kingfield-logo-330px-300&#215;84.jpg&#8221; alt=&#8221;Kingfield Logo&#8221; title_text=&#8221;Kingfield Logo&#8221; _builder_version=&#8221;4.17.4&#8243; _module_preset=&#8221;default&#8221; width=&#8221;75%&#8221; max_width=&#8221;71%&#8221; module_alignment=&#8221;center&#8221; custom_margin=&#8221;100px||||false|false&#8221; global_colors_info=&#8221;{}&#8221; global_module=&#8221;10293&#8243; theme_builder_area=&#8221;post_content&#8221;][\/et_pb_image][et_pb_cta title=&#8221;Galvaniz F\u0131r\u0131nlar\u0131 Bro\u015f\u00fcr\u00fc&#8221; button_url=&#8221;https:\/\/www.animetal.com.tr\/wp-content\/uploads\/2022\/10\/ANI-Metal_05-galvaniz-firinlari_v04.pdf&#8221; url_new_window=&#8221;on&#8221; button_text=&#8221;PDF&#8221; _builder_version=&#8221;4.17.4&#8243; use_background_color=&#8221;off&#8221; background_layout=&#8221;light&#8221; custom_margin=&#8221;50px|50px|10px|50px&#8221; global_colors_info=&#8221;{}&#8221; button_text_size__hover_enabled=&#8221;off&#8221; button_text_size__hover=&#8221;null&#8221; button_one_text_size__hover_enabled=&#8221;off&#8221; button_one_text_size__hover=&#8221;null&#8221; button_two_text_size__hover_enabled=&#8221;off&#8221; button_two_text_size__hover=&#8221;null&#8221; button_text_color__hover_enabled=&#8221;off&#8221; button_text_color__hover=&#8221;null&#8221; button_one_text_color__hover_enabled=&#8221;off&#8221; button_one_text_color__hover=&#8221;null&#8221; button_two_text_color__hover_enabled=&#8221;off&#8221; button_two_text_color__hover=&#8221;null&#8221; button_border_width__hover_enabled=&#8221;off&#8221; button_border_width__hover=&#8221;null&#8221; button_one_border_width__hover_enabled=&#8221;off&#8221; button_one_border_width__hover=&#8221;null&#8221; button_two_border_width__hover_enabled=&#8221;off&#8221; button_two_border_width__hover=&#8221;null&#8221; button_border_color__hover_enabled=&#8221;off&#8221; button_border_color__hover=&#8221;null&#8221; button_one_border_color__hover_enabled=&#8221;off&#8221; button_one_border_color__hover=&#8221;null&#8221; button_two_border_color__hover_enabled=&#8221;off&#8221; button_two_border_color__hover=&#8221;null&#8221; button_border_radius__hover_enabled=&#8221;off&#8221; button_border_radius__hover=&#8221;null&#8221; button_one_border_radius__hover_enabled=&#8221;off&#8221; button_one_border_radius__hover=&#8221;null&#8221; button_two_border_radius__hover_enabled=&#8221;off&#8221; button_two_border_radius__hover=&#8221;null&#8221; button_letter_spacing__hover_enabled=&#8221;off&#8221; button_letter_spacing__hover=&#8221;null&#8221; button_one_letter_spacing__hover_enabled=&#8221;off&#8221; button_one_letter_spacing__hover=&#8221;null&#8221; button_two_letter_spacing__hover_enabled=&#8221;off&#8221; button_two_letter_spacing__hover=&#8221;null&#8221; button_bg_color__hover_enabled=&#8221;off&#8221; button_bg_color__hover=&#8221;null&#8221; button_one_bg_color__hover_enabled=&#8221;off&#8221; button_one_bg_color__hover=&#8221;null&#8221; button_two_bg_color__hover_enabled=&#8221;off&#8221; button_two_bg_color__hover=&#8221;null&#8221;][\/et_pb_cta][\/et_pb_column][\/et_pb_row][et_pb_row column_structure=&#8221;2_3,1_3&#8243; use_custom_gutter=&#8221;on&#8221; gutter_width=&#8221;1&#8243; _builder_version=&#8221;4.16&#8243; custom_padding=&#8221;20px|0px|0px|0px&#8221; global_colors_info=&#8221;{}&#8221;][et_pb_column type=&#8221;2_3&#8243; _builder_version=&#8221;4.16&#8243; custom_padding=&#8221;|||&#8221; global_colors_info=&#8221;{}&#8221; custom_padding__hover=&#8221;|||&#8221;][et_pb_text _builder_version=&#8221;4.17.4&#8243; custom_margin=&#8221;|20px||&#8221; global_colors_info=&#8221;{}&#8221;]<\/p>\n<ul>\n<li>Yak\u0131t tasarruflu y\u00fcksek h\u0131zl\u0131 yanma sistemleri<\/li>\n<li>Tersinir y\u00f6nl\u00fc yanma sistemiyle daha uzun pota \u00f6mr\u00fc<\/li>\n<li>Geni\u015f \u00e7apl\u0131 onar\u0131m olmaks\u0131z\u0131n 20 y\u0131ldan uzun f\u0131r\u0131n \u00f6mr\u00fc<\/li>\n<li>Geli\u015fmi\u015f izolasyon sistemiyle en aza indirilmi\u015f \u0131s\u0131 kayb\u0131<\/li>\n<li>Daha az say\u0131da ve verimli br\u00fcl\u00f6rlerle azalan bak\u0131m ve yedek par\u00e7a ihtiyac\u0131<\/li>\n<li>Yanma odas\u0131 bas\u0131n\u00e7 ve s\u0131cakl\u0131k sens\u00f6rleri<\/li>\n<li>Farkl\u0131 boyutlarda pota kullan\u0131m\u0131na imk\u00e2n veren mod\u00fcler yap\u0131<\/li>\n<li>Turbo \u0131s\u0131 artt\u0131rma fonksiyonu<\/li>\n<li>\u00c7inko ve baca gaz\u0131 s\u0131cakl\u0131k kontrol\u00fc i\u00e7in 3 a\u015famal\u0131 PID kontrol sistemi<\/li>\n<li>Optimize edilmi\u015f \u0131s\u0131l verimlilik ve \u0131s\u0131 transferi<\/li>\n<li>S\u0131cakl\u0131k kontrol teknolojisi<\/li>\n<li>Gazl\u0131, dizel veya elektrikli \u0131s\u0131tma sistemleri<\/li>\n<li>Geli\u015fmi\u015f g\u00fcvenlik sistemleri<\/li>\n<li>S\u0131z\u0131nt\u0131 tespit sistemleri<\/li>\n<li>Otomatik \u0131s\u0131nma<\/li>\n<li>Harici termokupl<\/li>\n<li>PLC kontrol\u00fc<\/li>\n<li>Egzoz damper<\/li>\n<li>D\u00fc\u015f\u00fck azot oksit ve karbonmonoksit emisyonlu br\u00fcl\u00f6rler<\/li>\n<\/ul>\n<p><img decoding=\"async\" src=\"https:\/\/www.animetal.com.tr\/wp-content\/uploads\/2022\/10\/animetal-kingfield-furnace02.jpg\" width=\"700\" height=\"525\" alt=\"ANI METAL - KINGFIELD FURNACE\" class=\"wp-image-10188 alignnone size-full\" srcset=\"https:\/\/www.animetal.com.tr\/wp-content\/uploads\/2022\/10\/animetal-kingfield-furnace02.jpg 700w, https:\/\/www.animetal.com.tr\/wp-content\/uploads\/2022\/10\/animetal-kingfield-furnace02-480x360.jpg 480w\" sizes=\"(min-width: 0px) and (max-width: 480px) 480px, (min-width: 481px) 700px, 100vw\" \/><\/p>\n<div id=\"ez-toc-container\" class=\"ez-toc-v2_0_81 counter-hierarchy ez-toc-counter ez-toc-grey ez-toc-container-direction\">\n<p class=\"ez-toc-title\" style=\"cursor:inherit\">Table of Contents<\/p>\n<label for=\"ez-toc-cssicon-toggle-item-69ea200b44b03\" class=\"ez-toc-cssicon-toggle-label\"><span class=\"ez-toc-cssicon\"><span class=\"eztoc-hide\" style=\"display:none;\">Toggle<\/span><span class=\"ez-toc-icon-toggle-span\"><svg style=\"fill: #999;color:#999\" xmlns=\"http:\/\/www.w3.org\/2000\/svg\" class=\"list-377408\" width=\"20px\" height=\"20px\" viewBox=\"0 0 24 24\" fill=\"none\"><path d=\"M6 6H4v2h2V6zm14 0H8v2h12V6zM4 11h2v2H4v-2zm16 0H8v2h12v-2zM4 16h2v2H4v-2zm16 0H8v2h12v-2z\" fill=\"currentColor\"><\/path><\/svg><svg style=\"fill: #999;color:#999\" class=\"arrow-unsorted-368013\" xmlns=\"http:\/\/www.w3.org\/2000\/svg\" width=\"10px\" height=\"10px\" viewBox=\"0 0 24 24\" version=\"1.2\" baseProfile=\"tiny\"><path d=\"M18.2 9.3l-6.2-6.3-6.2 6.3c-.2.2-.3.4-.3.7s.1.5.3.7c.2.2.4.3.7.3h11c.3 0 .5-.1.7-.3.2-.2.3-.5.3-.7s-.1-.5-.3-.7zM5.8 14.7l6.2 6.3 6.2-6.3c.2-.2.3-.5.3-.7s-.1-.5-.3-.7c-.2-.2-.4-.3-.7-.3h-11c-.3 0-.5.1-.7.3-.2.2-.3.5-.3.7s.1.5.3.7z\"\/><\/svg><\/span><\/span><\/label><input type=\"checkbox\"  id=\"ez-toc-cssicon-toggle-item-69ea200b44b03\"  aria-label=\"A\u00e7\/Kapat\" \/><nav><ul class='ez-toc-list ez-toc-list-level-1 ' ><li class='ez-toc-page-1 ez-toc-heading-level-4'><a class=\"ez-toc-link ez-toc-heading-1\" href=\"https:\/\/www.animetal.com.tr\/tr\/fabrika-ekipmanlari\/galvaniz-firinlari\/#Hibrit_Firin\" >Hibrit F\u0131r\u0131n<\/a><\/li><\/ul><\/nav><\/div>\n<h4><span class=\"ez-toc-section\" id=\"Hibrit_Firin\"><\/span>Hibrit F\u0131r\u0131n<span class=\"ez-toc-section-end\"><\/span><\/h4>\n<p>M\u00fc\u015fteri gereksinimleri, elde bulunan enerji ve enerji kayna\u011f\u0131na uygun olarak \u00e7e\u015fitli tak-\u00e7al\u0131\u015ft\u0131r \u00f6zellik kombinasyonlar\u0131 uygulanabilir.<\/p>\n<p>G\u00fcne\u015f, r\u00fczg\u00e2r veya hidro enerjiden \u00fcretilen ye\u015fil elektri\u011fe art\u0131k ye\u015fil hidrojen imkan\u0131n\u0131n da eklenmesiyle, hibrit f\u0131r\u0131n tasar\u0131m\u0131 hem elektrik hem de hidrojen yak\u0131t\u0131 se\u00e7enekleri sunmaktad\u0131r.<\/p>\n<p>Hibrit f\u0131r\u0131n, pek \u00e7ok varyasyon ve farkl\u0131 kombinasyonlar\u0131 kapsayacak \u015fekilde tasarlanm\u0131\u015ft\u0131r. \u00d6rne\u011fin, g\u00fcnd\u00fcz ye\u015fil elektrik ile, gece ise ye\u015fil hidrojen enerjisiyle \u0131s\u0131t\u0131lan bir f\u0131r\u0131n gibi! T\u00fcm sistem ve s\u00fcre\u00e7, End\u00fcstri 4.0 dijitalizasyonlu uzaktan eri\u015fim uygulamalar\u0131yla otomatize edilir, g\u00f6r\u00fcnt\u00fclenir ve kontrol edilir.<\/p>\n<p><img decoding=\"async\" src=\"https:\/\/www.animetal.com.tr\/wp-content\/uploads\/2022\/10\/animetal-kingfield-furnace03.jpg\" width=\"700\" height=\"469\" alt=\"ANI METAL - KINGFIELD FURNACE\" class=\"wp-image-10193 alignnone size-full\" srcset=\"https:\/\/www.animetal.com.tr\/wp-content\/uploads\/2022\/10\/animetal-kingfield-furnace03.jpg 700w, https:\/\/www.animetal.com.tr\/wp-content\/uploads\/2022\/10\/animetal-kingfield-furnace03-480x322.jpg 480w\" sizes=\"(min-width: 0px) and (max-width: 480px) 480px, (min-width: 481px) 700px, 100vw\" \/><\/p>\n<p><img decoding=\"async\" src=\"https:\/\/www.animetal.com.tr\/wp-content\/uploads\/2022\/10\/animetal-kingfield-furnace05.jpg\" width=\"700\" height=\"526\" alt=\"ANI METAL - KINGFIELD FURNACE\" class=\"wp-image-10203 alignnone size-full\" srcset=\"https:\/\/www.animetal.com.tr\/wp-content\/uploads\/2022\/10\/animetal-kingfield-furnace05.jpg 700w, https:\/\/www.animetal.com.tr\/wp-content\/uploads\/2022\/10\/animetal-kingfield-furnace05-480x361.jpg 480w\" sizes=\"(min-width: 0px) and (max-width: 480px) 480px, (min-width: 481px) 700px, 100vw\" \/><\/p>\n<p><img decoding=\"async\" src=\"https:\/\/www.animetal.com.tr\/wp-content\/uploads\/2022\/10\/animetal-kingfield-furnace04.jpg\" width=\"638\" height=\"478\" alt=\"ANI METAL - KINGFIELD FURNACE\" class=\"wp-image-10198 alignnone size-full\" srcset=\"https:\/\/www.animetal.com.tr\/wp-content\/uploads\/2022\/10\/animetal-kingfield-furnace04.jpg 638w, https:\/\/www.animetal.com.tr\/wp-content\/uploads\/2022\/10\/animetal-kingfield-furnace04-480x360.jpg 480w\" sizes=\"(min-width: 0px) and (max-width: 480px) 480px, (min-width: 481px) 638px, 100vw\" \/><\/p>\n<p>&nbsp;<\/p>\n<p>[\/et_pb_text][\/et_pb_column][et_pb_column type=&#8221;1_3&#8243; _builder_version=&#8221;4.16&#8243; custom_padding=&#8221;|||&#8221; global_colors_info=&#8221;{}&#8221; custom_padding__hover=&#8221;|||&#8221;][et_pb_sidebar area=&#8221;et_pb_widget_area_3&#8243; _builder_version=&#8221;3.0.105&#8243; body_font=&#8221;||||||||&#8221; body_text_color=&#8221;#0c71c3&#8243; background_color=&#8221;rgba(104,153,193,0.12)&#8221; background_color_gradient_direction=&#8221;217deg&#8221; custom_margin=&#8221;|||&#8221; custom_padding=&#8221;10px|10px|10px|25px&#8221; global_module=&#8221;4102&#8243; saved_tabs=&#8221;all&#8221; global_colors_info=&#8221;{}&#8221;][\/et_pb_sidebar][\/et_pb_column][\/et_pb_row][\/et_pb_section]<\/p>\n","protected":false},"excerpt":{"rendered":"<p>Galvaniz F\u0131r\u0131nlar\u0131 Yak\u0131t tasarruflu y\u00fcksek h\u0131zl\u0131 yanma sistemleri Tersinir y\u00f6nl\u00fc yanma sistemiyle daha uzun pota \u00f6mr\u00fc Geni\u015f \u00e7apl\u0131 onar\u0131m olmaks\u0131z\u0131n 20 y\u0131ldan uzun f\u0131r\u0131n \u00f6mr\u00fc Geli\u015fmi\u015f izolasyon sistemiyle en aza indirilmi\u015f \u0131s\u0131 kayb\u0131 Daha az say\u0131da ve verimli br\u00fcl\u00f6rlerle azalan bak\u0131m ve yedek par\u00e7a ihtiyac\u0131 Yanma odas\u0131 bas\u0131n\u00e7 ve s\u0131cakl\u0131k sens\u00f6rleri Farkl\u0131 boyutlarda pota kullan\u0131m\u0131na [&hellip;]<\/p>\n","protected":false},"author":1,"featured_media":0,"parent":3766,"menu_order":6,"comment_status":"closed","ping_status":"closed","template":"","meta":{"_et_pb_use_builder":"on","_et_pb_old_content":"","_et_gb_content_width":"","footnotes":""},"class_list":["post-1861","page","type-page","status-publish","hentry"],"_links":{"self":[{"href":"https:\/\/www.animetal.com.tr\/tr\/wp-json\/wp\/v2\/pages\/1861","targetHints":{"allow":["GET"]}}],"collection":[{"href":"https:\/\/www.animetal.com.tr\/tr\/wp-json\/wp\/v2\/pages"}],"about":[{"href":"https:\/\/www.animetal.com.tr\/tr\/wp-json\/wp\/v2\/types\/page"}],"author":[{"embeddable":true,"href":"https:\/\/www.animetal.com.tr\/tr\/wp-json\/wp\/v2\/users\/1"}],"replies":[{"embeddable":true,"href":"https:\/\/www.animetal.com.tr\/tr\/wp-json\/wp\/v2\/comments?post=1861"}],"version-history":[{"count":0,"href":"https:\/\/www.animetal.com.tr\/tr\/wp-json\/wp\/v2\/pages\/1861\/revisions"}],"up":[{"embeddable":true,"href":"https:\/\/www.animetal.com.tr\/tr\/wp-json\/wp\/v2\/pages\/3766"}],"wp:attachment":[{"href":"https:\/\/www.animetal.com.tr\/tr\/wp-json\/wp\/v2\/media?parent=1861"}],"curies":[{"name":"wp","href":"https:\/\/api.w.org\/{rel}","templated":true}]}}