{"id":1969,"date":"2017-12-14T09:13:12","date_gmt":"2017-12-14T09:13:12","guid":{"rendered":"http:\/\/v2.animetal.com.tr\/?page_id=1969\/"},"modified":"2025-01-19T15:18:11","modified_gmt":"2025-01-19T15:18:11","slug":"enklojurlar","status":"publish","type":"page","link":"https:\/\/www.animetal.com.tr\/tr\/fabrika-ekipmanlari\/enklojurlar\/","title":{"rendered":"Enklojurlar"},"content":{"rendered":"<p>[et_pb_section fb_built=&#8221;1&#8243; _builder_version=&#8221;4.16&#8243; custom_padding=&#8221;26px|0px|20px|0px&#8221; global_colors_info=&#8221;{}&#8221;][et_pb_row _builder_version=&#8221;4.16&#8243; custom_padding=&#8221;0px|0px|0px|0px&#8221; global_colors_info=&#8221;{}&#8221;][et_pb_column type=&#8221;4_4&#8243; _builder_version=&#8221;4.16&#8243; custom_padding=&#8221;|||&#8221; global_colors_info=&#8221;{}&#8221; custom_padding__hover=&#8221;|||&#8221;][et_pb_text _builder_version=&#8221;4.16&#8243; global_colors_info=&#8221;{}&#8221;]<\/p>\n<h1>Enklojurlar<\/h1>\n<p>[\/et_pb_text][\/et_pb_column][\/et_pb_row][\/et_pb_section][et_pb_section fb_built=&#8221;1&#8243; _builder_version=&#8221;4.16&#8243; custom_padding=&#8221;0px|0px|54px|0px&#8221; global_colors_info=&#8221;{}&#8221;][et_pb_row column_structure=&#8221;2_3,1_3&#8243; use_custom_gutter=&#8221;on&#8221; gutter_width=&#8221;1&#8243; _builder_version=&#8221;4.16&#8243; background_color=&#8221;#efefef&#8221; custom_padding=&#8221;0px|0px|0px|0px&#8221; global_colors_info=&#8221;{}&#8221;][et_pb_column type=&#8221;2_3&#8243; _builder_version=&#8221;4.16&#8243; custom_padding=&#8221;|||&#8221; global_colors_info=&#8221;{}&#8221; custom_padding__hover=&#8221;|||&#8221;][et_pb_image src=&#8221;https:\/\/www.animetal.com.tr\/wp-content\/uploads\/2019\/11\/animetal-gulmelet-enclosure.jpg&#8221; force_fullwidth=&#8221;on&#8221; align_tablet=&#8221;center&#8221; align_phone=&#8221;&#8221; align_last_edited=&#8221;on|desktop&#8221; _builder_version=&#8221;4.16&#8243; custom_margin=&#8221;0px|0px|0px|0px&#8221; animation_style=&#8221;slide&#8221; animation_direction=&#8221;left&#8221; animation_duration=&#8221;500ms&#8221; animation_intensity_slide=&#8221;10%&#8221; global_colors_info=&#8221;{}&#8221;]<br \/>\n[\/et_pb_image][\/et_pb_column][et_pb_column type=&#8221;1_3&#8243; _builder_version=&#8221;4.16&#8243; custom_padding=&#8221;|||&#8221; global_colors_info=&#8221;{}&#8221; custom_padding__hover=&#8221;|||&#8221;][et_pb_text _builder_version=&#8221;4.16&#8243; text_font=&#8221;||||||||&#8221; text_font_size=&#8221;26px&#8221; custom_margin=&#8221;30px|30px||30px&#8221; custom_padding=&#8221;||0px|0px&#8221; global_colors_info=&#8221;{}&#8221;]<\/p>\n<p style=\"text-align: center;\">D\u00fcnyan\u0131n en y\u00fcksek enklojuru<\/p>\n<p>[\/et_pb_text][et_pb_text _builder_version=&#8221;4.16&#8243; text_font=&#8221;||||||||&#8221; text_font_size=&#8221;26px&#8221; custom_margin=&#8221;45px|30px||30px&#8221; custom_padding=&#8221;||0px|0px&#8221; animation_style=&#8221;zoom&#8221; animation_duration=&#8221;2000ms&#8221; animation_delay=&#8221;250ms&#8221; animation_intensity_zoom=&#8221;86%&#8221; animation_repeat=&#8221;loop&#8221; global_colors_info=&#8221;{}&#8221;]<\/p>\n<p style=\"text-align: center;\"><strong><span style=\"color: #993300;\">3.38 x 16.3 x 14.3 m<\/span><\/strong><\/p>\n<p>[\/et_pb_text][et_pb_cta title=&#8221;Enklojurlar Bro\u015f\u00fcr\u00fc&#8221; button_url=&#8221;https:\/\/www.animetal.com.tr\/wp-content\/uploads\/2021\/06\/ANI-Metal_07-enklojur_v03.pdf&#8221; url_new_window=&#8221;on&#8221; button_text=&#8221;PDF&#8221; _builder_version=&#8221;4.16&#8243; use_background_color=&#8221;off&#8221; background_layout=&#8221;light&#8221; custom_margin=&#8221;60px||10px|&#8221; global_colors_info=&#8221;{}&#8221; button_text_size__hover_enabled=&#8221;off&#8221; button_text_size__hover=&#8221;null&#8221; button_one_text_size__hover_enabled=&#8221;off&#8221; button_one_text_size__hover=&#8221;null&#8221; button_two_text_size__hover_enabled=&#8221;off&#8221; button_two_text_size__hover=&#8221;null&#8221; button_text_color__hover_enabled=&#8221;off&#8221; button_text_color__hover=&#8221;null&#8221; button_one_text_color__hover_enabled=&#8221;off&#8221; button_one_text_color__hover=&#8221;null&#8221; button_two_text_color__hover_enabled=&#8221;off&#8221; button_two_text_color__hover=&#8221;null&#8221; button_border_width__hover_enabled=&#8221;off&#8221; button_border_width__hover=&#8221;null&#8221; button_one_border_width__hover_enabled=&#8221;off&#8221; button_one_border_width__hover=&#8221;null&#8221; button_two_border_width__hover_enabled=&#8221;off&#8221; button_two_border_width__hover=&#8221;null&#8221; button_border_color__hover_enabled=&#8221;off&#8221; button_border_color__hover=&#8221;null&#8221; button_one_border_color__hover_enabled=&#8221;off&#8221; button_one_border_color__hover=&#8221;null&#8221; button_two_border_color__hover_enabled=&#8221;off&#8221; button_two_border_color__hover=&#8221;null&#8221; button_border_radius__hover_enabled=&#8221;off&#8221; button_border_radius__hover=&#8221;null&#8221; button_one_border_radius__hover_enabled=&#8221;off&#8221; button_one_border_radius__hover=&#8221;null&#8221; button_two_border_radius__hover_enabled=&#8221;off&#8221; button_two_border_radius__hover=&#8221;null&#8221; button_letter_spacing__hover_enabled=&#8221;off&#8221; button_letter_spacing__hover=&#8221;null&#8221; button_one_letter_spacing__hover_enabled=&#8221;off&#8221; button_one_letter_spacing__hover=&#8221;null&#8221; button_two_letter_spacing__hover_enabled=&#8221;off&#8221; button_two_letter_spacing__hover=&#8221;null&#8221; button_bg_color__hover_enabled=&#8221;off&#8221; button_bg_color__hover=&#8221;null&#8221; button_one_bg_color__hover_enabled=&#8221;off&#8221; button_one_bg_color__hover=&#8221;null&#8221; button_two_bg_color__hover_enabled=&#8221;off&#8221; button_two_bg_color__hover=&#8221;null&#8221;][\/et_pb_cta][\/et_pb_column][\/et_pb_row][et_pb_row column_structure=&#8221;2_3,1_3&#8243; use_custom_gutter=&#8221;on&#8221; gutter_width=&#8221;1&#8243; _builder_version=&#8221;4.16&#8243; custom_padding=&#8221;20px|0px|0px|0px&#8221; global_colors_info=&#8221;{}&#8221;][et_pb_column type=&#8221;2_3&#8243; _builder_version=&#8221;4.16&#8243; custom_padding=&#8221;|||&#8221; global_colors_info=&#8221;{}&#8221; custom_padding__hover=&#8221;|||&#8221;][et_pb_text _builder_version=&#8221;4.16&#8243; custom_margin=&#8221;|20px||&#8221; global_colors_info=&#8221;{}&#8221;]<strong>Ocak \u00dcst\u00fc Duman Tutucu Kapama Sistemleri<\/strong><\/p>\n<ul>\n<li>Galvanizleme s\u0131ras\u0131nda ortaya \u00e7\u0131kan duman\u0131 tutar<\/li>\n<li>Galvanizleme s\u0131ras\u0131nda olu\u015fan s\u0131\u00e7ramalar\u0131n belirli bir alanda kalmas\u0131n\u0131 sa\u011flar<\/li>\n<li>\u0130\u015f\u00e7iler i\u00e7in daha sa\u011fl\u0131kl\u0131 bir \u00e7al\u0131\u015fma ortam\u0131 yarat\u0131r<\/li>\n<li>Daha temiz \u00e7evre yarat\u0131lmas\u0131na ve fabrika ortam\u0131n\u0131n korunmas\u0131na yard\u0131mc\u0131 olur<\/li>\n<li>\u00c7elik konstr\u00fcksiyon<\/li>\n<li>Elektrikli zincirli vin\u00e7le kontrol edilen yan kap\u0131lar<\/li>\n<li>Yan kap\u0131lar i\u00e7in d\u00fc\u015fmeyi engelleyen g\u00fcvenlik sistemi<\/li>\n<li>Elektrikli motorla a\u00e7\u0131l\u0131p kapanan giri\u015f \u00e7\u0131k\u0131\u015f kap\u0131lar\u0131<\/li>\n<li>\u0130\u00e7 ayd\u0131nlatma sistemi<\/li>\n<li>Kontrol panosu<\/li>\n<li>Sistem \u00fczerinde kald\u0131rma indirme butonlar\u0131<\/li>\n<li>Is\u0131ya dayan\u0131kl\u0131 temperli cam<\/li>\n<li>\u0130\u00e7i \u0131s\u0131ya dayan\u0131kl\u0131, d\u0131\u015f\u0131 epoksi boya<\/li>\n<\/ul>\n<p><img decoding=\"async\" src=\"https:\/\/www.animetal.com.tr\/wp-content\/uploads\/2021\/06\/enclosure-2021_4442.jpg\" width=\"700\" height=\"464\" alt=\"ANI METAL - Enclosures\" class=\"wp-image-7660 alignnone size-full\" srcset=\"https:\/\/www.animetal.com.tr\/wp-content\/uploads\/2021\/06\/enclosure-2021_4442.jpg 700w, https:\/\/www.animetal.com.tr\/wp-content\/uploads\/2021\/06\/enclosure-2021_4442-480x318.jpg 480w\" sizes=\"(min-width: 0px) and (max-width: 480px) 480px, (min-width: 481px) 700px, 100vw\" \/><\/p>\n<p><img decoding=\"async\" class=\"wp-image-4779 size-full\" title=\"Zinc Fume Enclosure\" src=\"https:\/\/www.animetal.com.tr\/wp-content\/uploads\/2019\/06\/ani_metal_enclosure_0152.jpg\" alt=\"ANI METAL - Enclosure\" width=\"700\" height=\"707\" srcset=\"https:\/\/www.animetal.com.tr\/wp-content\/uploads\/2019\/06\/ani_metal_enclosure_0152.jpg 700w, https:\/\/www.animetal.com.tr\/wp-content\/uploads\/2019\/06\/ani_metal_enclosure_0152-297x300.jpg 297w\" sizes=\"(max-width: 700px) 100vw, 700px\" \/><\/p>\n<p><img decoding=\"async\" class=\"wp-image-5654 size-full\" title=\"Zinc Fume Enclosure\" src=\"https:\/\/www.animetal.com.tr\/wp-content\/uploads\/2020\/10\/07-enclosure02.jpg\" alt=\"ANI Metal - Enclosure\" width=\"700\" height=\"467\" srcset=\"https:\/\/www.animetal.com.tr\/wp-content\/uploads\/2020\/10\/07-enclosure02.jpg 700w, https:\/\/www.animetal.com.tr\/wp-content\/uploads\/2020\/10\/07-enclosure02-480x320.jpg 480w\" sizes=\"(min-width: 0px) and (max-width: 480px) 480px, (min-width: 481px) 700px, 100vw\" \/><\/p>\n<p><img decoding=\"async\" class=\"wp-image-5650 size-full\" title=\"Zinc Fume Enclosure\" src=\"https:\/\/www.animetal.com.tr\/wp-content\/uploads\/2020\/10\/07-enclosure01.jpg\" alt=\"ANI Metal - Enclosure\" width=\"700\" height=\"411\" srcset=\"https:\/\/www.animetal.com.tr\/wp-content\/uploads\/2020\/10\/07-enclosure01.jpg 700w, https:\/\/www.animetal.com.tr\/wp-content\/uploads\/2020\/10\/07-enclosure01-480x282.jpg 480w\" sizes=\"(min-width: 0px) and (max-width: 480px) 480px, (min-width: 481px) 700px, 100vw\" \/><\/p>\n<p><img decoding=\"async\" class=\"wp-image-4783 size-full\" title=\"Zinc Fume Enclosure\" src=\"https:\/\/www.animetal.com.tr\/wp-content\/uploads\/2019\/06\/ani_metal_enclosure_0133.jpg\" alt=\"ANI METAL - Enclosure\" width=\"700\" height=\"519\" srcset=\"https:\/\/www.animetal.com.tr\/wp-content\/uploads\/2019\/06\/ani_metal_enclosure_0133.jpg 700w, https:\/\/www.animetal.com.tr\/wp-content\/uploads\/2019\/06\/ani_metal_enclosure_0133-300x222.jpg 300w\" sizes=\"(max-width: 700px) 100vw, 700px\" \/><\/p>\n<p><img decoding=\"async\" class=\"wp-image-4791 size-full\" title=\"Zinc Fume Enclosure\" src=\"https:\/\/www.animetal.com.tr\/wp-content\/uploads\/2019\/06\/ani_metal_enclosure_0194.jpg\" alt=\"ANI METAL - Enclosure\" width=\"700\" height=\"467\" srcset=\"https:\/\/www.animetal.com.tr\/wp-content\/uploads\/2019\/06\/ani_metal_enclosure_0194.jpg 700w, https:\/\/www.animetal.com.tr\/wp-content\/uploads\/2019\/06\/ani_metal_enclosure_0194-300x200.jpg 300w\" sizes=\"(max-width: 700px) 100vw, 700px\" \/>[\/et_pb_text][\/et_pb_column][et_pb_column type=&#8221;1_3&#8243; _builder_version=&#8221;4.16&#8243; custom_padding=&#8221;|||&#8221; global_colors_info=&#8221;{}&#8221; custom_padding__hover=&#8221;|||&#8221;][et_pb_sidebar area=&#8221;et_pb_widget_area_3&#8243; _builder_version=&#8221;3.0.105&#8243; body_font=&#8221;||||||||&#8221; body_text_color=&#8221;#0c71c3&#8243; background_color=&#8221;rgba(104,153,193,0.12)&#8221; background_color_gradient_direction=&#8221;217deg&#8221; custom_margin=&#8221;|||&#8221; custom_padding=&#8221;10px|10px|10px|25px&#8221; global_module=&#8221;4102&#8243; saved_tabs=&#8221;all&#8221; global_colors_info=&#8221;{}&#8221;][\/et_pb_sidebar][\/et_pb_column][\/et_pb_row][\/et_pb_section]<\/p>\n","protected":false},"excerpt":{"rendered":"<p>Enklojurlar D\u00fcnyan\u0131n en y\u00fcksek enklojuru 3.38 x 16.3 x 14.3 m Ocak \u00dcst\u00fc Duman Tutucu Kapama Sistemleri Galvanizleme s\u0131ras\u0131nda ortaya \u00e7\u0131kan duman\u0131 tutar Galvanizleme s\u0131ras\u0131nda olu\u015fan s\u0131\u00e7ramalar\u0131n belirli bir alanda kalmas\u0131n\u0131 sa\u011flar \u0130\u015f\u00e7iler i\u00e7in daha sa\u011fl\u0131kl\u0131 bir \u00e7al\u0131\u015fma ortam\u0131 yarat\u0131r Daha temiz \u00e7evre yarat\u0131lmas\u0131na ve fabrika ortam\u0131n\u0131n korunmas\u0131na yard\u0131mc\u0131 olur \u00c7elik konstr\u00fcksiyon Elektrikli zincirli vin\u00e7le [&hellip;]<\/p>\n","protected":false},"author":1,"featured_media":0,"parent":3766,"menu_order":2,"comment_status":"closed","ping_status":"closed","template":"","meta":{"_et_pb_use_builder":"on","_et_pb_old_content":"","_et_gb_content_width":"","footnotes":""},"class_list":["post-1969","page","type-page","status-publish","hentry"],"_links":{"self":[{"href":"https:\/\/www.animetal.com.tr\/tr\/wp-json\/wp\/v2\/pages\/1969","targetHints":{"allow":["GET"]}}],"collection":[{"href":"https:\/\/www.animetal.com.tr\/tr\/wp-json\/wp\/v2\/pages"}],"about":[{"href":"https:\/\/www.animetal.com.tr\/tr\/wp-json\/wp\/v2\/types\/page"}],"author":[{"embeddable":true,"href":"https:\/\/www.animetal.com.tr\/tr\/wp-json\/wp\/v2\/users\/1"}],"replies":[{"embeddable":true,"href":"https:\/\/www.animetal.com.tr\/tr\/wp-json\/wp\/v2\/comments?post=1969"}],"version-history":[{"count":0,"href":"https:\/\/www.animetal.com.tr\/tr\/wp-json\/wp\/v2\/pages\/1969\/revisions"}],"up":[{"embeddable":true,"href":"https:\/\/www.animetal.com.tr\/tr\/wp-json\/wp\/v2\/pages\/3766"}],"wp:attachment":[{"href":"https:\/\/www.animetal.com.tr\/tr\/wp-json\/wp\/v2\/media?parent=1969"}],"curies":[{"name":"wp","href":"https:\/\/api.w.org\/{rel}","templated":true}]}}