{"id":2042,"date":"2017-12-14T10:17:38","date_gmt":"2017-12-14T10:17:38","guid":{"rendered":"http:\/\/v2.animetal.com.tr\/?page_id=2042\/"},"modified":"2025-01-19T15:21:24","modified_gmt":"2025-01-19T15:21:24","slug":"kvk-tanklar","status":"publish","type":"page","link":"https:\/\/www.animetal.com.tr\/tr\/fabrika-ekipmanlari\/yuzey-islem-tanklari\/kvk-tanklar\/","title":{"rendered":"KVK Tanklar"},"content":{"rendered":"<p>[et_pb_section fb_built=&#8221;1&#8243; _builder_version=&#8221;4.16&#8243; custom_padding=&#8221;26px|0px|20px|0px&#8221; global_colors_info=&#8221;{}&#8221;][et_pb_row _builder_version=&#8221;4.16&#8243; custom_padding=&#8221;0px|0px|0px|0px&#8221; global_colors_info=&#8221;{}&#8221;][et_pb_column type=&#8221;4_4&#8243; _builder_version=&#8221;4.16&#8243; custom_padding=&#8221;|||&#8221; global_colors_info=&#8221;{}&#8221; custom_padding__hover=&#8221;|||&#8221;][et_pb_text _builder_version=&#8221;4.16&#8243; global_colors_info=&#8221;{}&#8221;]<\/p>\n<h1>KVK Tanklar<\/h1>\n<p>[\/et_pb_text][\/et_pb_column][\/et_pb_row][\/et_pb_section][et_pb_section fb_built=&#8221;1&#8243; _builder_version=&#8221;4.16&#8243; custom_padding=&#8221;0px|0px|54px|0px&#8221; global_colors_info=&#8221;{}&#8221;][et_pb_row column_structure=&#8221;2_3,1_3&#8243; use_custom_gutter=&#8221;on&#8221; gutter_width=&#8221;1&#8243; _builder_version=&#8221;4.16&#8243; background_color=&#8221;#efefef&#8221; custom_padding=&#8221;0px|0px|0px|0px&#8221; global_colors_info=&#8221;{}&#8221;][et_pb_column type=&#8221;2_3&#8243; _builder_version=&#8221;4.16&#8243; custom_padding=&#8221;|||&#8221; global_colors_info=&#8221;{}&#8221; custom_padding__hover=&#8221;|||&#8221;][et_pb_image src=&#8221;https:\/\/www.animetal.com.tr\/wp-content\/uploads\/2019\/06\/kvk_tanks_2197_6_Detail.jpg&#8221; force_fullwidth=&#8221;on&#8221; align_tablet=&#8221;center&#8221; align_phone=&#8221;&#8221; align_last_edited=&#8221;on|desktop&#8221; _builder_version=&#8221;4.16&#8243; custom_margin=&#8221;0px|0px|0px|0px&#8221; animation_style=&#8221;slide&#8221; animation_direction=&#8221;left&#8221; animation_duration=&#8221;500ms&#8221; animation_intensity_slide=&#8221;10%&#8221; global_colors_info=&#8221;{}&#8221;]<br \/>\n[\/et_pb_image][\/et_pb_column][et_pb_column type=&#8221;1_3&#8243; _builder_version=&#8221;4.16&#8243; custom_padding=&#8221;|||&#8221; global_colors_info=&#8221;{}&#8221; custom_padding__hover=&#8221;|||&#8221;][et_pb_image src=&#8221;\/wp-content\/uploads\/2017\/12\/home_koerner_logo.png&#8221; align_tablet=&#8221;center&#8221; align_phone=&#8221;&#8221; align_last_edited=&#8221;on|desktop&#8221; _builder_version=&#8221;4.16&#8243; max_width=&#8221;70%&#8221; module_alignment=&#8221;center&#8221; global_colors_info=&#8221;{}&#8221;]<br \/>\n[\/et_pb_image][et_pb_cta title=&#8221;KVK Tanklar Bro\u015f\u00fcr\u00fc&#8221; button_url=&#8221;https:\/\/www.animetal.com.tr\/wp-content\/uploads\/2020\/11\/ANI-Metal-kvk-tanklar-2020-11.pdf&#8221; url_new_window=&#8221;on&#8221; button_text=&#8221;PDF&#8221; _builder_version=&#8221;4.16&#8243; use_background_color=&#8221;off&#8221; background_layout=&#8221;light&#8221; custom_margin=&#8221;60px||10px|&#8221; locked=&#8221;off&#8221; global_colors_info=&#8221;{}&#8221; button_text_size__hover_enabled=&#8221;off&#8221; button_text_size__hover=&#8221;null&#8221; button_one_text_size__hover_enabled=&#8221;off&#8221; button_one_text_size__hover=&#8221;null&#8221; button_two_text_size__hover_enabled=&#8221;off&#8221; button_two_text_size__hover=&#8221;null&#8221; button_text_color__hover_enabled=&#8221;off&#8221; button_text_color__hover=&#8221;null&#8221; button_one_text_color__hover_enabled=&#8221;off&#8221; button_one_text_color__hover=&#8221;null&#8221; button_two_text_color__hover_enabled=&#8221;off&#8221; button_two_text_color__hover=&#8221;null&#8221; button_border_width__hover_enabled=&#8221;off&#8221; button_border_width__hover=&#8221;null&#8221; button_one_border_width__hover_enabled=&#8221;off&#8221; button_one_border_width__hover=&#8221;null&#8221; button_two_border_width__hover_enabled=&#8221;off&#8221; button_two_border_width__hover=&#8221;null&#8221; button_border_color__hover_enabled=&#8221;off&#8221; button_border_color__hover=&#8221;null&#8221; button_one_border_color__hover_enabled=&#8221;off&#8221; button_one_border_color__hover=&#8221;null&#8221; button_two_border_color__hover_enabled=&#8221;off&#8221; button_two_border_color__hover=&#8221;null&#8221; button_border_radius__hover_enabled=&#8221;off&#8221; button_border_radius__hover=&#8221;null&#8221; button_one_border_radius__hover_enabled=&#8221;off&#8221; button_one_border_radius__hover=&#8221;null&#8221; button_two_border_radius__hover_enabled=&#8221;off&#8221; button_two_border_radius__hover=&#8221;null&#8221; button_letter_spacing__hover_enabled=&#8221;off&#8221; button_letter_spacing__hover=&#8221;null&#8221; button_one_letter_spacing__hover_enabled=&#8221;off&#8221; button_one_letter_spacing__hover=&#8221;null&#8221; button_two_letter_spacing__hover_enabled=&#8221;off&#8221; button_two_letter_spacing__hover=&#8221;null&#8221; button_bg_color__hover_enabled=&#8221;off&#8221; button_bg_color__hover=&#8221;null&#8221; button_one_bg_color__hover_enabled=&#8221;off&#8221; button_one_bg_color__hover=&#8221;null&#8221; button_two_bg_color__hover_enabled=&#8221;off&#8221; button_two_bg_color__hover=&#8221;null&#8221;][\/et_pb_cta][\/et_pb_column][\/et_pb_row][et_pb_row column_structure=&#8221;2_3,1_3&#8243; use_custom_gutter=&#8221;on&#8221; gutter_width=&#8221;1&#8243; _builder_version=&#8221;4.16&#8243; custom_padding=&#8221;20px|0px|0px|0px&#8221; global_colors_info=&#8221;{}&#8221;][et_pb_column type=&#8221;2_3&#8243; _builder_version=&#8221;4.16&#8243; custom_padding=&#8221;|||&#8221; global_colors_info=&#8221;{}&#8221; custom_padding__hover=&#8221;|||&#8221;][et_pb_text _builder_version=&#8221;4.16&#8243; custom_margin=&#8221;|20px||&#8221; global_colors_info=&#8221;{}&#8221;]<\/p>\n<p>KVK-tanklar\u0131 \u00f6zel sandvi\u00e7 yap\u0131l\u0131 panellerden imal edilmi\u015ftir. Darbelere dayan\u0131kl\u0131 sentetik seramik bir i\u00e7 dolgu, iki taraf\u0131 fiber takviyeli laminatlarla kaplanm\u0131\u015f ve ayr\u0131lmaz bir par\u00e7a olu\u015fturmu\u015ftur. Ortaya \u00e7\u0131kan \u00fcr\u00fcn, en \u015fiddetli mekanik \u015foklara bile diren\u00e7 g\u00f6sterir.<\/p>\n<p><strong>Kimyasal Diren\u00e7<\/strong><br \/>KVK y\u00fczey temizleme tanklar\u0131, temizleme s\u00fcrecinde kullan\u0131lan kimyasallara kar\u015f\u0131 mukavemeti y\u00fcksektir.<\/p>\n<p><strong>Kaynak Yok!<\/strong><br \/>Tank duvarlar\u0131, tank\u0131n t\u00fcm uzunlu\u011fu ve geni\u015fli\u011fi boyunca tek par\u00e7a ve kaynaks\u0131z olarak imal edilir.<\/p>\n<p><strong>S\u0131cakl\u0131k Dayan\u0131m\u0131<\/strong><br \/>KVK-panelleri y\u00fcksek s\u0131cakl\u0131kta daha iyi performans sa\u011flar.<\/p>\n<p><strong>A\u015f\u0131nmazl\u0131k<\/strong><br \/>KVK-y\u00fczey temizleme tanklar\u0131 mekanik darbeler ve a\u015f\u0131nmalardan bununla beraber operasyonel \u00f6mr\u00fcn\u00fc artt\u0131rmaya yard\u0131mc\u0131 y\u00fczeylerle korunur.<\/p>\n<p><strong>Kolay, H\u0131zl\u0131 Onar\u0131m<\/strong><br \/>Dald\u0131rma s\u0131ras\u0131nda keskin bir par\u00e7a tank duvar\u0131na \u00e7arpt\u0131\u011f\u0131nda tank duvar\u0131nda az miktarda hasar meydana gelir. Bu hasar dahili personel taraf\u0131ndan kolayl\u0131kla onar\u0131labilinir.<\/p>\n<p><strong>D\u0131\u015f Koruma<\/strong><br \/>T\u00fcm KVK-tanklar\u0131 sa\u011flam ve orant\u0131l\u0131 bir \u00e7elik \u00e7er\u00e7eve etraf\u0131nda in\u015fa edilir.<\/p>\n<p><img decoding=\"async\" class=\"alignnone wp-image-4841 size-full\" src=\"https:\/\/www.animetal.com.tr\/wp-content\/uploads\/2019\/06\/kvk_tanksVBH_innen_e84.jpg\" alt=\"ANI METAL- KVK Tanks\" width=\"700\" height=\"466\" srcset=\"https:\/\/www.animetal.com.tr\/wp-content\/uploads\/2019\/06\/kvk_tanksVBH_innen_e84.jpg 700w, https:\/\/www.animetal.com.tr\/wp-content\/uploads\/2019\/06\/kvk_tanksVBH_innen_e84-300x200.jpg 300w\" sizes=\"(max-width: 700px) 100vw, 700px\" \/><\/p>\n<p><img decoding=\"async\" src=\"https:\/\/www.animetal.com.tr\/wp-content\/uploads\/2020\/10\/10-kvk-tanks02.jpg\" width=\"700\" height=\"357\" alt=\"ANI METAL- KVK Tanks\" class=\"wp-image-5708 alignnone size-full\" srcset=\"https:\/\/www.animetal.com.tr\/wp-content\/uploads\/2020\/10\/10-kvk-tanks02.jpg 700w, https:\/\/www.animetal.com.tr\/wp-content\/uploads\/2020\/10\/10-kvk-tanks02-480x245.jpg 480w\" sizes=\"(min-width: 0px) and (max-width: 480px) 480px, (min-width: 481px) 700px, 100vw\" \/><\/p>\n<p><img decoding=\"async\" src=\"https:\/\/www.animetal.com.tr\/wp-content\/uploads\/2020\/10\/10-kvk-tanks01.jpg\" width=\"700\" height=\"467\" alt=\"ANI METAL- KVK Tanks\" class=\"wp-image-5704 alignnone size-full\" srcset=\"https:\/\/www.animetal.com.tr\/wp-content\/uploads\/2020\/10\/10-kvk-tanks01.jpg 700w, https:\/\/www.animetal.com.tr\/wp-content\/uploads\/2020\/10\/10-kvk-tanks01-480x320.jpg 480w\" sizes=\"(min-width: 0px) and (max-width: 480px) 480px, (min-width: 481px) 700px, 100vw\" \/><\/p>\n<p><img decoding=\"async\" src=\"https:\/\/www.animetal.com.tr\/wp-content\/uploads\/2020\/10\/10-kvk-tanks03.jpg\" width=\"700\" height=\"298\" alt=\"ANI METAL- KVK Tanks\" class=\"wp-image-5712 alignnone size-full\" srcset=\"https:\/\/www.animetal.com.tr\/wp-content\/uploads\/2020\/10\/10-kvk-tanks03.jpg 700w, https:\/\/www.animetal.com.tr\/wp-content\/uploads\/2020\/10\/10-kvk-tanks03-480x204.jpg 480w\" sizes=\"(min-width: 0px) and (max-width: 480px) 480px, (min-width: 481px) 700px, 100vw\" \/><\/p>\n<p>[\/et_pb_text][\/et_pb_column][et_pb_column type=&#8221;1_3&#8243; _builder_version=&#8221;4.16&#8243; custom_padding=&#8221;|||&#8221; global_colors_info=&#8221;{}&#8221; custom_padding__hover=&#8221;|||&#8221;][et_pb_sidebar area=&#8221;et_pb_widget_area_3&#8243; _builder_version=&#8221;3.0.105&#8243; body_font=&#8221;||||||||&#8221; body_text_color=&#8221;#0c71c3&#8243; background_color=&#8221;rgba(104,153,193,0.12)&#8221; background_color_gradient_direction=&#8221;217deg&#8221; custom_margin=&#8221;|||&#8221; custom_padding=&#8221;10px|10px|10px|25px&#8221; global_module=&#8221;4102&#8243; saved_tabs=&#8221;all&#8221; global_colors_info=&#8221;{}&#8221;][\/et_pb_sidebar][\/et_pb_column][\/et_pb_row][\/et_pb_section]<\/p>\n","protected":false},"excerpt":{"rendered":"<p>KVK Tanklar KVK-tanklar\u0131 \u00f6zel sandvi\u00e7 yap\u0131l\u0131 panellerden imal edilmi\u015ftir. Darbelere dayan\u0131kl\u0131 sentetik seramik bir i\u00e7 dolgu, iki taraf\u0131 fiber takviyeli laminatlarla kaplanm\u0131\u015f ve ayr\u0131lmaz bir par\u00e7a olu\u015fturmu\u015ftur. Ortaya \u00e7\u0131kan \u00fcr\u00fcn, en \u015fiddetli mekanik \u015foklara bile diren\u00e7 g\u00f6sterir. Kimyasal Diren\u00e7KVK y\u00fczey temizleme tanklar\u0131, temizleme s\u00fcrecinde kullan\u0131lan kimyasallara kar\u015f\u0131 mukavemeti y\u00fcksektir. Kaynak Yok!Tank duvarlar\u0131, tank\u0131n t\u00fcm uzunlu\u011fu [&hellip;]<\/p>\n","protected":false},"author":1,"featured_media":0,"parent":2015,"menu_order":0,"comment_status":"closed","ping_status":"closed","template":"","meta":{"_et_pb_use_builder":"on","_et_pb_old_content":"","_et_gb_content_width":"","footnotes":""},"class_list":["post-2042","page","type-page","status-publish","hentry"],"_links":{"self":[{"href":"https:\/\/www.animetal.com.tr\/tr\/wp-json\/wp\/v2\/pages\/2042","targetHints":{"allow":["GET"]}}],"collection":[{"href":"https:\/\/www.animetal.com.tr\/tr\/wp-json\/wp\/v2\/pages"}],"about":[{"href":"https:\/\/www.animetal.com.tr\/tr\/wp-json\/wp\/v2\/types\/page"}],"author":[{"embeddable":true,"href":"https:\/\/www.animetal.com.tr\/tr\/wp-json\/wp\/v2\/users\/1"}],"replies":[{"embeddable":true,"href":"https:\/\/www.animetal.com.tr\/tr\/wp-json\/wp\/v2\/comments?post=2042"}],"version-history":[{"count":0,"href":"https:\/\/www.animetal.com.tr\/tr\/wp-json\/wp\/v2\/pages\/2042\/revisions"}],"up":[{"embeddable":true,"href":"https:\/\/www.animetal.com.tr\/tr\/wp-json\/wp\/v2\/pages\/2015"}],"wp:attachment":[{"href":"https:\/\/www.animetal.com.tr\/tr\/wp-json\/wp\/v2\/media?parent=2042"}],"curies":[{"name":"wp","href":"https:\/\/api.w.org\/{rel}","templated":true}]}}