{"id":2060,"date":"2017-12-14T10:20:12","date_gmt":"2017-12-14T10:20:12","guid":{"rendered":"http:\/\/v2.animetal.com.tr\/?page_id=2060\/"},"modified":"2021-01-28T12:04:54","modified_gmt":"2021-01-28T12:04:54","slug":"polipropilen-tanklar","status":"publish","type":"page","link":"https:\/\/www.animetal.com.tr\/tr\/fabrika-ekipmanlari\/yuzey-islem-tanklari\/polipropilen-tanklar\/","title":{"rendered":"Polipropilen Tanklar"},"content":{"rendered":"<p>[et_pb_section fb_built=&#8221;1&#8243; _builder_version=&#8221;3.22&#8243; custom_padding=&#8221;26px|0px|20px|0px&#8221;][et_pb_row _builder_version=&#8221;3.25&#8243; custom_padding=&#8221;0px|0px|0px|0px&#8221;][et_pb_column type=&#8221;4_4&#8243; _builder_version=&#8221;3.25&#8243; custom_padding=&#8221;|||&#8221; custom_padding__hover=&#8221;|||&#8221;][et_pb_text _builder_version=&#8221;3.27.4&#8243;]<\/p>\n<h1>Polipropilen Tanklar<\/h1>\n<p>[\/et_pb_text][\/et_pb_column][\/et_pb_row][\/et_pb_section][et_pb_section fb_built=&#8221;1&#8243; _builder_version=&#8221;3.22&#8243; custom_padding=&#8221;0px|0px|54px|0px&#8221;][et_pb_row column_structure=&#8221;2_3,1_3&#8243; use_custom_gutter=&#8221;on&#8221; gutter_width=&#8221;1&#8243; _builder_version=&#8221;3.25&#8243; background_color=&#8221;#efefef&#8221; custom_padding=&#8221;0px|0px|0px|0px&#8221;][et_pb_column type=&#8221;2_3&#8243; _builder_version=&#8221;3.25&#8243; custom_padding=&#8221;|||&#8221; custom_padding__hover=&#8221;|||&#8221;][et_pb_image src=&#8221;http:\/\/www.animetal.com.tr\/wp-content\/uploads\/2019\/06\/ani_metal_polypropylene_tanks2.jpg&#8221; force_fullwidth=&#8221;on&#8221; align_tablet=&#8221;center&#8221; align_phone=&#8221;&#8221; align_last_edited=&#8221;on|desktop&#8221; _builder_version=&#8221;3.23&#8243; custom_margin=&#8221;0px|0px|0px|0px&#8221; animation_style=&#8221;slide&#8221; animation_direction=&#8221;left&#8221; animation_duration=&#8221;500ms&#8221; animation_intensity_slide=&#8221;10%&#8221;]<br \/>\n[\/et_pb_image][\/et_pb_column][et_pb_column type=&#8221;1_3&#8243; _builder_version=&#8221;3.25&#8243; custom_padding=&#8221;|||&#8221; custom_padding__hover=&#8221;|||&#8221;][et_pb_cta title=&#8221;Polipropilen Tanklar Bro\u015f\u00fcr\u00fc&#8221; button_url=&#8221;http:\/\/www.animetal.com.tr\/wp-content\/uploads\/2021\/01\/11-polipropilen-tanklar_2021-01-28.pdf&#8221; url_new_window=&#8221;on&#8221; button_text=&#8221;PDF&#8221; _builder_version=&#8221;4.8.1&#8243; use_background_color=&#8221;off&#8221; background_layout=&#8221;light&#8221; custom_margin=&#8221;150px|50px|50px|50px&#8221; hover_enabled=&#8221;0&#8243; button_text_size__hover_enabled=&#8221;off&#8221; button_text_size__hover=&#8221;null&#8221; button_one_text_size__hover_enabled=&#8221;off&#8221; button_one_text_size__hover=&#8221;null&#8221; button_two_text_size__hover_enabled=&#8221;off&#8221; button_two_text_size__hover=&#8221;null&#8221; button_text_color__hover_enabled=&#8221;off&#8221; button_text_color__hover=&#8221;null&#8221; button_one_text_color__hover_enabled=&#8221;off&#8221; button_one_text_color__hover=&#8221;null&#8221; button_two_text_color__hover_enabled=&#8221;off&#8221; button_two_text_color__hover=&#8221;null&#8221; button_border_width__hover_enabled=&#8221;off&#8221; button_border_width__hover=&#8221;null&#8221; button_one_border_width__hover_enabled=&#8221;off&#8221; button_one_border_width__hover=&#8221;null&#8221; button_two_border_width__hover_enabled=&#8221;off&#8221; button_two_border_width__hover=&#8221;null&#8221; button_border_color__hover_enabled=&#8221;off&#8221; button_border_color__hover=&#8221;null&#8221; button_one_border_color__hover_enabled=&#8221;off&#8221; button_one_border_color__hover=&#8221;null&#8221; button_two_border_color__hover_enabled=&#8221;off&#8221; button_two_border_color__hover=&#8221;null&#8221; button_border_radius__hover_enabled=&#8221;off&#8221; button_border_radius__hover=&#8221;null&#8221; button_one_border_radius__hover_enabled=&#8221;off&#8221; button_one_border_radius__hover=&#8221;null&#8221; button_two_border_radius__hover_enabled=&#8221;off&#8221; button_two_border_radius__hover=&#8221;null&#8221; button_letter_spacing__hover_enabled=&#8221;off&#8221; button_letter_spacing__hover=&#8221;null&#8221; button_one_letter_spacing__hover_enabled=&#8221;off&#8221; button_one_letter_spacing__hover=&#8221;null&#8221; button_two_letter_spacing__hover_enabled=&#8221;off&#8221; button_two_letter_spacing__hover=&#8221;null&#8221; button_bg_color__hover_enabled=&#8221;off&#8221; button_bg_color__hover=&#8221;null&#8221; button_one_bg_color__hover_enabled=&#8221;off&#8221; button_one_bg_color__hover=&#8221;null&#8221; button_two_bg_color__hover_enabled=&#8221;off&#8221; button_two_bg_color__hover=&#8221;null&#8221; sticky_enabled=&#8221;0&#8243;][\/et_pb_cta][\/et_pb_column][\/et_pb_row][et_pb_row column_structure=&#8221;2_3,1_3&#8243; use_custom_gutter=&#8221;on&#8221; gutter_width=&#8221;1&#8243; _builder_version=&#8221;3.25&#8243; custom_padding=&#8221;20px|0px|0px|0px&#8221;][et_pb_column type=&#8221;2_3&#8243; _builder_version=&#8221;3.25&#8243; custom_padding=&#8221;|||&#8221; custom_padding__hover=&#8221;|||&#8221;][et_pb_text _builder_version=&#8221;4.7.3&#8243; custom_margin=&#8221;|20px||&#8221;]<\/p>\n<ul>\n<li>Polystone<sup>\u00ae<\/sup> P (Homopolymer) ROECHLING \/ ALMAN masif polipropilen malzeme<\/li>\n<li>Alman DVS 2208-1 standartlar\u0131na uygun PLC kontroll\u00fc \u00f6zel al\u0131n kaynak makinesi ile \u00fcretim<\/li>\n<li>Ekstr\u00fczyon ve f\u00fczyon metoduyla kaynak<\/li>\n<li>Epoksi boyal\u0131 \u00e7elik g\u00fc\u00e7lendirmeler<\/li>\n<li>\u0130stendi\u011finde nakliye masraflar\u0131n\u0131 azaltmak i\u00e7in yerinde kaynak<\/li>\n<li>RITA program\u0131 ile i\u00e7erdi\u011fi kimyasal \/ s\u0131cakl\u0131k ve konsantrasyona g\u00f6re kal\u0131nl\u0131k, malzeme ve \u00e7elik g\u00fc\u00e7lendirme hesaplamas\u0131<\/li>\n<li>Bo\u015faltma doldurma vanalar\u0131 ve tank borulamalar\u0131<\/li>\n<li>Tanklar aras\u0131 kimyasal ve proses suyu boru ba\u011flant\u0131lar\u0131 ve pompalama istasyonlar\u0131<\/li>\n<\/ul>\n<p><img decoding=\"async\" src=\"http:\/\/www.animetal.com.tr\/wp-content\/uploads\/2020\/10\/11-polypropylene-tanks0.jpg\" width=\"700\" height=\"464\" alt=\"ANI Metal - Polypropylene Tanks\" class=\"wp-image-5725 alignnone size-full\" srcset=\"http:\/\/www.animetal.com.tr\/wp-content\/uploads\/2020\/10\/11-polypropylene-tanks0.jpg 700w, http:\/\/www.animetal.com.tr\/wp-content\/uploads\/2020\/10\/11-polypropylene-tanks0-480x318.jpg 480w\" sizes=\"(min-width: 0px) and (max-width: 480px) 480px, (min-width: 481px) 700px, 100vw\" \/><\/p>\n<p><img decoding=\"async\" src=\"http:\/\/www.animetal.com.tr\/wp-content\/uploads\/2020\/10\/11-polypropylene-tanks.jpg\" width=\"700\" height=\"467\" alt=\"ANI Metal - Polypropylene Tanks\" class=\"wp-image-5721 alignnone size-full\" srcset=\"http:\/\/www.animetal.com.tr\/wp-content\/uploads\/2020\/10\/11-polypropylene-tanks.jpg 700w, http:\/\/www.animetal.com.tr\/wp-content\/uploads\/2020\/10\/11-polypropylene-tanks-480x320.jpg 480w\" sizes=\"(min-width: 0px) and (max-width: 480px) 480px, (min-width: 481px) 700px, 100vw\" \/><\/p>\n<p><img decoding=\"async\" class=\"alignnone wp-image-4858 size-full\" src=\"http:\/\/www.animetal.com.tr\/wp-content\/uploads\/2019\/06\/ani_metal_polypropylene_tanks3-1.jpg\" alt=\"ANI METAL- Polypropylene Tanks\" width=\"700\" height=\"591\" srcset=\"https:\/\/www.animetal.com.tr\/wp-content\/uploads\/2019\/06\/ani_metal_polypropylene_tanks3-1.jpg 700w, https:\/\/www.animetal.com.tr\/wp-content\/uploads\/2019\/06\/ani_metal_polypropylene_tanks3-1-300x253.jpg 300w\" sizes=\"(max-width: 700px) 100vw, 700px\" \/><\/p>\n<p>[\/et_pb_text][\/et_pb_column][et_pb_column type=&#8221;1_3&#8243; _builder_version=&#8221;3.25&#8243; custom_padding=&#8221;|||&#8221; custom_padding__hover=&#8221;|||&#8221;][et_pb_sidebar area=&#8221;et_pb_widget_area_3&#8243; _builder_version=&#8221;3.0.105&#8243; body_font=&#8221;||||||||&#8221; body_text_color=&#8221;#0c71c3&#8243; background_color=&#8221;rgba(104,153,193,0.12)&#8221; background_color_gradient_direction=&#8221;217deg&#8221; custom_margin=&#8221;|||&#8221; custom_padding=&#8221;10px|10px|10px|25px&#8221; global_module=&#8221;4102&#8243; saved_tabs=&#8221;all&#8221;][\/et_pb_sidebar][\/et_pb_column][\/et_pb_row][\/et_pb_section]<\/p>\n","protected":false},"excerpt":{"rendered":"<p>Polipropilen Tanklar Polystone\u00ae P (Homopolymer) ROECHLING \/ ALMAN masif polipropilen malzeme Alman DVS 2208-1 standartlar\u0131na uygun PLC kontroll\u00fc \u00f6zel al\u0131n kaynak makinesi ile \u00fcretim Ekstr\u00fczyon ve f\u00fczyon metoduyla kaynak Epoksi boyal\u0131 \u00e7elik g\u00fc\u00e7lendirmeler \u0130stendi\u011finde nakliye masraflar\u0131n\u0131 azaltmak i\u00e7in yerinde kaynak RITA program\u0131 ile i\u00e7erdi\u011fi kimyasal \/ s\u0131cakl\u0131k ve konsantrasyona g\u00f6re kal\u0131nl\u0131k, malzeme ve \u00e7elik g\u00fc\u00e7lendirme [&hellip;]<\/p>\n","protected":false},"author":1,"featured_media":0,"parent":2015,"menu_order":1,"comment_status":"closed","ping_status":"closed","template":"","meta":{"_et_pb_use_builder":"on","_et_pb_old_content":"","_et_gb_content_width":"","footnotes":""},"class_list":["post-2060","page","type-page","status-publish","hentry"],"_links":{"self":[{"href":"https:\/\/www.animetal.com.tr\/tr\/wp-json\/wp\/v2\/pages\/2060","targetHints":{"allow":["GET"]}}],"collection":[{"href":"https:\/\/www.animetal.com.tr\/tr\/wp-json\/wp\/v2\/pages"}],"about":[{"href":"https:\/\/www.animetal.com.tr\/tr\/wp-json\/wp\/v2\/types\/page"}],"author":[{"embeddable":true,"href":"https:\/\/www.animetal.com.tr\/tr\/wp-json\/wp\/v2\/users\/1"}],"replies":[{"embeddable":true,"href":"https:\/\/www.animetal.com.tr\/tr\/wp-json\/wp\/v2\/comments?post=2060"}],"version-history":[{"count":0,"href":"https:\/\/www.animetal.com.tr\/tr\/wp-json\/wp\/v2\/pages\/2060\/revisions"}],"up":[{"embeddable":true,"href":"https:\/\/www.animetal.com.tr\/tr\/wp-json\/wp\/v2\/pages\/2015"}],"wp:attachment":[{"href":"https:\/\/www.animetal.com.tr\/tr\/wp-json\/wp\/v2\/media?parent=2060"}],"curies":[{"name":"wp","href":"https:\/\/api.w.org\/{rel}","templated":true}]}}