{"id":2094,"date":"2017-12-14T10:40:00","date_gmt":"2017-12-14T10:40:29","guid":{"rendered":"http:\/\/v2.animetal.com.tr\/?page_id=2094\/"},"modified":"2022-10-04T09:57:16","modified_gmt":"2022-10-04T09:57:16","slug":"yukleme-bosaltma-istasyonlari","status":"publish","type":"page","link":"https:\/\/www.animetal.com.tr\/tr\/fabrika-ekipmanlari\/yukleme-bosaltma-istasyonlari\/","title":{"rendered":"Y\u00fckleme Bo\u015faltma \u0130stasyonlar\u0131"},"content":{"rendered":"<p>[et_pb_section fb_built=&#8221;1&#8243; _builder_version=&#8221;4.16&#8243; custom_padding=&#8221;32px|0px|20px|0px&#8221; global_colors_info=&#8221;{}&#8221;][et_pb_row _builder_version=&#8221;4.16&#8243; custom_padding=&#8221;0px|0px|0px|0px&#8221; global_colors_info=&#8221;{}&#8221;][et_pb_column type=&#8221;4_4&#8243; _builder_version=&#8221;4.16&#8243; custom_padding=&#8221;|||&#8221; global_colors_info=&#8221;{}&#8221; custom_padding__hover=&#8221;|||&#8221;][et_pb_text _builder_version=&#8221;4.16&#8243; global_colors_info=&#8221;{}&#8221;]<\/p>\n<h1>Y\u00fckleme Bo\u015faltma \u0130stasyonlar\u0131<\/h1>\n<p>[\/et_pb_text][\/et_pb_column][\/et_pb_row][\/et_pb_section][et_pb_section fb_built=&#8221;1&#8243; _builder_version=&#8221;4.16&#8243; custom_padding=&#8221;0px|0px|54px|0px&#8221; global_colors_info=&#8221;{}&#8221;][et_pb_row column_structure=&#8221;2_3,1_3&#8243; use_custom_gutter=&#8221;on&#8221; gutter_width=&#8221;1&#8243; _builder_version=&#8221;4.16&#8243; background_color=&#8221;#efefef&#8221; custom_padding=&#8221;0px|0px|0px|0px&#8221; global_colors_info=&#8221;{}&#8221;][et_pb_column type=&#8221;2_3&#8243; _builder_version=&#8221;4.16&#8243; custom_padding=&#8221;|||&#8221; global_colors_info=&#8221;{}&#8221; custom_padding__hover=&#8221;|||&#8221;][et_pb_image src=&#8221;https:\/\/www.animetal.com.tr\/wp-content\/uploads\/2021\/06\/lifting-2021_4290.jpg&#8221; alt=&#8221;ANI METAL &#8211; Lifting Lowering Stations&#8221; title_text=&#8221;ANI METAL &#8211; Lifting Lowering Stations&#8221; force_fullwidth=&#8221;on&#8221; align_tablet=&#8221;center&#8221; align_phone=&#8221;&#8221; align_last_edited=&#8221;on|desktop&#8221; _builder_version=&#8221;4.16&#8243; custom_margin=&#8221;0px|0px|0px|0px&#8221; animation_style=&#8221;slide&#8221; animation_direction=&#8221;left&#8221; animation_duration=&#8221;500ms&#8221; animation_intensity_slide=&#8221;10%&#8221; global_colors_info=&#8221;{}&#8221;][\/et_pb_image][\/et_pb_column][et_pb_column type=&#8221;1_3&#8243; _builder_version=&#8221;4.16&#8243; custom_padding=&#8221;|||&#8221; global_colors_info=&#8221;{}&#8221; custom_padding__hover=&#8221;|||&#8221;][et_pb_cta title=&#8221;Y\u00fckleme Bo\u015faltma \u0130stasyonlar\u0131 Bro\u015f\u00fcr\u00fc&#8221; button_url=&#8221;https:\/\/www.animetal.com.tr\/wp-content\/uploads\/2022\/10\/ANI-Metal_12-yukleme-bosaltma-istasyonlari_v04.pdf&#8221; url_new_window=&#8221;on&#8221; button_text=&#8221;PDF&#8221; _builder_version=&#8221;4.18.0&#8243; use_background_color=&#8221;off&#8221; background_layout=&#8221;light&#8221; custom_margin=&#8221;240px||50px|&#8221; global_colors_info=&#8221;{}&#8221; button_text_size__hover_enabled=&#8221;off&#8221; button_text_size__hover=&#8221;null&#8221; button_one_text_size__hover_enabled=&#8221;off&#8221; button_one_text_size__hover=&#8221;null&#8221; button_two_text_size__hover_enabled=&#8221;off&#8221; button_two_text_size__hover=&#8221;null&#8221; button_text_color__hover_enabled=&#8221;off&#8221; button_text_color__hover=&#8221;null&#8221; button_one_text_color__hover_enabled=&#8221;off&#8221; button_one_text_color__hover=&#8221;null&#8221; button_two_text_color__hover_enabled=&#8221;off&#8221; button_two_text_color__hover=&#8221;null&#8221; button_border_width__hover_enabled=&#8221;off&#8221; button_border_width__hover=&#8221;null&#8221; button_one_border_width__hover_enabled=&#8221;off&#8221; button_one_border_width__hover=&#8221;null&#8221; button_two_border_width__hover_enabled=&#8221;off&#8221; button_two_border_width__hover=&#8221;null&#8221; button_border_color__hover_enabled=&#8221;off&#8221; button_border_color__hover=&#8221;null&#8221; button_one_border_color__hover_enabled=&#8221;off&#8221; button_one_border_color__hover=&#8221;null&#8221; button_two_border_color__hover_enabled=&#8221;off&#8221; button_two_border_color__hover=&#8221;null&#8221; button_border_radius__hover_enabled=&#8221;off&#8221; button_border_radius__hover=&#8221;null&#8221; button_one_border_radius__hover_enabled=&#8221;off&#8221; button_one_border_radius__hover=&#8221;null&#8221; button_two_border_radius__hover_enabled=&#8221;off&#8221; button_two_border_radius__hover=&#8221;null&#8221; button_letter_spacing__hover_enabled=&#8221;off&#8221; button_letter_spacing__hover=&#8221;null&#8221; button_one_letter_spacing__hover_enabled=&#8221;off&#8221; button_one_letter_spacing__hover=&#8221;null&#8221; button_two_letter_spacing__hover_enabled=&#8221;off&#8221; button_two_letter_spacing__hover=&#8221;null&#8221; button_bg_color__hover_enabled=&#8221;off&#8221; button_bg_color__hover=&#8221;null&#8221; button_one_bg_color__hover_enabled=&#8221;off&#8221; button_one_bg_color__hover=&#8221;null&#8221; button_two_bg_color__hover_enabled=&#8221;off&#8221; button_two_bg_color__hover=&#8221;null&#8221;][\/et_pb_cta][\/et_pb_column][\/et_pb_row][et_pb_row column_structure=&#8221;2_3,1_3&#8243; use_custom_gutter=&#8221;on&#8221; gutter_width=&#8221;1&#8243; _builder_version=&#8221;4.16&#8243; custom_padding=&#8221;20px|0px|0px|0px&#8221; global_colors_info=&#8221;{}&#8221;][et_pb_column type=&#8221;2_3&#8243; _builder_version=&#8221;4.16&#8243; custom_padding=&#8221;|||&#8221; global_colors_info=&#8221;{}&#8221; custom_padding__hover=&#8221;|||&#8221;][et_pb_text _builder_version=&#8221;4.18.0&#8243; custom_margin=&#8221;|20px||&#8221; global_colors_info=&#8221;{}&#8221;]<\/p>\n<div id=\"ez-toc-container\" class=\"ez-toc-v2_0_81 counter-hierarchy ez-toc-counter ez-toc-grey ez-toc-container-direction\">\n<p class=\"ez-toc-title\" style=\"cursor:inherit\">Table of Contents<\/p>\n<label for=\"ez-toc-cssicon-toggle-item-69ea1fe13ee6b\" class=\"ez-toc-cssicon-toggle-label\"><span class=\"ez-toc-cssicon\"><span class=\"eztoc-hide\" style=\"display:none;\">Toggle<\/span><span class=\"ez-toc-icon-toggle-span\"><svg style=\"fill: #999;color:#999\" xmlns=\"http:\/\/www.w3.org\/2000\/svg\" class=\"list-377408\" width=\"20px\" height=\"20px\" viewBox=\"0 0 24 24\" fill=\"none\"><path d=\"M6 6H4v2h2V6zm14 0H8v2h12V6zM4 11h2v2H4v-2zm16 0H8v2h12v-2zM4 16h2v2H4v-2zm16 0H8v2h12v-2z\" fill=\"currentColor\"><\/path><\/svg><svg style=\"fill: #999;color:#999\" class=\"arrow-unsorted-368013\" xmlns=\"http:\/\/www.w3.org\/2000\/svg\" width=\"10px\" height=\"10px\" viewBox=\"0 0 24 24\" version=\"1.2\" baseProfile=\"tiny\"><path d=\"M18.2 9.3l-6.2-6.3-6.2 6.3c-.2.2-.3.4-.3.7s.1.5.3.7c.2.2.4.3.7.3h11c.3 0 .5-.1.7-.3.2-.2.3-.5.3-.7s-.1-.5-.3-.7zM5.8 14.7l6.2 6.3 6.2-6.3c.2-.2.3-.5.3-.7s-.1-.5-.3-.7c-.2-.2-.4-.3-.7-.3h-11c-.3 0-.5.1-.7.3-.2.2-.3.5-.3.7s.1.5.3.7z\"\/><\/svg><\/span><\/span><\/label><input type=\"checkbox\"  id=\"ez-toc-cssicon-toggle-item-69ea1fe13ee6b\"  aria-label=\"A\u00e7\/Kapat\" \/><nav><ul class='ez-toc-list ez-toc-list-level-1 ' ><li class='ez-toc-page-1 ez-toc-heading-level-3'><a class=\"ez-toc-link ez-toc-heading-1\" href=\"https:\/\/www.animetal.com.tr\/tr\/fabrika-ekipmanlari\/yukleme-bosaltma-istasyonlari\/#Hidrolik_Tip_Halatli_Tip_Zincirli_Tip_Hibrit_Tip\" >Hidrolik Tip, Halatl\u0131 Tip, Zincirli Tip, Hibrit Tip<\/a><\/li><\/ul><\/nav><\/div>\n<h3><span class=\"ez-toc-section\" id=\"Hidrolik_Tip_Halatli_Tip_Zincirli_Tip_Hibrit_Tip\"><\/span>Hidrolik Tip, Halatl\u0131 Tip, Zincirli Tip, Hibrit Tip<span class=\"ez-toc-section-end\"><\/span><\/h3>\n<ul>\n<li>A\u011f\u0131r hizmet tipi tasar\u0131m<\/li>\n<li>Elektro hidrolik ya da elektrik motorlu kald\u0131rma indirme mekanizmas\u0131<\/li>\n<li>\u0130ki kolon aras\u0131 senkronizasyon<\/li>\n<li>Ayarlanabilir indirme kald\u0131rma y\u00fcksekli\u011fi<\/li>\n<li>Jig\/sal d\u00fc\u015fmesini \u00f6nleyici g\u00fcvenlik mekanizmas\u0131<\/li>\n<li>Otomasyona uyarlanabilir<\/li>\n<\/ul>\n<p><img decoding=\"async\" src=\"https:\/\/www.animetal.com.tr\/wp-content\/uploads\/2021\/06\/lifting-2021_4571.jpg\" width=\"700\" height=\"619\" alt=\"ANI METAL - Lifting Lowering Stations\" class=\"wp-image-7595 alignnone size-full\" srcset=\"https:\/\/www.animetal.com.tr\/wp-content\/uploads\/2021\/06\/lifting-2021_4571.jpg 700w, https:\/\/www.animetal.com.tr\/wp-content\/uploads\/2021\/06\/lifting-2021_4571-480x424.jpg 480w\" sizes=\"(min-width: 0px) and (max-width: 480px) 480px, (min-width: 481px) 700px, 100vw\" \/><\/p>\n<p><img decoding=\"async\" class=\"wp-image-5729 size-full\" title=\"Lifting Lowering Stations \" src=\"https:\/\/www.animetal.com.tr\/wp-content\/uploads\/2020\/10\/12-lifting-lowering-stations01.jpg\" alt=\"ANI ANI Metal - Lifting Lowering Stations\" width=\"700\" height=\"476\" srcset=\"https:\/\/www.animetal.com.tr\/wp-content\/uploads\/2020\/10\/12-lifting-lowering-stations01.jpg 700w, https:\/\/www.animetal.com.tr\/wp-content\/uploads\/2020\/10\/12-lifting-lowering-stations01-480x326.jpg 480w\" sizes=\"(min-width: 0px) and (max-width: 480px) 480px, (min-width: 481px) 700px, 100vw\" \/><\/p>\n<p><img decoding=\"async\" src=\"https:\/\/www.animetal.com.tr\/wp-content\/uploads\/2022\/10\/animetal-lifting04.jpg\" width=\"700\" height=\"723\" alt=\"ANI METAL - Lifting Lowering Stations\" class=\"wp-image-10329 alignnone size-full\" srcset=\"https:\/\/www.animetal.com.tr\/wp-content\/uploads\/2022\/10\/animetal-lifting04.jpg 700w, https:\/\/www.animetal.com.tr\/wp-content\/uploads\/2022\/10\/animetal-lifting04-480x496.jpg 480w\" sizes=\"(min-width: 0px) and (max-width: 480px) 480px, (min-width: 481px) 700px, 100vw\" \/><\/p>\n<p><img decoding=\"async\" src=\"https:\/\/www.animetal.com.tr\/wp-content\/uploads\/2022\/10\/animetal-lifting05.jpg\" width=\"700\" height=\"559\" alt=\"ANI METAL - Lifting Lowering Stations\" class=\"wp-image-10319 alignnone size-full\" srcset=\"https:\/\/www.animetal.com.tr\/wp-content\/uploads\/2022\/10\/animetal-lifting05.jpg 700w, https:\/\/www.animetal.com.tr\/wp-content\/uploads\/2022\/10\/animetal-lifting05-480x383.jpg 480w\" sizes=\"(min-width: 0px) and (max-width: 480px) 480px, (min-width: 481px) 700px, 100vw\" \/><\/p>\n<p><img decoding=\"async\" src=\"https:\/\/www.animetal.com.tr\/wp-content\/uploads\/2022\/10\/animetal-lifting06.jpg\" width=\"700\" height=\"467\" alt=\"ANI METAL - Lifting Lowering Stations\" class=\"wp-image-10324 alignnone size-full\" srcset=\"https:\/\/www.animetal.com.tr\/wp-content\/uploads\/2022\/10\/animetal-lifting06.jpg 700w, https:\/\/www.animetal.com.tr\/wp-content\/uploads\/2022\/10\/animetal-lifting06-480x320.jpg 480w\" sizes=\"(min-width: 0px) and (max-width: 480px) 480px, (min-width: 481px) 700px, 100vw\" \/><\/p>\n<p>&nbsp;<\/p>\n<p>&nbsp;<\/p>\n<p>\n<script src=\"chrome-extension:\/\/hhojmcideegachlhfgfdhailpfhgknjm\/web_accessible_resources\/index.js\"><\/script>\n<\/p>\n<p>[\/et_pb_text][\/et_pb_column][et_pb_column type=&#8221;1_3&#8243; _builder_version=&#8221;4.16&#8243; custom_padding=&#8221;|||&#8221; global_colors_info=&#8221;{}&#8221; custom_padding__hover=&#8221;|||&#8221;][et_pb_sidebar area=&#8221;et_pb_widget_area_3&#8243; _builder_version=&#8221;3.0.105&#8243; body_font=&#8221;||||||||&#8221; body_text_color=&#8221;#0c71c3&#8243; background_color=&#8221;rgba(104,153,193,0.12)&#8221; background_color_gradient_direction=&#8221;217deg&#8221; custom_margin=&#8221;|||&#8221; custom_padding=&#8221;10px|10px|10px|25px&#8221; global_module=&#8221;4102&#8243; saved_tabs=&#8221;all&#8221; global_colors_info=&#8221;{}&#8221;][\/et_pb_sidebar][\/et_pb_column][\/et_pb_row][\/et_pb_section]<\/p>\n","protected":false},"excerpt":{"rendered":"<p>Y\u00fckleme Bo\u015faltma \u0130stasyonlar\u0131Hidrolik Tip, Halatl\u0131 Tip, Zincirli Tip, Hibrit Tip A\u011f\u0131r hizmet tipi tasar\u0131m Elektro hidrolik ya da elektrik motorlu kald\u0131rma indirme mekanizmas\u0131 \u0130ki kolon aras\u0131 senkronizasyon Ayarlanabilir indirme kald\u0131rma y\u00fcksekli\u011fi Jig\/sal d\u00fc\u015fmesini \u00f6nleyici g\u00fcvenlik mekanizmas\u0131 Otomasyona uyarlanabilir &nbsp; &nbsp;<\/p>\n","protected":false},"author":1,"featured_media":0,"parent":3766,"menu_order":10,"comment_status":"closed","ping_status":"closed","template":"","meta":{"_et_pb_use_builder":"on","_et_pb_old_content":"","_et_gb_content_width":"","footnotes":""},"class_list":["post-2094","page","type-page","status-publish","hentry"],"_links":{"self":[{"href":"https:\/\/www.animetal.com.tr\/tr\/wp-json\/wp\/v2\/pages\/2094","targetHints":{"allow":["GET"]}}],"collection":[{"href":"https:\/\/www.animetal.com.tr\/tr\/wp-json\/wp\/v2\/pages"}],"about":[{"href":"https:\/\/www.animetal.com.tr\/tr\/wp-json\/wp\/v2\/types\/page"}],"author":[{"embeddable":true,"href":"https:\/\/www.animetal.com.tr\/tr\/wp-json\/wp\/v2\/users\/1"}],"replies":[{"embeddable":true,"href":"https:\/\/www.animetal.com.tr\/tr\/wp-json\/wp\/v2\/comments?post=2094"}],"version-history":[{"count":0,"href":"https:\/\/www.animetal.com.tr\/tr\/wp-json\/wp\/v2\/pages\/2094\/revisions"}],"up":[{"embeddable":true,"href":"https:\/\/www.animetal.com.tr\/tr\/wp-json\/wp\/v2\/pages\/3766"}],"wp:attachment":[{"href":"https:\/\/www.animetal.com.tr\/tr\/wp-json\/wp\/v2\/media?parent=2094"}],"curies":[{"name":"wp","href":"https:\/\/api.w.org\/{rel}","templated":true}]}}