{"id":2113,"date":"2017-12-14T10:45:46","date_gmt":"2017-12-14T10:45:46","guid":{"rendered":"http:\/\/v2.animetal.com.tr\/?page_id=2113\/"},"modified":"2021-06-24T11:53:38","modified_gmt":"2021-06-24T11:53:38","slug":"konveyorler-ve-transfer-arabalari","status":"publish","type":"page","link":"https:\/\/www.animetal.com.tr\/tr\/fabrika-ekipmanlari\/konveyorler-ve-transfer-arabalari\/","title":{"rendered":"Konvey\u00f6rler ve Transfer Arabalar\u0131"},"content":{"rendered":"<p>[et_pb_section fb_built=&#8221;1&#8243; _builder_version=&#8221;3.22&#8243; custom_padding=&#8221;26px|0px|20px|0px&#8221;][et_pb_row _builder_version=&#8221;3.25&#8243; custom_padding=&#8221;0px|0px|0px|0px&#8221;][et_pb_column type=&#8221;4_4&#8243; _builder_version=&#8221;3.25&#8243; custom_padding=&#8221;|||&#8221; custom_padding__hover=&#8221;|||&#8221;][et_pb_text _builder_version=&#8221;4.7.3&#8243;]<\/p>\n<h1>Konvey\u00f6rler ve Transfer Arabalar\u0131<\/h1>\n<p>[\/et_pb_text][\/et_pb_column][\/et_pb_row][\/et_pb_section][et_pb_section fb_built=&#8221;1&#8243; _builder_version=&#8221;3.22&#8243; custom_padding=&#8221;0px|0px|54px|0px&#8221;][et_pb_row column_structure=&#8221;2_3,1_3&#8243; use_custom_gutter=&#8221;on&#8221; gutter_width=&#8221;1&#8243; _builder_version=&#8221;3.25&#8243; background_color=&#8221;#efefef&#8221; custom_padding=&#8221;0px|0px|0px|0px&#8221;][et_pb_column type=&#8221;2_3&#8243; _builder_version=&#8221;3.25&#8243; custom_padding=&#8221;|||&#8221; custom_padding__hover=&#8221;|||&#8221;][et_pb_image src=&#8221;https:\/\/www.animetal.com.tr\/wp-content\/uploads\/2019\/06\/conveyors_and_transfer_trolleys_0065.jpg&#8221; force_fullwidth=&#8221;on&#8221; align_tablet=&#8221;center&#8221; align_phone=&#8221;&#8221; align_last_edited=&#8221;on|desktop&#8221; _builder_version=&#8221;3.23&#8243; custom_margin=&#8221;0px|0px|0px|0px&#8221; animation_style=&#8221;slide&#8221; animation_direction=&#8221;left&#8221; animation_duration=&#8221;500ms&#8221; animation_intensity_slide=&#8221;10%&#8221;]<br \/>\n[\/et_pb_image][\/et_pb_column][et_pb_column type=&#8221;1_3&#8243; _builder_version=&#8221;3.25&#8243; custom_padding=&#8221;|||&#8221; custom_padding__hover=&#8221;|||&#8221;][et_pb_cta title=&#8221;Konvey\u00f6rler ve Transfer Arabalar\u0131 Bro\u015f\u00fcr\u00fc&#8221; button_url=&#8221;https:\/\/www.animetal.com.tr\/wp-content\/uploads\/2021\/06\/ANI-Metal_13-konveyorler-transfer-arabalari_v03.pdf&#8221; url_new_window=&#8221;on&#8221; button_text=&#8221;PDF&#8221; _builder_version=&#8221;4.9.7&#8243; use_background_color=&#8221;off&#8221; background_layout=&#8221;light&#8221; custom_margin=&#8221;60px|9px|10px|||&#8221; hover_enabled=&#8221;0&#8243; locked=&#8221;off&#8221; button_text_size__hover_enabled=&#8221;off&#8221; button_text_size__hover=&#8221;null&#8221; button_one_text_size__hover_enabled=&#8221;off&#8221; button_one_text_size__hover=&#8221;null&#8221; button_two_text_size__hover_enabled=&#8221;off&#8221; button_two_text_size__hover=&#8221;null&#8221; button_text_color__hover_enabled=&#8221;off&#8221; button_text_color__hover=&#8221;null&#8221; button_one_text_color__hover_enabled=&#8221;off&#8221; button_one_text_color__hover=&#8221;null&#8221; button_two_text_color__hover_enabled=&#8221;off&#8221; button_two_text_color__hover=&#8221;null&#8221; button_border_width__hover_enabled=&#8221;off&#8221; button_border_width__hover=&#8221;null&#8221; button_one_border_width__hover_enabled=&#8221;off&#8221; button_one_border_width__hover=&#8221;null&#8221; button_two_border_width__hover_enabled=&#8221;off&#8221; button_two_border_width__hover=&#8221;null&#8221; button_border_color__hover_enabled=&#8221;off&#8221; button_border_color__hover=&#8221;null&#8221; button_one_border_color__hover_enabled=&#8221;off&#8221; button_one_border_color__hover=&#8221;null&#8221; button_two_border_color__hover_enabled=&#8221;off&#8221; button_two_border_color__hover=&#8221;null&#8221; button_border_radius__hover_enabled=&#8221;off&#8221; button_border_radius__hover=&#8221;null&#8221; button_one_border_radius__hover_enabled=&#8221;off&#8221; button_one_border_radius__hover=&#8221;null&#8221; button_two_border_radius__hover_enabled=&#8221;off&#8221; button_two_border_radius__hover=&#8221;null&#8221; button_letter_spacing__hover_enabled=&#8221;off&#8221; button_letter_spacing__hover=&#8221;null&#8221; button_one_letter_spacing__hover_enabled=&#8221;off&#8221; button_one_letter_spacing__hover=&#8221;null&#8221; button_two_letter_spacing__hover_enabled=&#8221;off&#8221; button_two_letter_spacing__hover=&#8221;null&#8221; button_bg_color__hover_enabled=&#8221;off&#8221; button_bg_color__hover=&#8221;null&#8221; button_one_bg_color__hover_enabled=&#8221;off&#8221; button_one_bg_color__hover=&#8221;null&#8221; button_two_bg_color__hover_enabled=&#8221;off&#8221; button_two_bg_color__hover=&#8221;null&#8221; sticky_enabled=&#8221;0&#8243;][\/et_pb_cta][\/et_pb_column][\/et_pb_row][et_pb_row column_structure=&#8221;2_3,1_3&#8243; use_custom_gutter=&#8221;on&#8221; gutter_width=&#8221;1&#8243; _builder_version=&#8221;3.25&#8243; custom_padding=&#8221;20px|0px|0px|0px&#8221;][et_pb_column type=&#8221;2_3&#8243; _builder_version=&#8221;3.25&#8243; custom_padding=&#8221;|||&#8221; custom_padding__hover=&#8221;|||&#8221;][et_pb_text _builder_version=&#8221;4.9.7&#8243; custom_margin=&#8221;|20px||&#8221;]<\/p>\n<p><strong>Konvey\u00f6rler<\/strong><\/p>\n<ul>\n<li>A\u011f\u0131r hizmet tipi \u00e7elik konstr\u00fcksiyon<\/li>\n<li>Transfer arabalar\u0131na otomatik y\u00fckleme opsiyonu<\/li>\n<li>Fabrika tasar\u0131m\u0131na ba\u011fl\u0131 \u00fc\u00e7 ya da daha fazla jig kapasiteli<\/li>\n<li>Otomatik Pozisyon belirleme ve vin\u00e7lerle haberle\u015fme<\/li>\n<li>A\u011f\u0131r hizmet tipi y\u00fcr\u00fct\u00fcc\u00fc motorlar<\/li>\n<li>\u00d6zel \u00fcretim ve \u0131s\u0131l i\u015flemli zincirler<\/li>\n<li>Her jig\/ask\u0131 tipine, kapasitesine, uzunlu\u011funa ve y\u00fcksekli\u011fine uygun a\u011f\u0131r hizmet tipi tasar\u0131m<\/li>\n<li>Jig\/sal d\u00fc\u015fmesini \u00f6nleyici tasar\u0131m<\/li>\n<\/ul>\n<p><strong>Transfer Arabalar\u0131<\/strong><\/p>\n<ul>\n<li>A\u011f\u0131r hizmet tipi \u00e7elik konstr\u00fcks\u00fcyon imalat<\/li>\n<li>Asite dayan\u0131kl\u0131 epoksi boya<\/li>\n<li>Otomatik durdurma mekanizmas\u0131<\/li>\n<li>A\u011f\u0131r y\u00fck alt\u0131nda ve s\u00fcrekli \u00e7al\u0131\u015fmaya elveri\u015fli teker bloklar\u0131 ve y\u00fcr\u00fct\u00fcc\u00fc motor<\/li>\n<\/ul>\n<p><img decoding=\"async\" class=\"wp-image-5746 size-full\" title=\"Conveyors and Transfer Trolleys - Galvanizing | ANI METAL\" src=\"https:\/\/www.animetal.com.tr\/wp-content\/uploads\/2020\/10\/13-conveyors-trolleys02.jpg\" alt=\"ANI Metal - Conveyors and Trolleys\" width=\"700\" height=\"440\" srcset=\"https:\/\/www.animetal.com.tr\/wp-content\/uploads\/2020\/10\/13-conveyors-trolleys02.jpg 700w, https:\/\/www.animetal.com.tr\/wp-content\/uploads\/2020\/10\/13-conveyors-trolleys02-480x302.jpg 480w\" sizes=\"(min-width: 0px) and (max-width: 480px) 480px, (min-width: 481px) 700px, 100vw\" \/><\/p>\n<p><img decoding=\"async\" src=\"https:\/\/www.animetal.com.tr\/wp-content\/uploads\/2021\/06\/trolley-2021_3695.jpg\" width=\"700\" height=\"468\" alt=\"Conveyors and Transfer Trolleys\" class=\"wp-image-7530 alignnone size-full\" srcset=\"https:\/\/www.animetal.com.tr\/wp-content\/uploads\/2021\/06\/trolley-2021_3695.jpg 700w, https:\/\/www.animetal.com.tr\/wp-content\/uploads\/2021\/06\/trolley-2021_3695-480x321.jpg 480w\" sizes=\"(min-width: 0px) and (max-width: 480px) 480px, (min-width: 481px) 700px, 100vw\" \/><\/p>\n<p><img decoding=\"async\" class=\"wp-image-4896 size-full\" title=\"conveyors, transfer trolleys\" src=\"https:\/\/www.animetal.com.tr\/wp-content\/uploads\/2019\/06\/conveyors_and_transfer_trolleys_0149.jpg\" alt=\"ANI METAL- Conveyors and Transfer Trolleys\" width=\"700\" height=\"503\" srcset=\"https:\/\/www.animetal.com.tr\/wp-content\/uploads\/2019\/06\/conveyors_and_transfer_trolleys_0149.jpg 700w, https:\/\/www.animetal.com.tr\/wp-content\/uploads\/2019\/06\/conveyors_and_transfer_trolleys_0149-300x216.jpg 300w\" sizes=\"(max-width: 700px) 100vw, 700px\" \/><\/p>\n<p><img decoding=\"async\" class=\"wp-image-5750 size-full\" title=\"conveyors, transfer trolleys\" src=\"https:\/\/www.animetal.com.tr\/wp-content\/uploads\/2020\/10\/13-conveyors-trolleys03.jpg\" alt=\"ANI Metal - Conveyors and Trolleys\" width=\"700\" height=\"529\" srcset=\"https:\/\/www.animetal.com.tr\/wp-content\/uploads\/2020\/10\/13-conveyors-trolleys03.jpg 700w, https:\/\/www.animetal.com.tr\/wp-content\/uploads\/2020\/10\/13-conveyors-trolleys03-480x363.jpg 480w\" sizes=\"(min-width: 0px) and (max-width: 480px) 480px, (min-width: 481px) 700px, 100vw\" \/><\/p>\n<p><img decoding=\"async\" class=\"wp-image-5742 size-full\" title=\"conveyors, transfer trolleys\" src=\"https:\/\/www.animetal.com.tr\/wp-content\/uploads\/2020\/10\/13-conveyors-trolleys01.jpg\" alt=\"ANI Metal - Conveyors and Trolleys\" width=\"700\" height=\"472\" srcset=\"https:\/\/www.animetal.com.tr\/wp-content\/uploads\/2020\/10\/13-conveyors-trolleys01.jpg 700w, https:\/\/www.animetal.com.tr\/wp-content\/uploads\/2020\/10\/13-conveyors-trolleys01-480x324.jpg 480w\" sizes=\"(min-width: 0px) and (max-width: 480px) 480px, (min-width: 481px) 700px, 100vw\" \/><\/p>\n<p><img decoding=\"async\" src=\"https:\/\/www.animetal.com.tr\/wp-content\/uploads\/2021\/06\/trolley-2021_3493.jpg\" width=\"700\" height=\"604\" alt=\"Conveyors and Transfer Trolleys\" class=\"wp-image-7527 alignnone size-full\" srcset=\"https:\/\/www.animetal.com.tr\/wp-content\/uploads\/2021\/06\/trolley-2021_3493.jpg 700w, https:\/\/www.animetal.com.tr\/wp-content\/uploads\/2021\/06\/trolley-2021_3493-480x414.jpg 480w\" sizes=\"(min-width: 0px) and (max-width: 480px) 480px, (min-width: 481px) 700px, 100vw\" \/><\/p>\n<p><img decoding=\"async\" class=\"wp-image-4900 size-full\" title=\"conveyors, transfer trolleys\" src=\"https:\/\/www.animetal.com.tr\/wp-content\/uploads\/2019\/06\/conveyors_and_transfer_trolleys_20171221_144029-1024x498.jpg\" alt=\"ANI METAL- Conveyors and Transfer Trolleys\" width=\"700\" height=\"340\" srcset=\"https:\/\/www.animetal.com.tr\/wp-content\/uploads\/2019\/06\/conveyors_and_transfer_trolleys_20171221_144029-1024x498.jpg 700w, https:\/\/www.animetal.com.tr\/wp-content\/uploads\/2019\/06\/conveyors_and_transfer_trolleys_20171221_144029-1024x498-300x146.jpg 300w\" sizes=\"(max-width: 700px) 100vw, 700px\" \/><\/p>\n<p><img decoding=\"async\" class=\"wp-image-4910 size-full\" title=\"conveyors, transfer trolleys\" src=\"https:\/\/www.animetal.com.tr\/wp-content\/uploads\/2019\/06\/conveyors_and_transfer_trolleys_0069.jpg\" alt=\"ANI METAL- Conveyors and Transfer Trolleys\" width=\"700\" height=\"525\" srcset=\"https:\/\/www.animetal.com.tr\/wp-content\/uploads\/2019\/06\/conveyors_and_transfer_trolleys_0069.jpg 700w, https:\/\/www.animetal.com.tr\/wp-content\/uploads\/2019\/06\/conveyors_and_transfer_trolleys_0069-300x225.jpg 300w, https:\/\/www.animetal.com.tr\/wp-content\/uploads\/2019\/06\/conveyors_and_transfer_trolleys_0069-510x382.jpg 510w\" sizes=\"(max-width: 700px) 100vw, 700px\" \/><\/p>\n<p><img decoding=\"async\" src=\"https:\/\/www.animetal.com.tr\/wp-content\/uploads\/2021\/06\/trolley-2021_3001.jpg\" width=\"700\" height=\"385\" alt=\"Conveyors and Transfer Trolleys\" class=\"wp-image-7524 alignnone size-full\" srcset=\"https:\/\/www.animetal.com.tr\/wp-content\/uploads\/2021\/06\/trolley-2021_3001.jpg 700w, https:\/\/www.animetal.com.tr\/wp-content\/uploads\/2021\/06\/trolley-2021_3001-480x264.jpg 480w\" sizes=\"(min-width: 0px) and (max-width: 480px) 480px, (min-width: 481px) 700px, 100vw\" \/><\/p>\n<p>\n<script src=\"chrome-extension:\/\/hhojmcideegachlhfgfdhailpfhgknjm\/web_accessible_resources\/index.js\"><\/script>\n<\/p>\n<p>[\/et_pb_text][\/et_pb_column][et_pb_column type=&#8221;1_3&#8243; _builder_version=&#8221;3.25&#8243; custom_padding=&#8221;|||&#8221; custom_padding__hover=&#8221;|||&#8221;][et_pb_sidebar area=&#8221;et_pb_widget_area_3&#8243; _builder_version=&#8221;3.0.105&#8243; body_font=&#8221;||||||||&#8221; body_text_color=&#8221;#0c71c3&#8243; background_color=&#8221;rgba(104,153,193,0.12)&#8221; background_color_gradient_direction=&#8221;217deg&#8221; custom_margin=&#8221;|||&#8221; custom_padding=&#8221;10px|10px|10px|25px&#8221; global_module=&#8221;4102&#8243; saved_tabs=&#8221;all&#8221;][\/et_pb_sidebar][\/et_pb_column][\/et_pb_row][\/et_pb_section]<\/p>\n","protected":false},"excerpt":{"rendered":"<p>Konvey\u00f6rler ve Transfer Arabalar\u0131 Konvey\u00f6rler A\u011f\u0131r hizmet tipi \u00e7elik konstr\u00fcksiyon Transfer arabalar\u0131na otomatik y\u00fckleme opsiyonu Fabrika tasar\u0131m\u0131na ba\u011fl\u0131 \u00fc\u00e7 ya da daha fazla jig kapasiteli Otomatik Pozisyon belirleme ve vin\u00e7lerle haberle\u015fme A\u011f\u0131r hizmet tipi y\u00fcr\u00fct\u00fcc\u00fc motorlar \u00d6zel \u00fcretim ve \u0131s\u0131l i\u015flemli zincirler Her jig\/ask\u0131 tipine, kapasitesine, uzunlu\u011funa ve y\u00fcksekli\u011fine uygun a\u011f\u0131r hizmet tipi tasar\u0131m Jig\/sal [&hellip;]<\/p>\n","protected":false},"author":1,"featured_media":0,"parent":3766,"menu_order":8,"comment_status":"closed","ping_status":"closed","template":"","meta":{"_et_pb_use_builder":"on","_et_pb_old_content":"","_et_gb_content_width":"","footnotes":""},"class_list":["post-2113","page","type-page","status-publish","hentry"],"_links":{"self":[{"href":"https:\/\/www.animetal.com.tr\/tr\/wp-json\/wp\/v2\/pages\/2113","targetHints":{"allow":["GET"]}}],"collection":[{"href":"https:\/\/www.animetal.com.tr\/tr\/wp-json\/wp\/v2\/pages"}],"about":[{"href":"https:\/\/www.animetal.com.tr\/tr\/wp-json\/wp\/v2\/types\/page"}],"author":[{"embeddable":true,"href":"https:\/\/www.animetal.com.tr\/tr\/wp-json\/wp\/v2\/users\/1"}],"replies":[{"embeddable":true,"href":"https:\/\/www.animetal.com.tr\/tr\/wp-json\/wp\/v2\/comments?post=2113"}],"version-history":[{"count":0,"href":"https:\/\/www.animetal.com.tr\/tr\/wp-json\/wp\/v2\/pages\/2113\/revisions"}],"up":[{"embeddable":true,"href":"https:\/\/www.animetal.com.tr\/tr\/wp-json\/wp\/v2\/pages\/3766"}],"wp:attachment":[{"href":"https:\/\/www.animetal.com.tr\/tr\/wp-json\/wp\/v2\/media?parent=2113"}],"curies":[{"name":"wp","href":"https:\/\/api.w.org\/{rel}","templated":true}]}}