{"id":2117,"date":"2017-12-14T10:49:17","date_gmt":"2017-12-14T10:49:17","guid":{"rendered":"http:\/\/v2.animetal.com.tr\/?page_id=2117\/"},"modified":"2025-08-14T12:50:33","modified_gmt":"2025-08-14T12:50:33","slug":"asit-geri-kazanim-sistemleri","status":"publish","type":"page","link":"https:\/\/www.animetal.com.tr\/tr\/fabrika-ekipmanlari\/asit-geri-kazanim-sistemleri\/","title":{"rendered":"Asit Geri Kazan\u0131m Sistemleri"},"content":{"rendered":"<p>[et_pb_section fb_built=&#8221;1&#8243; _builder_version=&#8221;4.16&#8243; custom_padding=&#8221;26px|0px|20px|0px&#8221; global_colors_info=&#8221;{}&#8221;][et_pb_row _builder_version=&#8221;4.16&#8243; background_size=&#8221;initial&#8221; background_position=&#8221;top_left&#8221; background_repeat=&#8221;repeat&#8221; custom_padding=&#8221;0px|0px|0px|0px&#8221; global_colors_info=&#8221;{}&#8221;][et_pb_column type=&#8221;4_4&#8243; _builder_version=&#8221;4.16&#8243; custom_padding=&#8221;|||&#8221; global_colors_info=&#8221;{}&#8221; custom_padding__hover=&#8221;|||&#8221;][et_pb_text _builder_version=&#8221;4.27.4&#8243; hover_enabled=&#8221;0&#8243; global_colors_info=&#8221;{}&#8221; sticky_enabled=&#8221;0&#8243;]<\/p>\n<h1>Asit Geri Kazan\u0131m Sistemleri<\/h1>\n<p>[\/et_pb_text][\/et_pb_column][\/et_pb_row][\/et_pb_section][et_pb_section fb_built=&#8221;1&#8243; _builder_version=&#8221;4.16&#8243; custom_padding=&#8221;0px|0px|54px|0px&#8221; global_colors_info=&#8221;{}&#8221;][et_pb_row column_structure=&#8221;2_3,1_3&#8243; use_custom_gutter=&#8221;on&#8221; gutter_width=&#8221;1&#8243; _builder_version=&#8221;4.16&#8243; background_color=&#8221;#efefef&#8221; custom_padding=&#8221;0px|0px|0px|0px&#8221; global_colors_info=&#8221;{}&#8221;][et_pb_column type=&#8221;2_3&#8243; _builder_version=&#8221;4.16&#8243; custom_padding=&#8221;|||&#8221; global_colors_info=&#8221;{}&#8221; custom_padding__hover=&#8221;|||&#8221;][et_pb_image src=&#8221;https:\/\/www.animetal.com.tr\/wp-content\/uploads\/2019\/06\/ani_metal_hydrochloric_acid_recycling_system_4645.jpg&#8221; force_fullwidth=&#8221;on&#8221; align_tablet=&#8221;center&#8221; align_phone=&#8221;&#8221; align_last_edited=&#8221;on|desktop&#8221; _builder_version=&#8221;4.16&#8243; custom_margin=&#8221;0px|0px|0px|0px&#8221; animation_style=&#8221;slide&#8221; animation_direction=&#8221;left&#8221; animation_duration=&#8221;500ms&#8221; animation_intensity_slide=&#8221;10%&#8221; global_colors_info=&#8221;{}&#8221;]<br \/>\n[\/et_pb_image][\/et_pb_column][et_pb_column type=&#8221;1_3&#8243; _builder_version=&#8221;4.16&#8243; custom_padding=&#8221;|||&#8221; global_colors_info=&#8221;{}&#8221; custom_padding__hover=&#8221;|||&#8221;][et_pb_cta title=&#8221;Asit Geri Kazan\u0131m Sistemleri Bro\u015f\u00fcr\u00fc&#8221; url_new_window=&#8221;on&#8221; button_text=&#8221;PDF&#8221; disabled_on=&#8221;on|on|on&#8221; _builder_version=&#8221;4.27.4&#8243; use_background_color=&#8221;off&#8221; background_layout=&#8221;light&#8221; custom_margin=&#8221;230px|30px|50px|30px&#8221; disabled=&#8221;on&#8221; global_colors_info=&#8221;{}&#8221; button_text_size__hover_enabled=&#8221;off&#8221; button_text_size__hover=&#8221;null&#8221; button_one_text_size__hover_enabled=&#8221;off&#8221; button_one_text_size__hover=&#8221;null&#8221; button_two_text_size__hover_enabled=&#8221;off&#8221; button_two_text_size__hover=&#8221;null&#8221; button_text_color__hover_enabled=&#8221;off&#8221; button_text_color__hover=&#8221;null&#8221; button_one_text_color__hover_enabled=&#8221;off&#8221; button_one_text_color__hover=&#8221;null&#8221; button_two_text_color__hover_enabled=&#8221;off&#8221; button_two_text_color__hover=&#8221;null&#8221; button_border_width__hover_enabled=&#8221;off&#8221; button_border_width__hover=&#8221;null&#8221; button_one_border_width__hover_enabled=&#8221;off&#8221; button_one_border_width__hover=&#8221;null&#8221; button_two_border_width__hover_enabled=&#8221;off&#8221; button_two_border_width__hover=&#8221;null&#8221; button_border_color__hover_enabled=&#8221;off&#8221; button_border_color__hover=&#8221;null&#8221; button_one_border_color__hover_enabled=&#8221;off&#8221; button_one_border_color__hover=&#8221;null&#8221; button_two_border_color__hover_enabled=&#8221;off&#8221; button_two_border_color__hover=&#8221;null&#8221; button_border_radius__hover_enabled=&#8221;off&#8221; button_border_radius__hover=&#8221;null&#8221; button_one_border_radius__hover_enabled=&#8221;off&#8221; button_one_border_radius__hover=&#8221;null&#8221; button_two_border_radius__hover_enabled=&#8221;off&#8221; button_two_border_radius__hover=&#8221;null&#8221; button_letter_spacing__hover_enabled=&#8221;off&#8221; button_letter_spacing__hover=&#8221;null&#8221; button_one_letter_spacing__hover_enabled=&#8221;off&#8221; button_one_letter_spacing__hover=&#8221;null&#8221; button_two_letter_spacing__hover_enabled=&#8221;off&#8221; button_two_letter_spacing__hover=&#8221;null&#8221; button_bg_color__hover_enabled=&#8221;off&#8221; button_bg_color__hover=&#8221;null&#8221; button_one_bg_color__hover_enabled=&#8221;off&#8221; button_one_bg_color__hover=&#8221;null&#8221; button_two_bg_color__hover_enabled=&#8221;off&#8221; button_two_bg_color__hover=&#8221;null&#8221;][\/et_pb_cta][\/et_pb_column][\/et_pb_row][et_pb_row column_structure=&#8221;2_3,1_3&#8243; use_custom_gutter=&#8221;on&#8221; gutter_width=&#8221;1&#8243; _builder_version=&#8221;4.16&#8243; custom_padding=&#8221;20px|0px|0px|0px&#8221; global_colors_info=&#8221;{}&#8221;][et_pb_column type=&#8221;2_3&#8243; _builder_version=&#8221;4.16&#8243; custom_padding=&#8221;|||&#8221; global_colors_info=&#8221;{}&#8221; custom_padding__hover=&#8221;|||&#8221;][et_pb_text _builder_version=&#8221;4.16&#8243; custom_margin=&#8221;|20px||&#8221; global_colors_info=&#8221;{}&#8221;]<\/p>\n<ul>\n<li>%95 oran\u0131nda yeni asit al\u0131m azalmas\u0131<\/li>\n<li>Proses sonras\u0131 saklanmas\u0131 ve bertaraf edilmesi daha problemli olan s\u0131v\u0131 at\u0131k olu\u015fmamas\u0131 (\u00e7\u0131kan at\u0131k kat\u0131d\u0131r)<\/li>\n<li>Demir ve serbest asit oran\u0131 ayn\u0131 seviyede tutularak, asitte y\u00fczey temizleme etkinli\u011finin istenen de\u011ferde sabit tutulmas\u0131<\/li>\n<li>Geri kazan\u0131m s\u0131ras\u0131nda her hangi bir emisyon olu\u015fmamas\u0131<\/li>\n<li>Rejenerasyon i\u015flemi s\u0131ras\u0131nda Multiacid kat\u0131 olarak eklendi\u011fi i\u00e7in rejenere edilen asit hacminin artmamas\u0131<\/li>\n<\/ul>\n<p><img decoding=\"async\" class=\"alignnone wp-image-4962 size-full\" src=\"https:\/\/www.animetal.com.tr\/wp-content\/uploads\/2019\/06\/ani_metal_hydrochloric_acid_recycling_system_4652.jpg\" alt=\"ANI METAL- Hydrochloric Acid Recycling System\" width=\"700\" height=\"588\" srcset=\"https:\/\/www.animetal.com.tr\/wp-content\/uploads\/2019\/06\/ani_metal_hydrochloric_acid_recycling_system_4652.jpg 700w, https:\/\/www.animetal.com.tr\/wp-content\/uploads\/2019\/06\/ani_metal_hydrochloric_acid_recycling_system_4652-300x252.jpg 300w\" sizes=\"(max-width: 700px) 100vw, 700px\" \/><\/p>\n<p><img decoding=\"async\" class=\"alignnone wp-image-4958 size-full\" src=\"https:\/\/www.animetal.com.tr\/wp-content\/uploads\/2019\/06\/ani_metal_hydrochloric_acid_recycling_system_4647.jpg\" alt=\"ANI METAL- Hydrochloric Acid Recycling System\" width=\"700\" height=\"545\" srcset=\"https:\/\/www.animetal.com.tr\/wp-content\/uploads\/2019\/06\/ani_metal_hydrochloric_acid_recycling_system_4647.jpg 700w, https:\/\/www.animetal.com.tr\/wp-content\/uploads\/2019\/06\/ani_metal_hydrochloric_acid_recycling_system_4647-300x234.jpg 300w\" sizes=\"(max-width: 700px) 100vw, 700px\" \/><\/p>\n<p>[\/et_pb_text][\/et_pb_column][et_pb_column type=&#8221;1_3&#8243; _builder_version=&#8221;4.16&#8243; custom_padding=&#8221;|||&#8221; global_colors_info=&#8221;{}&#8221; custom_padding__hover=&#8221;|||&#8221;][et_pb_sidebar area=&#8221;et_pb_widget_area_3&#8243; _builder_version=&#8221;3.0.105&#8243; body_font=&#8221;||||||||&#8221; body_text_color=&#8221;#0c71c3&#8243; background_color=&#8221;rgba(104,153,193,0.12)&#8221; background_color_gradient_direction=&#8221;217deg&#8221; custom_margin=&#8221;|||&#8221; custom_padding=&#8221;10px|10px|10px|25px&#8221; global_module=&#8221;4102&#8243; saved_tabs=&#8221;all&#8221; global_colors_info=&#8221;{}&#8221;][\/et_pb_sidebar][\/et_pb_column][\/et_pb_row][\/et_pb_section]<\/p>\n","protected":false},"excerpt":{"rendered":"<p>Asit Geri Kazan\u0131m Sistemleri %95 oran\u0131nda yeni asit al\u0131m azalmas\u0131 Proses sonras\u0131 saklanmas\u0131 ve bertaraf edilmesi daha problemli olan s\u0131v\u0131 at\u0131k olu\u015fmamas\u0131 (\u00e7\u0131kan at\u0131k kat\u0131d\u0131r) Demir ve serbest asit oran\u0131 ayn\u0131 seviyede tutularak, asitte y\u00fczey temizleme etkinli\u011finin istenen de\u011ferde sabit tutulmas\u0131 Geri kazan\u0131m s\u0131ras\u0131nda her hangi bir emisyon olu\u015fmamas\u0131 Rejenerasyon i\u015flemi s\u0131ras\u0131nda Multiacid kat\u0131 olarak [&hellip;]<\/p>\n","protected":false},"author":1,"featured_media":0,"parent":3766,"menu_order":0,"comment_status":"closed","ping_status":"closed","template":"","meta":{"_et_pb_use_builder":"on","_et_pb_old_content":"","_et_gb_content_width":"","footnotes":""},"class_list":["post-2117","page","type-page","status-publish","hentry"],"_links":{"self":[{"href":"https:\/\/www.animetal.com.tr\/tr\/wp-json\/wp\/v2\/pages\/2117","targetHints":{"allow":["GET"]}}],"collection":[{"href":"https:\/\/www.animetal.com.tr\/tr\/wp-json\/wp\/v2\/pages"}],"about":[{"href":"https:\/\/www.animetal.com.tr\/tr\/wp-json\/wp\/v2\/types\/page"}],"author":[{"embeddable":true,"href":"https:\/\/www.animetal.com.tr\/tr\/wp-json\/wp\/v2\/users\/1"}],"replies":[{"embeddable":true,"href":"https:\/\/www.animetal.com.tr\/tr\/wp-json\/wp\/v2\/comments?post=2117"}],"version-history":[{"count":4,"href":"https:\/\/www.animetal.com.tr\/tr\/wp-json\/wp\/v2\/pages\/2117\/revisions"}],"predecessor-version":[{"id":13312,"href":"https:\/\/www.animetal.com.tr\/tr\/wp-json\/wp\/v2\/pages\/2117\/revisions\/13312"}],"up":[{"embeddable":true,"href":"https:\/\/www.animetal.com.tr\/tr\/wp-json\/wp\/v2\/pages\/3766"}],"wp:attachment":[{"href":"https:\/\/www.animetal.com.tr\/tr\/wp-json\/wp\/v2\/media?parent=2117"}],"curies":[{"name":"wp","href":"https:\/\/api.w.org\/{rel}","templated":true}]}}