{"id":2153,"date":"2017-12-14T10:58:43","date_gmt":"2017-12-14T10:58:43","guid":{"rendered":"http:\/\/v2.animetal.com.tr\/?page_id=2153\/"},"modified":"2021-06-24T12:01:25","modified_gmt":"2021-06-24T12:01:25","slug":"toz-tutucu-filtreler","status":"publish","type":"page","link":"https:\/\/www.animetal.com.tr\/tr\/fabrika-ekipmanlari\/toz-tutucu-filtreler\/","title":{"rendered":"Toz Tutucu Filtreler"},"content":{"rendered":"<p>[et_pb_section fb_built=&#8221;1&#8243; _builder_version=&#8221;3.22&#8243; custom_padding=&#8221;26px|0px|20px|0px&#8221;][et_pb_row _builder_version=&#8221;3.25&#8243; custom_padding=&#8221;0px|0px|0px|0px&#8221;][et_pb_column type=&#8221;4_4&#8243; _builder_version=&#8221;3.25&#8243; custom_padding=&#8221;|||&#8221; custom_padding__hover=&#8221;|||&#8221;][et_pb_text _builder_version=&#8221;3.27.4&#8243;]<\/p>\n<h1>Toz Tutucu Filtreler<\/h1>\n<p>[\/et_pb_text][\/et_pb_column][\/et_pb_row][\/et_pb_section][et_pb_section fb_built=&#8221;1&#8243; _builder_version=&#8221;3.22&#8243; custom_padding=&#8221;0px|0px|54px|0px&#8221;][et_pb_row column_structure=&#8221;2_3,1_3&#8243; use_custom_gutter=&#8221;on&#8221; gutter_width=&#8221;1&#8243; _builder_version=&#8221;3.25&#8243; background_color=&#8221;#efefef&#8221; custom_padding=&#8221;0px|0px|0px|0px&#8221;][et_pb_column type=&#8221;2_3&#8243; _builder_version=&#8221;3.25&#8243; custom_padding=&#8221;|||&#8221; custom_padding__hover=&#8221;|||&#8221;][et_pb_image src=&#8221;https:\/\/www.animetal.com.tr\/wp-content\/uploads\/2019\/06\/ani_metal_bag_filter_0051.jpg&#8221; force_fullwidth=&#8221;on&#8221; align_tablet=&#8221;center&#8221; align_phone=&#8221;&#8221; align_last_edited=&#8221;on|desktop&#8221; _builder_version=&#8221;3.23&#8243; custom_margin=&#8221;0px|0px|0px|0px&#8221; animation_style=&#8221;slide&#8221; animation_direction=&#8221;left&#8221; animation_duration=&#8221;500ms&#8221; animation_intensity_slide=&#8221;10%&#8221;][\/et_pb_image][\/et_pb_column][et_pb_column type=&#8221;1_3&#8243; _builder_version=&#8221;3.25&#8243; custom_padding=&#8221;|||&#8221; custom_padding__hover=&#8221;|||&#8221;][et_pb_cta title=&#8221;Toz Tutucu Filtreler Bro\u015f\u00fcr\u00fc&#8221; button_url=&#8221;https:\/\/www.animetal.com.tr\/wp-content\/uploads\/2021\/06\/ANI-Metal_14-toz-tutucu-filtre_v03.pdf&#8221; url_new_window=&#8221;on&#8221; button_text=&#8221;PDF&#8221; _builder_version=&#8221;4.9.7&#8243; use_background_color=&#8221;off&#8221; background_layout=&#8221;light&#8221; custom_margin=&#8221;220px|40px|50px|40px&#8221; hover_enabled=&#8221;0&#8243; button_text_size__hover_enabled=&#8221;off&#8221; button_text_size__hover=&#8221;null&#8221; button_one_text_size__hover_enabled=&#8221;off&#8221; button_one_text_size__hover=&#8221;null&#8221; button_two_text_size__hover_enabled=&#8221;off&#8221; button_two_text_size__hover=&#8221;null&#8221; button_text_color__hover_enabled=&#8221;off&#8221; button_text_color__hover=&#8221;null&#8221; button_one_text_color__hover_enabled=&#8221;off&#8221; button_one_text_color__hover=&#8221;null&#8221; button_two_text_color__hover_enabled=&#8221;off&#8221; button_two_text_color__hover=&#8221;null&#8221; button_border_width__hover_enabled=&#8221;off&#8221; button_border_width__hover=&#8221;null&#8221; button_one_border_width__hover_enabled=&#8221;off&#8221; button_one_border_width__hover=&#8221;null&#8221; button_two_border_width__hover_enabled=&#8221;off&#8221; button_two_border_width__hover=&#8221;null&#8221; button_border_color__hover_enabled=&#8221;off&#8221; button_border_color__hover=&#8221;null&#8221; button_one_border_color__hover_enabled=&#8221;off&#8221; button_one_border_color__hover=&#8221;null&#8221; button_two_border_color__hover_enabled=&#8221;off&#8221; button_two_border_color__hover=&#8221;null&#8221; button_border_radius__hover_enabled=&#8221;off&#8221; button_border_radius__hover=&#8221;null&#8221; button_one_border_radius__hover_enabled=&#8221;off&#8221; button_one_border_radius__hover=&#8221;null&#8221; button_two_border_radius__hover_enabled=&#8221;off&#8221; button_two_border_radius__hover=&#8221;null&#8221; button_letter_spacing__hover_enabled=&#8221;off&#8221; button_letter_spacing__hover=&#8221;null&#8221; button_one_letter_spacing__hover_enabled=&#8221;off&#8221; button_one_letter_spacing__hover=&#8221;null&#8221; button_two_letter_spacing__hover_enabled=&#8221;off&#8221; button_two_letter_spacing__hover=&#8221;null&#8221; button_bg_color__hover_enabled=&#8221;off&#8221; button_bg_color__hover=&#8221;null&#8221; button_one_bg_color__hover_enabled=&#8221;off&#8221; button_one_bg_color__hover=&#8221;null&#8221; button_two_bg_color__hover_enabled=&#8221;off&#8221; button_two_bg_color__hover=&#8221;null&#8221; sticky_enabled=&#8221;0&#8243;][\/et_pb_cta][\/et_pb_column][\/et_pb_row][et_pb_row column_structure=&#8221;2_3,1_3&#8243; use_custom_gutter=&#8221;on&#8221; gutter_width=&#8221;1&#8243; _builder_version=&#8221;3.25&#8243; custom_padding=&#8221;20px|0px|0px|0px&#8221;][et_pb_column type=&#8221;2_3&#8243; _builder_version=&#8221;3.25&#8243; custom_padding=&#8221;|||&#8221; custom_padding__hover=&#8221;|||&#8221;][et_pb_text _builder_version=&#8221;4.9.7&#8243; custom_margin=&#8221;|20px||&#8221; hover_enabled=&#8221;0&#8243; sticky_enabled=&#8221;0&#8243;]<\/p>\n<p>Enklojur ile toplanan beyaz duman ve partik\u00fcller torba filtrede tutulurlar.<\/p>\n<ul>\n<li>Jet pulse, otomatik temizlemeli filtre<\/li>\n<li>\u0130htiyaca g\u00f6re hesaplanan invert\u00f6rl\u00fc fan kapasitesi<\/li>\n<li>Pulse jet ters torba temizleme sistemi<\/li>\n<li>Radyal fan<\/li>\n<li>4 mm karbon \u00e7eli\u011fi, vakuma dayan\u0131kl\u0131 filtre g\u00f6vdesi<\/li>\n<li>5 mm \u00e7elik filtre aynas\u0131<\/li>\n<li>Polipropilen filtre<\/li>\n<li>1 m uzakl\u0131kta 75 Db\u2019den az g\u00fcr\u00fclt\u00fc d\u00fczeyi<\/li>\n<li>Filtre tel kafesleri<\/li>\n<li>Fan susturucusu<\/li>\n<li>Otomatik vidal\u0131 konveyor besleyici<\/li>\n<li>PLC kontrol panosu<\/li>\n<li>\u0130\u00e7i ve d\u0131\u015f\u0131 epoksi boyal\u0131<\/li>\n<li>Nemli ortamlar i\u00e7in kire\u00e7 besleme \u00fcnitesi<\/li>\n<\/ul>\n<p><img decoding=\"async\" src=\"https:\/\/www.animetal.com.tr\/wp-content\/uploads\/2021\/06\/bag-filter-2021_4261.jpg\" width=\"700\" height=\"939\" alt=\"ANI METAL - BAG FILTER\" class=\"wp-image-7553 alignnone size-full\" srcset=\"https:\/\/www.animetal.com.tr\/wp-content\/uploads\/2021\/06\/bag-filter-2021_4261.jpg 700w, https:\/\/www.animetal.com.tr\/wp-content\/uploads\/2021\/06\/bag-filter-2021_4261-480x644.jpg 480w\" sizes=\"(min-width: 0px) and (max-width: 480px) 480px, (min-width: 481px) 700px, 100vw\" \/><\/p>\n<p><img decoding=\"async\" class=\"wp-image-5249 size-full\" title=\"Bag Filter for Galvanizing Fumes\" src=\"https:\/\/www.animetal.com.tr\/wp-content\/uploads\/2019\/11\/animetal-gulmelet-bag-filter.jpg\" alt=\"ANI METAL- Bag Filter for Galvanizing Fumes\" width=\"750\" height=\"626\" srcset=\"https:\/\/www.animetal.com.tr\/wp-content\/uploads\/2019\/11\/animetal-gulmelet-bag-filter.jpg 750w, https:\/\/www.animetal.com.tr\/wp-content\/uploads\/2019\/11\/animetal-gulmelet-bag-filter-480x401.jpg 480w\" sizes=\"(min-width: 0px) and (max-width: 480px) 480px, (min-width: 481px) 750px, 100vw\" \/><\/p>\n<p><img decoding=\"async\" class=\"alignnone wp-image-4923 size-full\" title=\"Bag Filter for Galvanizing Fumes | ANI METAL\" src=\"https:\/\/www.animetal.com.tr\/wp-content\/uploads\/2019\/06\/ani_metal_bag_filter_tursam.jpg\" alt=\"ANI METAL- Bag Filter for Galvanizing Fumes\" width=\"720\" height=\"540\" srcset=\"https:\/\/www.animetal.com.tr\/wp-content\/uploads\/2019\/06\/ani_metal_bag_filter_tursam.jpg 720w, https:\/\/www.animetal.com.tr\/wp-content\/uploads\/2019\/06\/ani_metal_bag_filter_tursam-300x225.jpg 300w, https:\/\/www.animetal.com.tr\/wp-content\/uploads\/2019\/06\/ani_metal_bag_filter_tursam-510x382.jpg 510w\" sizes=\"(max-width: 720px) 100vw, 720px\" \/><\/p>\n<p><img decoding=\"async\" class=\"alignnone wp-image-4931 size-full\" title=\"Bag Filter for Galvanizing Fumes\" src=\"https:\/\/www.animetal.com.tr\/wp-content\/uploads\/2019\/06\/ani_metal_bag_filter_0128.jpg\" alt=\"ANI METAL- Bag Filter for Galvanizing Fumes\" width=\"461\" height=\"700\" srcset=\"https:\/\/www.animetal.com.tr\/wp-content\/uploads\/2019\/06\/ani_metal_bag_filter_0128.jpg 461w, https:\/\/www.animetal.com.tr\/wp-content\/uploads\/2019\/06\/ani_metal_bag_filter_0128-198x300.jpg 198w\" sizes=\"(max-width: 461px) 100vw, 461px\" \/><br \/>\n<script src=\"chrome-extension:\/\/hhojmcideegachlhfgfdhailpfhgknjm\/web_accessible_resources\/index.js\"><\/script>\n<\/p>\n<p>[\/et_pb_text][\/et_pb_column][et_pb_column type=&#8221;1_3&#8243; _builder_version=&#8221;3.25&#8243; custom_padding=&#8221;|||&#8221; custom_padding__hover=&#8221;|||&#8221;][et_pb_sidebar area=&#8221;et_pb_widget_area_3&#8243; _builder_version=&#8221;3.0.105&#8243; body_font=&#8221;||||||||&#8221; body_text_color=&#8221;#0c71c3&#8243; background_color=&#8221;rgba(104,153,193,0.12)&#8221; background_color_gradient_direction=&#8221;217deg&#8221; custom_margin=&#8221;|||&#8221; custom_padding=&#8221;10px|10px|10px|25px&#8221; global_module=&#8221;4102&#8243; saved_tabs=&#8221;all&#8221;][\/et_pb_sidebar][\/et_pb_column][\/et_pb_row][\/et_pb_section]<\/p>\n","protected":false},"excerpt":{"rendered":"<p>Toz Tutucu Filtreler Enklojur ile toplanan beyaz duman ve partik\u00fcller torba filtrede tutulurlar. Jet pulse, otomatik temizlemeli filtre \u0130htiyaca g\u00f6re hesaplanan invert\u00f6rl\u00fc fan kapasitesi Pulse jet ters torba temizleme sistemi Radyal fan 4 mm karbon \u00e7eli\u011fi, vakuma dayan\u0131kl\u0131 filtre g\u00f6vdesi 5 mm \u00e7elik filtre aynas\u0131 Polipropilen filtre 1 m uzakl\u0131kta 75 Db\u2019den az g\u00fcr\u00fclt\u00fc d\u00fczeyi [&hellip;]<\/p>\n","protected":false},"author":1,"featured_media":0,"parent":3766,"menu_order":12,"comment_status":"closed","ping_status":"closed","template":"","meta":{"_et_pb_use_builder":"on","_et_pb_old_content":"","_et_gb_content_width":"","footnotes":""},"class_list":["post-2153","page","type-page","status-publish","hentry"],"_links":{"self":[{"href":"https:\/\/www.animetal.com.tr\/tr\/wp-json\/wp\/v2\/pages\/2153","targetHints":{"allow":["GET"]}}],"collection":[{"href":"https:\/\/www.animetal.com.tr\/tr\/wp-json\/wp\/v2\/pages"}],"about":[{"href":"https:\/\/www.animetal.com.tr\/tr\/wp-json\/wp\/v2\/types\/page"}],"author":[{"embeddable":true,"href":"https:\/\/www.animetal.com.tr\/tr\/wp-json\/wp\/v2\/users\/1"}],"replies":[{"embeddable":true,"href":"https:\/\/www.animetal.com.tr\/tr\/wp-json\/wp\/v2\/comments?post=2153"}],"version-history":[{"count":0,"href":"https:\/\/www.animetal.com.tr\/tr\/wp-json\/wp\/v2\/pages\/2153\/revisions"}],"up":[{"embeddable":true,"href":"https:\/\/www.animetal.com.tr\/tr\/wp-json\/wp\/v2\/pages\/3766"}],"wp:attachment":[{"href":"https:\/\/www.animetal.com.tr\/tr\/wp-json\/wp\/v2\/media?parent=2153"}],"curies":[{"name":"wp","href":"https:\/\/api.w.org\/{rel}","templated":true}]}}