{"id":2174,"date":"2017-12-14T11:03:11","date_gmt":"2017-12-14T11:03:11","guid":{"rendered":"http:\/\/v2.animetal.com.tr\/?page_id=2174\/"},"modified":"2020-11-24T12:08:36","modified_gmt":"2020-11-24T12:08:36","slug":"su-aritma-sistemleri","status":"publish","type":"page","link":"https:\/\/www.animetal.com.tr\/tr\/fabrika-ekipmanlari\/su-aritma-sistemleri\/","title":{"rendered":"Su Ar\u0131tma Sistemleri"},"content":{"rendered":"<p>[et_pb_section fb_built=&#8221;1&#8243; _builder_version=&#8221;3.22&#8243; custom_padding=&#8221;26px|0px|20px|0px&#8221;][et_pb_row _builder_version=&#8221;3.25&#8243; custom_padding=&#8221;0px|0px|0px|0px&#8221;][et_pb_column type=&#8221;4_4&#8243; _builder_version=&#8221;3.25&#8243; custom_padding=&#8221;|||&#8221; custom_padding__hover=&#8221;|||&#8221;][et_pb_text _builder_version=&#8221;3.27.4&#8243;]<\/p>\n<h1>Su Ar\u0131tma Sistemleri<\/h1>\n<p>[\/et_pb_text][\/et_pb_column][\/et_pb_row][\/et_pb_section][et_pb_section fb_built=&#8221;1&#8243; _builder_version=&#8221;3.22&#8243; custom_padding=&#8221;0px|0px|54px|0px&#8221;][et_pb_row use_custom_gutter=&#8221;on&#8221; gutter_width=&#8221;1&#8243; _builder_version=&#8221;3.25&#8243; background_color=&#8221;#efefef&#8221; custom_padding=&#8221;0px|0px|0px|0px&#8221; column_structure=&#8221;2_3,1_3&#8243;][et_pb_column type=&#8221;2_3&#8243; _builder_version=&#8221;3.25&#8243; custom_padding=&#8221;|||&#8221; custom_padding__hover=&#8221;|||&#8221;][et_pb_image src=&#8221;http:\/\/www.animetal.com.tr\/wp-content\/uploads\/2019\/06\/ani_metal_water_treatment_system_0818.jpg&#8221; force_fullwidth=&#8221;on&#8221; align_tablet=&#8221;center&#8221; align_last_edited=&#8221;on|desktop&#8221; _builder_version=&#8221;3.23&#8243; custom_margin=&#8221;0px|0px|0px|0px&#8221; animation_style=&#8221;slide&#8221; animation_direction=&#8221;left&#8221; animation_duration=&#8221;500ms&#8221; animation_intensity_slide=&#8221;10%&#8221;]<br \/>\n[\/et_pb_image][\/et_pb_column][et_pb_column type=&#8221;1_3&#8243; _builder_version=&#8221;3.25&#8243; custom_padding=&#8221;|||&#8221; custom_padding__hover=&#8221;|||&#8221;][\/et_pb_column][\/et_pb_row][et_pb_row use_custom_gutter=&#8221;on&#8221; gutter_width=&#8221;1&#8243; _builder_version=&#8221;3.25&#8243; custom_padding=&#8221;20px|0px|0px|0px&#8221; column_structure=&#8221;2_3,1_3&#8243;][et_pb_column type=&#8221;2_3&#8243; _builder_version=&#8221;3.25&#8243; custom_padding=&#8221;|||&#8221; custom_padding__hover=&#8221;|||&#8221;][et_pb_text _builder_version=&#8221;3.27.4&#8243; custom_margin=&#8221;|20px||&#8221;]<\/p>\n<ul>\n<li>Asit sonras\u0131 y\u0131kama tanklar\u0131ndan \u00e7\u0131kan suyun ar\u0131t\u0131lmas\u0131<\/li>\n<li>Partiler halinde ar\u0131tma<\/li>\n<li>Otomatik proses\n<ul>\n<li>\u00c7\u00f6kt\u00fcrme ve pH ayarlama<\/li>\n<li>Polielektrolit, Kostik Soda, (FeCl3, HCl) gibi kimyasallar\u0131n dozajlanmas\u0131 ve pH ayarlanarak istenmeyen metallerin \u00e7\u00f6keltilmesi<\/li>\n<li>Mikserler yard\u0131m\u0131 ile tanklar\u0131n kar\u0131\u015ft\u0131r\u0131lmas\u0131<\/li>\n<li>Kimyasal \u00e7amurun filtre preslere pompalanmas\u0131 ve sudan ar\u0131nd\u0131r\u0131lmas\u0131<\/li>\n<li>Yeniden pH ayarlama<\/li>\n<\/ul>\n<\/li>\n<\/ul>\n<p><img decoding=\"async\" class=\"alignnone wp-image-4972 size-full\" src=\"http:\/\/www.animetal.com.tr\/wp-content\/uploads\/2019\/06\/ani_metal_water_treatment_system_0820.jpg\" alt=\"ANI METAL- Water Treatment System\" width=\"700\" height=\"467\" srcset=\"https:\/\/www.animetal.com.tr\/wp-content\/uploads\/2019\/06\/ani_metal_water_treatment_system_0820.jpg 700w, https:\/\/www.animetal.com.tr\/wp-content\/uploads\/2019\/06\/ani_metal_water_treatment_system_0820-300x200.jpg 300w\" sizes=\"(max-width: 700px) 100vw, 700px\" \/><\/p>\n<p><img decoding=\"async\" class=\"alignnone wp-image-4976 size-full\" src=\"http:\/\/www.animetal.com.tr\/wp-content\/uploads\/2019\/06\/ani_metal_water_treatment_system_0846.jpg\" alt=\"ANI METAL- Water Treatment System\" width=\"467\" height=\"700\" srcset=\"https:\/\/www.animetal.com.tr\/wp-content\/uploads\/2019\/06\/ani_metal_water_treatment_system_0846.jpg 467w, https:\/\/www.animetal.com.tr\/wp-content\/uploads\/2019\/06\/ani_metal_water_treatment_system_0846-200x300.jpg 200w\" sizes=\"(max-width: 467px) 100vw, 467px\" \/><\/p>\n<p>[\/et_pb_text][\/et_pb_column][et_pb_column type=&#8221;1_3&#8243; _builder_version=&#8221;3.25&#8243; custom_padding=&#8221;|||&#8221; custom_padding__hover=&#8221;|||&#8221;][et_pb_sidebar area=&#8221;et_pb_widget_area_3&#8243; _builder_version=&#8221;3.0.105&#8243; body_font=&#8221;||||||||&#8221; body_text_color=&#8221;#0c71c3&#8243; background_color=&#8221;rgba(104,153,193,0.12)&#8221; background_color_gradient_direction=&#8221;217deg&#8221; custom_margin=&#8221;|||&#8221; custom_padding=&#8221;10px|10px|10px|25px&#8221; global_module=&#8221;4102&#8243; saved_tabs=&#8221;all&#8221;][\/et_pb_sidebar][\/et_pb_column][\/et_pb_row][\/et_pb_section]<\/p>\n","protected":false},"excerpt":{"rendered":"<p>Su Ar\u0131tma Sistemleri Asit sonras\u0131 y\u0131kama tanklar\u0131ndan \u00e7\u0131kan suyun ar\u0131t\u0131lmas\u0131Partiler halinde ar\u0131tmaOtomatik proses\u00c7\u00f6kt\u00fcrme ve pH ayarlamaPolielektrolit, Kostik Soda, (FeCl3, HCl) gibi kimyasallar\u0131n dozajlanmas\u0131 ve pH ayarlanarak istenmeyen metallerin \u00e7\u00f6keltilmesiMikserler yard\u0131m\u0131 ile tanklar\u0131n kar\u0131\u015ft\u0131r\u0131lmas\u0131Kimyasal \u00e7amurun filtre preslere pompalanmas\u0131 ve sudan ar\u0131nd\u0131r\u0131lmas\u0131Yeniden pH ayarlama<\/p>\n","protected":false},"author":1,"featured_media":0,"parent":3766,"menu_order":14,"comment_status":"closed","ping_status":"closed","template":"","meta":{"_et_pb_use_builder":"on","_et_pb_old_content":"","_et_gb_content_width":"","footnotes":""},"class_list":["post-2174","page","type-page","status-publish","hentry"],"_links":{"self":[{"href":"https:\/\/www.animetal.com.tr\/tr\/wp-json\/wp\/v2\/pages\/2174","targetHints":{"allow":["GET"]}}],"collection":[{"href":"https:\/\/www.animetal.com.tr\/tr\/wp-json\/wp\/v2\/pages"}],"about":[{"href":"https:\/\/www.animetal.com.tr\/tr\/wp-json\/wp\/v2\/types\/page"}],"author":[{"embeddable":true,"href":"https:\/\/www.animetal.com.tr\/tr\/wp-json\/wp\/v2\/users\/1"}],"replies":[{"embeddable":true,"href":"https:\/\/www.animetal.com.tr\/tr\/wp-json\/wp\/v2\/comments?post=2174"}],"version-history":[{"count":0,"href":"https:\/\/www.animetal.com.tr\/tr\/wp-json\/wp\/v2\/pages\/2174\/revisions"}],"up":[{"embeddable":true,"href":"https:\/\/www.animetal.com.tr\/tr\/wp-json\/wp\/v2\/pages\/3766"}],"wp:attachment":[{"href":"https:\/\/www.animetal.com.tr\/tr\/wp-json\/wp\/v2\/media?parent=2174"}],"curies":[{"name":"wp","href":"https:\/\/api.w.org\/{rel}","templated":true}]}}