{"id":2231,"date":"2017-12-14T11:11:50","date_gmt":"2017-12-14T11:11:50","guid":{"rendered":"http:\/\/v2.animetal.com.tr\/?page_id=2231\/"},"modified":"2021-03-15T12:15:00","modified_gmt":"2021-03-15T12:15:00","slug":"cinko-pompalari-ve-dros-kepceleri","status":"publish","type":"page","link":"https:\/\/www.animetal.com.tr\/tr\/fabrika-ekipmanlari\/cinko-pompalari-ve-dros-kepceleri\/","title":{"rendered":"\u00c7inko Pompalar\u0131 ve Dros Kep\u00e7eleri"},"content":{"rendered":"<p>[et_pb_section fb_built=&#8221;1&#8243; _builder_version=&#8221;3.22&#8243; custom_padding=&#8221;26px|0px|20px|0px&#8221;][et_pb_row _builder_version=&#8221;3.25&#8243; custom_padding=&#8221;0px|0px|0px|0px&#8221;][et_pb_column type=&#8221;4_4&#8243; _builder_version=&#8221;3.25&#8243; custom_padding=&#8221;|||&#8221; custom_padding__hover=&#8221;|||&#8221;][et_pb_text _builder_version=&#8221;3.27.4&#8243;]<\/p>\n<h1>\u00c7inko Pompalar\u0131 ve Dros Kep\u00e7eleri<\/h1>\n<p>[\/et_pb_text][\/et_pb_column][\/et_pb_row][\/et_pb_section][et_pb_section fb_built=&#8221;1&#8243; _builder_version=&#8221;3.22&#8243; custom_padding=&#8221;0px|0px|54px|0px&#8221;][et_pb_row column_structure=&#8221;2_3,1_3&#8243; use_custom_gutter=&#8221;on&#8221; gutter_width=&#8221;1&#8243; _builder_version=&#8221;3.25&#8243; background_color=&#8221;#efefef&#8221; custom_padding=&#8221;0px|0px|0px|0px&#8221;][et_pb_column type=&#8221;2_3&#8243; _builder_version=&#8221;3.25&#8243; custom_padding=&#8221;|||&#8221; custom_padding__hover=&#8221;|||&#8221;][et_pb_image src=&#8221;http:\/\/www.animetal.com.tr\/wp-content\/uploads\/2020\/10\/17-zinc-pump-dross-grab01.jpg&#8221; alt=&#8221;ANI Metal &#8211; Zinc Pump and Dross Grab&#8221; title_text=&#8221;17-zinc-pump-dross-grab01&#8243; force_fullwidth=&#8221;on&#8221; align_tablet=&#8221;center&#8221; align_phone=&#8221;&#8221; align_last_edited=&#8221;on|desktop&#8221; _builder_version=&#8221;4.7.3&#8243; custom_margin=&#8221;0px|0px|0px|0px&#8221; animation_style=&#8221;slide&#8221; animation_direction=&#8221;left&#8221; animation_duration=&#8221;500ms&#8221; animation_intensity_slide=&#8221;10%&#8221;][\/et_pb_image][\/et_pb_column][et_pb_column type=&#8221;1_3&#8243; _builder_version=&#8221;3.25&#8243; custom_padding=&#8221;|||&#8221; custom_padding__hover=&#8221;|||&#8221;][et_pb_cta title=&#8221;\u00c7inko Pompalar\u0131 ve Dros Kep\u00e7eleri Bro\u015f\u00fcr\u00fc&#8221; button_url=&#8221;http:\/\/www.animetal.com.tr\/wp-content\/uploads\/2021\/03\/ANI-Metal-Cinko-pompasi-dros-kepcesi-v03.pdf&#8221; url_new_window=&#8221;on&#8221; button_text=&#8221;PDF&#8221; _builder_version=&#8221;4.8.1&#8243; header_font=&#8221;||||||||&#8221; header_line_height=&#8221;1.2em&#8221; use_background_color=&#8221;off&#8221; background_layout=&#8221;light&#8221; custom_margin=&#8221;200px||50px|&#8221; hover_enabled=&#8221;0&#8243; button_text_size__hover_enabled=&#8221;off&#8221; button_text_size__hover=&#8221;null&#8221; button_one_text_size__hover_enabled=&#8221;off&#8221; button_one_text_size__hover=&#8221;null&#8221; button_two_text_size__hover_enabled=&#8221;off&#8221; button_two_text_size__hover=&#8221;null&#8221; button_text_color__hover_enabled=&#8221;off&#8221; button_text_color__hover=&#8221;null&#8221; button_one_text_color__hover_enabled=&#8221;off&#8221; button_one_text_color__hover=&#8221;null&#8221; button_two_text_color__hover_enabled=&#8221;off&#8221; button_two_text_color__hover=&#8221;null&#8221; button_border_width__hover_enabled=&#8221;off&#8221; button_border_width__hover=&#8221;null&#8221; button_one_border_width__hover_enabled=&#8221;off&#8221; button_one_border_width__hover=&#8221;null&#8221; button_two_border_width__hover_enabled=&#8221;off&#8221; button_two_border_width__hover=&#8221;null&#8221; button_border_color__hover_enabled=&#8221;off&#8221; button_border_color__hover=&#8221;null&#8221; button_one_border_color__hover_enabled=&#8221;off&#8221; button_one_border_color__hover=&#8221;null&#8221; button_two_border_color__hover_enabled=&#8221;off&#8221; button_two_border_color__hover=&#8221;null&#8221; button_border_radius__hover_enabled=&#8221;off&#8221; button_border_radius__hover=&#8221;null&#8221; button_one_border_radius__hover_enabled=&#8221;off&#8221; button_one_border_radius__hover=&#8221;null&#8221; button_two_border_radius__hover_enabled=&#8221;off&#8221; button_two_border_radius__hover=&#8221;null&#8221; button_letter_spacing__hover_enabled=&#8221;off&#8221; button_letter_spacing__hover=&#8221;null&#8221; button_one_letter_spacing__hover_enabled=&#8221;off&#8221; button_one_letter_spacing__hover=&#8221;null&#8221; button_two_letter_spacing__hover_enabled=&#8221;off&#8221; button_two_letter_spacing__hover=&#8221;null&#8221; button_bg_color__hover_enabled=&#8221;off&#8221; button_bg_color__hover=&#8221;null&#8221; button_one_bg_color__hover_enabled=&#8221;off&#8221; button_one_bg_color__hover=&#8221;null&#8221; button_two_bg_color__hover_enabled=&#8221;off&#8221; button_two_bg_color__hover=&#8221;null&#8221; sticky_enabled=&#8221;0&#8243;][\/et_pb_cta][\/et_pb_column][\/et_pb_row][et_pb_row column_structure=&#8221;2_3,1_3&#8243; use_custom_gutter=&#8221;on&#8221; gutter_width=&#8221;1&#8243; _builder_version=&#8221;3.25&#8243; custom_padding=&#8221;20px|0px|0px|0px&#8221;][et_pb_column type=&#8221;2_3&#8243; _builder_version=&#8221;3.25&#8243; custom_padding=&#8221;|||&#8221; custom_padding__hover=&#8221;|||&#8221;][et_pb_text _builder_version=&#8221;4.8.1&#8243; custom_margin=&#8221;|20px||&#8221; hover_enabled=&#8221;0&#8243; sticky_enabled=&#8221;0&#8243;]<\/p>\n<p><strong>\u00c7inko Pompas\u0131<\/strong><\/p>\n<ul>\n<li>Derin galvaniz ocaklar\u0131na uygun tasar\u0131m<\/li>\n<li>Ayarlanabilir h\u0131z kontrol\u00fc<\/li>\n<li>Pompa kapasitesi max. 2.200 kg\/dakika \u00e7inko<\/li>\n<\/ul>\n<p><strong>Dros Kep\u00e7esi<\/strong><\/p>\n<ul>\n<li>Pn\u00f6matik kontroll\u00fc<\/li>\n<li>A\u011f\u0131r konstr\u00fcksiyon tasar\u0131m<\/li>\n<li>Ocak \u00fcst\u00fc kapama sistemlerine (enklojur) uygun dizayn<\/li>\n<li>Derin galvaniz ocaklar\u0131na uygun tasar\u0131m<\/li>\n<li>H\u0131zl\u0131 ve verimli dros al\u0131m\u0131<\/li>\n<li>Fazla \u00e7inkonun geri akmas\u0131 i\u00e7in vibrasyon \u00fcnitesi<\/li>\n<\/ul>\n<p><img decoding=\"async\" src=\"http:\/\/www.animetal.com.tr\/wp-content\/uploads\/2020\/10\/17-zinc-pump-dross-grab02.jpg\" width=\"700\" height=\"470\" alt=\"ANI Metal - Zinc Pump\" class=\"wp-image-5776 alignnone size-full\" srcset=\"http:\/\/www.animetal.com.tr\/wp-content\/uploads\/2020\/10\/17-zinc-pump-dross-grab02.jpg 700w, http:\/\/www.animetal.com.tr\/wp-content\/uploads\/2020\/10\/17-zinc-pump-dross-grab02-480x322.jpg 480w\" sizes=\"(min-width: 0px) and (max-width: 480px) 480px, (min-width: 481px) 700px, 100vw\" \/><\/p>\n<p><img decoding=\"async\" src=\"http:\/\/www.animetal.com.tr\/wp-content\/uploads\/2020\/10\/17-zinc-pump-dross-grab04.jpg\" width=\"700\" height=\"441\" alt=\"ANI Metal - Dross Grab\" class=\"wp-image-5784 alignnone size-full\" srcset=\"http:\/\/www.animetal.com.tr\/wp-content\/uploads\/2020\/10\/17-zinc-pump-dross-grab04.jpg 700w, http:\/\/www.animetal.com.tr\/wp-content\/uploads\/2020\/10\/17-zinc-pump-dross-grab04-480x302.jpg 480w\" sizes=\"(min-width: 0px) and (max-width: 480px) 480px, (min-width: 481px) 700px, 100vw\" \/><\/p>\n<p><img decoding=\"async\" src=\"http:\/\/www.animetal.com.tr\/wp-content\/uploads\/2020\/10\/17-zinc-pump-dross-grab03-1.jpg\" width=\"212\" height=\"500\" alt=\"ANI Metal - Dross Grab\" class=\"wp-image-5788 aligncenter size-full\" srcset=\"https:\/\/www.animetal.com.tr\/wp-content\/uploads\/2020\/10\/17-zinc-pump-dross-grab03-1.jpg 212w, https:\/\/www.animetal.com.tr\/wp-content\/uploads\/2020\/10\/17-zinc-pump-dross-grab03-1-127x300.jpg 127w\" sizes=\"(max-width: 212px) 100vw, 212px\" \/><\/p>\n<p>&nbsp;<\/p>\n<p>[\/et_pb_text][\/et_pb_column][et_pb_column type=&#8221;1_3&#8243; _builder_version=&#8221;3.25&#8243; custom_padding=&#8221;|||&#8221; custom_padding__hover=&#8221;|||&#8221;][et_pb_sidebar area=&#8221;et_pb_widget_area_3&#8243; _builder_version=&#8221;3.0.105&#8243; body_font=&#8221;||||||||&#8221; body_text_color=&#8221;#0c71c3&#8243; background_color=&#8221;rgba(104,153,193,0.12)&#8221; background_color_gradient_direction=&#8221;217deg&#8221; custom_margin=&#8221;|||&#8221; custom_padding=&#8221;10px|10px|10px|25px&#8221; global_module=&#8221;4102&#8243; saved_tabs=&#8221;all&#8221;][\/et_pb_sidebar][\/et_pb_column][\/et_pb_row][\/et_pb_section]<\/p>\n","protected":false},"excerpt":{"rendered":"<p>\u00c7inko Pompalar\u0131 ve Dros Kep\u00e7eleri \u00c7inko Pompas\u0131 Derin galvaniz ocaklar\u0131na uygun tasar\u0131m Ayarlanabilir h\u0131z kontrol\u00fc Pompa kapasitesi max. 2.200 kg\/dakika \u00e7inko Dros Kep\u00e7esi Pn\u00f6matik kontroll\u00fc A\u011f\u0131r konstr\u00fcksiyon tasar\u0131m Ocak \u00fcst\u00fc kapama sistemlerine (enklojur) uygun dizayn Derin galvaniz ocaklar\u0131na uygun tasar\u0131m H\u0131zl\u0131 ve verimli dros al\u0131m\u0131 Fazla \u00e7inkonun geri akmas\u0131 i\u00e7in vibrasyon \u00fcnitesi &nbsp;<\/p>\n","protected":false},"author":1,"featured_media":0,"parent":3766,"menu_order":5,"comment_status":"closed","ping_status":"closed","template":"","meta":{"_et_pb_use_builder":"on","_et_pb_old_content":"","_et_gb_content_width":"","footnotes":""},"class_list":["post-2231","page","type-page","status-publish","hentry"],"_links":{"self":[{"href":"https:\/\/www.animetal.com.tr\/tr\/wp-json\/wp\/v2\/pages\/2231","targetHints":{"allow":["GET"]}}],"collection":[{"href":"https:\/\/www.animetal.com.tr\/tr\/wp-json\/wp\/v2\/pages"}],"about":[{"href":"https:\/\/www.animetal.com.tr\/tr\/wp-json\/wp\/v2\/types\/page"}],"author":[{"embeddable":true,"href":"https:\/\/www.animetal.com.tr\/tr\/wp-json\/wp\/v2\/users\/1"}],"replies":[{"embeddable":true,"href":"https:\/\/www.animetal.com.tr\/tr\/wp-json\/wp\/v2\/comments?post=2231"}],"version-history":[{"count":0,"href":"https:\/\/www.animetal.com.tr\/tr\/wp-json\/wp\/v2\/pages\/2231\/revisions"}],"up":[{"embeddable":true,"href":"https:\/\/www.animetal.com.tr\/tr\/wp-json\/wp\/v2\/pages\/3766"}],"wp:attachment":[{"href":"https:\/\/www.animetal.com.tr\/tr\/wp-json\/wp\/v2\/media?parent=2231"}],"curies":[{"name":"wp","href":"https:\/\/api.w.org\/{rel}","templated":true}]}}