{"id":2284,"date":"2017-12-14T11:21:18","date_gmt":"2017-12-14T11:21:18","guid":{"rendered":"http:\/\/v2.animetal.com.tr\/?page_id=2284\/"},"modified":"2021-01-28T12:07:39","modified_gmt":"2021-01-28T12:07:39","slug":"montaj-ve-devreye-alma","status":"publish","type":"page","link":"https:\/\/www.animetal.com.tr\/tr\/montaj-ve-devreye-alma\/","title":{"rendered":"Montaj ve Devreye Alma"},"content":{"rendered":"<p>[et_pb_section fb_built=&#8221;1&#8243; _builder_version=&#8221;3.22&#8243; custom_padding=&#8221;26px|0px|20px|0px&#8221;][et_pb_row _builder_version=&#8221;3.25&#8243; custom_padding=&#8221;0px|0px|0px|0px&#8221;][et_pb_column type=&#8221;4_4&#8243; _builder_version=&#8221;3.25&#8243; custom_padding=&#8221;|||&#8221; custom_padding__hover=&#8221;|||&#8221;][et_pb_text _builder_version=&#8221;4.7.3&#8243;]<\/p>\n<h1>Montaj ve Devreye Alma<\/h1>\n<p>[\/et_pb_text][\/et_pb_column][\/et_pb_row][\/et_pb_section][et_pb_section fb_built=&#8221;1&#8243; _builder_version=&#8221;3.22&#8243; custom_padding=&#8221;0px|0px|54px|0px&#8221;][et_pb_row column_structure=&#8221;2_3,1_3&#8243; use_custom_gutter=&#8221;on&#8221; gutter_width=&#8221;1&#8243; _builder_version=&#8221;3.25&#8243; background_color=&#8221;#efefef&#8221; custom_padding=&#8221;0px|0px|0px|0px&#8221;][et_pb_column type=&#8221;2_3&#8243; _builder_version=&#8221;3.25&#8243; custom_padding=&#8221;|||&#8221; custom_padding__hover=&#8221;|||&#8221;][et_pb_image src=&#8221;http:\/\/www.animetal.com.tr\/wp-content\/uploads\/2020\/10\/19-installation-comissioning01.jpg&#8221; alt=&#8221;ANI Metal &#8211; Installation and Commissioning&#8221; title_text=&#8221;19-installation-comissioning01&#8243; force_fullwidth=&#8221;on&#8221; align_tablet=&#8221;center&#8221; align_phone=&#8221;&#8221; align_last_edited=&#8221;on|desktop&#8221; _builder_version=&#8221;4.7.3&#8243; custom_margin=&#8221;0px|0px|0px|0px&#8221; animation_style=&#8221;slide&#8221; animation_direction=&#8221;left&#8221; animation_duration=&#8221;500ms&#8221; animation_intensity_slide=&#8221;10%&#8221;]<\/p>\n<p>[\/et_pb_image][\/et_pb_column][et_pb_column type=&#8221;1_3&#8243; _builder_version=&#8221;3.25&#8243; custom_padding=&#8221;|||&#8221; custom_padding__hover=&#8221;|||&#8221;][et_pb_cta title=&#8221;Montaj ve Devreye Alma Bro\u015f\u00fcr\u00fc&#8221; button_url=&#8221;http:\/\/www.animetal.com.tr\/wp-content\/uploads\/2021\/01\/19-montaj-devreye-alma_2021-01-28.pdf&#8221; url_new_window=&#8221;on&#8221; button_text=&#8221;PDF&#8221; _builder_version=&#8221;4.8.1&#8243; use_background_color=&#8221;off&#8221; background_layout=&#8221;light&#8221; custom_margin=&#8221;60px||10px|&#8221; custom_padding=&#8221;|14px||||&#8221; hover_enabled=&#8221;0&#8243; locked=&#8221;off&#8221; button_text_size__hover_enabled=&#8221;off&#8221; button_text_size__hover=&#8221;null&#8221; button_one_text_size__hover_enabled=&#8221;off&#8221; button_one_text_size__hover=&#8221;null&#8221; button_two_text_size__hover_enabled=&#8221;off&#8221; button_two_text_size__hover=&#8221;null&#8221; button_text_color__hover_enabled=&#8221;off&#8221; button_text_color__hover=&#8221;null&#8221; button_one_text_color__hover_enabled=&#8221;off&#8221; button_one_text_color__hover=&#8221;null&#8221; button_two_text_color__hover_enabled=&#8221;off&#8221; button_two_text_color__hover=&#8221;null&#8221; button_border_width__hover_enabled=&#8221;off&#8221; button_border_width__hover=&#8221;null&#8221; button_one_border_width__hover_enabled=&#8221;off&#8221; button_one_border_width__hover=&#8221;null&#8221; button_two_border_width__hover_enabled=&#8221;off&#8221; button_two_border_width__hover=&#8221;null&#8221; button_border_color__hover_enabled=&#8221;off&#8221; button_border_color__hover=&#8221;null&#8221; button_one_border_color__hover_enabled=&#8221;off&#8221; button_one_border_color__hover=&#8221;null&#8221; button_two_border_color__hover_enabled=&#8221;off&#8221; button_two_border_color__hover=&#8221;null&#8221; button_border_radius__hover_enabled=&#8221;off&#8221; button_border_radius__hover=&#8221;null&#8221; button_one_border_radius__hover_enabled=&#8221;off&#8221; button_one_border_radius__hover=&#8221;null&#8221; button_two_border_radius__hover_enabled=&#8221;off&#8221; button_two_border_radius__hover=&#8221;null&#8221; button_letter_spacing__hover_enabled=&#8221;off&#8221; button_letter_spacing__hover=&#8221;null&#8221; button_one_letter_spacing__hover_enabled=&#8221;off&#8221; button_one_letter_spacing__hover=&#8221;null&#8221; button_two_letter_spacing__hover_enabled=&#8221;off&#8221; button_two_letter_spacing__hover=&#8221;null&#8221; button_bg_color__hover_enabled=&#8221;off&#8221; button_bg_color__hover=&#8221;null&#8221; button_one_bg_color__hover_enabled=&#8221;off&#8221; button_one_bg_color__hover=&#8221;null&#8221; button_two_bg_color__hover_enabled=&#8221;off&#8221; button_two_bg_color__hover=&#8221;null&#8221; sticky_enabled=&#8221;0&#8243;][\/et_pb_cta][\/et_pb_column][\/et_pb_row][et_pb_row column_structure=&#8221;2_3,1_3&#8243; use_custom_gutter=&#8221;on&#8221; gutter_width=&#8221;1&#8243; _builder_version=&#8221;3.25&#8243; custom_padding=&#8221;20px|0px|0px|0px&#8221;][et_pb_column type=&#8221;2_3&#8243; _builder_version=&#8221;3.25&#8243; custom_padding=&#8221;|||&#8221; custom_padding__hover=&#8221;|||&#8221;][et_pb_text _builder_version=&#8221;4.7.3&#8243; custom_margin=&#8221;|20px||&#8221;]<\/p>\n<p><img decoding=\"async\" class=\"alignleft wp-image-5043\" src=\"http:\/\/www.animetal.com.tr\/wp-content\/uploads\/2019\/06\/ani_metal_assembly_and_commissioning_0278-254x300.jpg\" alt=\"Assembly and Commissioning\" width=\"350\" height=\"413\" srcset=\"https:\/\/www.animetal.com.tr\/wp-content\/uploads\/2019\/06\/ani_metal_assembly_and_commissioning_0278-254x300.jpg 254w, https:\/\/www.animetal.com.tr\/wp-content\/uploads\/2019\/06\/ani_metal_assembly_and_commissioning_0278.jpg 593w\" sizes=\"(max-width: 350px) 100vw, 350px\" \/><\/p>\n<p>ANI Metal, kendi dizayn etti\u011fi ve \u00fcretimini ger\u00e7ekle\u015ftirdi\u011fi galvaniz ekipmanlar\u0131n\u0131n yerinde montaj\u0131n\u0131 ve devreye almas\u0131n\u0131, b\u00fcnyesinde bulundurdu\u011fu yeti\u015fmi\u015f m\u00fchendis ve teknisyen kadrosu ile ger\u00e7ekle\u015ftirmektedir.<\/p>\n<p>ANI Metal, y\u00fczey i\u015flem teknolojisinden, vin\u00e7 gruplar\u0131na ve yak\u0131c\u0131 sistemlerden ar\u0131tma sistemlerine kadar montaj ve devreye alma i\u015flemlerini ger\u00e7ekle\u015ftirmesinin yan\u0131 s\u0131ra bak\u0131m onar\u0131m ve e\u011fitim destekleri de vermektedir.<\/p>\n<p>&nbsp;<\/p>\n<p>[\/et_pb_text][\/et_pb_column][et_pb_column type=&#8221;1_3&#8243; _builder_version=&#8221;3.25&#8243; custom_padding=&#8221;|||&#8221; custom_padding__hover=&#8221;|||&#8221;][et_pb_image src=&#8221;\/wp-content\/uploads\/2018\/02\/4120.jpg&#8221; align=&#8221;right&#8221; align_tablet=&#8221;center&#8221; align_phone=&#8221;&#8221; align_last_edited=&#8221;on|desktop&#8221; _builder_version=&#8221;3.23&#8243; module_alignment=&#8221;right&#8221;]<\/p>\n<p>[\/et_pb_image][\/et_pb_column][\/et_pb_row][\/et_pb_section]<\/p>\n","protected":false},"excerpt":{"rendered":"<p>Montaj ve Devreye Alma ANI Metal, kendi dizayn etti\u011fi ve \u00fcretimini ger\u00e7ekle\u015ftirdi\u011fi galvaniz ekipmanlar\u0131n\u0131n yerinde montaj\u0131n\u0131 ve devreye almas\u0131n\u0131, b\u00fcnyesinde bulundurdu\u011fu yeti\u015fmi\u015f m\u00fchendis ve teknisyen kadrosu ile ger\u00e7ekle\u015ftirmektedir. ANI Metal, y\u00fczey i\u015flem teknolojisinden, vin\u00e7 gruplar\u0131na ve yak\u0131c\u0131 sistemlerden ar\u0131tma sistemlerine kadar montaj ve devreye alma i\u015flemlerini ger\u00e7ekle\u015ftirmesinin yan\u0131 s\u0131ra bak\u0131m onar\u0131m ve e\u011fitim destekleri de [&hellip;]<\/p>\n","protected":false},"author":1,"featured_media":0,"parent":0,"menu_order":5,"comment_status":"closed","ping_status":"closed","template":"","meta":{"_et_pb_use_builder":"on","_et_pb_old_content":"","_et_gb_content_width":"","footnotes":""},"class_list":["post-2284","page","type-page","status-publish","hentry"],"_links":{"self":[{"href":"https:\/\/www.animetal.com.tr\/tr\/wp-json\/wp\/v2\/pages\/2284","targetHints":{"allow":["GET"]}}],"collection":[{"href":"https:\/\/www.animetal.com.tr\/tr\/wp-json\/wp\/v2\/pages"}],"about":[{"href":"https:\/\/www.animetal.com.tr\/tr\/wp-json\/wp\/v2\/types\/page"}],"author":[{"embeddable":true,"href":"https:\/\/www.animetal.com.tr\/tr\/wp-json\/wp\/v2\/users\/1"}],"replies":[{"embeddable":true,"href":"https:\/\/www.animetal.com.tr\/tr\/wp-json\/wp\/v2\/comments?post=2284"}],"version-history":[{"count":0,"href":"https:\/\/www.animetal.com.tr\/tr\/wp-json\/wp\/v2\/pages\/2284\/revisions"}],"wp:attachment":[{"href":"https:\/\/www.animetal.com.tr\/tr\/wp-json\/wp\/v2\/media?parent=2284"}],"curies":[{"name":"wp","href":"https:\/\/api.w.org\/{rel}","templated":true}]}}