{"id":2302,"date":"2017-12-14T11:24:57","date_gmt":"2017-12-14T11:24:57","guid":{"rendered":"http:\/\/v2.animetal.com.tr\/?page_id=2302\/"},"modified":"2025-02-14T06:50:03","modified_gmt":"2025-02-14T06:50:03","slug":"galvaniz-kimyasallari","status":"publish","type":"page","link":"https:\/\/www.animetal.com.tr\/tr\/galvaniz-kimyasallari\/","title":{"rendered":"Galvaniz Kimyasallar\u0131"},"content":{"rendered":"<p>[et_pb_section fb_built=&#8221;1&#8243; _builder_version=&#8221;4.16&#8243; custom_padding=&#8221;26px|0px|20px|0px&#8221; global_colors_info=&#8221;{}&#8221;][et_pb_row _builder_version=&#8221;4.16&#8243; custom_padding=&#8221;0px|0px|0px|0px&#8221; global_colors_info=&#8221;{}&#8221;][et_pb_column type=&#8221;4_4&#8243; _builder_version=&#8221;4.16&#8243; custom_padding=&#8221;|||&#8221; global_colors_info=&#8221;{}&#8221; custom_padding__hover=&#8221;|||&#8221;][et_pb_text _builder_version=&#8221;4.16&#8243; global_colors_info=&#8221;{}&#8221;]<\/p>\n<h1>Galvaniz Kimyasallar\u0131<\/h1>\n<p>[\/et_pb_text][\/et_pb_column][\/et_pb_row][\/et_pb_section][et_pb_section fb_built=&#8221;1&#8243; _builder_version=&#8221;4.16&#8243; custom_padding=&#8221;0px|0px|54px|0px&#8221; global_colors_info=&#8221;{}&#8221;][et_pb_row column_structure=&#8221;2_3,1_3&#8243; use_custom_gutter=&#8221;on&#8221; gutter_width=&#8221;1&#8243; _builder_version=&#8221;4.16&#8243; background_color=&#8221;#efefef&#8221; custom_padding=&#8221;0px|0px|0px|0px&#8221; global_colors_info=&#8221;{}&#8221;][et_pb_column type=&#8221;2_3&#8243; _builder_version=&#8221;4.16&#8243; custom_padding=&#8221;|||&#8221; global_colors_info=&#8221;{}&#8221; custom_padding__hover=&#8221;|||&#8221;][et_pb_image src=&#8221;https:\/\/www.animetal.com.tr\/wp-content\/uploads\/2023\/06\/ani-metal-galvanizing-chemicals-760px.jpg&#8221; alt=&#8221;ANI Metal &#8211; Galvanizing Chemicals&#8221; title_text=&#8221;ani-metal-galvanizing-chemicals-760px&#8221; force_fullwidth=&#8221;on&#8221; align_tablet=&#8221;center&#8221; align_phone=&#8221;&#8221; align_last_edited=&#8221;on|desktop&#8221; _builder_version=&#8221;4.21.0&#8243; custom_margin=&#8221;0px|0px|0px|0px&#8221; animation_style=&#8221;slide&#8221; animation_direction=&#8221;left&#8221; animation_duration=&#8221;500ms&#8221; animation_intensity_slide=&#8221;10%&#8221; global_colors_info=&#8221;{}&#8221;]<br \/>\n[\/et_pb_image][\/et_pb_column][et_pb_column type=&#8221;1_3&#8243; _builder_version=&#8221;4.16&#8243; custom_padding=&#8221;|||&#8221; global_colors_info=&#8221;{}&#8221; custom_padding__hover=&#8221;|||&#8221;][\/et_pb_column][\/et_pb_row][et_pb_row column_structure=&#8221;2_3,1_3&#8243; use_custom_gutter=&#8221;on&#8221; gutter_width=&#8221;1&#8243; _builder_version=&#8221;4.16&#8243; custom_padding=&#8221;20px|0px|0px|0px&#8221; global_colors_info=&#8221;{}&#8221;][et_pb_column type=&#8221;2_3&#8243; _builder_version=&#8221;4.16&#8243; custom_padding=&#8221;|||&#8221; global_colors_info=&#8221;{}&#8221; custom_padding__hover=&#8221;|||&#8221;][et_pb_text _builder_version=&#8221;4.27.4&#8243; hover_enabled=&#8221;0&#8243; global_colors_info=&#8221;{}&#8221; sticky_enabled=&#8221;0&#8243;]<\/p>\n<h2>\u200b<strong>Galvaniz Kimyasallar\u0131: \u0130yile\u015ftirilmi\u015f S\u00fcre\u00e7ler ve \u00dcst\u00fcn Kaplama Kalitesi i\u00e7in Temel Unsurlar<\/strong><\/h2>\n<p>Galvanizleme, metallerin \u00f6mr\u00fcn\u00fc \u00f6nemli \u00f6l\u00e7\u00fcde uzatan kan\u0131tlanm\u0131\u015f<img decoding=\"async\" class=\"alignright wp-image-12710 size-medium\" title=\"Galvaniz Kimayasallar\u0131\" src=\"https:\/\/www.animetal.com.tr\/wp-content\/uploads\/2025\/02\/1-1-204x300.png\" alt=\"Galvaniz Kimayasallar\u0131\" width=\"204\" height=\"300\" srcset=\"https:\/\/www.animetal.com.tr\/wp-content\/uploads\/2025\/02\/1-1-204x300.png 204w, https:\/\/www.animetal.com.tr\/wp-content\/uploads\/2025\/02\/1-1.png 439w\" sizes=\"(max-width: 204px) 100vw, 204px\" \/> bir y\u00f6ntemdir, ancak en y\u00fcksek kalitede ve en verimli kaplamay\u0131 elde etmek, sadece \u00e7inko potas\u0131ndan \u00e7ok daha fazlas\u0131n\u0131 gerektirir. \u0130deal kaplama sonu\u00e7lar\u0131n\u0131 sa\u011flamak i\u00e7in dikkatli bir \u00f6n i\u015flem a\u015famas\u0131nda titiz bir haz\u0131rl\u0131k ile ba\u015flar ve sonras\u0131nda dikkatlice m\u00fcdahele gerektiren son i\u015flem s\u00fcreciyle daha da geli\u015ftirilir. \u00c7eli\u011fin galvanizleme banyosuna dald\u0131r\u0131lmadan \u00f6nce kusursuz bir y\u00fczeye sahip olmas\u0131, optimal kaplama sonu\u00e7lar\u0131 i\u00e7in esast\u0131r.<\/p>\n<p>Bug\u00fcn, hem \u00f6n i\u015flem hem de son i\u015flem \u00e7\u00f6z\u00fcmleri geleneksel y\u00f6ntemlerin \u00e7ok \u00f6tesine ge\u00e7mi\u015ftir. G\u00fc\u00e7l\u00fc ya\u011f almalarda \u00e7evre dostu duman kesicilere kadar uzanan yeniliklerle, modern kimyasal \u00e7\u00f6z\u00fcmler t\u00fcm galvanizleme s\u00fcrecini devrim niteli\u011finde de\u011fi\u015ftirmektedir. Bu son teknoloji geli\u015fmeler, her ad\u0131m\u0131 optimize ederek, \u00e7eli\u011fin tamamen temizlenmesini ve ustal\u0131kla haz\u0131rlanmas\u0131n\u0131 sa\u011flar. Sonu\u00e7, her seferinde en y\u00fcksek kalite, performans ve verimlilik standartlar\u0131n\u0131 kar\u015f\u0131layan p\u00fcr\u00fczs\u00fcz ve daha dayan\u0131kl\u0131 bir kaplamad\u0131r.<\/p>\n<div id=\"ez-toc-container\" class=\"ez-toc-v2_0_81 counter-hierarchy ez-toc-counter ez-toc-grey ez-toc-container-direction\">\n<p class=\"ez-toc-title\" style=\"cursor:inherit\">Table of Contents<\/p>\n<label for=\"ez-toc-cssicon-toggle-item-69df3cf719d0f\" class=\"ez-toc-cssicon-toggle-label\"><span class=\"ez-toc-cssicon\"><span class=\"eztoc-hide\" style=\"display:none;\">Toggle<\/span><span class=\"ez-toc-icon-toggle-span\"><svg style=\"fill: #999;color:#999\" xmlns=\"http:\/\/www.w3.org\/2000\/svg\" class=\"list-377408\" width=\"20px\" height=\"20px\" viewBox=\"0 0 24 24\" fill=\"none\"><path d=\"M6 6H4v2h2V6zm14 0H8v2h12V6zM4 11h2v2H4v-2zm16 0H8v2h12v-2zM4 16h2v2H4v-2zm16 0H8v2h12v-2z\" fill=\"currentColor\"><\/path><\/svg><svg style=\"fill: #999;color:#999\" class=\"arrow-unsorted-368013\" xmlns=\"http:\/\/www.w3.org\/2000\/svg\" width=\"10px\" height=\"10px\" viewBox=\"0 0 24 24\" version=\"1.2\" baseProfile=\"tiny\"><path d=\"M18.2 9.3l-6.2-6.3-6.2 6.3c-.2.2-.3.4-.3.7s.1.5.3.7c.2.2.4.3.7.3h11c.3 0 .5-.1.7-.3.2-.2.3-.5.3-.7s-.1-.5-.3-.7zM5.8 14.7l6.2 6.3 6.2-6.3c.2-.2.3-.5.3-.7s-.1-.5-.3-.7c-.2-.2-.4-.3-.7-.3h-11c-.3 0-.5.1-.7.3-.2.2-.3.5-.3.7s.1.5.3.7z\"\/><\/svg><\/span><\/span><\/label><input type=\"checkbox\"  id=\"ez-toc-cssicon-toggle-item-69df3cf719d0f\"  aria-label=\"A\u00e7\/Kapat\" \/><nav><ul class='ez-toc-list ez-toc-list-level-1 ' ><li class='ez-toc-page-1 ez-toc-heading-level-3'><a class=\"ez-toc-link ez-toc-heading-1\" href=\"https:\/\/www.animetal.com.tr\/tr\/galvaniz-kimyasallari\/#Yenilikci_Galvaniz_Kimyasal_Cozumleri\" >Yenilik\u00e7i Galvaniz Kimyasal \u00c7\u00f6z\u00fcmleri<\/a><ul class='ez-toc-list-level-4' ><li class='ez-toc-heading-level-4'><a class=\"ez-toc-link ez-toc-heading-2\" href=\"https:\/\/www.animetal.com.tr\/tr\/galvaniz-kimyasallari\/#Dragon_Flux_On_Islemin_Kalbi\" >Dragon Flux: \u00d6n \u0130\u015flemin Kalbi<\/a><\/li><li class='ez-toc-page-1 ez-toc-heading-level-4'><a class=\"ez-toc-link ez-toc-heading-3\" href=\"https:\/\/www.animetal.com.tr\/tr\/galvaniz-kimyasallari\/#Anqa_Degreaser_Kusursuz_Sonuclar_Icin_Essiz_Temizlik\" >Anqa Degreaser: Kusursuz Sonu\u00e7lar \u0130\u00e7in E\u015fsiz Temizlik<\/a><\/li><li class='ez-toc-page-1 ez-toc-heading-level-4'><a class=\"ez-toc-link ez-toc-heading-4\" href=\"https:\/\/www.animetal.com.tr\/tr\/galvaniz-kimyasallari\/#Lycan_Fumeblock_Calisanlarin_ve_Yapinin_Koruyucusu\" >Lycan Fumeblock: \u00c7al\u0131\u015fanlar\u0131n ve Yap\u0131n\u0131n Koruyucusu<\/a><\/li><li class='ez-toc-page-1 ez-toc-heading-level-4'><a class=\"ez-toc-link ez-toc-heading-5\" href=\"https:\/\/www.animetal.com.tr\/tr\/galvaniz-kimyasallari\/#Monster_Inhibitor_Asitleme_Sirasinda_Celiginizi_Korur\" >Monster Inhibitor: Asitleme S\u0131ras\u0131nda \u00c7eli\u011finizi Korur<\/a><\/li><li class='ez-toc-page-1 ez-toc-heading-level-4'><a class=\"ez-toc-link ez-toc-heading-6\" href=\"https:\/\/www.animetal.com.tr\/tr\/galvaniz-kimyasallari\/#SmartNi_Cinko_Tuketimini_Azaltmanin_En_Etkili_Yolu\" >SmartNi: \u00c7inko T\u00fcketimini Azaltman\u0131n En Etkili Yolu<\/a><\/li><li class='ez-toc-page-1 ez-toc-heading-level-4'><a class=\"ez-toc-link ez-toc-heading-7\" href=\"https:\/\/www.animetal.com.tr\/tr\/galvaniz-kimyasallari\/#Bismuth_Cinkonun_Akiskanligini_Artirmak_Icin_Daha_Guvenli_Bir_Cozum\" >Bismuth: \u00c7inkonun Ak\u0131\u015fkanl\u0131\u011f\u0131n\u0131 Art\u0131rmak \u0130\u00e7in Daha G\u00fcvenli Bir \u00c7\u00f6z\u00fcm<\/a><\/li><li class='ez-toc-page-1 ez-toc-heading-level-4'><a class=\"ez-toc-link ez-toc-heading-8\" href=\"https:\/\/www.animetal.com.tr\/tr\/galvaniz-kimyasallari\/#Unicorn_Pass_Beyaz_Pasa_Karsi_Kalkan\" >Unicorn Pass: Beyaz Pas&#8217;a Kar\u015f\u0131 Kalkan<\/a><\/li><li class='ez-toc-page-1 ez-toc-heading-level-4'><a class=\"ez-toc-link ez-toc-heading-9\" href=\"https:\/\/www.animetal.com.tr\/tr\/galvaniz-kimyasallari\/#Amazinc_Spray_Nokta_Onarimlar_Icin_Hassas_Uygulama\" >Amazinc Spray: Nokta Onar\u0131mlar \u0130\u00e7in Hassas Uygulama<\/a><\/li><li class='ez-toc-page-1 ez-toc-heading-level-4'><a class=\"ez-toc-link ez-toc-heading-10\" href=\"https:\/\/www.animetal.com.tr\/tr\/galvaniz-kimyasallari\/#Amazinc_Paste_Karmasik_Yuzeyler_Icin_Hedeflenen_Rotus\" >Amazinc Paste: Karma\u015f\u0131k Y\u00fczeyler \u0130\u00e7in Hedeflenen Rot\u00fc\u015f<\/a><\/li><\/ul><\/li><\/ul><\/nav><\/div>\n<h3><span class=\"ez-toc-section\" id=\"Yenilikci_Galvaniz_Kimyasal_Cozumleri\"><\/span><strong>Yenilik\u00e7i Galvaniz Kimyasal \u00c7\u00f6z\u00fcmleri<\/strong><span class=\"ez-toc-section-end\"><\/span><\/h3>\n<h4><span class=\"ez-toc-section\" id=\"Dragon_Flux_On_Islemin_Kalbi\"><\/span><strong><a href=\"https:\/\/www.animetal.com.tr\/tr\/galvaniz-kimyasallari\/dragon-flaks\/\"><img decoding=\"async\" class=\"wp-image-12719 alignleft size-medium\" src=\"https:\/\/www.animetal.com.tr\/wp-content\/uploads\/2025\/02\/2-1-300x106.png\" alt=\"\" width=\"300\" height=\"106\" \/><\/a>Dragon Flux: \u00d6n \u0130\u015flemin Kalbi<\/strong><span class=\"ez-toc-section-end\"><\/span><\/h4>\n<p><a href=\"https:\/\/www.animetal.com.tr\/tr\/galvaniz-kimyasallari\/dragon-flaks\/\">Dragon Flux<\/a>, \u00e7eli\u011fin galvanizleme banyosuna ge\u00e7i\u015fi s\u0131ras\u0131nda\u00a0oksitlenmesini \u00f6nlemek i\u00e7in tasarlanm\u0131\u015f y\u00fcksek performansl\u0131 bir \u00e7ift tuz kimyasal\u0131d\u0131r. %56 ZnCl2 ve %44 NH4Cl&#8217;den olu\u015fan bu g\u00fc\u00e7l\u00fc flux banyosu, \u00e7inko kazan\u0131na dald\u0131rmadan \u00f6nce son temizleme ve haz\u0131rl\u0131k ad\u0131m\u0131 olarak fayda sa\u011flar. Y\u00fcksek kaliteli bir flux, \u00e7eli\u011fin tamamen temizlenmesini sa\u011flayarak p\u00fcr\u00fczs\u00fcz ve tutarl\u0131 bir \u00e7inko kaplaman\u0131n yolunu a\u00e7ar. \u00c7inko t\u00fcketimini azaltarak ve dros ve k\u00fcl olu\u015fumunu en aza indirerek, <a href=\"https:\/\/www.animetal.com.tr\/tr\/galvaniz-kimyasallari\/dragon-flaks\/\">Dragon Flux<\/a> \u00fcst\u00fcn kaplamalar sunar ve optimal verimlilik sa\u011flar.<\/p>\n<h4><span class=\"ez-toc-section\" id=\"Anqa_Degreaser_Kusursuz_Sonuclar_Icin_Essiz_Temizlik\"><\/span><strong><a href=\"https:\/\/www.animetal.com.tr\/tr\/galvaniz-kimyasallari\/anqa-yag-cozucu\/\"><img decoding=\"async\" class=\"wp-image-12724 alignleft size-medium\" src=\"https:\/\/www.animetal.com.tr\/wp-content\/uploads\/2025\/02\/3-1-300x110.png\" alt=\"\" width=\"300\" height=\"110\" \/><\/a>Anqa Degreaser: Kusursuz Sonu\u00e7lar \u0130\u00e7in E\u015fsiz Temizlik<\/strong><span class=\"ez-toc-section-end\"><\/span><\/h4>\n<p>M\u00fckemmel bir y\u00fczey elde etmek ba\u015far\u0131l\u0131 bir galvanizleme i\u00e7in \u00e7ok \u00f6nemlidir ve <a href=\"https:\/\/www.animetal.com.tr\/tr\/galvaniz-kimyasallari\/anqa-yag-cozucu\/\">Anqa Degreaser<\/a> ola\u011fan\u00fcst\u00fc temizlik g\u00fcc\u00fc sunar. Bu geli\u015fmi\u015f form\u00fcl, gres, ya\u011f ve kirleri kolayca keserek, galvanize haz\u0131r m\u00fckemmel temiz bir metal y\u00fczeyi b\u0131rak\u0131r. \u00d6zenle geli\u015ftirilmi\u015f form\u00fcl\u00fc sayesinde <a href=\"https:\/\/www.animetal.com.tr\/tr\/galvaniz-kimyasallari\/anqa-yag-cozucu\/\">Anqa Degreaser<\/a>, di\u011fer markalardan daha az \u00e7amur olu\u015fturur, tank temizleme s\u0131kl\u0131\u011f\u0131n\u0131 b\u00fcy\u00fck \u00f6l\u00e7\u00fcde azalt\u0131r ve genel s\u00fcreci optimize eder.<\/p>\n<h4><span class=\"ez-toc-section\" id=\"Lycan_Fumeblock_Calisanlarin_ve_Yapinin_Koruyucusu\"><\/span><strong><a href=\"https:\/\/www.animetal.com.tr\/tr\/galvaniz-kimyasallari\/lycan-duman-blogu\/\"><img decoding=\"async\" class=\"wp-image-12729 alignleft size-medium\" src=\"https:\/\/www.animetal.com.tr\/wp-content\/uploads\/2025\/02\/4-1-300x95.png\" alt=\"\" width=\"300\" height=\"95\" \/><\/a>Lycan Fumeblock: \u00c7al\u0131\u015fanlar\u0131n ve Yap\u0131n\u0131n Koruyucusu<\/strong><span class=\"ez-toc-section-end\"><\/span><\/h4>\n<p>G\u00fcvenlik ve bina korumas\u0131, galvanizleme s\u00fcre\u00e7lerinde \u00e7ok \u00f6nemlidir. <a href=\"https:\/\/www.animetal.com.tr\/tr\/galvaniz-kimyasallari\/lycan-duman-blogu\/\">Lycan Fumeblock<\/a>, asitleme i\u015flemi s\u0131ras\u0131nda zararl\u0131 dumanlar\u0131 \u00f6nemli \u00f6l\u00e7\u00fcde azaltan yenilik\u00e7i bir \u00e7\u00f6z\u00fcm sunar. Geli\u015fmi\u015f kimyas\u0131, sadece daha g\u00fcvenli ve sa\u011fl\u0131kl\u0131 bir \u00e7al\u0131\u015fma ortam\u0131n\u0131n korunmas\u0131na yard\u0131mc\u0131 olmakla kalmaz, ayn\u0131 zamanda hidroklorik asit (HCl) dumanlar\u0131n\u0131n a\u015f\u0131nd\u0131r\u0131c\u0131 etkilerinden binalar\u0131, vin\u00e7leri ve ekipmanlar\u0131 da korur. Asit tank\u0131na sadece %2 <a href=\"https:\/\/www.animetal.com.tr\/tr\/galvaniz-kimyasallari\/lycan-duman-blogu\/\">Lycan Fumeblock<\/a> ekleyerek, i\u015f\u00e7iler i\u00e7in daha g\u00fcvenli ve daha konforlu bir ortam yaratabilir ve asit buharlar\u0131n\u0131n neden oldu\u011fu uzun vadeli hasarlardan bina yap\u0131s\u0131n\u0131 koruyabilirsiniz. Bu \u00e7\u00f6z\u00fcm, hem i\u015fyeri g\u00fcvenli\u011fini hem de operasyonel verimlili\u011fi art\u0131r\u0131r.<\/p>\n<h4><span class=\"ez-toc-section\" id=\"Monster_Inhibitor_Asitleme_Sirasinda_Celiginizi_Korur\"><\/span><strong><a href=\"https:\/\/www.animetal.com.tr\/tr\/galvaniz-kimyasallari\/monster-inhibitor\/\"><img decoding=\"async\" class=\"wp-image-12734 alignleft size-medium\" src=\"https:\/\/www.animetal.com.tr\/wp-content\/uploads\/2025\/02\/5-1-300x101.png\" alt=\"\" width=\"300\" height=\"101\" \/><\/a>Monster Inhibitor: Asitleme S\u0131ras\u0131nda \u00c7eli\u011finizi Korur<\/strong><span class=\"ez-toc-section-end\"><\/span><\/h4>\n<p><a href=\"https:\/\/www.animetal.com.tr\/tr\/galvaniz-kimyasallari\/monster-inhibitor\/\">Monster Inhibitor<\/a>, asit tanklar\u0131 i\u00e7in kritik bir kimyasald\u0131r ve <a href=\"https:\/\/www.animetal.com.tr\/tr\/galvaniz-kimyasallari\/lycan-duman-blogu\/\">Lycan Fumeblock<\/a> gibi \u00fcr\u00fcnlerle birlikte \u00e7al\u0131\u015farak asitleme s\u00fcrecini optimize eder. Sadece %1 konsantrasyonda, asit ile temel \u00e7elik aras\u0131ndaki istenmeyen reaksiyonlar\u0131 \u00f6nler, asidin etkili bir \u015fekilde pas\u0131 gidermeye odaklanmas\u0131n\u0131 sa\u011flar. \u0130nhibit\u00f6r, \u00e7elik y\u00fczeyine emilerek asidin metal \u00fczerindeki a\u015f\u0131nd\u0131r\u0131c\u0131 etkisini \u00f6nemli \u00f6l\u00e7\u00fcde azaltan koruyucu bir tabaka olu\u015fturur. Bu sadece fazla asitlemeyi en aza indirmekle kalmaz, ayn\u0131 zamanda asit t\u00fcketimini de azalt\u0131r, daha verimli ve maliyet etkin bir s\u00fcre\u00e7 sa\u011flar.<\/p>\n<h4><span class=\"ez-toc-section\" id=\"SmartNi_Cinko_Tuketimini_Azaltmanin_En_Etkili_Yolu\"><\/span><strong><a href=\"https:\/\/www.animetal.com.tr\/tr\/galvaniz-kimyasallari\/smartni\/\"><img decoding=\"async\" class=\"wp-image-12739 alignleft size-medium\" src=\"https:\/\/www.animetal.com.tr\/wp-content\/uploads\/2025\/02\/6-1-300x119.png\" alt=\"\" width=\"300\" height=\"119\" srcset=\"https:\/\/www.animetal.com.tr\/wp-content\/uploads\/2025\/02\/6-1-300x119.png 300w, https:\/\/www.animetal.com.tr\/wp-content\/uploads\/2025\/02\/6-1.png 432w\" sizes=\"(max-width: 300px) 100vw, 300px\" \/><\/a>SmartNi: \u00c7inko T\u00fcketimini Azaltman\u0131n En Etkili Yolu<\/strong><span class=\"ez-toc-section-end\"><\/span><\/h4>\n<p><a href=\"https:\/\/www.animetal.com.tr\/tr\/galvaniz-kimyasallari\/smartni\/\">SmartNi<\/a>, galvanizleme s\u0131ras\u0131nda kaplama kal\u0131nl\u0131\u011f\u0131n\u0131n kontrol\u00fcnde hayati bir rol oynar. \u00c7inko-demir ala\u015f\u0131m\u0131n\u0131n a\u015f\u0131r\u0131 olu\u015fumunu etkili bir \u015fekilde \u00f6nleyen tek elementtir, bu da \u00f6nlenmezse kal\u0131n kaplamalar, soyulma ve mat gri y\u00fczeyler ile sonu\u00e7lanabilir. \u00c7inko t\u00fcketimini azaltarak ve daha ince, daha e\u015fit bir kaplaman\u0131n olu\u015fumunu sa\u011flayarak, <a href=\"https:\/\/www.animetal.com.tr\/tr\/galvaniz-kimyasallari\/smartni\/\">SmartNi<\/a> y\u00fcksek kaliteli galvanizli \u00e7elik \u00fcretimini daha verimli hale getirir.<\/p>\n<h4><span class=\"ez-toc-section\" id=\"Bismuth_Cinkonun_Akiskanligini_Artirmak_Icin_Daha_Guvenli_Bir_Cozum\"><\/span><strong><img decoding=\"async\" class=\"wp-image-12744 alignleft size-thumbnail\" src=\"https:\/\/www.animetal.com.tr\/wp-content\/uploads\/2025\/02\/7-1-150x150.jpg\" alt=\"\" width=\"150\" height=\"150\" \/>Bismuth: \u00c7inkonun Ak\u0131\u015fkanl\u0131\u011f\u0131n\u0131 Art\u0131rmak \u0130\u00e7in Daha G\u00fcvenli Bir \u00c7\u00f6z\u00fcm<\/strong><span class=\"ez-toc-section-end\"><\/span><\/h4>\n<p>Bizmut, kur\u015funa \u00e7evre dostu ve insan sa\u011fl\u0131\u011f\u0131na duyarl\u0131 bir alternatif olup, ayn\u0131 y\u00fcksek performans\u0131 riskleri olmadan sunar. Bu \u00f6zel element, y\u00fczey gerilimini azaltarak \u00e7inkonun ak\u0131\u015fkanl\u0131\u011f\u0131n\u0131 art\u0131r\u0131r, daha e\u015fit bir ak\u0131\u015f ve kaplama sa\u011flar. Bizmut, deliklerdeki ince \u00e7inko tabakalar\u0131 ve t\u0131kanm\u0131\u015f di\u015fler gibi sorunlar\u0131n \u00f6nlenmesine yard\u0131mc\u0131 olur ve \u00e7inko kaplamas\u0131nda s\u0131z\u0131nt\u0131 riskini azalt\u0131r.<\/p>\n<h4><span class=\"ez-toc-section\" id=\"Unicorn_Pass_Beyaz_Pasa_Karsi_Kalkan\"><\/span><strong><img decoding=\"async\" class=\"wp-image-12749 alignleft size-medium\" src=\"https:\/\/www.animetal.com.tr\/wp-content\/uploads\/2025\/02\/8-1-300x91.png\" alt=\"\" width=\"300\" height=\"91\" \/>Unicorn Pass: Beyaz Pas&#8217;a Kar\u015f\u0131 Kalkan<\/strong><span class=\"ez-toc-section-end\"><\/span><\/h4>\n<p>Galvaniz sonras\u0131 koruma \u00e7ok \u00f6nemlidir ve Unicorn Pass, beyaz pas&#8217;a kar\u015f\u0131 g\u00fc\u00e7l\u00fc bir savunma sunar. Bu geli\u015fmi\u015f form\u00fclasyon, korozyon direncini art\u0131ran ve galvanizli y\u00fczeylerin estetik \u00e7ekicili\u011fini koruyan koruyucu bir bariyer olu\u015fturur.<\/p>\n<h4><span class=\"ez-toc-section\" id=\"Amazinc_Spray_Nokta_Onarimlar_Icin_Hassas_Uygulama\"><\/span><strong><a href=\"https:\/\/www.animetal.com.tr\/tr\/galvaniz-kimyasallari\/amazinc-sprey\/\"><img decoding=\"async\" class=\"wp-image-12754 alignleft size-medium\" src=\"https:\/\/www.animetal.com.tr\/wp-content\/uploads\/2025\/02\/9-300x88.png\" alt=\"\" width=\"300\" height=\"88\" \/><\/a>Amazinc Spray: Nokta Onar\u0131mlar \u0130\u00e7in Hassas Uygulama<\/strong><span class=\"ez-toc-section-end\"><\/span><\/h4>\n<p><a href=\"https:\/\/www.animetal.com.tr\/tr\/galvaniz-kimyasallari\/amazinc-sprey\/\">Amazinc Spray<\/a>, nokta onar\u0131mlar ve r\u00f6tu\u015flar i\u00e7in ideal bir \u00e7\u00f6z\u00fcmd\u00fcr ve uygulama hassasiyeti ve e\u015fit koruyucu bir tabaka sunar. Kolay kullan\u0131ml\u0131 p\u00fcsk\u00fcrtme mekanizmas\u0131, en karma\u015f\u0131k y\u00fczeylerin ve zor eri\u015filen alanlar\u0131n bile tutarl\u0131, y\u00fcksek kaliteli bir boyama almas\u0131n\u0131 sa\u011flar, bu da onu galvanizleme operasyonlar\u0131nda bak\u0131m ve k\u00fc\u00e7\u00fck onar\u0131mlar i\u00e7in vazge\u00e7ilmez bir ara\u00e7 haline getirir.<\/p>\n<h4><span class=\"ez-toc-section\" id=\"Amazinc_Paste_Karmasik_Yuzeyler_Icin_Hedeflenen_Rotus\"><\/span><strong><a href=\"https:\/\/www.animetal.com.tr\/tr\/galvaniz-kimyasallari\/amazinc-pasta\/\"><img decoding=\"async\" class=\"wp-image-12759 alignleft size-medium\" src=\"https:\/\/www.animetal.com.tr\/wp-content\/uploads\/2025\/02\/10-300x110.png\" alt=\"\" width=\"300\" height=\"110\" \/><\/a>Amazinc Paste: Karma\u015f\u0131k Y\u00fczeyler \u0130\u00e7in Hedeflenen Rot\u00fc\u015f<\/strong><span class=\"ez-toc-section-end\"><\/span><\/h4>\n<p>Daha yo\u011fun r\u00f6tu\u015f gerektiren alanlar i\u00e7in <a href=\"https:\/\/www.animetal.com.tr\/tr\/galvaniz-kimyasallari\/amazinc-pasta\/\">Amazinc Paste<\/a> e\u015fsiz bir performans sunar. Kal\u0131n, yap\u0131\u015fkan k\u0131vam\u0131, karma\u015f\u0131k ve y\u00fcksek gerilimli metal par\u00e7alar\u0131n tam kaplama ve uzun s\u00fcreli koruma almas\u0131n\u0131 sa\u011flar. Karma\u015f\u0131k bile\u015fenler veya zorlu ortamlara maruz kalan alanlar i\u00e7in ideal olan <a href=\"https:\/\/www.animetal.com.tr\/tr\/galvaniz-kimyasallari\/amazinc-pasta\/\">Amazinc Paste<\/a>, en zorlu uygulamalarda bile \u00fcst\u00fcn dayan\u0131kl\u0131l\u0131k ve koruma sa\u011flar.<\/p>\n<p>Bu geli\u015fmi\u015f kimyasallar, galvanizleme s\u00fcrecini h\u0131zland\u0131rarak verimlili\u011fi art\u0131r\u0131r ve nihai \u00fcr\u00fcn\u00fcn kalitesini \u00f6nemli \u00f6l\u00e7\u00fcde art\u0131r\u0131r. \u00dcst\u00fcn temizlikten geli\u015fmi\u015f korozyon korumas\u0131na kadar bu \u00e7\u00f6z\u00fcmler, galvanizlemenin her a\u015famas\u0131n\u0131 ele alarak daha temiz, daha g\u00fc\u00e7l\u00fc ve daha dayan\u0131kl\u0131 bir kaplama ile sonu\u00e7lan\u0131r. Bu \u00fcr\u00fcnlerin bir\u00e7o\u011fu s\u00fcrd\u00fcr\u00fclebilirlik ve g\u00fcvenlik d\u00fc\u015f\u00fcn\u00fclerek tasarlanm\u0131\u015ft\u0131r. Lycan Fumeblock gibi \u00e7\u00f6z\u00fcmler zararl\u0131 emisyonlar\u0131 azalt\u0131rken, SmartNi \u00e7inko t\u00fcketimini optimize ederek kaynaklar\u0131n verimli kullan\u0131lmas\u0131n\u0131 destekler. Bu yenilikler, daha g\u00fcvenli ve daha s\u00fcrd\u00fcr\u00fclebilir bir galvanizleme s\u00fcrecine katk\u0131da bulunarak, end\u00fcstriyel operasyonlar\u0131n \u00e7evresel etkilerini nihayetinde azalt\u0131r.<\/p>\n<p>[\/et_pb_text][\/et_pb_column][et_pb_column type=&#8221;1_3&#8243; _builder_version=&#8221;4.16&#8243; custom_padding=&#8221;|||&#8221; global_colors_info=&#8221;{}&#8221; custom_padding__hover=&#8221;|||&#8221;][et_pb_text _builder_version=&#8221;4.21.0&#8243; text_font=&#8221;||||||||&#8221; background_color=&#8221;rgba(104,153,193,0.12)&#8221; custom_margin=&#8221;|||&#8221; custom_padding=&#8221;10px|10px|10px|25px&#8221; global_colors_info=&#8221;{}&#8221;]<\/p>\n<p><a href=\"https:\/\/www.animetal.com.tr\/tr\/galvaniz-kimyasallari\/dragon-flaks\/\">Dragon Flux<\/a><\/p>\n<p><a href=\"https:\/\/www.animetal.com.tr\/tr\/galvaniz-kimyasallari\/anqa-yag-cozucu\/\">Anqa Degreaser<\/a><\/p>\n<p><a href=\"https:\/\/www.animetal.com.tr\/tr\/galvaniz-kimyasallari\/lycan-duman-blogu\/\">Lycan Fumeblock<\/a><\/p>\n<p><a href=\"https:\/\/www.animetal.com.tr\/tr\/galvaniz-kimyasallari\/monster-inhibitor\/\">Monster Inhibitor<\/a><\/p>\n<p><a href=\"https:\/\/www.animetal.com.tr\/tr\/galvaniz-kimyasallari\/smartni\/\">SmartNi<\/a><\/p>\n<p><a href=\"https:\/\/www.animetal.com.tr\/tr\/galvaniz-kimyasallari\/amazinc-sprey\/\">Amazinc Sprey<\/a><\/p>\n<p><a href=\"https:\/\/www.animetal.com.tr\/tr\/galvaniz-kimyasallari\/amazinc-pasta\/\">Amazinc Pasta<\/a><\/p>\n<p>[\/et_pb_text][\/et_pb_column][\/et_pb_row][\/et_pb_section]<\/p>\n","protected":false},"excerpt":{"rendered":"<p>Galvaniz Kimyasallar\u0131 \u200bGalvaniz Kimyasallar\u0131: \u0130yile\u015ftirilmi\u015f S\u00fcre\u00e7ler ve \u00dcst\u00fcn Kaplama Kalitesi i\u00e7in Temel Unsurlar Galvanizleme, metallerin \u00f6mr\u00fcn\u00fc \u00f6nemli \u00f6l\u00e7\u00fcde uzatan kan\u0131tlanm\u0131\u015f bir y\u00f6ntemdir, ancak en y\u00fcksek kalitede ve en verimli kaplamay\u0131 elde etmek, sadece \u00e7inko potas\u0131ndan \u00e7ok daha fazlas\u0131n\u0131 gerektirir. \u0130deal kaplama sonu\u00e7lar\u0131n\u0131 sa\u011flamak i\u00e7in dikkatli bir \u00f6n i\u015flem a\u015famas\u0131nda titiz bir haz\u0131rl\u0131k ile ba\u015flar ve [&hellip;]<\/p>\n","protected":false},"author":1,"featured_media":11753,"parent":0,"menu_order":4,"comment_status":"closed","ping_status":"closed","template":"","meta":{"_et_pb_use_builder":"on","_et_pb_old_content":"","_et_gb_content_width":"","footnotes":""},"class_list":["post-2302","page","type-page","status-publish","has-post-thumbnail","hentry"],"_links":{"self":[{"href":"https:\/\/www.animetal.com.tr\/tr\/wp-json\/wp\/v2\/pages\/2302","targetHints":{"allow":["GET"]}}],"collection":[{"href":"https:\/\/www.animetal.com.tr\/tr\/wp-json\/wp\/v2\/pages"}],"about":[{"href":"https:\/\/www.animetal.com.tr\/tr\/wp-json\/wp\/v2\/types\/page"}],"author":[{"embeddable":true,"href":"https:\/\/www.animetal.com.tr\/tr\/wp-json\/wp\/v2\/users\/1"}],"replies":[{"embeddable":true,"href":"https:\/\/www.animetal.com.tr\/tr\/wp-json\/wp\/v2\/comments?post=2302"}],"version-history":[{"count":0,"href":"https:\/\/www.animetal.com.tr\/tr\/wp-json\/wp\/v2\/pages\/2302\/revisions"}],"wp:featuredmedia":[{"embeddable":true,"href":"https:\/\/www.animetal.com.tr\/tr\/wp-json\/wp\/v2\/media\/11753"}],"wp:attachment":[{"href":"https:\/\/www.animetal.com.tr\/tr\/wp-json\/wp\/v2\/media?parent=2302"}],"curies":[{"name":"wp","href":"https:\/\/api.w.org\/{rel}","templated":true}]}}