{"id":3424,"date":"2018-02-20T16:55:17","date_gmt":"2018-02-20T16:55:17","guid":{"rendered":"http:\/\/v2.animetal.com.tr\/hydronet\/"},"modified":"2025-01-05T13:08:55","modified_gmt":"2025-01-05T13:08:55","slug":"anqa-yag-cozucu","status":"publish","type":"page","link":"https:\/\/www.animetal.com.tr\/tr\/galvaniz-kimyasallari\/anqa-yag-cozucu\/","title":{"rendered":"Anqa Ya\u011f \u00c7\u00f6z\u00fcc\u00fc"},"content":{"rendered":"<p>[et_pb_section fb_built=&#8221;1&#8243; _builder_version=&#8221;4.16&#8243; custom_padding=&#8221;26px|0px|20px|0px&#8221; global_colors_info=&#8221;{}&#8221;][et_pb_row _builder_version=&#8221;4.16&#8243; custom_padding=&#8221;0px|0px|0px|0px&#8221; global_colors_info=&#8221;{}&#8221;][et_pb_column type=&#8221;4_4&#8243; _builder_version=&#8221;4.16&#8243; custom_padding=&#8221;|||&#8221; global_colors_info=&#8221;{}&#8221; custom_padding__hover=&#8221;|||&#8221;][et_pb_text _builder_version=&#8221;4.21.0&#8243; global_colors_info=&#8221;{}&#8221;]<\/p>\n<h1>Anqa Degreaser<\/h1>\n<p>[\/et_pb_text][\/et_pb_column][\/et_pb_row][\/et_pb_section][et_pb_section fb_built=&#8221;1&#8243; _builder_version=&#8221;4.16&#8243; custom_padding=&#8221;0px|0px|54px|0px&#8221; global_colors_info=&#8221;{}&#8221;][et_pb_row column_structure=&#8221;2_3,1_3&#8243; use_custom_gutter=&#8221;on&#8221; gutter_width=&#8221;1&#8243; _builder_version=&#8221;4.16&#8243; background_color=&#8221;#efefef&#8221; custom_padding=&#8221;0px|0px|0px|0px&#8221; global_colors_info=&#8221;{}&#8221;][et_pb_column type=&#8221;2_3&#8243; _builder_version=&#8221;4.16&#8243; custom_padding=&#8221;|||&#8221; global_colors_info=&#8221;{}&#8221; custom_padding__hover=&#8221;|||&#8221;][et_pb_image src=&#8221;https:\/\/www.animetal.com.tr\/wp-content\/uploads\/2023\/06\/ANI-Metal-Anqa-Degreaser01.jpg&#8221; alt=&#8221;ANI Metal &#8211; Anqa Degreaser&#8221; title_text=&#8221;ANI Metal &#8211; Anqa Degreaser&#8221; force_fullwidth=&#8221;on&#8221; align_tablet=&#8221;center&#8221; align_phone=&#8221;&#8221; align_last_edited=&#8221;on|desktop&#8221; _builder_version=&#8221;4.21.0&#8243; custom_margin=&#8221;0px|0px|0px|0px&#8221; animation_style=&#8221;slide&#8221; animation_direction=&#8221;left&#8221; animation_duration=&#8221;500ms&#8221; animation_intensity_slide=&#8221;10%&#8221; global_colors_info=&#8221;{}&#8221;]<br \/>\n[\/et_pb_image][\/et_pb_column][et_pb_column type=&#8221;1_3&#8243; _builder_version=&#8221;4.16&#8243; custom_padding=&#8221;|||&#8221; global_colors_info=&#8221;{}&#8221; custom_padding__hover=&#8221;|||&#8221;][et_pb_image src=&#8221;https:\/\/www.animetal.com.tr\/wp-content\/uploads\/2023\/06\/anqa-degreaser-logo-330px-2.png&#8221; alt=&#8221;Anqa Degreaser Logo&#8221; title_text=&#8221;Anqa Degreaser Logo&#8221; _builder_version=&#8221;4.21.0&#8243; _module_preset=&#8221;default&#8221; width=&#8221;75%&#8221; max_width=&#8221;71%&#8221; module_alignment=&#8221;center&#8221; custom_margin=&#8221;100px||||false|false&#8221; locked=&#8221;off&#8221; global_colors_info=&#8221;{}&#8221;][\/et_pb_image][et_pb_cta title=&#8221;Anqa Degreaser Bro\u015f\u00fcr\u00fc&#8221; button_url=&#8221;https:\/\/www.animetal.com.tr\/wp-content\/uploads\/2023\/08\/ANI-Metal-anqa-degreaser-data-sheet-tr-v2.pdf&#8221; url_new_window=&#8221;on&#8221; button_text=&#8221;PDF&#8221; _builder_version=&#8221;4.21.0&#8243; header_line_height=&#8221;1.2em&#8221; use_background_color=&#8221;off&#8221; background_layout=&#8221;light&#8221; custom_margin=&#8221;50px|20px|10px|20px&#8221; locked=&#8221;off&#8221; global_colors_info=&#8221;{}&#8221; button_text_size__hover_enabled=&#8221;off&#8221; button_one_text_size__hover_enabled=&#8221;off&#8221; button_two_text_size__hover_enabled=&#8221;off&#8221; button_text_color__hover_enabled=&#8221;off&#8221; button_one_text_color__hover_enabled=&#8221;off&#8221; button_two_text_color__hover_enabled=&#8221;off&#8221; button_border_width__hover_enabled=&#8221;off&#8221; button_one_border_width__hover_enabled=&#8221;off&#8221; button_two_border_width__hover_enabled=&#8221;off&#8221; button_border_color__hover_enabled=&#8221;off&#8221; button_one_border_color__hover_enabled=&#8221;off&#8221; button_two_border_color__hover_enabled=&#8221;off&#8221; button_border_radius__hover_enabled=&#8221;off&#8221; button_one_border_radius__hover_enabled=&#8221;off&#8221; button_two_border_radius__hover_enabled=&#8221;off&#8221; button_letter_spacing__hover_enabled=&#8221;off&#8221; button_one_letter_spacing__hover_enabled=&#8221;off&#8221; button_two_letter_spacing__hover_enabled=&#8221;off&#8221; button_bg_color__hover_enabled=&#8221;off&#8221; button_one_bg_color__hover_enabled=&#8221;off&#8221; button_two_bg_color__hover_enabled=&#8221;off&#8221;][\/et_pb_cta][\/et_pb_column][\/et_pb_row][et_pb_row column_structure=&#8221;2_3,1_3&#8243; use_custom_gutter=&#8221;on&#8221; gutter_width=&#8221;1&#8243; _builder_version=&#8221;4.21.0&#8243; custom_padding=&#8221;20px|0px|0px|0px&#8221; global_colors_info=&#8221;{}&#8221;][et_pb_column type=&#8221;2_3&#8243; _builder_version=&#8221;4.21.0&#8243; background_color=&#8221;#fee8c0&#8243; custom_padding=&#8221;20px|20px|20px|20px|false|false&#8221; global_colors_info=&#8221;{}&#8221; custom_padding__hover=&#8221;|||&#8221;][et_pb_text _builder_version=&#8221;4.21.0&#8243; background_color=&#8221;RGBA(255,255,255,0)&#8221; custom_margin=&#8221;0px|0px|10px|0px|false|false&#8221; custom_padding=&#8221;10px|10px|10px|10px|false|false&#8221; border_radii=&#8221;off|5px|5px||5px&#8221; global_colors_info=&#8221;{}&#8221;]<\/p>\n<div id=\"ez-toc-container\" class=\"ez-toc-v2_0_81 counter-hierarchy ez-toc-counter ez-toc-grey ez-toc-container-direction\">\n<p class=\"ez-toc-title\" style=\"cursor:inherit\">Table of Contents<\/p>\n<label for=\"ez-toc-cssicon-toggle-item-69ea1fe3cbd40\" class=\"ez-toc-cssicon-toggle-label\"><span class=\"ez-toc-cssicon\"><span class=\"eztoc-hide\" style=\"display:none;\">Toggle<\/span><span class=\"ez-toc-icon-toggle-span\"><svg style=\"fill: #999;color:#999\" xmlns=\"http:\/\/www.w3.org\/2000\/svg\" class=\"list-377408\" width=\"20px\" height=\"20px\" viewBox=\"0 0 24 24\" fill=\"none\"><path d=\"M6 6H4v2h2V6zm14 0H8v2h12V6zM4 11h2v2H4v-2zm16 0H8v2h12v-2zM4 16h2v2H4v-2zm16 0H8v2h12v-2z\" fill=\"currentColor\"><\/path><\/svg><svg style=\"fill: #999;color:#999\" class=\"arrow-unsorted-368013\" xmlns=\"http:\/\/www.w3.org\/2000\/svg\" width=\"10px\" height=\"10px\" viewBox=\"0 0 24 24\" version=\"1.2\" baseProfile=\"tiny\"><path d=\"M18.2 9.3l-6.2-6.3-6.2 6.3c-.2.2-.3.4-.3.7s.1.5.3.7c.2.2.4.3.7.3h11c.3 0 .5-.1.7-.3.2-.2.3-.5.3-.7s-.1-.5-.3-.7zM5.8 14.7l6.2 6.3 6.2-6.3c.2-.2.3-.5.3-.7s-.1-.5-.3-.7c-.2-.2-.4-.3-.7-.3h-11c-.3 0-.5.1-.7.3-.2.2-.3.5-.3.7s.1.5.3.7z\"\/><\/svg><\/span><\/span><\/label><input type=\"checkbox\"  id=\"ez-toc-cssicon-toggle-item-69ea1fe3cbd40\"  aria-label=\"A\u00e7\/Kapat\" \/><nav><ul class='ez-toc-list ez-toc-list-level-1 ' ><li class='ez-toc-page-1 ez-toc-heading-level-3'><a class=\"ez-toc-link ez-toc-heading-1\" href=\"https:\/\/www.animetal.com.tr\/tr\/galvaniz-kimyasallari\/anqa-yag-cozucu\/#SICAK_DALDIRMA_GALVANIZ_ENDUSTRISI_ICIN_DUSUK_FOSFORLU_ASIDIK_YAG_ALMA_KIMYASALI\" >SICAK DALDIRMA GALVAN\u0130Z END\u00dcSTR\u0130S\u0130 \u0130\u00c7\u0130N D\u00dc\u015e\u00dcK FOSFORLU AS\u0130D\u0130K YA\u011e ALMA K\u0130MYASALI<\/a><ul class='ez-toc-list-level-4' ><li class='ez-toc-heading-level-4'><a class=\"ez-toc-link ez-toc-heading-2\" href=\"https:\/\/www.animetal.com.tr\/tr\/galvaniz-kimyasallari\/anqa-yag-cozucu\/#Asidik_Yag_Alma_Solusyonunun_Hazirlanmasi\" >Asidik Ya\u011f Alma Sol\u00fcsyonunun Haz\u0131rlanmas\u0131<\/a><\/li><li class='ez-toc-page-1 ez-toc-heading-level-4'><a class=\"ez-toc-link ez-toc-heading-3\" href=\"https:\/\/www.animetal.com.tr\/tr\/galvaniz-kimyasallari\/anqa-yag-cozucu\/#Teknik_Ozellikler\" >Teknik \u00d6zellikler<\/a><\/li><\/ul><\/li><\/ul><\/nav><\/div>\n<h3><span class=\"ez-toc-section\" id=\"SICAK_DALDIRMA_GALVANIZ_ENDUSTRISI_ICIN_DUSUK_FOSFORLU_ASIDIK_YAG_ALMA_KIMYASALI\"><\/span><strong>SICAK DALDIRMA GALVAN\u0130Z END\u00dcSTR\u0130S\u0130 \u0130\u00c7\u0130N D\u00dc\u015e\u00dcK FOSFORLU AS\u0130D\u0130K YA\u011e ALMA K\u0130MYASALI<\/strong><span class=\"ez-toc-section-end\"><\/span><\/h3>\n<p>[\/et_pb_text][et_pb_text _builder_version=&#8221;4.21.0&#8243; background_color=&#8221;#d7e9ce&#8221; custom_margin=&#8221;0px|0px|10px|0px|false|false&#8221; custom_padding=&#8221;10px|10px|10px|10px|false|false&#8221; border_radii=&#8221;off|5px|5px||5px&#8221; border_width_all=&#8221;2px&#8221; box_shadow_style=&#8221;preset4&#8243; box_shadow_horizontal=&#8221;5px&#8221; box_shadow_vertical=&#8221;5px&#8221; global_colors_info=&#8221;{}&#8221;]<\/p>\n<p><strong><img decoding=\"async\" src=\"https:\/\/www.animetal.com.tr\/wp-content\/uploads\/2023\/06\/anqa-degreaser-info-icon.png\" width=\"60\" height=\"60\" alt=\"Anqa Degreaser Info Icon\" class=\"wp-image-10898 alignleft size-full\" \/>ANQA DEGREASER<\/strong>, fosforik asit ve hidroklorik asit bazl\u0131, asidik bir ya\u011f gidericidir.<\/p>\n<p><img decoding=\"async\" src=\"https:\/\/www.animetal.com.tr\/wp-content\/uploads\/2023\/06\/anqa-degreaser-drops.png\" width=\"44\" height=\"106\" alt=\"Anqa Degreaser Drops\" class=\"wp-image-10905 alignnone size-full\" style=\"float: right;\" \/><\/p>\n<p><strong>ANQA DEGREASER<\/strong> ya\u011f ve di\u011fer kirletici maddeleri \u00e7elik y\u00fczeyinden s\u00f6ker.<\/p>\n<p>[\/et_pb_text][et_pb_text _builder_version=&#8221;4.21.0&#8243; background_color=&#8221;#fefefe&#8221; custom_margin=&#8221;0px|0px|10px|0px|false|false&#8221; custom_padding=&#8221;10px|10px|10px|10px|false|false&#8221; border_radii=&#8221;off|5px|5px||5px&#8221; border_width_all=&#8221;2px&#8221; box_shadow_style=&#8221;preset4&#8243; box_shadow_horizontal=&#8221;5px&#8221; box_shadow_vertical=&#8221;5px&#8221; global_colors_info=&#8221;{}&#8221;]<\/p>\n<p><img decoding=\"async\" src=\"https:\/\/www.animetal.com.tr\/wp-content\/uploads\/2023\/06\/anqa-degreaser-phosphorus-icon-2.png\" width=\"98\" height=\"60\" alt=\"Anqa Degreaser Phosphorus\" class=\"wp-image-10981 alignleft size-full\" \/>Daha az fosforik asit i\u00e7erir.<\/p>\n<ul>\n<li>Ya\u011f alma sonras\u0131nda kat\u0131 madde miktar\u0131n\u0131 azalt\u0131r.<\/li>\n<li>Kat\u0131 at\u0131k miktar\u0131n\u0131 azalt\u0131r.<\/li>\n<\/ul>\n<p>[\/et_pb_text][et_pb_text _builder_version=&#8221;4.21.0&#8243; background_color=&#8221;#fefefe&#8221; custom_margin=&#8221;0px|0px|10px|0px|false|false&#8221; custom_padding=&#8221;10px|10px|10px|10px|false|false&#8221; border_radii=&#8221;off|5px|5px||5px&#8221; border_width_all=&#8221;2px&#8221; box_shadow_style=&#8221;preset4&#8243; box_shadow_horizontal=&#8221;5px&#8221; box_shadow_vertical=&#8221;5px&#8221; global_colors_info=&#8221;{}&#8221;]<\/p>\n<p><img decoding=\"async\" src=\"https:\/\/www.animetal.com.tr\/wp-content\/uploads\/2023\/06\/anqa-degreaser-check-mark-2.png\" width=\"98\" height=\"60\" alt=\"Anqa Degreaser Check Mark\" class=\"wp-image-10976 alignleft size-full\" \/>Y\u00fczey aktif maddeler i\u00e7erir.<\/p>\n<ul>\n<li>Ya\u011f alma verimini artt\u0131r\u0131r.<\/li>\n<\/ul>\n<p>[\/et_pb_text][et_pb_text _builder_version=&#8221;4.21.0&#8243; background_color=&#8221;#fefefe&#8221; custom_margin=&#8221;0px|0px|10px|0px|false|false&#8221; custom_padding=&#8221;10px|10px|10px|10px|false|false&#8221; border_radii=&#8221;off|5px|5px||5px&#8221; border_width_all=&#8221;2px&#8221; box_shadow_style=&#8221;preset4&#8243; box_shadow_horizontal=&#8221;5px&#8221; box_shadow_vertical=&#8221;5px&#8221; global_colors_info=&#8221;{}&#8221;]<\/p>\n<p><img decoding=\"async\" src=\"https:\/\/www.animetal.com.tr\/wp-content\/uploads\/2023\/06\/anqa-degreaser-emoji-thumbs-up-1.png\" width=\"98\" height=\"60\" alt=\"Anqa Degreaser Emoji Thumbs Up\" class=\"wp-image-10970 alignleft size-full\" \/>Paslanma \u00f6nleyiciler i\u00e7erir.<\/p>\n<ul>\n<li>\u00c7eli\u011fe asit tesirini engeller.<\/li>\n<\/ul>\n<p>[\/et_pb_text][et_pb_text _builder_version=&#8221;4.21.0&#8243; background_color=&#8221;#fce3d7&#8243; custom_margin=&#8221;0px|0px|10px|0px|false|false&#8221; custom_padding=&#8221;10px|10px|10px|10px|false|false&#8221; border_radii=&#8221;off|5px|5px||5px&#8221; border_width_all=&#8221;2px&#8221; box_shadow_style=&#8221;preset4&#8243; box_shadow_horizontal=&#8221;5px&#8221; box_shadow_vertical=&#8221;5px&#8221; global_colors_info=&#8221;{}&#8221;]<\/p>\n<p><img decoding=\"async\" src=\"https:\/\/www.animetal.com.tr\/wp-content\/uploads\/2023\/06\/anqa-degreaser-warning-sign.png\" width=\"66\" height=\"60\" alt=\"Anqa Degreaser Warning Sign\" class=\"wp-image-10910 alignleft size-full\" \/><\/p>\n<p><strong>D\u0130KKAT!<br \/>Ya\u011f alma tanklar\u0131 aside dayan\u0131kl\u0131 ve 35\u1d52C&#8217;ye \u0131s\u0131t\u0131lmaya uygun olmal\u0131d\u0131r.<img decoding=\"async\" src=\"https:\/\/www.animetal.com.tr\/wp-content\/uploads\/2023\/06\/anqa-degreaser-temperature-icon.png\" width=\"60\" height=\"78\" alt=\"Anqa Degreaser Temeprature Icon\" class=\"wp-image-11040 alignright size-full\" \/><\/strong><\/p>\n<p>&nbsp;<\/p>\n<p>[\/et_pb_text][et_pb_text _builder_version=&#8221;4.21.0&#8243; background_color=&#8221;#d5ebee&#8221; custom_margin=&#8221;0px|0px|10px|0px|false|false&#8221; custom_padding=&#8221;10px|10px|10px|10px|false|false&#8221; border_radii=&#8221;off|5px|5px||5px&#8221; border_width_all=&#8221;2px&#8221; box_shadow_style=&#8221;preset4&#8243; box_shadow_horizontal=&#8221;5px&#8221; box_shadow_vertical=&#8221;5px&#8221; global_colors_info=&#8221;{}&#8221;]<\/p>\n<h4><span class=\"ez-toc-section\" id=\"Asidik_Yag_Alma_Solusyonunun_Hazirlanmasi\"><\/span><strong>Asidik Ya\u011f Alma Sol\u00fcsyonunun Haz\u0131rlanmas\u0131<\/strong><span class=\"ez-toc-section-end\"><\/span><\/h4>\n<ul>\n<li>Tank hacmini hesaplay\u0131n.<\/li>\n<li>Tank\u0131 \u00e7al\u0131\u015fma seviyesinin %75&#8217;ine kadar su ile doldurun.<\/li>\n<li>%8-10&#8217;una kadar ANQA DEGREASER ekleyin.<\/li>\n<li>\u00c7al\u0131\u015fma seviyesinin kalan\u0131n\u0131 suyla tamamlay\u0131n.<\/li>\n<\/ul>\n<p>[\/et_pb_text][et_pb_image src=&#8221;https:\/\/www.animetal.com.tr\/wp-content\/uploads\/2023\/06\/ANI-Metal-Anqa-Degreaser02.jpg&#8221; alt=&#8221;ANI Metal &#8211; Anqa Degreaser&#8221; title_text=&#8221;ANI Metal &#8211; Anqa Degreaser&#8221; _builder_version=&#8221;4.21.0&#8243; _module_preset=&#8221;default&#8221; global_colors_info=&#8221;{}&#8221;][\/et_pb_image][et_pb_text _builder_version=&#8221;4.21.0&#8243; background_color=&#8221;#fefefe&#8221; custom_margin=&#8221;10px|0px|10px|0px|false|false&#8221; custom_padding=&#8221;10px|10px|10px|10px|false|false&#8221; border_radii=&#8221;off|5px|5px||5px&#8221; border_width_all=&#8221;2px&#8221; box_shadow_style=&#8221;preset4&#8243; box_shadow_horizontal=&#8221;5px&#8221; box_shadow_vertical=&#8221;5px&#8221; global_colors_info=&#8221;{}&#8221;]<\/p>\n<h4><span class=\"ez-toc-section\" id=\"Teknik_Ozellikler\"><\/span><img decoding=\"async\" src=\"https:\/\/www.animetal.com.tr\/wp-content\/uploads\/2023\/06\/anqa-degreaser-worker-helmet.png\" width=\"66\" height=\"60\" alt=\"Anqa Degreaser Worker Helmet\" class=\"wp-image-10951 alignleft size-full\" \/><strong>Teknik \u00d6zellikler<\/strong><span class=\"ez-toc-section-end\"><\/span><\/h4>\n<p><strong>\u00c7al\u0131\u015fma Parametreleri<\/strong><br \/>pH : 1 &#8211; 2<br \/>S\u0131cakl\u0131k : 30 &#8211; 40\u00b0C<br \/>Proses s\u00fcresi : 10 &#8211; 30 dakika (\u00e7elik substrat\u0131ndaki ya\u011fa ba\u011fl\u0131 olarak)<br \/>Demir deri\u015fimi (Fe<sup>+2<\/sup>) : Maksimum 50 g\/litre<br \/><img decoding=\"async\" src=\"https:\/\/www.animetal.com.tr\/wp-content\/uploads\/2023\/06\/anqa-degreaser-fe-zn-1.png\" width=\"120\" height=\"104\" alt=\"Anqa Degreaser Fe Zn\" class=\"wp-image-11047 alignright size-full\" \/><\/p>\n<p>[\/et_pb_text][et_pb_text _builder_version=&#8221;4.21.0&#8243; background_color=&#8221;#d5ebee&#8221; custom_margin=&#8221;0px|0px|10px|0px|false|false&#8221; custom_padding=&#8221;10px|10px|10px|10px|false|false&#8221; border_radii=&#8221;off|5px|5px||5px&#8221; border_width_all=&#8221;2px&#8221; box_shadow_style=&#8221;preset4&#8243; box_shadow_horizontal=&#8221;5px&#8221; box_shadow_vertical=&#8221;5px&#8221; global_colors_info=&#8221;{}&#8221;]<\/p>\n<p><strong><img decoding=\"async\" src=\"https:\/\/www.animetal.com.tr\/wp-content\/uploads\/2023\/06\/tools_60px.png\" width=\"60\" height=\"60\" alt=\"Wrench and Hummer Icon\" class=\"wp-image-10805 alignleft size-full\" \/>Ya\u011f Alma Sol\u00fcsyonunun S\u00fcrd\u00fcr\u00fclmesi<\/strong><\/p>\n<p>Anqa Degreaser sarfiyat\u0131 \u015fu \u015fekillerde olur:<\/p>\n<ul>\n<li>Ya\u011f ve kimyasal\u0131n reaksiyonu ile<\/li>\n<li>Malzeme \u00fcst\u00fcnde ta\u015f\u0131nma ile<\/li>\n<\/ul>\n<p>T\u00fcketim de\u011feri 1 ton galvanizlenen malzeme ba\u015f\u0131na 0.8 &#8211; 1.2 kg olup malzemelerin y\u00fczey alan\u0131 ve ya\u011f i\u00e7eri\u011fine g\u00f6re de\u011fi\u015fiklik g\u00f6sterir.<\/p>\n<p>\u0130laveler, galvanizlenen \u00e7elik tonaj\u0131na g\u00f6re ayarlanmal\u0131d\u0131r.<img decoding=\"async\" src=\"https:\/\/www.animetal.com.tr\/wp-content\/uploads\/2023\/06\/anqa-degreaser-checklist-icon.png\" width=\"60\" height=\"85\" alt=\"Anqa Degreaser Checklist-icon\" class=\"wp-image-10916 alignright size-full\" \/><\/p>\n<p>Ayl\u0131k analizler ya\u011f alma sol\u00fcsyonunun konsantrasyonunu % 8-10 aras\u0131nda tutmaya yard\u0131mc\u0131 olacakt\u0131r.<\/p>\n<p>[\/et_pb_text][et_pb_text _builder_version=&#8221;4.21.0&#8243; custom_margin=&#8221;20px|0px|10px|0px|false|false&#8221; custom_padding=&#8221;0px|0px|0px|0px|false|false&#8221; global_colors_info=&#8221;{}&#8221;]<\/p>\n<p><img decoding=\"async\" src=\"https:\/\/www.animetal.com.tr\/wp-content\/uploads\/2023\/06\/ANI-Metal-Anqa-Degreaser03.jpg\" width=\"720\" height=\"760\" alt=\"ANI Metal - Anqa Degreaser\" class=\"wp-image-11035 alignnone size-full\" srcset=\"https:\/\/www.animetal.com.tr\/wp-content\/uploads\/2023\/06\/ANI-Metal-Anqa-Degreaser03.jpg 720w, https:\/\/www.animetal.com.tr\/wp-content\/uploads\/2023\/06\/ANI-Metal-Anqa-Degreaser03-480x507.jpg 480w\" sizes=\"(min-width: 0px) and (max-width: 480px) 480px, (min-width: 481px) 720px, 100vw\" \/><\/p>\n<p>[\/et_pb_text][\/et_pb_column][et_pb_column type=&#8221;1_3&#8243; _builder_version=&#8221;4.16&#8243; custom_padding=&#8221;|||&#8221; global_colors_info=&#8221;{}&#8221; custom_padding__hover=&#8221;|||&#8221;][et_pb_text _builder_version=&#8221;4.21.0&#8243; text_font=&#8221;||||||||&#8221; text_text_color=&#8221;#ff0f0f&#8221; text_line_height=&#8221;1.2em&#8221; background_color=&#8221;rgba(104,153,193,0.12)&#8221; custom_margin=&#8221;|||&#8221; custom_padding=&#8221;10px|10px|10px|25px&#8221; global_colors_info=&#8221;{}&#8221;]<\/p>\n<p><a href=\"https:\/\/www.animetal.com.tr\/tr\/galvaniz-kimyasallari\/dragon-flaks\/\">Dragon Flux<\/a><\/p>\n<p>Anqa Degreaser<\/p>\n<p><a href=\"https:\/\/www.animetal.com.tr\/tr\/galvaniz-kimyasallari\/lycan-duman-blogu\/\">Lycan Fumeblock<\/a><\/p>\n<p><a href=\"https:\/\/www.animetal.com.tr\/tr\/galvaniz-kimyasallari\/monster-inhibitor\/\">Monster Inhibitor<\/a><\/p>\n<p><a href=\"https:\/\/www.animetal.com.tr\/tr\/galvaniz-kimyasallari\/smartni\/\">SmartNi<\/a><\/p>\n<p><a href=\"https:\/\/www.animetal.com.tr\/tr\/galvaniz-kimyasallari\/amazinc-sprey\/\">Amazinc Sprey<\/a><\/p>\n<p><a href=\"https:\/\/www.animetal.com.tr\/tr\/galvaniz-kimyasallari\/amazinc-pasta\/\">Amazinc Pasta<\/a><\/p>\n<p>[\/et_pb_text][\/et_pb_column][\/et_pb_row][\/et_pb_section]<\/p>\n","protected":false},"excerpt":{"rendered":"<p>Anqa Degreaser SICAK DALDIRMA GALVAN\u0130Z END\u00dcSTR\u0130S\u0130 \u0130\u00c7\u0130N D\u00dc\u015e\u00dcK FOSFORLU AS\u0130D\u0130K YA\u011e ALMA K\u0130MYASALIANQA DEGREASER, fosforik asit ve hidroklorik asit bazl\u0131, asidik bir ya\u011f gidericidir. ANQA DEGREASER ya\u011f ve di\u011fer kirletici maddeleri \u00e7elik y\u00fczeyinden s\u00f6ker.Daha az fosforik asit i\u00e7erir. Ya\u011f alma sonras\u0131nda kat\u0131 madde miktar\u0131n\u0131 azalt\u0131r. Kat\u0131 at\u0131k miktar\u0131n\u0131 azalt\u0131r. Y\u00fczey aktif maddeler i\u00e7erir. Ya\u011f alma [&hellip;]<\/p>\n","protected":false},"author":1,"featured_media":10991,"parent":2302,"menu_order":2,"comment_status":"closed","ping_status":"closed","template":"","meta":{"_et_pb_use_builder":"on","_et_pb_old_content":"","_et_gb_content_width":"","footnotes":""},"class_list":["post-3424","page","type-page","status-publish","has-post-thumbnail","hentry"],"_links":{"self":[{"href":"https:\/\/www.animetal.com.tr\/tr\/wp-json\/wp\/v2\/pages\/3424","targetHints":{"allow":["GET"]}}],"collection":[{"href":"https:\/\/www.animetal.com.tr\/tr\/wp-json\/wp\/v2\/pages"}],"about":[{"href":"https:\/\/www.animetal.com.tr\/tr\/wp-json\/wp\/v2\/types\/page"}],"author":[{"embeddable":true,"href":"https:\/\/www.animetal.com.tr\/tr\/wp-json\/wp\/v2\/users\/1"}],"replies":[{"embeddable":true,"href":"https:\/\/www.animetal.com.tr\/tr\/wp-json\/wp\/v2\/comments?post=3424"}],"version-history":[{"count":0,"href":"https:\/\/www.animetal.com.tr\/tr\/wp-json\/wp\/v2\/pages\/3424\/revisions"}],"up":[{"embeddable":true,"href":"https:\/\/www.animetal.com.tr\/tr\/wp-json\/wp\/v2\/pages\/2302"}],"wp:featuredmedia":[{"embeddable":true,"href":"https:\/\/www.animetal.com.tr\/tr\/wp-json\/wp\/v2\/media\/10991"}],"wp:attachment":[{"href":"https:\/\/www.animetal.com.tr\/tr\/wp-json\/wp\/v2\/media?parent=3424"}],"curies":[{"name":"wp","href":"https:\/\/api.w.org\/{rel}","templated":true}]}}