{"id":3436,"date":"2018-02-20T17:04:59","date_gmt":"2018-02-20T17:04:59","guid":{"rendered":"http:\/\/v2.animetal.com.tr\/asit-buhari-onleyici-antivapor\/"},"modified":"2025-01-05T12:58:33","modified_gmt":"2025-01-05T12:58:33","slug":"lycan-duman-blogu","status":"publish","type":"page","link":"https:\/\/www.animetal.com.tr\/tr\/galvaniz-kimyasallari\/lycan-duman-blogu\/","title":{"rendered":"Lycan Duman Blo\u011fu"},"content":{"rendered":"<p>[et_pb_section fb_built=&#8221;1&#8243; _builder_version=&#8221;4.16&#8243; custom_padding=&#8221;26px|0px|20px|0px&#8221; global_colors_info=&#8221;{}&#8221;][et_pb_row _builder_version=&#8221;4.16&#8243; custom_padding=&#8221;0px|0px|0px|0px&#8221; global_colors_info=&#8221;{}&#8221;][et_pb_column type=&#8221;4_4&#8243; _builder_version=&#8221;4.16&#8243; custom_padding=&#8221;|||&#8221; global_colors_info=&#8221;{}&#8221; custom_padding__hover=&#8221;|||&#8221;][et_pb_text _builder_version=&#8221;4.27.4&#8243; global_colors_info=&#8221;{}&#8221;]<\/p>\n<h1>Lycan Duman Blo\u011fu<\/h1>\n<p>[\/et_pb_text][\/et_pb_column][\/et_pb_row][\/et_pb_section][et_pb_section fb_built=&#8221;1&#8243; _builder_version=&#8221;4.16&#8243; custom_padding=&#8221;0px|0px|54px|0px&#8221; global_colors_info=&#8221;{}&#8221;][et_pb_row column_structure=&#8221;2_3,1_3&#8243; use_custom_gutter=&#8221;on&#8221; gutter_width=&#8221;1&#8243; _builder_version=&#8221;4.16&#8243; background_color=&#8221;#efefef&#8221; custom_padding=&#8221;0px|0px|0px|0px&#8221; global_colors_info=&#8221;{}&#8221;][et_pb_column type=&#8221;2_3&#8243; _builder_version=&#8221;4.16&#8243; custom_padding=&#8221;|||&#8221; global_colors_info=&#8221;{}&#8221; custom_padding__hover=&#8221;|||&#8221;][et_pb_image src=&#8221;https:\/\/www.animetal.com.tr\/wp-content\/uploads\/2023\/06\/Lycan-Fumeblock01.jpg&#8221; alt=&#8221;Lycan Fumeblock&#8221; title_text=&#8221;Lycan Fumeblock&#8221; force_fullwidth=&#8221;on&#8221; align_tablet=&#8221;center&#8221; align_phone=&#8221;&#8221; align_last_edited=&#8221;on|desktop&#8221; _builder_version=&#8221;4.21.0&#8243; custom_margin=&#8221;0px|0px|0px|0px&#8221; animation_style=&#8221;slide&#8221; animation_direction=&#8221;left&#8221; animation_duration=&#8221;500ms&#8221; animation_intensity_slide=&#8221;10%&#8221; global_colors_info=&#8221;{}&#8221;]<br \/>\n[\/et_pb_image][\/et_pb_column][et_pb_column type=&#8221;1_3&#8243; _builder_version=&#8221;4.16&#8243; custom_padding=&#8221;|||&#8221; global_colors_info=&#8221;{}&#8221; custom_padding__hover=&#8221;|||&#8221;][et_pb_image src=&#8221;https:\/\/www.animetal.com.tr\/wp-content\/uploads\/2023\/06\/lycan-fumeblock-logo-330px.png&#8221; alt=&#8221;Lycan Fumeblock Logo&#8221; title_text=&#8221;Lycan Fumeblock Logo&#8221; _builder_version=&#8221;4.21.0&#8243; _module_preset=&#8221;default&#8221; width=&#8221;75%&#8221; max_width=&#8221;71%&#8221; module_alignment=&#8221;center&#8221; custom_margin=&#8221;100px||||false|false&#8221; locked=&#8221;off&#8221; global_colors_info=&#8221;{}&#8221;][\/et_pb_image][et_pb_cta title=&#8221;Lycan Fumeblock Bro\u015f\u00fcr\u00fc&#8221; button_url=&#8221;https:\/\/www.animetal.com.tr\/wp-content\/uploads\/2023\/08\/ANI-Metal-lycan-fumeblock-data-sheet-tr-v2.pdf&#8221; url_new_window=&#8221;on&#8221; button_text=&#8221;PDF&#8221; _builder_version=&#8221;4.21.0&#8243; header_line_height=&#8221;1.2em&#8221; use_background_color=&#8221;off&#8221; background_layout=&#8221;light&#8221; custom_margin=&#8221;50px|20px|10px|20px&#8221; locked=&#8221;off&#8221; global_colors_info=&#8221;{}&#8221; button_text_size__hover_enabled=&#8221;off&#8221; button_one_text_size__hover_enabled=&#8221;off&#8221; button_two_text_size__hover_enabled=&#8221;off&#8221; button_text_color__hover_enabled=&#8221;off&#8221; button_one_text_color__hover_enabled=&#8221;off&#8221; button_two_text_color__hover_enabled=&#8221;off&#8221; button_border_width__hover_enabled=&#8221;off&#8221; button_one_border_width__hover_enabled=&#8221;off&#8221; button_two_border_width__hover_enabled=&#8221;off&#8221; button_border_color__hover_enabled=&#8221;off&#8221; button_one_border_color__hover_enabled=&#8221;off&#8221; button_two_border_color__hover_enabled=&#8221;off&#8221; button_border_radius__hover_enabled=&#8221;off&#8221; button_one_border_radius__hover_enabled=&#8221;off&#8221; button_two_border_radius__hover_enabled=&#8221;off&#8221; button_letter_spacing__hover_enabled=&#8221;off&#8221; button_one_letter_spacing__hover_enabled=&#8221;off&#8221; button_two_letter_spacing__hover_enabled=&#8221;off&#8221; button_bg_color__hover_enabled=&#8221;off&#8221; button_one_bg_color__hover_enabled=&#8221;off&#8221; button_two_bg_color__hover_enabled=&#8221;off&#8221;][\/et_pb_cta][\/et_pb_column][\/et_pb_row][et_pb_row column_structure=&#8221;2_3,1_3&#8243; use_custom_gutter=&#8221;on&#8221; gutter_width=&#8221;1&#8243; _builder_version=&#8221;4.21.0&#8243; custom_padding=&#8221;20px|0px|0px|0px&#8221; locked=&#8221;off&#8221; global_colors_info=&#8221;{}&#8221;][et_pb_column type=&#8221;2_3&#8243; _builder_version=&#8221;4.21.0&#8243; background_color=&#8221;#fff9c7&#8243; custom_padding=&#8221;20px|20px|20px|20px|false|false&#8221; global_colors_info=&#8221;{}&#8221; custom_padding__hover=&#8221;|||&#8221;][et_pb_text _builder_version=&#8221;4.21.0&#8243; background_color=&#8221;RGBA(255,255,255,0)&#8221; custom_margin=&#8221;0px|0px|10px|0px|false|false&#8221; custom_padding=&#8221;10px|10px|10px|10px|false|false&#8221; border_radii=&#8221;off|5px|5px||5px&#8221; global_colors_info=&#8221;{}&#8221;]<\/p>\n<div id=\"ez-toc-container\" class=\"ez-toc-v2_0_81 counter-hierarchy ez-toc-counter ez-toc-grey ez-toc-container-direction\">\n<p class=\"ez-toc-title\" style=\"cursor:inherit\">Table of Contents<\/p>\n<label for=\"ez-toc-cssicon-toggle-item-69ea1fe766c54\" class=\"ez-toc-cssicon-toggle-label\"><span class=\"ez-toc-cssicon\"><span class=\"eztoc-hide\" style=\"display:none;\">Toggle<\/span><span class=\"ez-toc-icon-toggle-span\"><svg style=\"fill: #999;color:#999\" xmlns=\"http:\/\/www.w3.org\/2000\/svg\" class=\"list-377408\" width=\"20px\" height=\"20px\" viewBox=\"0 0 24 24\" fill=\"none\"><path d=\"M6 6H4v2h2V6zm14 0H8v2h12V6zM4 11h2v2H4v-2zm16 0H8v2h12v-2zM4 16h2v2H4v-2zm16 0H8v2h12v-2z\" fill=\"currentColor\"><\/path><\/svg><svg style=\"fill: #999;color:#999\" class=\"arrow-unsorted-368013\" xmlns=\"http:\/\/www.w3.org\/2000\/svg\" width=\"10px\" height=\"10px\" viewBox=\"0 0 24 24\" version=\"1.2\" baseProfile=\"tiny\"><path d=\"M18.2 9.3l-6.2-6.3-6.2 6.3c-.2.2-.3.4-.3.7s.1.5.3.7c.2.2.4.3.7.3h11c.3 0 .5-.1.7-.3.2-.2.3-.5.3-.7s-.1-.5-.3-.7zM5.8 14.7l6.2 6.3 6.2-6.3c.2-.2.3-.5.3-.7s-.1-.5-.3-.7c-.2-.2-.4-.3-.7-.3h-11c-.3 0-.5.1-.7.3-.2.2-.3.5-.3.7s.1.5.3.7z\"\/><\/svg><\/span><\/span><\/label><input type=\"checkbox\"  id=\"ez-toc-cssicon-toggle-item-69ea1fe766c54\"  aria-label=\"A\u00e7\/Kapat\" \/><nav><ul class='ez-toc-list ez-toc-list-level-1 ' ><li class='ez-toc-page-1 ez-toc-heading-level-3'><a class=\"ez-toc-link ez-toc-heading-1\" href=\"https:\/\/www.animetal.com.tr\/tr\/galvaniz-kimyasallari\/lycan-duman-blogu\/#SICAK_DALDIRMA_GALVANIZ_ENDUSTRISI_ICIN_ASIT_BUHARI_ONLEYICI_KATKI\" >SICAK DALDIRMA GALVAN\u0130Z END\u00dcSTR\u0130S\u0130 \u0130\u00c7\u0130N AS\u0130T BUHARI \u00d6NLEY\u0130C\u0130 KATKI<\/a><ul class='ez-toc-list-level-4' ><li class='ez-toc-heading-level-4'><a class=\"ez-toc-link ez-toc-heading-2\" href=\"https:\/\/www.animetal.com.tr\/tr\/galvaniz-kimyasallari\/lycan-duman-blogu\/#Teknik_Ozellikler\" >Teknik \u00d6zellikler<\/a><\/li><\/ul><\/li><\/ul><\/nav><\/div>\n<h3><span class=\"ez-toc-section\" id=\"SICAK_DALDIRMA_GALVANIZ_ENDUSTRISI_ICIN_ASIT_BUHARI_ONLEYICI_KATKI\"><\/span><strong>SICAK DALDIRMA GALVAN\u0130Z END\u00dcSTR\u0130S\u0130 \u0130\u00c7\u0130N AS\u0130T BUHARI \u00d6NLEY\u0130C\u0130 KATKI<\/strong><span class=\"ez-toc-section-end\"><\/span><\/h3>\n<p>[\/et_pb_text][et_pb_text _builder_version=&#8221;4.21.0&#8243; background_color=&#8221;#fce3d7&#8243; custom_margin=&#8221;0px|0px|10px|0px|false|false&#8221; custom_padding=&#8221;10px|10px|10px|10px|false|false&#8221; border_radii=&#8221;off|5px|5px||5px&#8221; border_width_all=&#8221;2px&#8221; box_shadow_style=&#8221;preset4&#8243; box_shadow_horizontal=&#8221;5px&#8221; box_shadow_vertical=&#8221;5px&#8221; global_colors_info=&#8221;{}&#8221;]<\/p>\n<p>Tanklar\u0131 \u00e7evreleyen havada asit damlac\u0131klar\u0131n\u0131 en aza indirmek, personel ve ekipmanlar i\u00e7in daha iyi bir ortam sa\u011flamak ad\u0131na bir asit buhar\u0131 \u00f6nleyici kullan\u0131n.<\/p>\n<p><img decoding=\"async\" src=\"https:\/\/www.animetal.com.tr\/wp-content\/uploads\/2023\/06\/Lycan-Fumeblock02.png\" width=\"720\" height=\"421\" alt=\"Lycan Fumeblock\" class=\"wp-image-11101 alignnone size-full\" srcset=\"https:\/\/www.animetal.com.tr\/wp-content\/uploads\/2023\/06\/Lycan-Fumeblock02.png 720w, https:\/\/www.animetal.com.tr\/wp-content\/uploads\/2023\/06\/Lycan-Fumeblock02-480x281.png 480w\" sizes=\"(min-width: 0px) and (max-width: 480px) 480px, (min-width: 481px) 720px, 100vw\" \/><\/p>\n<p>Asit buhar\u0131n\u0131 \u00f6nlemek i\u00e7in bir k\u00f6p\u00fck katman\u0131, plastik toplar, vb. veya asit tank\u0131n\u0131n \u00fczerine sprey olarak uygulanan, damlac\u0131k olu\u015fumunu en aza indiren bir kimyasal katk\u0131 kullan\u0131labilir.<\/p>\n<p>[\/et_pb_text][et_pb_text _builder_version=&#8221;4.21.0&#8243; background_color=&#8221;#fefefe&#8221; custom_margin=&#8221;0px|0px|10px|0px|false|false&#8221; custom_padding=&#8221;10px|10px|10px|10px|false|false&#8221; border_radii=&#8221;off|5px|5px||5px&#8221; border_width_all=&#8221;2px&#8221; box_shadow_style=&#8221;preset4&#8243; box_shadow_horizontal=&#8221;5px&#8221; box_shadow_vertical=&#8221;5px&#8221; global_colors_info=&#8221;{}&#8221;]<\/p>\n<p>\u0130\u015f sa\u011fl\u0131\u011f\u0131 ve g\u00fcvenli\u011fi, temiz bir \u00e7evre, bina ve ekipmanlar\u0131n asit buhar\u0131na ba\u011fl\u0131 korozyondan korunmas\u0131 ad\u0131na en do\u011fru \u00e7\u00f6z\u00fcm, kapal\u0131 \u00f6n i\u015flem odas\u0131d\u0131r. Asit buhar\u0131 \u00f6nleyici katk\u0131lar s\u0131n\u0131rl\u0131 \u00e7\u00f6z\u00fcmler sunarlar.<\/p>\n<p><img decoding=\"async\" src=\"https:\/\/www.animetal.com.tr\/wp-content\/uploads\/2023\/06\/Lycan-Fumeblock03-1.png\" width=\"720\" height=\"421\" alt=\"Lycan Fumeblock\" class=\"wp-image-11119 alignnone size-full\" srcset=\"https:\/\/www.animetal.com.tr\/wp-content\/uploads\/2023\/06\/Lycan-Fumeblock03-1.png 720w, https:\/\/www.animetal.com.tr\/wp-content\/uploads\/2023\/06\/Lycan-Fumeblock03-1-480x281.png 480w\" sizes=\"(min-width: 0px) and (max-width: 480px) 480px, (min-width: 481px) 720px, 100vw\" \/><\/p>\n<p><strong>AS\u0130TLEME PROSES\u0130NDE AS\u0130T BUHARINI AZALTIR<\/strong><\/p>\n<p>[\/et_pb_text][et_pb_text _builder_version=&#8221;4.21.0&#8243; background_color=&#8221;#d5ebee&#8221; custom_margin=&#8221;0px|0px|10px|0px|false|false&#8221; custom_padding=&#8221;10px|10px|10px|10px|false|false&#8221; border_radii=&#8221;off|5px|5px||5px&#8221; border_width_all=&#8221;2px&#8221; box_shadow_style=&#8221;preset4&#8243; box_shadow_horizontal=&#8221;5px&#8221; box_shadow_vertical=&#8221;5px&#8221; global_colors_info=&#8221;{}&#8221;]<\/p>\n<p><strong>LYCAN FUMEBLOCK;<\/strong><\/p>\n<ul>\n<li>Asit banyolar\u0131nda asit molek\u00fcllerinin y\u00fczey gerilimini azaltarak, banyo y\u00fczeyinden asit buhar\u0131 sal\u0131n\u0131m\u0131n\u0131 -yeni bir asit banyosu olu\u015ftururken dahi- \u00f6nemli oranda azalt\u0131r.<\/li>\n<li>\u00c7al\u0131\u015fma s\u0131cakl\u0131\u011f\u0131ndan ba\u011f\u0131ms\u0131z olarak, asit buhar\u0131 sal\u0131n\u0131m\u0131n\u0131 g\u00f6zle g\u00f6r\u00fcl\u00fcr \u015fekilde azalt\u0131r.<br \/><img decoding=\"async\" src=\"https:\/\/www.animetal.com.tr\/wp-content\/uploads\/2023\/06\/lycan-fumeblock-worker.png\" width=\"60\" height=\"93\" alt=\"Lycan Fumeblock Worker\" class=\"wp-image-11141 alignright size-full\" \/><\/li>\n<li>Asit banyosundaki organik bile\u015fenler \u00fczerinde em\u00fclsifiye edici etkisi vard\u0131r; organik safs\u0131zl\u0131klar\u0131n kat\u0131la\u015f\u0131p banyo y\u00fczeyinde y\u00fczmeye ba\u015flamas\u0131n\u0131 geciktirir.<\/li>\n<li>\u00c7eli\u011fin \u0131slanabilirli\u011fini artt\u0131rarak, y\u00fczeyde asit temizli\u011fini daha homojen hale getirir.<\/li>\n<\/ul>\n<p>[\/et_pb_text][et_pb_text _builder_version=&#8221;4.21.0&#8243; background_color=&#8221;#fce3d7&#8243; custom_margin=&#8221;0px|0px|10px|0px|false|false&#8221; custom_padding=&#8221;10px|10px|10px|10px|false|false&#8221; border_radii=&#8221;off|5px|5px||5px&#8221; border_width_all=&#8221;2px&#8221; box_shadow_style=&#8221;preset4&#8243; box_shadow_horizontal=&#8221;5px&#8221; box_shadow_vertical=&#8221;5px&#8221; global_colors_info=&#8221;{}&#8221;]<\/p>\n<h4><span class=\"ez-toc-section\" id=\"Teknik_Ozellikler\"><\/span><strong>Teknik \u00d6zellikler<\/strong><span class=\"ez-toc-section-end\"><\/span><\/h4>\n<p><strong>LYCAN FUMEBLOCK ile Asit Banyosu Haz\u0131rlanmas\u0131<\/strong><\/p>\n<ul>\n<li>Tank hacmini hesaplay\u0131n.<\/li>\n<li>Tank\u0131 \u00e7al\u0131\u015fma seviyesinin %50\u2019sine kadar su ile doldurun.<\/li>\n<li>Yeni olu\u015fturulan banyoya ilave edilecek konsantre asidin %2\u2019si kadar<strong> LYCAN FUMEBLOCK<\/strong> ekleyin.<\/li>\n<li>Banyonun kalan\u0131n\u0131 \u00e7al\u0131\u015fma seviyesine kadar HCl ile doldurun.<br \/><img decoding=\"async\" src=\"https:\/\/www.animetal.com.tr\/wp-content\/uploads\/2023\/06\/lycan-fumeblock-glass-flask-beaker.png\" width=\"60\" height=\"75\" alt=\"Lycan Fumeblock Glass Flask Beaker\" class=\"wp-image-11131 alignright size-full\" \/><\/li>\n<\/ul>\n<p>[\/et_pb_text][et_pb_text _builder_version=&#8221;4.21.0&#8243; background_color=&#8221;#d7e9ce&#8221; custom_margin=&#8221;0px|0px|10px|0px|false|false&#8221; custom_padding=&#8221;10px|10px|10px|10px|false|false&#8221; border_radii=&#8221;off|5px|5px||5px&#8221; border_width_all=&#8221;2px&#8221; box_shadow_style=&#8221;preset4&#8243; box_shadow_horizontal=&#8221;5px&#8221; box_shadow_vertical=&#8221;5px&#8221; global_colors_info=&#8221;{}&#8221;]<\/p>\n<p><strong>Asit \u00c7\u00f6zeltisinin Korunmas\u0131<\/strong><\/p>\n<p>Galvanizlenecek \u00e7elik \u00fczerinde ta\u015f\u0131nma yoluyla kimyasal sarfiyat\u0131 ger\u00e7ekle\u015fir.<\/p>\n<p>\u0130laveler, havuza yeni eklenecek konsantre HCl\u2019nin %2\u2019si kadar <strong>LYCAN FUMEBLOCK<\/strong> eklenerek yap\u0131lmal\u0131d\u0131r.<img decoding=\"async\" src=\"https:\/\/www.animetal.com.tr\/wp-content\/uploads\/2023\/06\/lycan-fumeblock-thumbs-up.png\" width=\"60\" height=\"68\" alt=\"Lycan Fumeblock Thumbs Up\" class=\"wp-image-11136 alignright size-full\" \/><\/p>\n<p>[\/et_pb_text][et_pb_text _builder_version=&#8221;4.21.0&#8243; background_color=&#8221;#d5ebee&#8221; custom_margin=&#8221;0px|0px|10px|0px|false|false&#8221; custom_padding=&#8221;10px|10px|10px|10px|false|false&#8221; border_radii=&#8221;off|5px|5px||5px&#8221; border_width_all=&#8221;2px&#8221; box_shadow_style=&#8221;preset4&#8243; box_shadow_horizontal=&#8221;5px&#8221; box_shadow_vertical=&#8221;5px&#8221; global_colors_info=&#8221;{}&#8221;]<\/p>\n<p><strong>\u00c7al\u0131\u015fma Parametreleri<\/strong><\/p>\n<p>S\u0131cakl\u0131k: Oda S\u0131cakl\u0131\u011f\u0131-35\u00b0C<br \/>Proses s\u00fcresi: 15-90 dakika &#8211; asit sol\u00fcsyonundaki serbest HCl ve Fe<sup>+2<\/sup> miktar\u0131na ba\u011fl\u0131 olarak<br \/>Demir konsantrasyonu (Fe<sup>+2<\/sup>): Maksimum 125 g\/litre<br \/>Serbest HCl konsantrasyonu: Minimum 25 g\/litre<\/p>\n<p>[\/et_pb_text][et_pb_image src=&#8221;https:\/\/www.animetal.com.tr\/wp-content\/uploads\/2023\/06\/Lycan-Fumeblock04.jpg&#8221; alt=&#8221;Lycan Fumeblock&#8221; title_text=&#8221;Lycan Fumeblock&#8221; _builder_version=&#8221;4.21.0&#8243; _module_preset=&#8221;default&#8221; global_colors_info=&#8221;{}&#8221;][\/et_pb_image][\/et_pb_column][et_pb_column type=&#8221;1_3&#8243; _builder_version=&#8221;4.16&#8243; custom_padding=&#8221;|||&#8221; global_colors_info=&#8221;{}&#8221; custom_padding__hover=&#8221;|||&#8221;][et_pb_text _builder_version=&#8221;4.21.0&#8243; text_font=&#8221;||||||||&#8221; text_text_color=&#8221;#ff0f0f&#8221; text_line_height=&#8221;1.2em&#8221; background_color=&#8221;rgba(104,153,193,0.12)&#8221; custom_margin=&#8221;|||&#8221; custom_padding=&#8221;10px|10px|10px|25px&#8221; global_colors_info=&#8221;{}&#8221;]<\/p>\n<p><a href=\"https:\/\/www.animetal.com.tr\/tr\/galvaniz-kimyasallari\/dragon-flaks\/\">Dragon Flux<\/a><\/p>\n<p><a href=\"https:\/\/www.animetal.com.tr\/tr\/galvaniz-kimyasallari\/anqa-yag-cozucu\/\">Anqa Degreaser<\/a><\/p>\n<p>Lycan Fumeblock<\/p>\n<p><a href=\"https:\/\/www.animetal.com.tr\/tr\/galvaniz-kimyasallari\/monster-inhibitor\/\">Monster Inhibitor<\/a><\/p>\n<p><a href=\"https:\/\/www.animetal.com.tr\/tr\/galvaniz-kimyasallari\/smartni\/\">SmartNi<\/a><\/p>\n<p><a href=\"https:\/\/www.animetal.com.tr\/tr\/galvaniz-kimyasallari\/amazinc-sprey\/\">Amazinc Sprey<\/a><\/p>\n<p><a href=\"https:\/\/www.animetal.com.tr\/tr\/galvaniz-kimyasallari\/amazinc-pasta\/\">Amazinc Pasta<\/a><\/p>\n<p>[\/et_pb_text][\/et_pb_column][\/et_pb_row][\/et_pb_section]<\/p>\n","protected":false},"excerpt":{"rendered":"<p>Lycan Duman Blo\u011fu SICAK DALDIRMA GALVAN\u0130Z END\u00dcSTR\u0130S\u0130 \u0130\u00c7\u0130N AS\u0130T BUHARI \u00d6NLEY\u0130C\u0130 KATKITanklar\u0131 \u00e7evreleyen havada asit damlac\u0131klar\u0131n\u0131 en aza indirmek, personel ve ekipmanlar i\u00e7in daha iyi bir ortam sa\u011flamak ad\u0131na bir asit buhar\u0131 \u00f6nleyici kullan\u0131n. Asit buhar\u0131n\u0131 \u00f6nlemek i\u00e7in bir k\u00f6p\u00fck katman\u0131, plastik toplar, vb. veya asit tank\u0131n\u0131n \u00fczerine sprey olarak uygulanan, damlac\u0131k olu\u015fumunu en aza [&hellip;]<\/p>\n","protected":false},"author":1,"featured_media":11100,"parent":2302,"menu_order":3,"comment_status":"closed","ping_status":"closed","template":"","meta":{"_et_pb_use_builder":"on","_et_pb_old_content":"","_et_gb_content_width":"","footnotes":""},"class_list":["post-3436","page","type-page","status-publish","has-post-thumbnail","hentry"],"_links":{"self":[{"href":"https:\/\/www.animetal.com.tr\/tr\/wp-json\/wp\/v2\/pages\/3436","targetHints":{"allow":["GET"]}}],"collection":[{"href":"https:\/\/www.animetal.com.tr\/tr\/wp-json\/wp\/v2\/pages"}],"about":[{"href":"https:\/\/www.animetal.com.tr\/tr\/wp-json\/wp\/v2\/types\/page"}],"author":[{"embeddable":true,"href":"https:\/\/www.animetal.com.tr\/tr\/wp-json\/wp\/v2\/users\/1"}],"replies":[{"embeddable":true,"href":"https:\/\/www.animetal.com.tr\/tr\/wp-json\/wp\/v2\/comments?post=3436"}],"version-history":[{"count":0,"href":"https:\/\/www.animetal.com.tr\/tr\/wp-json\/wp\/v2\/pages\/3436\/revisions"}],"up":[{"embeddable":true,"href":"https:\/\/www.animetal.com.tr\/tr\/wp-json\/wp\/v2\/pages\/2302"}],"wp:featuredmedia":[{"embeddable":true,"href":"https:\/\/www.animetal.com.tr\/tr\/wp-json\/wp\/v2\/media\/11100"}],"wp:attachment":[{"href":"https:\/\/www.animetal.com.tr\/tr\/wp-json\/wp\/v2\/media?parent=3436"}],"curies":[{"name":"wp","href":"https:\/\/api.w.org\/{rel}","templated":true}]}}