{"id":3459,"date":"2018-02-20T17:19:11","date_gmt":"2018-02-20T17:19:11","guid":{"rendered":"http:\/\/v2.animetal.com.tr\/flaks\/"},"modified":"2025-01-05T13:10:56","modified_gmt":"2025-01-05T13:10:56","slug":"dragon-flaks","status":"publish","type":"page","link":"https:\/\/www.animetal.com.tr\/tr\/galvaniz-kimyasallari\/dragon-flaks\/","title":{"rendered":"Dragon Flaks"},"content":{"rendered":"<p>[et_pb_section fb_built=&#8221;1&#8243; _builder_version=&#8221;4.16&#8243; custom_padding=&#8221;26px|0px|20px|0px&#8221; global_colors_info=&#8221;{}&#8221;][et_pb_row _builder_version=&#8221;4.16&#8243; custom_padding=&#8221;0px|0px|0px|0px&#8221; global_colors_info=&#8221;{}&#8221;][et_pb_column type=&#8221;4_4&#8243; _builder_version=&#8221;4.16&#8243; custom_padding=&#8221;|||&#8221; global_colors_info=&#8221;{}&#8221; custom_padding__hover=&#8221;|||&#8221;][et_pb_text _builder_version=&#8221;4.27.4&#8243; hover_enabled=&#8221;0&#8243; global_colors_info=&#8221;{}&#8221; sticky_enabled=&#8221;0&#8243;]<\/p>\n<h1>Dragon Flaks<\/h1>\n<p>[\/et_pb_text][\/et_pb_column][\/et_pb_row][\/et_pb_section][et_pb_section fb_built=&#8221;1&#8243; _builder_version=&#8221;4.16&#8243; custom_padding=&#8221;0px|0px|54px|0px&#8221; global_colors_info=&#8221;{}&#8221;][et_pb_row column_structure=&#8221;2_3,1_3&#8243; use_custom_gutter=&#8221;on&#8221; gutter_width=&#8221;1&#8243; _builder_version=&#8221;4.16&#8243; background_color=&#8221;#efefef&#8221; custom_padding=&#8221;0px|0px|0px|0px&#8221; global_colors_info=&#8221;{}&#8221;][et_pb_column type=&#8221;2_3&#8243; _builder_version=&#8221;4.16&#8243; custom_padding=&#8221;|||&#8221; global_colors_info=&#8221;{}&#8221; custom_padding__hover=&#8221;|||&#8221;][et_pb_image src=&#8221;https:\/\/www.animetal.com.tr\/wp-content\/uploads\/2023\/06\/ani-metal-dragon-flux01.jpg&#8221; alt=&#8221;ANI Metal &#8211; Dragon Flux&#8221; title_text=&#8221;ANI Metal &#8211; Dragon Flux&#8221; force_fullwidth=&#8221;on&#8221; align_tablet=&#8221;center&#8221; align_phone=&#8221;&#8221; align_last_edited=&#8221;on|desktop&#8221; _builder_version=&#8221;4.21.0&#8243; custom_margin=&#8221;0px|0px|0px|0px&#8221; animation_style=&#8221;slide&#8221; animation_direction=&#8221;left&#8221; animation_duration=&#8221;500ms&#8221; animation_intensity_slide=&#8221;10%&#8221; global_colors_info=&#8221;{}&#8221;]<br \/>\n[\/et_pb_image][\/et_pb_column][et_pb_column type=&#8221;1_3&#8243; _builder_version=&#8221;4.16&#8243; custom_padding=&#8221;|||&#8221; global_colors_info=&#8221;{}&#8221; custom_padding__hover=&#8221;|||&#8221;][et_pb_image src=&#8221;https:\/\/www.animetal.com.tr\/wp-content\/uploads\/2023\/06\/dragon-flux-logo-330px.png&#8221; alt=&#8221;Dragon Flux Logo&#8221; title_text=&#8221;Dragon Flux Logo&#8221; _builder_version=&#8221;4.21.0&#8243; _module_preset=&#8221;default&#8221; width=&#8221;75%&#8221; max_width=&#8221;71%&#8221; module_alignment=&#8221;center&#8221; custom_margin=&#8221;100px||||false|false&#8221; global_colors_info=&#8221;{}&#8221;][\/et_pb_image][et_pb_cta title=&#8221;Dragon Flux Bro\u015f\u00fcr\u00fc&#8221; button_url=&#8221;https:\/\/www.animetal.com.tr\/wp-content\/uploads\/2023\/08\/ANI-Metal-dragon-flux-data-sheet-tr-v2.pdf&#8221; url_new_window=&#8221;on&#8221; button_text=&#8221;PDF&#8221; _builder_version=&#8221;4.21.0&#8243; header_line_height=&#8221;1.2em&#8221; use_background_color=&#8221;off&#8221; background_layout=&#8221;light&#8221; custom_margin=&#8221;50px|20px|10px|20px&#8221; locked=&#8221;off&#8221; global_colors_info=&#8221;{}&#8221; button_text_size__hover_enabled=&#8221;off&#8221; button_one_text_size__hover_enabled=&#8221;off&#8221; button_two_text_size__hover_enabled=&#8221;off&#8221; button_text_color__hover_enabled=&#8221;off&#8221; button_one_text_color__hover_enabled=&#8221;off&#8221; button_two_text_color__hover_enabled=&#8221;off&#8221; button_border_width__hover_enabled=&#8221;off&#8221; button_one_border_width__hover_enabled=&#8221;off&#8221; button_two_border_width__hover_enabled=&#8221;off&#8221; button_border_color__hover_enabled=&#8221;off&#8221; button_one_border_color__hover_enabled=&#8221;off&#8221; button_two_border_color__hover_enabled=&#8221;off&#8221; button_border_radius__hover_enabled=&#8221;off&#8221; button_one_border_radius__hover_enabled=&#8221;off&#8221; button_two_border_radius__hover_enabled=&#8221;off&#8221; button_letter_spacing__hover_enabled=&#8221;off&#8221; button_one_letter_spacing__hover_enabled=&#8221;off&#8221; button_two_letter_spacing__hover_enabled=&#8221;off&#8221; button_bg_color__hover_enabled=&#8221;off&#8221; button_one_bg_color__hover_enabled=&#8221;off&#8221; button_two_bg_color__hover_enabled=&#8221;off&#8221;][\/et_pb_cta][\/et_pb_column][\/et_pb_row][et_pb_row column_structure=&#8221;2_3,1_3&#8243; use_custom_gutter=&#8221;on&#8221; gutter_width=&#8221;1&#8243; _builder_version=&#8221;4.21.0&#8243; custom_padding=&#8221;20px|0px|0px|0px&#8221; global_colors_info=&#8221;{}&#8221;][et_pb_column type=&#8221;2_3&#8243; _builder_version=&#8221;4.21.0&#8243; background_color=&#8221;#d8e6b1&#8243; custom_padding=&#8221;20px|20px|20px|20px|true|true&#8221; global_colors_info=&#8221;{}&#8221; custom_padding__hover=&#8221;|||&#8221;][et_pb_text _builder_version=&#8221;4.27.4&#8243; background_color=&#8221;RGBA(255,255,255,0)&#8221; custom_margin=&#8221;0px|0px|10px|0px|false|false&#8221; custom_padding=&#8221;10px|10px|10px|10px|false|false&#8221; hover_enabled=&#8221;0&#8243; border_radii=&#8221;off|5px|5px||5px&#8221; global_colors_info=&#8221;{}&#8221; sticky_enabled=&#8221;0&#8243;]<\/p>\n<div id=\"ez-toc-container\" class=\"ez-toc-v2_0_81 counter-hierarchy ez-toc-counter ez-toc-grey ez-toc-container-direction\">\n<p class=\"ez-toc-title\" style=\"cursor:inherit\">Table of Contents<\/p>\n<label for=\"ez-toc-cssicon-toggle-item-69e04b8acb01c\" class=\"ez-toc-cssicon-toggle-label\"><span class=\"ez-toc-cssicon\"><span class=\"eztoc-hide\" style=\"display:none;\">Toggle<\/span><span class=\"ez-toc-icon-toggle-span\"><svg style=\"fill: #999;color:#999\" xmlns=\"http:\/\/www.w3.org\/2000\/svg\" class=\"list-377408\" width=\"20px\" height=\"20px\" viewBox=\"0 0 24 24\" fill=\"none\"><path d=\"M6 6H4v2h2V6zm14 0H8v2h12V6zM4 11h2v2H4v-2zm16 0H8v2h12v-2zM4 16h2v2H4v-2zm16 0H8v2h12v-2z\" fill=\"currentColor\"><\/path><\/svg><svg style=\"fill: #999;color:#999\" class=\"arrow-unsorted-368013\" xmlns=\"http:\/\/www.w3.org\/2000\/svg\" width=\"10px\" height=\"10px\" viewBox=\"0 0 24 24\" version=\"1.2\" baseProfile=\"tiny\"><path d=\"M18.2 9.3l-6.2-6.3-6.2 6.3c-.2.2-.3.4-.3.7s.1.5.3.7c.2.2.4.3.7.3h11c.3 0 .5-.1.7-.3.2-.2.3-.5.3-.7s-.1-.5-.3-.7zM5.8 14.7l6.2 6.3 6.2-6.3c.2-.2.3-.5.3-.7s-.1-.5-.3-.7c-.2-.2-.4-.3-.7-.3h-11c-.3 0-.5.1-.7.3-.2.2-.3.5-.3.7s.1.5.3.7z\"\/><\/svg><\/span><\/span><\/label><input type=\"checkbox\"  id=\"ez-toc-cssicon-toggle-item-69e04b8acb01c\"  aria-label=\"A\u00e7\/Kapat\" \/><nav><ul class='ez-toc-list ez-toc-list-level-1 ' ><li class='ez-toc-page-1 ez-toc-heading-level-3'><a class=\"ez-toc-link ez-toc-heading-1\" href=\"https:\/\/www.animetal.com.tr\/tr\/galvaniz-kimyasallari\/dragon-flaks\/#SICAK_DALDIRMA_GALVANIZ_ENDUSTRISI_ICIN_CIFT_TUZLU_FLAKS\" >SICAK DALDIRMA GALVAN\u0130Z END\u00dcSTR\u0130S\u0130 \u0130\u00c7\u0130N \u00c7\u0130FT TUZLU FLAKS<\/a><ul class='ez-toc-list-level-4' ><li class='ez-toc-heading-level-4'><a class=\"ez-toc-link ez-toc-heading-2\" href=\"https:\/\/www.animetal.com.tr\/tr\/galvaniz-kimyasallari\/dragon-flaks\/#Teknik_Ozellikler\" >Teknik \u00d6zellikler<\/a><\/li><\/ul><\/li><\/ul><\/nav><\/div>\n<h3><span class=\"ez-toc-section\" id=\"SICAK_DALDIRMA_GALVANIZ_ENDUSTRISI_ICIN_CIFT_TUZLU_FLAKS\"><\/span><strong>SICAK DALDIRMA GALVAN\u0130Z END\u00dcSTR\u0130S\u0130 \u0130\u00c7\u0130N \u00c7\u0130FT TUZLU FLAKS<\/strong><span class=\"ez-toc-section-end\"><\/span><\/h3>\n<p>[\/et_pb_text][et_pb_text _builder_version=&#8221;4.21.0&#8243; background_color=&#8221;#fefefe&#8221; custom_margin=&#8221;0px|0px|10px|0px|false|false&#8221; custom_padding=&#8221;10px|10px|10px|10px|false|false&#8221; border_radii=&#8221;off|5px|5px||5px&#8221; border_width_all=&#8221;2px&#8221; box_shadow_style=&#8221;preset4&#8243; box_shadow_horizontal=&#8221;5px&#8221; box_shadow_vertical=&#8221;5px&#8221; global_colors_info=&#8221;{}&#8221;]<\/p>\n<p><img decoding=\"async\" src=\"https:\/\/www.animetal.com.tr\/wp-content\/uploads\/2023\/06\/dikkat.png\" width=\"61\" height=\"61\" alt=\"Info Icon\" class=\"wp-image-10769 alignleft size-full\" \/>Flaks banyosu, galvanizlemeden \u00f6nceki son temizlik ve haz\u0131rl\u0131k ad\u0131m\u0131d\u0131r.<\/p>\n<p>Flakslaman\u0131n amac\u0131, \u00e7eli\u011fi ergimi\u015f \u00e7inkoya dal\u0131\u015f an\u0131na kadar tam ve nihai olarak temizlemektir.<\/p>\n<p>[\/et_pb_text][et_pb_text _builder_version=&#8221;4.21.0&#8243; background_color=&#8221;#fce3d7&#8243; custom_margin=&#8221;0px|0px|10px|0px|false|false&#8221; custom_padding=&#8221;10px|10px|10px|10px|false|false&#8221; border_radii=&#8221;off|5px|5px||5px&#8221; border_width_all=&#8221;2px&#8221; box_shadow_style=&#8221;preset4&#8243; box_shadow_horizontal=&#8221;5px&#8221; box_shadow_vertical=&#8221;5px&#8221; global_colors_info=&#8221;{}&#8221;]<\/p>\n<p><img decoding=\"async\" src=\"https:\/\/www.animetal.com.tr\/wp-content\/uploads\/2023\/06\/dikkat_warning-signs-61px.png\" width=\"61\" height=\"55\" alt=\"Warning Sign\" class=\"wp-image-10774 alignleft size-full\" \/><\/p>\n<p><strong>Unutmay\u0131n \u201cMalzeme, temiz de\u011filse galvanizlenemez.\u201d<\/strong><\/p>\n<p>&nbsp;<\/p>\n<p>[\/et_pb_text][et_pb_text _builder_version=&#8221;4.21.0&#8243; background_color=&#8221;#d5ebee&#8221; custom_margin=&#8221;0px|0px|10px|0px|false|false&#8221; custom_padding=&#8221;10px|10px|10px|10px|false|false&#8221; border_radii=&#8221;off|5px|5px||5px&#8221; border_width_all=&#8221;2px&#8221; box_shadow_style=&#8221;preset4&#8243; box_shadow_horizontal=&#8221;5px&#8221; box_shadow_vertical=&#8221;5px&#8221; global_colors_info=&#8221;{}&#8221;]<\/p>\n<p><img decoding=\"async\" src=\"https:\/\/www.animetal.com.tr\/wp-content\/uploads\/2023\/06\/gears-disli-60px.png\" width=\"60\" height=\"51\" alt=\"Gear Icon\" class=\"wp-image-10779 alignleft size-full\" \/>Flaks ayn\u0131 zamanda ge\u00e7ici bir antikorozyon bariyeri olu\u015fturarak malzeme \u00fczerinde pas olu\u015fumunu (ani paslanma) engeller.<\/p>\n<p>\u00c7eli\u011fin flaks banyosundan \u00e7\u0131kmas\u0131 ile galvanizlenmesi aras\u0131nda ger\u00e7ekle\u015fen kurutma ad\u0131m\u0131n\u0131n ger\u00e7ekle\u015fme s\u00fcresi boyunca, flaks katman\u0131 temizlenen \u00e7eli\u011fi korozyondan korur.<\/p>\n<p>[\/et_pb_text][et_pb_text _builder_version=&#8221;4.21.0&#8243; custom_margin=&#8221;0px|0px|0px|0px|false|false&#8221; custom_padding=&#8221;10px|10px|10px|10px|false|false&#8221; global_colors_info=&#8221;{}&#8221;]<\/p>\n<p><img decoding=\"async\" src=\"https:\/\/www.animetal.com.tr\/wp-content\/uploads\/2023\/06\/laboratory-glassware.png\" width=\"88\" height=\"60\" alt=\"Laboratory Glassware\" class=\"wp-image-10784 alignleft size-full\" \/><strong>DRAGON FLUX ZnCl\u2082 2 NH\u2084Cl form\u00fcll\u00fc bir \u00e7ift tuzlu flakst\u0131r.<\/strong><\/p>\n<p>Her biri iki elementin bile\u015fi\u011fi olan iki kimyasal bile\u015fi\u011fin kar\u0131\u015f\u0131m\u0131n\u0131 i\u00e7eren bir sol\u00fcsyondur. Bu bile\u015fimler \u015funlard\u0131r: <strong>%56 \u00c7inko Klor\u00fcr (ZnCl\u2082) ve %44 Amonyum Klor\u00fcr (NH\u2084Cl)<\/strong><\/p>\n<p>Bu iki bile\u015fik, <strong>\u00e7inko amonyum klor\u00fcr<\/strong> \u00fcr\u00fcn\u00fcn\u00fc olu\u015fturmak i\u00e7in suda kar\u0131\u015ft\u0131r\u0131l\u0131r.<\/p>\n<p>[\/et_pb_text][et_pb_image src=&#8221;https:\/\/www.animetal.com.tr\/wp-content\/uploads\/2023\/06\/ani-metal-dragon-flux03-2.jpg&#8221; alt=&#8221;Ani Metal &#8211; Encapsulated Pretreatment Room&#8221; title_text=&#8221;Ani Metal &#8211; Encapsulated Pretreatment Room&#8221; _builder_version=&#8221;4.21.0&#8243; _module_preset=&#8221;default&#8221; global_colors_info=&#8221;{}&#8221;][\/et_pb_image][et_pb_text _builder_version=&#8221;4.21.0&#8243; background_color=&#8221;#fff9c7&#8243; custom_margin=&#8221;10px|0px|10px|0px|false|false&#8221; custom_padding=&#8221;10px|10px|10px|10px|false|false&#8221; border_radii=&#8221;off|5px|5px||5px&#8221; border_width_all=&#8221;2px&#8221; box_shadow_style=&#8221;preset4&#8243; box_shadow_horizontal=&#8221;5px&#8221; box_shadow_vertical=&#8221;5px&#8221; global_colors_info=&#8221;{}&#8221;]<\/p>\n<p><strong><img decoding=\"async\" src=\"https:\/\/www.animetal.com.tr\/wp-content\/uploads\/2023\/06\/check_marks-right-and-wrong-60px.png\" width=\"60\" height=\"60\" alt=\"Check Mark\" class=\"wp-image-10789 alignleft size-full\" \/><\/strong><\/p>\n<p><strong><\/strong><\/p>\n<p><strong>DRAGON FLUX\u2019\u0131n Avantajlar\u0131<\/strong><\/p>\n<ul>\n<li>\u00d6n i\u015flem sonras\u0131nda galvanizlemeye kadar \u00e7eli\u011fin oksidasyonunu engeller.<\/li>\n<li>Asit temizli\u011fi sonras\u0131nda malzeme y\u00fczeyinde kalan ince pas tabakas\u0131n\u0131 giderir.<\/li>\n<li>\u00c7inko t\u00fcketimini azalt\u0131r.<\/li>\n<li>\u00c7inko k\u00fcl\u00fc olu\u015fumunu azalt\u0131r.<\/li>\n<li>Dros olu\u015fumunu azalt\u0131r.<\/li>\n<li>Kaplama kal\u0131nl\u0131\u011f\u0131n\u0131 azalt\u0131r.<\/li>\n<li>Homojen kaplama elde edilmesinde etkili rol oynar.<\/li>\n<li>S\u00fcre\u00e7 h\u0131z\u0131n\u0131 artt\u0131r\u0131r.<\/li>\n<li>Kaplama kusurlar\u0131n\u0131n olu\u015fumunu engeller.<\/li>\n<li>Kaliteyi artt\u0131r\u0131r.<\/li>\n<\/ul>\n<p>[\/et_pb_text][et_pb_text _builder_version=&#8221;4.21.0&#8243; background_color=&#8221;#fefefe&#8221; custom_margin=&#8221;0px|0px|10px|0px|false|false&#8221; custom_padding=&#8221;10px|10px|10px|10px|false|false&#8221; border_radii=&#8221;off|5px|5px||5px&#8221; border_width_all=&#8221;2px&#8221; box_shadow_style=&#8221;preset4&#8243; box_shadow_horizontal=&#8221;5px&#8221; box_shadow_vertical=&#8221;5px&#8221; global_colors_info=&#8221;{}&#8221;]<\/p>\n<h4><span class=\"ez-toc-section\" id=\"Teknik_Ozellikler\"><\/span><strong><img decoding=\"async\" src=\"https:\/\/www.animetal.com.tr\/wp-content\/uploads\/2023\/06\/ani-metal-dragon-flux02-1-210x300.png\" width=\"111\" height=\"159\" alt=\"ANI Metal - Dragon Flux\" class=\"wp-image-10868 alignleft size-medium\" \/>Teknik \u00d6zellikler<\/strong><span class=\"ez-toc-section-end\"><\/span><\/h4>\n<p><strong>Genel A\u00e7\u0131klama<\/strong><\/p>\n<p>G\u00f6r\u00fcn\u00fcm : K\u00fc\u00e7\u00fck\/b\u00fcy\u00fck kristaller<br \/>Kimyasal form\u00fcl : ZnCl\u2082 2 NH\u2084Cl<br \/>Molek\u00fcler a\u011f\u0131rl\u0131k : 243,29<br \/>pH (\u00c7\u00f6zelti) : 4-5<\/p>\n<p>[\/et_pb_text][et_pb_text _builder_version=&#8221;4.21.0&#8243; background_color=&#8221;#fff9c7&#8243; custom_margin=&#8221;0px|0px|10px|0px|false|false&#8221; custom_padding=&#8221;10px|10px|10px|10px|false|false&#8221; border_radii=&#8221;off|5px|5px||5px&#8221; border_width_all=&#8221;2px&#8221; box_shadow_style=&#8221;preset4&#8243; box_shadow_horizontal=&#8221;5px&#8221; box_shadow_vertical=&#8221;5px&#8221; global_colors_info=&#8221;{}&#8221;]<\/p>\n<p><strong>Kimyasal Bile\u015fim<\/strong><\/p>\n<p>ZnCl\u2082 : % 54 &#8211; 56,5<br \/>NH\u2084Cl : % 41 &#8211; 44<\/p>\n<p>[\/et_pb_text][et_pb_text _builder_version=&#8221;4.21.0&#8243; background_color=&#8221;#d5ebee&#8221; custom_margin=&#8221;0px|0px|10px|0px|false|false&#8221; custom_padding=&#8221;10px|10px|10px|10px|false|false&#8221; border_radii=&#8221;off|5px|5px||5px&#8221; border_width_all=&#8221;2px&#8221; box_shadow_style=&#8221;preset4&#8243; box_shadow_horizontal=&#8221;5px&#8221; box_shadow_vertical=&#8221;5px&#8221; global_colors_info=&#8221;{}&#8221;]<\/p>\n<p><strong><img decoding=\"async\" src=\"https:\/\/www.animetal.com.tr\/wp-content\/uploads\/2023\/06\/baret-60px.png\" width=\"66\" height=\"60\" alt=\"Worker Helmet\" class=\"wp-image-10800 alignleft size-full\" \/>\u00c7al\u0131\u015fma Parametreleri<\/strong><\/p>\n<p>pH : 3-4<br \/>S\u0131cakl\u0131k : 50\u1d52C<br \/>Proses s\u00fcresi : 2-3 dakika<br \/>Toplam tuz deri\u015fimi : 400-550 g\/litre<br \/>Demir deri\u015fimi (Fe<sup>+2<\/sup>) : max 5 g\/litre<\/p>\n<p>[\/et_pb_text][et_pb_text _builder_version=&#8221;4.21.0&#8243; custom_margin=&#8221;0px|0px|10px|0px|false|false&#8221; custom_padding=&#8221;10px|10px|10px|10px|false|false&#8221; border_radii=&#8221;off|5px|5px||5px&#8221; global_colors_info=&#8221;{}&#8221;]<\/p>\n<p><strong><img decoding=\"async\" src=\"https:\/\/www.animetal.com.tr\/wp-content\/uploads\/2023\/06\/tools_60px.png\" width=\"60\" height=\"60\" alt=\"Wrench and Hummer Icon\" class=\"wp-image-10805 alignleft size-full\" \/>DRAGON FLUX Sol\u00fcsyonunun Korunmas\u0131 ve S\u00fcrd\u00fcr\u00fclmesi<\/strong><\/p>\n<p>Dragon Flux sarfiyat\u0131 a\u015fa\u011f\u0131daki \u015fekillerde olur:<\/p>\n<ul>\n<li>Kimyasal\u0131n \u00e7elik y\u00fczeyiyle reaksiyonu ile<\/li>\n<li>Malzeme \u00fczerinde ta\u015f\u0131narak<\/li>\n<\/ul>\n<p>Kimyasal\u0131n t\u00fcketimi galvanizlenen ton ba\u015f\u0131na yakla\u015f\u0131k 1.2 kg&#8217;dir ve malzemelerin y\u00fczey alan\u0131na g\u00f6re de\u011fi\u015fkenlik g\u00f6sterir.<\/p>\n<p>\u0130laveler toplam galvanizlenen \u00e7eli\u011fin tonaj\u0131na g\u00f6re, haftada bir veya iki haftada bir olacak \u015fekilde ayarlanmal\u0131d\u0131r.<\/p>\n<p>Ayl\u0131k analizler flaks sol\u00fcsyonunun arzu edilen bile\u015fim ve deri\u015fim oran\u0131nda tutulmas\u0131na yard\u0131mc\u0131 olur.<\/p>\n<p>[\/et_pb_text][et_pb_text _builder_version=&#8221;4.21.0&#8243; custom_margin=&#8221;20px|0px|10px|0px|false|false&#8221; custom_padding=&#8221;0px|0px|0px|0px|false|false&#8221; global_colors_info=&#8221;{}&#8221;]<\/p>\n<p><img decoding=\"async\" src=\"https:\/\/www.animetal.com.tr\/wp-content\/uploads\/2023\/06\/ani-metal-dragon-flux04.jpg\" width=\"720\" height=\"645\" alt=\"ANI Metal - Flux Treatment Systems\" class=\"wp-image-10857 alignnone size-full\" \/><\/p>\n<p>[\/et_pb_text][et_pb_text _builder_version=&#8221;4.21.0&#8243; background_color=&#8221;#e3e0f1&#8243; custom_margin=&#8221;0px|0px|10px|0px|false|false&#8221; custom_padding=&#8221;10px|10px|10px|10px|false|false&#8221; border_radii=&#8221;off|5px|5px||5px&#8221; border_width_all=&#8221;2px&#8221; box_shadow_style=&#8221;preset4&#8243; box_shadow_horizontal=&#8221;5px&#8221; box_shadow_vertical=&#8221;5px&#8221; global_colors_info=&#8221;{}&#8221;]<\/p>\n<ul><\/ul>\n<p><strong><img decoding=\"async\" src=\"https:\/\/www.animetal.com.tr\/wp-content\/uploads\/2023\/06\/emoji-but1-1-60px.png\" width=\"88\" height=\"60\" alt=\"Thumbs Up Emoji\" class=\"wp-image-10815 alignleft size-full\" \/>Fe<sup>+2<\/sup>&#8216;nin Giderilmesi<\/strong><br \/>\nFlaks \u00e7\u00f6zeltisinde Fe<sup>+2<\/sup> miktar\u0131 asgari d\u00fczeyde, &#8216;0&#8217;a yak\u0131n veya 3 g\/l&#8217;nin alt\u0131nda kalmal\u0131d\u0131r. Fe<sup>+2<\/sup> miktar\u0131 5 g\/l&#8217;yi a\u015farsa dros olu\u015fumu \u00f6nemli \u00f6l\u00e7\u00fcde artacakt\u0131r.<\/p>\n<p>Fe<sup>+2<\/sup> miktar\u0131n\u0131 s\u0131n\u0131rlayarak \u00e7inko havuzunda dros ve k\u00fcl olu\u015fumunu ve s\u0131\u00e7ramalar\u0131 da kontrol alt\u0131na alabilirsiniz.<\/p>\n<p>Flaks havuzunda Fe<sup>+2<\/sup>&#8216;yi gidermek i\u00e7in destek isterseniz, Flaks Ar\u0131tma Sistemlerimiz i\u00e7in l\u00fctfen ANI METAL ile ileti\u015fime ge\u00e7in.<img decoding=\"async\" src=\"https:\/\/www.animetal.com.tr\/wp-content\/uploads\/2023\/06\/recycling-signs_60px.png\" width=\"62\" height=\"60\" alt=\"Recycling Sign\" class=\"wp-image-10820 alignright size-full\" \/>[\/et_pb_text][\/et_pb_column][et_pb_column type=&#8221;1_3&#8243; _builder_version=&#8221;4.16&#8243; custom_padding=&#8221;|||&#8221; global_colors_info=&#8221;{}&#8221; custom_padding__hover=&#8221;|||&#8221;][et_pb_text _builder_version=&#8221;4.21.0&#8243; text_font=&#8221;||||||||&#8221; text_text_color=&#8221;#ff0f0f&#8221; text_line_height=&#8221;1.2em&#8221; background_color=&#8221;rgba(104,153,193,0.12)&#8221; custom_margin=&#8221;|||&#8221; custom_padding=&#8221;10px|10px|10px|25px&#8221; global_colors_info=&#8221;{}&#8221;]Dragon Flux<\/p>\n<p><a href=\"https:\/\/www.animetal.com.tr\/tr\/galvaniz-kimyasallari\/anqa-yag-cozucu\/\">Anqa Degreaser<\/a><\/p>\n<p><a href=\"https:\/\/www.animetal.com.tr\/tr\/galvaniz-kimyasallari\/lycan-duman-blogu\/\">Lycan Fumeblock<\/a><\/p>\n<p><a href=\"https:\/\/www.animetal.com.tr\/tr\/galvaniz-kimyasallari\/monster-inhibitor\/\">Monster Inhibitor<\/a><\/p>\n<p><a href=\"https:\/\/www.animetal.com.tr\/tr\/galvaniz-kimyasallari\/smartni\/\">SmartNi<\/a><\/p>\n<p><a href=\"https:\/\/www.animetal.com.tr\/tr\/galvaniz-kimyasallari\/amazinc-sprey\/\">Amazinc Sprey<\/a><\/p>\n<p><a href=\"https:\/\/www.animetal.com.tr\/tr\/galvaniz-kimyasallari\/amazinc-pasta\/\">Amazinc Pasta<\/a>[\/et_pb_text][\/et_pb_column][\/et_pb_row][\/et_pb_section]<\/p>\n","protected":false},"excerpt":{"rendered":"<p>Dragon Flaks SICAK DALDIRMA GALVAN\u0130Z END\u00dcSTR\u0130S\u0130 \u0130\u00c7\u0130N \u00c7\u0130FT TUZLU FLAKSFlaks banyosu, galvanizlemeden \u00f6nceki son temizlik ve haz\u0131rl\u0131k ad\u0131m\u0131d\u0131r. Flakslaman\u0131n amac\u0131, \u00e7eli\u011fi ergimi\u015f \u00e7inkoya dal\u0131\u015f an\u0131na kadar tam ve nihai olarak temizlemektir. Unutmay\u0131n \u201cMalzeme, temiz de\u011filse galvanizlenemez.\u201d &nbsp;Flaks ayn\u0131 zamanda ge\u00e7ici bir antikorozyon bariyeri olu\u015fturarak malzeme \u00fczerinde pas olu\u015fumunu (ani paslanma) engeller. \u00c7eli\u011fin flaks banyosundan \u00e7\u0131kmas\u0131 [&hellip;]<\/p>\n","protected":false},"author":1,"featured_media":10872,"parent":2302,"menu_order":1,"comment_status":"closed","ping_status":"closed","template":"","meta":{"_et_pb_use_builder":"on","_et_pb_old_content":"","_et_gb_content_width":"","footnotes":""},"class_list":["post-3459","page","type-page","status-publish","has-post-thumbnail","hentry"],"_links":{"self":[{"href":"https:\/\/www.animetal.com.tr\/tr\/wp-json\/wp\/v2\/pages\/3459","targetHints":{"allow":["GET"]}}],"collection":[{"href":"https:\/\/www.animetal.com.tr\/tr\/wp-json\/wp\/v2\/pages"}],"about":[{"href":"https:\/\/www.animetal.com.tr\/tr\/wp-json\/wp\/v2\/types\/page"}],"author":[{"embeddable":true,"href":"https:\/\/www.animetal.com.tr\/tr\/wp-json\/wp\/v2\/users\/1"}],"replies":[{"embeddable":true,"href":"https:\/\/www.animetal.com.tr\/tr\/wp-json\/wp\/v2\/comments?post=3459"}],"version-history":[{"count":0,"href":"https:\/\/www.animetal.com.tr\/tr\/wp-json\/wp\/v2\/pages\/3459\/revisions"}],"up":[{"embeddable":true,"href":"https:\/\/www.animetal.com.tr\/tr\/wp-json\/wp\/v2\/pages\/2302"}],"wp:featuredmedia":[{"embeddable":true,"href":"https:\/\/www.animetal.com.tr\/tr\/wp-json\/wp\/v2\/media\/10872"}],"wp:attachment":[{"href":"https:\/\/www.animetal.com.tr\/tr\/wp-json\/wp\/v2\/media?parent=3459"}],"curies":[{"name":"wp","href":"https:\/\/api.w.org\/{rel}","templated":true}]}}