{"id":388,"date":"2017-09-26T14:50:46","date_gmt":"2017-09-26T14:50:46","guid":{"rendered":"http:\/\/v2.animetal.com.tr\/hakkimizda\/"},"modified":"2025-01-19T14:58:52","modified_gmt":"2025-01-19T14:58:52","slug":"hakkimizda","status":"publish","type":"page","link":"https:\/\/www.animetal.com.tr\/tr\/hakkimizda\/","title":{"rendered":"Hakk\u0131m\u0131zda"},"content":{"rendered":"<p>[et_pb_section fb_built=&#8221;1&#8243; _builder_version=&#8221;4.16&#8243; custom_padding=&#8221;0px|0px|20px|0px&#8221; global_colors_info=&#8221;{}&#8221;][et_pb_row use_custom_gutter=&#8221;on&#8221; gutter_width=&#8221;1&#8243; _builder_version=&#8221;4.16&#8243; custom_padding=&#8221;26px|0px|0px|0px&#8221; global_colors_info=&#8221;{}&#8221;][et_pb_column type=&#8221;4_4&#8243; _builder_version=&#8221;4.16&#8243; custom_padding=&#8221;|||&#8221; global_colors_info=&#8221;{}&#8221; custom_padding__hover=&#8221;|||&#8221;][et_pb_text _builder_version=&#8221;4.16&#8243; global_colors_info=&#8221;{}&#8221;]<\/p>\n<h1>Hakk\u0131m\u0131zda<\/h1>\n<p>[\/et_pb_text][\/et_pb_column][\/et_pb_row][\/et_pb_section][et_pb_section fb_built=&#8221;1&#8243; _builder_version=&#8221;3.0.65&#8243; custom_padding=&#8221;0px|0px|0px|0px&#8221; global_module=&#8221;2941&#8243; global_colors_info=&#8221;{}&#8221;][et_pb_row column_structure=&#8221;2_3,1_3&#8243; use_custom_gutter=&#8221;on&#8221; gutter_width=&#8221;1&#8243; _builder_version=&#8221;4.24.0&#8243; background_color=&#8221;#efefef&#8221; custom_padding=&#8221;0px|0px|0px|0px&#8221; global_colors_info=&#8221;{}&#8221;][et_pb_column type=&#8221;2_3&#8243; _builder_version=&#8221;4.16&#8243; custom_padding=&#8221;|||&#8221; global_colors_info=&#8221;{}&#8221; custom_padding__hover=&#8221;|||&#8221;][et_pb_image src=&#8221;https:\/\/www.animetal.com.tr\/wp-content\/uploads\/2019\/06\/about_us_480px.jpg&#8221; align_tablet=&#8221;center&#8221; align_phone=&#8221;&#8221; align_last_edited=&#8221;on|desktop&#8221; _builder_version=&#8221;4.16&#8243; animation_style=&#8221;slide&#8221; animation_direction=&#8221;left&#8221; animation_duration=&#8221;500ms&#8221; animation_intensity_slide=&#8221;10%&#8221; global_colors_info=&#8221;{}&#8221;]<\/p>\n<p>&nbsp;<\/p>\n<p>[\/et_pb_image][\/et_pb_column][et_pb_column type=&#8221;1_3&#8243; _builder_version=&#8221;4.24.0&#8243; background_image=&#8221;https:\/\/www.animetal.com.tr\/wp-content\/uploads\/2024\/01\/references_world_map4.jpg&#8221; background_size=&#8221;initial&#8221; custom_padding=&#8221;|||&#8221; global_colors_info=&#8221;{}&#8221; custom_padding__hover=&#8221;|||&#8221;][et_pb_number_counter title=&#8221;\u00dclkede&#8221; number=&#8221;26&#8243; percent_sign=&#8221;off&#8221; _builder_version=&#8221;4.24.0&#8243; title_font=&#8221;|700|||||||&#8221; title_text_align=&#8221;center&#8221; number_font=&#8221;||||||||&#8221; custom_margin=&#8221;90px|||&#8221; number_text_shadow_style=&#8221;preset2&#8243; number_text_shadow_blur_strength=&#8221;0.06em&#8221; global_colors_info=&#8221;{}&#8221;]<\/p>\n<p>&nbsp;<\/p>\n<p>[\/et_pb_number_counter][et_pb_number_counter title=&#8221;Proje&#8221; number=&#8221;56&#8243; percent_sign=&#8221;off&#8221; _builder_version=&#8221;4.24.0&#8243; title_font=&#8221;|700|||||||&#8221; number_font=&#8221;||||||||&#8221; custom_margin=&#8221;50px||100px|&#8221; number_text_shadow_style=&#8221;preset2&#8243; number_text_shadow_blur_strength=&#8221;0.06em&#8221; global_colors_info=&#8221;{}&#8221;]<\/p>\n<p>&nbsp;<\/p>\n<p>[\/et_pb_number_counter][\/et_pb_column][\/et_pb_row][\/et_pb_section][et_pb_section fb_built=&#8221;1&#8243; _builder_version=&#8221;4.16&#8243; custom_padding=&#8221;0px|0px|0px|0px&#8221; global_colors_info=&#8221;{}&#8221;][et_pb_row column_structure=&#8221;2_3,1_3&#8243; _builder_version=&#8221;4.16&#8243; custom_padding=&#8221;20px|0px|27px|0px&#8221; global_colors_info=&#8221;{}&#8221;][et_pb_column type=&#8221;2_3&#8243; _builder_version=&#8221;4.16&#8243; custom_padding=&#8221;|||&#8221; global_colors_info=&#8221;{}&#8221; custom_padding__hover=&#8221;|||&#8221;][et_pb_text _builder_version=&#8221;4.16&#8243; global_colors_info=&#8221;{}&#8221;]<\/p>\n<p>S\u0131cak dald\u0131rma galvaniz sekt\u00f6r\u00fcn\u00fcn lider fabrika tedarik\u00e7ilerinden ANI Metal, anahtar teslimi galvaniz fabrikalar\u0131n\u0131n kurulumunun yan\u0131 s\u0131ra, sekt\u00f6rel pazar analizi dahil olmak \u00fczere, maliyet ve finansal analizler, proses dan\u0131\u015fmanl\u0131\u011f\u0131 gibi bir \u00e7ok m\u00fchendislik deste\u011fi vermektedir.<\/p>\n<p><img decoding=\"async\" src=\"https:\/\/www.animetal.com.tr\/wp-content\/uploads\/2020\/11\/01-about02_tr.jpg\" width=\"700\" height=\"159\" alt=\"Anahtar Teslimi Galvaniz Fabrikalar\u0131\" class=\"wp-image-5843 alignnone size-full\" srcset=\"https:\/\/www.animetal.com.tr\/wp-content\/uploads\/2020\/11\/01-about02_tr.jpg 700w, https:\/\/www.animetal.com.tr\/wp-content\/uploads\/2020\/11\/01-about02_tr-480x109.jpg 480w\" sizes=\"(min-width: 0px) and (max-width: 480px) 480px, (min-width: 481px) 700px, 100vw\" \/><\/p>\n<p>\u00d6zellikle Orta Do\u011fu, Kuzey Afrika ve Bat\u0131 Asya \u00fclkelerinde \u00e7al\u0131\u015fmalar\u0131 yo\u011funla\u015fan firma, 40\u2019a yak\u0131n anahtar teslimi fabrika kurulumunu ger\u00e7ekle\u015ftirmi\u015f ve 100\u2019\u00fcn \u00fczerinde firma ile hem proses dan\u0131\u015fmanl\u0131\u011f\u0131 alanlar\u0131nda hem de \u00e7e\u015fitli galvaniz ekipman tedarikleri konusunda, kendi alan\u0131nda d\u00fcnya lideri olan i\u015f ortaklar\u0131 ile \u00e7al\u0131\u015fm\u0131\u015ft\u0131r.<\/p>\n<p>Kendi alan\u0131nda d\u00fcnya lideri olan i\u015f ortaklar\u0131 ile m\u00fc\u015fteri ihtiya\u00e7 ve b\u00fct\u00e7elerine ba\u011fl\u0131 olarak manuel \u00e7al\u0131\u015fan klasik sistemli fabrika tiplerinden, tam otomatik ve otomasyon ile b\u00fct\u00fcnle\u015ftirilerek, uzaktan takip sistemleri ile denetlenebilen, modern, \u00e7evre dostu fabrikalar kurmaktad\u0131r.<\/p>\n<p><img decoding=\"async\" src=\"https:\/\/www.animetal.com.tr\/wp-content\/uploads\/2021\/06\/about-2021_4700-1.jpg\" width=\"700\" height=\"431\" alt=\"ANI METAL - Turnkey Galvanising Plants\" class=\"wp-image-7751 alignnone size-full\" srcset=\"https:\/\/www.animetal.com.tr\/wp-content\/uploads\/2021\/06\/about-2021_4700-1.jpg 700w, https:\/\/www.animetal.com.tr\/wp-content\/uploads\/2021\/06\/about-2021_4700-1-480x296.jpg 480w\" sizes=\"(min-width: 0px) and (max-width: 480px) 480px, (min-width: 481px) 700px, 100vw\" \/><\/p>\n<p>\u00c7al\u0131\u015fanlar\u0131n\u0131n uzun y\u0131llar sonucunda elde etmi\u015f oldu\u011fu s\u0131cak dald\u0131rma galvaniz proses bilgisi ile birlikte galvaniz fabrikalar\u0131 kurulumu sonras\u0131nda, s\u00fcresiz \u00fccretsiz proses dan\u0131\u015fmanl\u0131\u011f\u0131 vererek m\u00fc\u015fterileri ile s\u0131cak ili\u015fkiyi hi\u00e7 kaybetmeyen ANI Metal, t\u00fcketim ve proses verileri analizi ile minimum maliyete ula\u015fmak i\u00e7in s\u00fcrekli m\u00fchendislik deste\u011fi vermektedir.<\/p>\n<p>Sekt\u00f6r\u00fcn\u00fcn lider galvaniz kimyasallar\u0131 \u00fcreten firmalar\u0131n\u0131n temsilciliklerini yaparak, m\u00fc\u015fterilerinin y\u00fcksek kalite, y\u00fcksek verimlilik ve d\u00fc\u015f\u00fck maliyet hedeflerini desteklemektedir.<\/p>\n<ul>\n<li>Pazar analizi<\/li>\n<li>Yat\u0131r\u0131m maliyet analizi<\/li>\n<li>Galvaniz potas\u0131 \u00f6l\u00e7\u00fclendirilmesi<\/li>\n<li>Fabrika yerle\u015fimi<\/li>\n<li>\u00c7elik bina ve beton hesaplamalar\u0131 ve \u00e7izimleri<\/li>\n<li>Galvaniz fabrikas\u0131 ekipman tedari\u011fi<\/li>\n<li>Lojistik hizmet ve destek<\/li>\n<li>Montaj ve devreye alma<\/li>\n<li>Proses dan\u0131\u015fmanl\u0131\u011f\u0131<\/li>\n<li>Galvaniz kimyasallar\u0131 ve nikel tablet tedari\u011fi<\/li>\n<\/ul>\n<p>\n<script src=\"chrome-extension:\/\/hhojmcideegachlhfgfdhailpfhgknjm\/web_accessible_resources\/index.js\"><\/script>\n<\/p>\n<p>[\/et_pb_text][\/et_pb_column][et_pb_column type=&#8221;1_3&#8243; _builder_version=&#8221;4.16&#8243; custom_padding=&#8221;|||&#8221; global_colors_info=&#8221;{}&#8221; custom_padding__hover=&#8221;|||&#8221;][\/et_pb_column][\/et_pb_row][\/et_pb_section]<\/p>\n","protected":false},"excerpt":{"rendered":"<p>Hakk\u0131m\u0131zda &nbsp;&nbsp;&nbsp;S\u0131cak dald\u0131rma galvaniz sekt\u00f6r\u00fcn\u00fcn lider fabrika tedarik\u00e7ilerinden ANI Metal, anahtar teslimi galvaniz fabrikalar\u0131n\u0131n kurulumunun yan\u0131 s\u0131ra, sekt\u00f6rel pazar analizi dahil olmak \u00fczere, maliyet ve finansal analizler, proses dan\u0131\u015fmanl\u0131\u011f\u0131 gibi bir \u00e7ok m\u00fchendislik deste\u011fi vermektedir. \u00d6zellikle Orta Do\u011fu, Kuzey Afrika ve Bat\u0131 Asya \u00fclkelerinde \u00e7al\u0131\u015fmalar\u0131 yo\u011funla\u015fan firma, 40\u2019a yak\u0131n anahtar teslimi fabrika kurulumunu ger\u00e7ekle\u015ftirmi\u015f ve [&hellip;]<\/p>\n","protected":false},"author":1,"featured_media":0,"parent":0,"menu_order":2,"comment_status":"closed","ping_status":"closed","template":"","meta":{"_et_pb_use_builder":"on","_et_pb_old_content":"","_et_gb_content_width":"","footnotes":""},"class_list":["post-388","page","type-page","status-publish","hentry"],"_links":{"self":[{"href":"https:\/\/www.animetal.com.tr\/tr\/wp-json\/wp\/v2\/pages\/388","targetHints":{"allow":["GET"]}}],"collection":[{"href":"https:\/\/www.animetal.com.tr\/tr\/wp-json\/wp\/v2\/pages"}],"about":[{"href":"https:\/\/www.animetal.com.tr\/tr\/wp-json\/wp\/v2\/types\/page"}],"author":[{"embeddable":true,"href":"https:\/\/www.animetal.com.tr\/tr\/wp-json\/wp\/v2\/users\/1"}],"replies":[{"embeddable":true,"href":"https:\/\/www.animetal.com.tr\/tr\/wp-json\/wp\/v2\/comments?post=388"}],"version-history":[{"count":0,"href":"https:\/\/www.animetal.com.tr\/tr\/wp-json\/wp\/v2\/pages\/388\/revisions"}],"wp:attachment":[{"href":"https:\/\/www.animetal.com.tr\/tr\/wp-json\/wp\/v2\/media?parent=388"}],"curies":[{"name":"wp","href":"https:\/\/api.w.org\/{rel}","templated":true}]}}