{"id":394,"date":"2017-09-26T14:52:34","date_gmt":"2017-09-26T14:52:34","guid":{"rendered":"http:\/\/v2.animetal.com.tr\/muhendislik-hizmetleri\/"},"modified":"2021-06-24T13:22:21","modified_gmt":"2021-06-24T13:22:21","slug":"muhendislik-hizmetleri","status":"publish","type":"page","link":"https:\/\/www.animetal.com.tr\/tr\/muhendislik-hizmetleri\/","title":{"rendered":"M\u00fchendislik Hizmetleri"},"content":{"rendered":"<p>[et_pb_section fb_built=&#8221;1&#8243; _builder_version=&#8221;3.22&#8243; custom_padding=&#8221;26px|0px|20px|0px&#8221;][et_pb_row use_custom_gutter=&#8221;on&#8221; gutter_width=&#8221;1&#8243; _builder_version=&#8221;3.25&#8243; custom_padding=&#8221;0px|0px|0px|0px&#8221;][et_pb_column type=&#8221;4_4&#8243; _builder_version=&#8221;3.25&#8243; custom_padding=&#8221;|||&#8221; custom_padding__hover=&#8221;|||&#8221;][et_pb_text _builder_version=&#8221;3.27.4&#8243;]<\/p>\n<h1>M\u00fchendislik Hizmetleri<\/h1>\n<p>[\/et_pb_text][\/et_pb_column][\/et_pb_row][\/et_pb_section][et_pb_section fb_built=&#8221;1&#8243; _builder_version=&#8221;3.22&#8243; custom_padding=&#8221;0px|0px|0px|0px&#8221;][et_pb_row column_structure=&#8221;2_3,1_3&#8243; use_custom_gutter=&#8221;on&#8221; gutter_width=&#8221;1&#8243; _builder_version=&#8221;3.25&#8243; background_color=&#8221;#efefef&#8221; custom_padding=&#8221;0px|0px|0px|0px&#8221;][et_pb_column type=&#8221;2_3&#8243; _builder_version=&#8221;3.25&#8243; custom_padding=&#8221;|||&#8221; custom_padding__hover=&#8221;|||&#8221;][et_pb_image src=&#8221;https:\/\/www.animetal.com.tr\/wp-content\/uploads\/2020\/10\/02-engineering-services01.jpg&#8221; alt=&#8221;Plant Design&#8221; title_text=&#8221;02-engineering-services01&#8243; align_tablet=&#8221;center&#8221; align_phone=&#8221;&#8221; align_last_edited=&#8221;on|desktop&#8221; _builder_version=&#8221;4.7.3&#8243; animation_style=&#8221;slide&#8221; animation_direction=&#8221;left&#8221; animation_duration=&#8221;500ms&#8221; animation_intensity_slide=&#8221;10%&#8221;]<\/p>\n<p>[\/et_pb_image][\/et_pb_column][et_pb_column type=&#8221;1_3&#8243; _builder_version=&#8221;3.25&#8243; custom_padding=&#8221;|||&#8221; custom_padding__hover=&#8221;|||&#8221;][et_pb_cta title=&#8221;M\u00fchendislik Hizmetleri Bro\u015f\u00fcr\u00fc&#8221; button_url=&#8221;https:\/\/www.animetal.com.tr\/wp-content\/uploads\/2021\/06\/ANI-Metal_02-muhendislik-hizmetleri_v03.pdf&#8221; url_new_window=&#8221;on&#8221; button_text=&#8221;PDF&#8221; _builder_version=&#8221;4.9.7&#8243; use_background_color=&#8221;off&#8221; background_layout=&#8221;light&#8221; custom_margin=&#8221;150px|50px|100px|50px&#8221; hover_enabled=&#8221;0&#8243; button_text_size__hover_enabled=&#8221;off&#8221; button_text_size__hover=&#8221;null&#8221; button_one_text_size__hover_enabled=&#8221;off&#8221; button_one_text_size__hover=&#8221;null&#8221; button_two_text_size__hover_enabled=&#8221;off&#8221; button_two_text_size__hover=&#8221;null&#8221; button_text_color__hover_enabled=&#8221;off&#8221; button_text_color__hover=&#8221;null&#8221; button_one_text_color__hover_enabled=&#8221;off&#8221; button_one_text_color__hover=&#8221;null&#8221; button_two_text_color__hover_enabled=&#8221;off&#8221; button_two_text_color__hover=&#8221;null&#8221; button_border_width__hover_enabled=&#8221;off&#8221; button_border_width__hover=&#8221;null&#8221; button_one_border_width__hover_enabled=&#8221;off&#8221; button_one_border_width__hover=&#8221;null&#8221; button_two_border_width__hover_enabled=&#8221;off&#8221; button_two_border_width__hover=&#8221;null&#8221; button_border_color__hover_enabled=&#8221;off&#8221; button_border_color__hover=&#8221;null&#8221; button_one_border_color__hover_enabled=&#8221;off&#8221; button_one_border_color__hover=&#8221;null&#8221; button_two_border_color__hover_enabled=&#8221;off&#8221; button_two_border_color__hover=&#8221;null&#8221; button_border_radius__hover_enabled=&#8221;off&#8221; button_border_radius__hover=&#8221;null&#8221; button_one_border_radius__hover_enabled=&#8221;off&#8221; button_one_border_radius__hover=&#8221;null&#8221; button_two_border_radius__hover_enabled=&#8221;off&#8221; button_two_border_radius__hover=&#8221;null&#8221; button_letter_spacing__hover_enabled=&#8221;off&#8221; button_letter_spacing__hover=&#8221;null&#8221; button_one_letter_spacing__hover_enabled=&#8221;off&#8221; button_one_letter_spacing__hover=&#8221;null&#8221; button_two_letter_spacing__hover_enabled=&#8221;off&#8221; button_two_letter_spacing__hover=&#8221;null&#8221; button_bg_color__hover_enabled=&#8221;off&#8221; button_bg_color__hover=&#8221;null&#8221; button_one_bg_color__hover_enabled=&#8221;off&#8221; button_one_bg_color__hover=&#8221;null&#8221; button_two_bg_color__hover_enabled=&#8221;off&#8221; button_two_bg_color__hover=&#8221;null&#8221; sticky_enabled=&#8221;0&#8243;][\/et_pb_cta][\/et_pb_column][\/et_pb_row][\/et_pb_section][et_pb_section fb_built=&#8221;1&#8243; _builder_version=&#8221;3.22&#8243; custom_padding=&#8221;0px|0px|54px|0px&#8221;][et_pb_row column_structure=&#8221;2_3,1_3&#8243; _builder_version=&#8221;3.25&#8243; custom_padding=&#8221;20px|0px|27px|0px&#8221;][et_pb_column type=&#8221;2_3&#8243; _builder_version=&#8221;3.25&#8243; custom_padding=&#8221;|||&#8221; custom_padding__hover=&#8221;|||&#8221;][et_pb_text _builder_version=&#8221;4.9.7&#8243; hover_enabled=&#8221;0&#8243; sticky_enabled=&#8221;0&#8243;]<\/p>\n<p>S\u0131cak dald\u0131rma galvaniz prosesinin verimlili\u011fi; \u00fcr\u00fcn kalitesi, i\u015fletme maliyetleri tecr\u00fcbe, yeti\u015fmi\u015f i\u015f bilen \u00e7al\u0131\u015fan kadrosu, proses bilgisi, do\u011fru fabrika yerle\u015fimi ve ekipman se\u00e7imi gibi fakt\u00f6rlere ba\u011fl\u0131d\u0131r.<\/p>\n<p>Rekabetin \u00f6zellikle yo\u011fun ya\u015fand\u0131\u011f\u0131 pazarlarda, d\u00fc\u015f\u00fck maliyet ve y\u00fcksek kalitede mal \u00fcreten firmalar avantaj sa\u011flayacakt\u0131r.<\/p>\n<p><img decoding=\"async\" src=\"https:\/\/www.animetal.com.tr\/wp-content\/uploads\/2018\/02\/full-automatic-e1561550957603.jpg\" width=\"720\" height=\"502\" alt=\"\" class=\"wp-image-2724 alignnone size-full\" \/><\/p>\n<p>ANI Metal, \u00f6zellikle galvaniz tecr\u00fcbesi olmayan, sekt\u00f6re yeni girme hedefinde olan yat\u0131r\u0131mc\u0131lara ilk yat\u0131r\u0131m analizinden fabrika kurulumuna, fabrikan\u0131n i\u015fletilmesi i\u00e7in gereken personel deste\u011finden ve \u00e7al\u0131\u015fanlar\u0131n e\u011fitiminden maliyet kontrol\u00fcne kadar m\u00fchendislik deste\u011fi vermektedir.<\/p>\n<p><img decoding=\"async\" src=\"https:\/\/www.animetal.com.tr\/wp-content\/uploads\/2020\/11\/02-engineering-services02.jpg\" width=\"700\" height=\"507\" alt=\"Heat Exchanger\" class=\"wp-image-5926 alignnone size-full\" srcset=\"https:\/\/www.animetal.com.tr\/wp-content\/uploads\/2020\/11\/02-engineering-services02.jpg 700w, https:\/\/www.animetal.com.tr\/wp-content\/uploads\/2020\/11\/02-engineering-services02-480x348.jpg 480w\" sizes=\"(min-width: 0px) and (max-width: 480px) 480px, (min-width: 481px) 700px, 100vw\" \/><\/p>\n<p>Galvaniz prosesinin metal\u00fcrji ve kimyas\u0131 konusunda yo\u011fun tecr\u00fcbeye sahip m\u00fchendis kadrosu sayesinde m\u00fc\u015fterilerinin proses kontrol\u00fcn\u00fc d\u00fczenli bir \u015fekilde takip ederek kaliteyi art\u0131rmak i\u00e7in ve maliyetleri d\u00fc\u015f\u00fcrmek i\u00e7in s\u00fcrekli m\u00fchendislik deste\u011fi vermektedir.<\/p>\n<p>ANI Metal, galvaniz fabrikas\u0131 kurmak isteyen sanayiciye, \u00e7elik fabrika binas\u0131 tasar\u0131m\u0131ndan fabrikan\u0131n devreye al\u0131nmas\u0131na kadar b\u00fct\u00fcn ad\u0131mlara kapsayan bir hizmet sunmaktad\u0131r.<\/p>\n<p><img decoding=\"async\" src=\"https:\/\/www.animetal.com.tr\/wp-content\/uploads\/2021\/06\/engineering-2021_4633.jpg\" width=\"700\" height=\"466\" alt=\"ANI METAL - Engineering Services\" class=\"wp-image-7730 alignnone size-full\" srcset=\"https:\/\/www.animetal.com.tr\/wp-content\/uploads\/2021\/06\/engineering-2021_4633.jpg 700w, https:\/\/www.animetal.com.tr\/wp-content\/uploads\/2021\/06\/engineering-2021_4633-480x320.jpg 480w\" sizes=\"(min-width: 0px) and (max-width: 480px) 480px, (min-width: 481px) 700px, 100vw\" \/><\/p>\n<p><img decoding=\"async\" src=\"https:\/\/www.animetal.com.tr\/wp-content\/uploads\/2019\/06\/ani_metal_engineering_services_technical_drawing_720px.jpg\" width=\"720\" height=\"509\" alt=\"ANI METAL - Engineering Services\" class=\"wp-image-4654 alignnone size-full\" srcset=\"https:\/\/www.animetal.com.tr\/wp-content\/uploads\/2019\/06\/ani_metal_engineering_services_technical_drawing_720px.jpg 720w, https:\/\/www.animetal.com.tr\/wp-content\/uploads\/2019\/06\/ani_metal_engineering_services_technical_drawing_720px-300x212.jpg 300w, https:\/\/www.animetal.com.tr\/wp-content\/uploads\/2019\/06\/ani_metal_engineering_services_technical_drawing_720px-400x284.jpg 400w\" sizes=\"(max-width: 720px) 100vw, 720px\" \/><\/p>\n<p><img decoding=\"async\" src=\"https:\/\/www.animetal.com.tr\/wp-content\/uploads\/2020\/10\/02-engineering-services03.jpg\" width=\"720\" height=\"505\" alt=\"3D Conveyor Rendering\" class=\"wp-image-5478 alignnone size-full\" srcset=\"https:\/\/www.animetal.com.tr\/wp-content\/uploads\/2020\/10\/02-engineering-services03.jpg 720w, https:\/\/www.animetal.com.tr\/wp-content\/uploads\/2020\/10\/02-engineering-services03-480x337.jpg 480w\" sizes=\"(min-width: 0px) and (max-width: 480px) 480px, (min-width: 481px) 720px, 100vw\" \/><\/p>\n<p>[\/et_pb_text][\/et_pb_column][et_pb_column type=&#8221;1_3&#8243; _builder_version=&#8221;3.25&#8243; custom_padding=&#8221;|||&#8221; custom_padding__hover=&#8221;|||&#8221;][\/et_pb_column][\/et_pb_row][\/et_pb_section]<\/p>\n","protected":false},"excerpt":{"rendered":"<p>M\u00fchendislik Hizmetleri S\u0131cak dald\u0131rma galvaniz prosesinin verimlili\u011fi; \u00fcr\u00fcn kalitesi, i\u015fletme maliyetleri tecr\u00fcbe, yeti\u015fmi\u015f i\u015f bilen \u00e7al\u0131\u015fan kadrosu, proses bilgisi, do\u011fru fabrika yerle\u015fimi ve ekipman se\u00e7imi gibi fakt\u00f6rlere ba\u011fl\u0131d\u0131r. Rekabetin \u00f6zellikle yo\u011fun ya\u015fand\u0131\u011f\u0131 pazarlarda, d\u00fc\u015f\u00fck maliyet ve y\u00fcksek kalitede mal \u00fcreten firmalar avantaj sa\u011flayacakt\u0131r. ANI Metal, \u00f6zellikle galvaniz tecr\u00fcbesi olmayan, sekt\u00f6re yeni girme hedefinde olan yat\u0131r\u0131mc\u0131lara [&hellip;]<\/p>\n","protected":false},"author":1,"featured_media":0,"parent":0,"menu_order":6,"comment_status":"closed","ping_status":"closed","template":"","meta":{"_et_pb_use_builder":"on","_et_pb_old_content":"","_et_gb_content_width":"","footnotes":""},"class_list":["post-394","page","type-page","status-publish","hentry"],"_links":{"self":[{"href":"https:\/\/www.animetal.com.tr\/tr\/wp-json\/wp\/v2\/pages\/394","targetHints":{"allow":["GET"]}}],"collection":[{"href":"https:\/\/www.animetal.com.tr\/tr\/wp-json\/wp\/v2\/pages"}],"about":[{"href":"https:\/\/www.animetal.com.tr\/tr\/wp-json\/wp\/v2\/types\/page"}],"author":[{"embeddable":true,"href":"https:\/\/www.animetal.com.tr\/tr\/wp-json\/wp\/v2\/users\/1"}],"replies":[{"embeddable":true,"href":"https:\/\/www.animetal.com.tr\/tr\/wp-json\/wp\/v2\/comments?post=394"}],"version-history":[{"count":0,"href":"https:\/\/www.animetal.com.tr\/tr\/wp-json\/wp\/v2\/pages\/394\/revisions"}],"wp:attachment":[{"href":"https:\/\/www.animetal.com.tr\/tr\/wp-json\/wp\/v2\/media?parent=394"}],"curies":[{"name":"wp","href":"https:\/\/api.w.org\/{rel}","templated":true}]}}