{"id":399,"date":"2017-09-26T15:06:34","date_gmt":"2017-09-26T15:06:34","guid":{"rendered":"http:\/\/v2.animetal.com.tr\/galvaniz-ocaklari-2\/"},"modified":"2025-02-18T11:06:32","modified_gmt":"2025-02-18T11:06:32","slug":"cinko-potalari","status":"publish","type":"page","link":"https:\/\/www.animetal.com.tr\/tr\/fabrika-ekipmanlari\/cinko-potalari\/","title":{"rendered":"\u00c7inko Potalar\u0131"},"content":{"rendered":"<p>[et_pb_section fb_built=&#8221;1&#8243; _builder_version=&#8221;4.16&#8243; custom_padding=&#8221;26px|0px|20px|0px&#8221; global_colors_info=&#8221;{}&#8221;][et_pb_row _builder_version=&#8221;4.16&#8243; custom_padding=&#8221;0px|0px|0px|0px&#8221; global_colors_info=&#8221;{}&#8221;][et_pb_column type=&#8221;4_4&#8243; _builder_version=&#8221;4.16&#8243; custom_padding=&#8221;|||&#8221; global_colors_info=&#8221;{}&#8221; custom_padding__hover=&#8221;|||&#8221;][et_pb_text _builder_version=&#8221;4.27.4&#8243; global_colors_info=&#8221;{}&#8221;]<\/p>\n<h1>\u00c7inko Potalar\u0131<\/h1>\n<p>[\/et_pb_text][\/et_pb_column][\/et_pb_row][\/et_pb_section][et_pb_section fb_built=&#8221;1&#8243; _builder_version=&#8221;4.16&#8243; custom_padding=&#8221;0px|0px|54px|0px&#8221; global_colors_info=&#8221;{}&#8221;][et_pb_row column_structure=&#8221;2_3,1_3&#8243; use_custom_gutter=&#8221;on&#8221; gutter_width=&#8221;1&#8243; _builder_version=&#8221;4.16&#8243; background_color=&#8221;#efefef&#8221; custom_padding=&#8221;0px|0px|0px|0px&#8221; global_colors_info=&#8221;{}&#8221;][et_pb_column type=&#8221;2_3&#8243; _builder_version=&#8221;4.16&#8243; custom_padding=&#8221;|||&#8221; global_colors_info=&#8221;{}&#8221; custom_padding__hover=&#8221;|||&#8221;][et_pb_image src=&#8221;https:\/\/www.animetal.com.tr\/wp-content\/uploads\/2019\/06\/ani_metal_galvanizing_kettle_720px.jpg&#8221; force_fullwidth=&#8221;on&#8221; align_tablet=&#8221;center&#8221; align_phone=&#8221;&#8221; align_last_edited=&#8221;on|desktop&#8221; _builder_version=&#8221;4.16&#8243; custom_margin=&#8221;0px|0px|0px|0px&#8221; animation_style=&#8221;slide&#8221; animation_direction=&#8221;left&#8221; animation_duration=&#8221;500ms&#8221; animation_intensity_slide=&#8221;10%&#8221; global_colors_info=&#8221;{}&#8221;]<br \/>\n[\/et_pb_image][\/et_pb_column][et_pb_column type=&#8221;1_3&#8243; _builder_version=&#8221;4.16&#8243; custom_padding=&#8221;|||&#8221; global_colors_info=&#8221;{}&#8221; custom_padding__hover=&#8221;|||&#8221;][et_pb_image src=&#8221;https:\/\/www.animetal.com.tr\/wp-content\/uploads\/2019\/06\/pilling_logo_300px.png&#8221; align=&#8221;center&#8221; align_tablet=&#8221;center&#8221; align_phone=&#8221;&#8221; align_last_edited=&#8221;on|desktop&#8221; _builder_version=&#8221;4.16&#8243; max_width=&#8221;70%&#8221; module_alignment=&#8221;center&#8221; custom_margin=&#8221;50px|0px||0px&#8221; custom_padding=&#8221;|||&#8221; animation_style=&#8221;slide&#8221; animation_direction=&#8221;left&#8221; animation_duration=&#8221;500ms&#8221; animation_intensity_slide=&#8221;10%&#8221; global_colors_info=&#8221;{}&#8221;]<br \/>\n[\/et_pb_image][et_pb_text _builder_version=&#8221;4.16&#8243; text_font=&#8221;||||||||&#8221; text_line_height=&#8221;1.2em&#8221; header_font=&#8221;||||||||&#8221; custom_margin=&#8221;20px|30px||30px&#8221; custom_padding=&#8221;|||&#8221; global_colors_info=&#8221;{}&#8221;]<\/p>\n<p style=\"text-align: center;\">W. Pilling of Riepe, Almanya, d\u00fcnyan\u0131n lider ocak \u00fcreticisi<br \/> <strong style=\"font-size: 14px;\"><\/strong><\/p>\n<p style=\"text-align: center;\">\n[\/et_pb_text][et_pb_number_counter title=&#8221;&#8216;den beri&#8221; number=&#8221;1873&#8243; percent_sign=&#8221;off&#8221; admin_label=&#8221;Number Counter&#8221; _builder_version=&#8221;4.27.4&#8243; title_font=&#8221;||||||||&#8221; number_font=&#8221;||||||||&#8221; number_text_color=&#8221;#e02b20&#8243; number_font_size=&#8221;50px&#8221; number_line_height=&#8221;100px&#8221; custom_margin=&#8221;|||&#8221; custom_padding=&#8221;|||&#8221; global_module=&#8221;4095&#8243; saved_tabs=&#8221;all&#8221; global_colors_info=&#8221;{}&#8221;][\/et_pb_number_counter][et_pb_text _builder_version=&#8221;4.16&#8243; text_font=&#8221;||||||||&#8221; text_line_height=&#8221;1em&#8221; header_font=&#8221;||||||||&#8221; custom_padding=&#8221;20px|||&#8221; global_colors_info=&#8221;{}&#8221; button_text_size__hover_enabled=&#8221;off&#8221; button_text_size__hover=&#8221;null&#8221; button_one_text_size__hover_enabled=&#8221;off&#8221; button_one_text_size__hover=&#8221;null&#8221; button_two_text_size__hover_enabled=&#8221;off&#8221; button_two_text_size__hover=&#8221;null&#8221; button_text_color__hover_enabled=&#8221;off&#8221; button_text_color__hover=&#8221;null&#8221; button_one_text_color__hover_enabled=&#8221;off&#8221; button_one_text_color__hover=&#8221;null&#8221; button_two_text_color__hover_enabled=&#8221;off&#8221; button_two_text_color__hover=&#8221;null&#8221; button_border_width__hover_enabled=&#8221;off&#8221; button_border_width__hover=&#8221;null&#8221; button_one_border_width__hover_enabled=&#8221;off&#8221; button_one_border_width__hover=&#8221;null&#8221; button_two_border_width__hover_enabled=&#8221;off&#8221; button_two_border_width__hover=&#8221;null&#8221; button_border_color__hover_enabled=&#8221;off&#8221; button_border_color__hover=&#8221;null&#8221; button_one_border_color__hover_enabled=&#8221;off&#8221; button_one_border_color__hover=&#8221;null&#8221; button_two_border_color__hover_enabled=&#8221;off&#8221; button_two_border_color__hover=&#8221;null&#8221; button_border_radius__hover_enabled=&#8221;off&#8221; button_border_radius__hover=&#8221;null&#8221; button_one_border_radius__hover_enabled=&#8221;off&#8221; button_one_border_radius__hover=&#8221;null&#8221; button_two_border_radius__hover_enabled=&#8221;off&#8221; button_two_border_radius__hover=&#8221;null&#8221; button_letter_spacing__hover_enabled=&#8221;off&#8221; button_letter_spacing__hover=&#8221;null&#8221; button_one_letter_spacing__hover_enabled=&#8221;off&#8221; button_one_letter_spacing__hover=&#8221;null&#8221; button_two_letter_spacing__hover_enabled=&#8221;off&#8221; button_two_letter_spacing__hover=&#8221;null&#8221; button_bg_color__hover_enabled=&#8221;off&#8221; button_bg_color__hover=&#8221;null&#8221; button_one_bg_color__hover_enabled=&#8221;off&#8221; button_one_bg_color__hover=&#8221;null&#8221; button_two_bg_color__hover_enabled=&#8221;off&#8221; button_two_bg_color__hover=&#8221;null&#8221;]<\/p>\n<p style=\"text-align: center;\">D\u00fcnyan\u0131n En Derin Galvaniz Oca\u011f\u0131<\/p>\n<p style=\"text-align: center;\"><strong>13 x 1,8 x 4,6m<\/strong><\/p>\n<p>[\/et_pb_text][et_pb_cta title=&#8221;Galvaniz Potalar\u0131 Bro\u015f\u00fcr\u00fc&#8221; button_url=&#8221;https:\/\/www.animetal.com.tr\/wp-content\/uploads\/2022\/10\/ANI-Metal_04-galvaniz-potalari_v04.pdf&#8221; url_new_window=&#8221;on&#8221; button_text=&#8221;PDF&#8221; _builder_version=&#8221;4.27.4&#8243; use_background_color=&#8221;off&#8221; background_layout=&#8221;light&#8221; custom_margin=&#8221;30px||10px|&#8221; hover_enabled=&#8221;0&#8243; global_colors_info=&#8221;{}&#8221; button_text_size__hover_enabled=&#8221;off&#8221; button_one_text_size__hover_enabled=&#8221;off&#8221; button_two_text_size__hover_enabled=&#8221;off&#8221; button_text_color__hover_enabled=&#8221;off&#8221; button_one_text_color__hover_enabled=&#8221;off&#8221; button_two_text_color__hover_enabled=&#8221;off&#8221; button_border_width__hover_enabled=&#8221;off&#8221; button_one_border_width__hover_enabled=&#8221;off&#8221; button_two_border_width__hover_enabled=&#8221;off&#8221; button_border_color__hover_enabled=&#8221;off&#8221; button_one_border_color__hover_enabled=&#8221;off&#8221; button_two_border_color__hover_enabled=&#8221;off&#8221; button_border_radius__hover_enabled=&#8221;off&#8221; button_one_border_radius__hover_enabled=&#8221;off&#8221; button_two_border_radius__hover_enabled=&#8221;off&#8221; button_letter_spacing__hover_enabled=&#8221;off&#8221; button_one_letter_spacing__hover_enabled=&#8221;off&#8221; button_two_letter_spacing__hover_enabled=&#8221;off&#8221; button_bg_color__hover_enabled=&#8221;off&#8221; button_one_bg_color__hover_enabled=&#8221;off&#8221; button_two_bg_color__hover_enabled=&#8221;off&#8221; header_level=&#8221;h3&#8243; sticky_enabled=&#8221;0&#8243;][\/et_pb_cta][\/et_pb_column][\/et_pb_row][et_pb_row column_structure=&#8221;2_3,1_3&#8243; use_custom_gutter=&#8221;on&#8221; gutter_width=&#8221;1&#8243; _builder_version=&#8221;4.16&#8243; custom_padding=&#8221;20px|0px|0px|0px&#8221; global_colors_info=&#8221;{}&#8221;][et_pb_column type=&#8221;2_3&#8243; _builder_version=&#8221;4.16&#8243; custom_padding=&#8221;|||&#8221; global_colors_info=&#8221;{}&#8221; custom_padding__hover=&#8221;|||&#8221;][et_pb_text _builder_version=&#8221;4.27.4&#8243; custom_margin=&#8221;|20px||&#8221; global_colors_info=&#8221;{}&#8221;]<\/p>\n<p>Tunus, Cezayir, Irak, Afganistan ve T\u00fcrkiye\u2019de W. Pilling\u2019in resmi temsilcisiyiz. Almanya&#8217;n\u0131n Riepe \u015fehrinde bulunan W. Pilling, 1873 y\u0131l\u0131ndan bu yana d\u00fcnyan\u0131n \u00f6nde gelen pota \u00fcreticisidir. W. Pilling taraf\u0131ndan sa\u011flanan \u00e7inko potalar\u0131, e\u015fsiz kalitesiyle tan\u0131n\u0131r. A\u015fa\u011f\u0131da, bu potalarla ilgili \u00f6nemli teknik \u00f6zellikler ve sa\u011flanan di\u011fer hizmetler bulunmaktad\u0131r:<\/p>\n<ul>\n<li><strong>\u00d6zel \u00c7elik Kompozisyonu:<br \/><\/strong>C: %0,08 \u2013 Si: %0,02 \u2013 Mn: %0,5 \u2013 P: %0,15 \u2013 S: %0,01 max.<br \/>Bu dikkatli bir m\u00fchendislik \u00e7al\u0131\u015fmas\u0131n\u0131n sonucunda geli\u015ftirilen \u00e7elik kar\u0131\u015f\u0131m\u0131, y\u00fcksek s\u0131cakl\u0131klarda \u00fcst\u00fcn dayan\u0131kl\u0131l\u0131k, korozyona kar\u015f\u0131 diren\u00e7 ve optimum performans sa\u011flar.<\/li>\n<\/ul>\n<ul>\n<li><strong>Elektro-Slag Kaynak Teknolojisi:<br \/><\/strong>Bu geli\u015fmi\u015f kaynak teknolojisi, pota yap\u0131s\u0131nda ola\u011fan\u00fcst\u00fc g\u00fc\u00e7 ve dayan\u0131kl\u0131l\u0131k sa\u011flar ve zamanla a\u015f\u0131nma risklerini en aza indirir. S\u00fcrekli s\u0131cak s\u0131v\u0131 \u00e7inkoya maruz kalan zorlu ko\u015fullara dayanabilecek sa\u011flam bir yap\u0131 sunar.<\/li>\n<\/ul>\n<ul>\n<li><strong>S\u0131cak Haddelenmi\u015f \u00c7elik Levhalar:<br \/><\/strong>Bu malzeme tercihi, potan\u0131n termal genle\u015fme ve b\u00fcz\u00fclmeye kar\u015f\u0131 dayan\u0131m\u0131n\u0131 art\u0131rarak, y\u0131llar s\u00fcren operasyonlarda g\u00fcvenilir performans sa\u011flar.<\/li>\n<\/ul>\n<ul>\n<li><strong>Yatay veya K\u00f6\u015fe Kayna\u011f\u0131 Bulunmamas\u0131:<br \/><\/strong>Yatay veya k\u00f6\u015fe kaynaklar\u0131n\u0131n olmamas\u0131, pota yap\u0131s\u0131n\u0131n b\u00fct\u00fcnl\u00fc\u011f\u00fcn\u00fc art\u0131rarak zay\u0131f noktalar\u0131 \u00f6nler ve galvanizleme i\u015flemi s\u0131ras\u0131nda olas\u0131 s\u0131z\u0131nt\u0131 veya hasar riskini en aza indirir. Bu tasar\u0131m \u00f6zelli\u011fi, daha dayan\u0131kl\u0131 ve uzun \u00f6m\u00fcrl\u00fc bir pota sa\u011flar.<\/li>\n<\/ul>\n<ul>\n<li><strong>Ultrasonik Test:<br \/><\/strong>W. Pilling, potan\u0131n \u00e7e\u015fitli noktalar\u0131ndaki kal\u0131nl\u0131klar\u0131 izlemek i\u00e7in ultrasonik test kullan\u0131r ve potan\u0131n performans\u0131 hakk\u0131nda ger\u00e7ek zamanl\u0131 veri sunar. Bu teknoloji, potan\u0131n mevcut \u00e7al\u0131\u015fma ko\u015fullar\u0131 alt\u0131nda kalan hizmet \u00f6mr\u00fcn\u00fc tahmin etmemizi sa\u011flar, b\u00f6ylece proaktif bak\u0131m yapabilir ve beklenmedik ar\u0131zalardan ka\u00e7\u0131n\u0131labilir.<\/li>\n<\/ul>\n<ul>\n<li><strong>S\u0131cak De\u011fi\u015fim Hizmeti:<br \/><\/strong>S\u0131cak \u00e7inkoyu W. Pilling\u2019in \u00f6zel Eriyik \u00c7inko Termosuna transfer ederek pota de\u011fi\u015ftirme s\u00fcreci \u00f6nemli \u00f6l\u00e7\u00fcde daha h\u0131zl\u0131 ve verimli hale gelir. Bu, duru\u015f s\u00fcrelerini en aza indirir ve operasyonlar\u0131n\u0131z\u0131n minimum kesinti ile devam etmesini sa\u011flar.<\/li>\n<\/ul>\n<div id=\"ez-toc-container\" class=\"ez-toc-v2_0_81 counter-hierarchy ez-toc-counter ez-toc-grey ez-toc-container-direction\">\n<p class=\"ez-toc-title\" style=\"cursor:inherit\">Table of Contents<\/p>\n<label for=\"ez-toc-cssicon-toggle-item-69ea1fd7c53af\" class=\"ez-toc-cssicon-toggle-label\"><span class=\"ez-toc-cssicon\"><span class=\"eztoc-hide\" style=\"display:none;\">Toggle<\/span><span class=\"ez-toc-icon-toggle-span\"><svg style=\"fill: #999;color:#999\" xmlns=\"http:\/\/www.w3.org\/2000\/svg\" class=\"list-377408\" width=\"20px\" height=\"20px\" viewBox=\"0 0 24 24\" fill=\"none\"><path d=\"M6 6H4v2h2V6zm14 0H8v2h12V6zM4 11h2v2H4v-2zm16 0H8v2h12v-2zM4 16h2v2H4v-2zm16 0H8v2h12v-2z\" fill=\"currentColor\"><\/path><\/svg><svg style=\"fill: #999;color:#999\" class=\"arrow-unsorted-368013\" xmlns=\"http:\/\/www.w3.org\/2000\/svg\" width=\"10px\" height=\"10px\" viewBox=\"0 0 24 24\" version=\"1.2\" baseProfile=\"tiny\"><path d=\"M18.2 9.3l-6.2-6.3-6.2 6.3c-.2.2-.3.4-.3.7s.1.5.3.7c.2.2.4.3.7.3h11c.3 0 .5-.1.7-.3.2-.2.3-.5.3-.7s-.1-.5-.3-.7zM5.8 14.7l6.2 6.3 6.2-6.3c.2-.2.3-.5.3-.7s-.1-.5-.3-.7c-.2-.2-.4-.3-.7-.3h-11c-.3 0-.5.1-.7.3-.2.2-.3.5-.3.7s.1.5.3.7z\"\/><\/svg><\/span><\/span><\/label><input type=\"checkbox\"  id=\"ez-toc-cssicon-toggle-item-69ea1fd7c53af\"  aria-label=\"A\u00e7\/Kapat\" \/><nav><ul class='ez-toc-list ez-toc-list-level-1 ' ><li class='ez-toc-page-1 ez-toc-heading-level-2'><a class=\"ez-toc-link ez-toc-heading-1\" href=\"https:\/\/www.animetal.com.tr\/tr\/fabrika-ekipmanlari\/cinko-potalari\/#Cinko_Potasinin_Onemi\" >\u00c7inko Potas\u0131n\u0131n \u00d6nemi<\/a><\/li><li class='ez-toc-page-1 ez-toc-heading-level-2'><a class=\"ez-toc-link ez-toc-heading-2\" href=\"https:\/\/www.animetal.com.tr\/tr\/fabrika-ekipmanlari\/cinko-potalari\/#_Optimum_Sonuclar_Icin_Dogru_Sicaklik_Kontrolu\" >\u00a0Optimum Sonu\u00e7lar \u0130\u00e7in Do\u011fru S\u0131cakl\u0131k Kontrol\u00fc<\/a><\/li><li class='ez-toc-page-1 ez-toc-heading-level-2'><a class=\"ez-toc-link ez-toc-heading-3\" href=\"https:\/\/www.animetal.com.tr\/tr\/fabrika-ekipmanlari\/cinko-potalari\/#Cinko_Potasinin_Bakimi_ve_Uzun_Omurlu_Kullanimi\" >\u00c7inko Potas\u0131n\u0131n Bak\u0131m\u0131 ve Uzun \u00d6m\u00fcrl\u00fc Kullan\u0131m\u0131<\/a><\/li><\/ul><\/nav><\/div>\n\n<h2><span class=\"ez-toc-section\" id=\"Cinko_Potasinin_Onemi\"><\/span><strong>\u00c7inko Potas\u0131n\u0131n \u00d6nemi <\/strong><span class=\"ez-toc-section-end\"><\/span><\/h2>\n<p>\u00c7inko potas\u0131, s\u0131cak dald\u0131rma galvanizleme s\u00fcrecinin temel bile\u015fenidir. Metal \u00fcr\u00fcnleri s\u0131v\u0131 \u00e7inkoya dald\u0131rarak g\u00fc\u00e7l\u00fc ve korozyona kar\u015f\u0131 diren\u00e7li bir kaplama olu\u015fturur. W. Pilling\u2019in \u00f6zel \u00e7elik form\u00fclasyonu ve geli\u015fmi\u015f kaynak teknolojisi sayesinde, potalar, optimum ko\u015fullarda \u2013 do\u011fru s\u0131cakl\u0131k kontrol\u00fc ve d\u00fczenli bak\u0131m\u2013 kullan\u0131ld\u0131\u011f\u0131nda di\u011fer \u00fcreticilerin potalar\u0131na k\u0131yasla \u00e7ok daha uzun \u00f6m\u00fcrl\u00fc olacak \u015fekilde tasarlanm\u0131\u015ft\u0131r.<\/p>\n<p>Y\u00fcksek kaliteli bir \u00e7inko potas\u0131 kullanmak, ekipman ar\u0131zas\u0131ndan kaynaklanan \u00fcretim kesintilerini en aza indirmek i\u00e7in \u00e7ok \u00f6nemlidir. G\u00fcvenilir bir pota, tutarl\u0131 kaplama kalitesi sa\u011flar, duru\u015f s\u00fcresini azalt\u0131r ve operasyonlar\u0131n sorunsuz bir \u015fekilde devam etmesini sa\u011flar.<\/p>\n<h2><span class=\"ez-toc-section\" id=\"_Optimum_Sonuclar_Icin_Dogru_Sicaklik_Kontrolu\"><\/span><strong>\u00a0<\/strong><strong>Optimum Sonu\u00e7lar \u0130\u00e7in Do\u011fru S\u0131cakl\u0131k Kontrol\u00fc <\/strong><span class=\"ez-toc-section-end\"><\/span><\/h2>\n<p>Galvanizleme s\u00fcrecinde s\u0131cakl\u0131k kontrol\u00fc kritik bir fakt\u00f6rd\u00fcr. Pota, \u00e7inkonun metal y\u00fczeye d\u00fczg\u00fcn bir \u015fekilde yap\u0131\u015fabilmesi i\u00e7in yakla\u015f\u0131k 450\u00b0C (842\u00b0F) s\u0131cakl\u0131kta tutulmal\u0131d\u0131r. A\u015f\u0131r\u0131 \u0131s\u0131nma, potan\u0131n duvarlar\u0131n\u0131n a\u015f\u0131r\u0131 a\u015f\u0131nmas\u0131na ve potan\u0131n \u00f6mr\u00fcn\u00fcn k\u0131salmas\u0131na sebep olur. Bu nedenle do\u011fru s\u0131cakl\u0131\u011f\u0131n korunmas\u0131, hem kalite hem de potan\u0131n uzun \u00f6mr\u00fc i\u00e7in \u00e7ok \u00f6nemlidir.<\/p>\n<h2><span class=\"ez-toc-section\" id=\"Cinko_Potasinin_Bakimi_ve_Uzun_Omurlu_Kullanimi\"><\/span><strong>\u00c7inko Potas\u0131n\u0131n Bak\u0131m\u0131 ve Uzun \u00d6m\u00fcrl\u00fc Kullan\u0131m\u0131 <\/strong><span class=\"ez-toc-section-end\"><\/span><\/h2>\n<p>\u00c7inko potas\u0131n\u0131n verimli bir \u015fekilde \u00e7al\u0131\u015fmaya devam etmesi i\u00e7in d\u00fczenli bak\u0131m \u00e7ok \u00f6nemlidir. Dross ve k\u00fcl\u00fcn d\u00fczenli olarak temizlenmesi gerekir. Bu temizlik yap\u0131lmazsa, \u00e7inko kaplaman\u0131n kalitesini olumsuz etkilenirr, ayr\u0131ca potan\u0131n belli b\u00f6lgelerinde a\u015f\u0131r\u0131 \u0131s\u0131nmaya neden olarak, potada yerel a\u015f\u0131nma ve s\u0131z\u0131nt\u0131lara yol a\u00e7abilir. Proaktif bak\u0131m yakla\u015f\u0131m\u0131 ile bu sorunlar erken tespit edilir, b\u00f6ylece potan\u0131n verimlili\u011fi art\u0131r\u0131l\u0131r ve \u00f6mr\u00fc uzat\u0131l\u0131r.<\/p>\n<p>Sonu\u00e7 olarak, y\u00fcksek kaliteli bir \u00e7inko potas\u0131 kullanmak, do\u011fru s\u0131cakl\u0131k kontrol\u00fc ve d\u00fczenli bak\u0131m ile potan\u0131n verimli ve uzun s\u00fcreli kullan\u0131m\u0131n\u0131 sa\u011flamak, s\u00fcrekli kaliteli sonu\u00e7lar elde etmek i\u00e7in \u00e7ok \u00f6nemlidir. W. Pilling\u2019in geli\u015fmi\u015f potalar\u0131, g\u00fcvenilirlik, verimlilik ve dayan\u0131kl\u0131l\u0131k i\u00e7in m\u00fckemmel bir yat\u0131r\u0131m f\u0131rsat\u0131 sunar.<\/p>\n<p><img decoding=\"async\" class=\"wp-image-5948 alignnone size-full\" src=\"https:\/\/www.animetal.com.tr\/wp-content\/uploads\/2020\/11\/04-galvanizing-kettle04_tr.jpg\" alt=\"Pilling Yetkili Temsilcisi Oldu\u011fumuz \u00dclkeler\" width=\"700\" height=\"290\" srcset=\"https:\/\/www.animetal.com.tr\/wp-content\/uploads\/2020\/11\/04-galvanizing-kettle04_tr.jpg 700w, https:\/\/www.animetal.com.tr\/wp-content\/uploads\/2020\/11\/04-galvanizing-kettle04_tr-480x199.jpg 480w\" sizes=\"(min-width: 0px) and (max-width: 480px) 480px, (min-width: 481px) 700px, 100vw\" \/><\/p>\n<p><div id=\"attachment_4705\" style=\"width: 710px\" class=\"wp-caption alignnone\"><img decoding=\"async\" aria-describedby=\"caption-attachment-4705\" class=\"wp-image-4705 size-full\" src=\"https:\/\/www.animetal.com.tr\/wp-content\/uploads\/2019\/06\/ani_metal_galvanizing_kettle02_720px.jpg\" alt=\"\u00c7inko Potalar\u0131\" width=\"700\" height=\"469\" srcset=\"https:\/\/www.animetal.com.tr\/wp-content\/uploads\/2019\/06\/ani_metal_galvanizing_kettle02_720px.jpg 700w, https:\/\/www.animetal.com.tr\/wp-content\/uploads\/2019\/06\/ani_metal_galvanizing_kettle02_720px-300x201.jpg 300w\" sizes=\"(max-width: 700px) 100vw, 700px\" \/><p id=\"caption-attachment-4705\" class=\"wp-caption-text\">Galvanizleme Kazan\u0131 \u2013 S\u0131cak Dald\u0131rma Galvanizleme | ANI METAL<\/p><\/div><div id=\"attachment_5604\" style=\"width: 710px\" class=\"wp-caption alignnone\"><img decoding=\"async\" aria-describedby=\"caption-attachment-5604\" class=\"wp-image-5604 size-full\" src=\"https:\/\/www.animetal.com.tr\/wp-content\/uploads\/2020\/10\/04-galvanizing-kettle03.jpg\" alt=\"ANI Metal - Galvanizing Kettle\" width=\"700\" height=\"357\" srcset=\"https:\/\/www.animetal.com.tr\/wp-content\/uploads\/2020\/10\/04-galvanizing-kettle03.jpg 700w, https:\/\/www.animetal.com.tr\/wp-content\/uploads\/2020\/10\/04-galvanizing-kettle03-480x245.jpg 480w\" sizes=\"(min-width: 0px) and (max-width: 480px) 480px, (min-width: 481px) 700px, 100vw\" \/><p id=\"caption-attachment-5604\" class=\"wp-caption-text\">Galvanizleme Kazan\u0131 \u2013 S\u0131cak Dald\u0131rma Galvanizleme | ANI METAL<\/p><\/div><div id=\"attachment_5608\" style=\"width: 710px\" class=\"wp-caption alignnone\"><img decoding=\"async\" aria-describedby=\"caption-attachment-5608\" class=\"wp-image-5608 size-full\" src=\"https:\/\/www.animetal.com.tr\/wp-content\/uploads\/2020\/10\/04-galvanizing-kettle01.jpg\" alt=\"ANI Metal - Galvanizing Kettle\" width=\"700\" height=\"316\" srcset=\"https:\/\/www.animetal.com.tr\/wp-content\/uploads\/2020\/10\/04-galvanizing-kettle01.jpg 700w, https:\/\/www.animetal.com.tr\/wp-content\/uploads\/2020\/10\/04-galvanizing-kettle01-480x217.jpg 480w\" sizes=\"(min-width: 0px) and (max-width: 480px) 480px, (min-width: 481px) 700px, 100vw\" \/><p id=\"caption-attachment-5608\" class=\"wp-caption-text\">\u00c7inko Pompalama \u00c7\u0131k\u0131\u015f\u0131 \u2013 S\u0131cak Dald\u0131rma Galvanizleme | ANI METAL<\/p><\/div><div id=\"attachment_5612\" style=\"width: 710px\" class=\"wp-caption alignnone\"><img decoding=\"async\" aria-describedby=\"caption-attachment-5612\" class=\"wp-image-5612 size-full\" src=\"https:\/\/www.animetal.com.tr\/wp-content\/uploads\/2020\/10\/04-galvanizing-kettle02.jpg\" alt=\"ANI Metal - Galvanizing Kettle\" width=\"700\" height=\"356\" srcset=\"https:\/\/www.animetal.com.tr\/wp-content\/uploads\/2020\/10\/04-galvanizing-kettle02.jpg 700w, https:\/\/www.animetal.com.tr\/wp-content\/uploads\/2020\/10\/04-galvanizing-kettle02-480x244.jpg 480w\" sizes=\"(min-width: 0px) and (max-width: 480px) 480px, (min-width: 481px) 700px, 100vw\" \/><p id=\"caption-attachment-5612\" class=\"wp-caption-text\">USI \u00d6l\u00e7\u00fcm\u00fc \u2013 S\u0131cak Dald\u0131rma Galvanizleme | ANI METAL<\/p><\/div>[\/et_pb_text][\/et_pb_column][et_pb_column type=&#8221;1_3&#8243; _builder_version=&#8221;4.16&#8243; custom_padding=&#8221;|||&#8221; global_colors_info=&#8221;{}&#8221; custom_padding__hover=&#8221;|||&#8221;][et_pb_sidebar area=&#8221;et_pb_widget_area_3&#8243; _builder_version=&#8221;3.0.105&#8243; body_font=&#8221;||||||||&#8221; body_text_color=&#8221;#0c71c3&#8243; background_color=&#8221;rgba(104,153,193,0.12)&#8221; background_color_gradient_direction=&#8221;217deg&#8221; custom_margin=&#8221;|||&#8221; custom_padding=&#8221;10px|10px|10px|25px&#8221; global_module=&#8221;4102&#8243; saved_tabs=&#8221;all&#8221; global_colors_info=&#8221;{}&#8221;][\/et_pb_sidebar][\/et_pb_column][\/et_pb_row][\/et_pb_section]<\/p>\n","protected":false},"excerpt":{"rendered":"<p>\u00c7inko Potalar\u0131 W. Pilling of Riepe, Almanya, d\u00fcnyan\u0131n lider ocak \u00fcreticisi D\u00fcnyan\u0131n En Derin Galvaniz Oca\u011f\u0131 13 x 1,8 x 4,6m Tunus, Cezayir, Irak, Afganistan ve T\u00fcrkiye\u2019de W. Pilling\u2019in resmi temsilcisiyiz. Almanya&#8217;n\u0131n Riepe \u015fehrinde bulunan W. Pilling, 1873 y\u0131l\u0131ndan bu yana d\u00fcnyan\u0131n \u00f6nde gelen pota \u00fcreticisidir. W. Pilling taraf\u0131ndan sa\u011flanan \u00e7inko potalar\u0131, e\u015fsiz kalitesiyle tan\u0131n\u0131r. [&hellip;]<\/p>\n","protected":false},"author":1,"featured_media":0,"parent":3766,"menu_order":15,"comment_status":"closed","ping_status":"closed","template":"","meta":{"_et_pb_use_builder":"on","_et_pb_old_content":"","_et_gb_content_width":"","footnotes":""},"class_list":["post-399","page","type-page","status-publish","hentry"],"_links":{"self":[{"href":"https:\/\/www.animetal.com.tr\/tr\/wp-json\/wp\/v2\/pages\/399","targetHints":{"allow":["GET"]}}],"collection":[{"href":"https:\/\/www.animetal.com.tr\/tr\/wp-json\/wp\/v2\/pages"}],"about":[{"href":"https:\/\/www.animetal.com.tr\/tr\/wp-json\/wp\/v2\/types\/page"}],"author":[{"embeddable":true,"href":"https:\/\/www.animetal.com.tr\/tr\/wp-json\/wp\/v2\/users\/1"}],"replies":[{"embeddable":true,"href":"https:\/\/www.animetal.com.tr\/tr\/wp-json\/wp\/v2\/comments?post=399"}],"version-history":[{"count":0,"href":"https:\/\/www.animetal.com.tr\/tr\/wp-json\/wp\/v2\/pages\/399\/revisions"}],"up":[{"embeddable":true,"href":"https:\/\/www.animetal.com.tr\/tr\/wp-json\/wp\/v2\/pages\/3766"}],"wp:attachment":[{"href":"https:\/\/www.animetal.com.tr\/tr\/wp-json\/wp\/v2\/media?parent=399"}],"curies":[{"name":"wp","href":"https:\/\/api.w.org\/{rel}","templated":true}]}}