{"id":6840,"date":"2021-04-09T05:57:48","date_gmt":"2021-04-09T05:57:48","guid":{"rendered":"http:\/\/www.animetal.com.tr\/cinko-sprey\/"},"modified":"2025-05-13T16:00:46","modified_gmt":"2025-05-13T16:00:46","slug":"amazinc-sprey","status":"publish","type":"page","link":"https:\/\/www.animetal.com.tr\/tr\/galvaniz-kimyasallari\/amazinc-sprey\/","title":{"rendered":"Amazinc Sprey"},"content":{"rendered":"<p>[et_pb_section fb_built=&#8221;1&#8243; _builder_version=&#8221;4.16&#8243; custom_padding=&#8221;26px|0px|20px|0px&#8221; global_colors_info=&#8221;{}&#8221;][et_pb_row _builder_version=&#8221;4.16&#8243; custom_padding=&#8221;0px|0px|0px|0px&#8221; global_colors_info=&#8221;{}&#8221;][et_pb_column type=&#8221;4_4&#8243; _builder_version=&#8221;4.16&#8243; custom_padding=&#8221;|||&#8221; global_colors_info=&#8221;{}&#8221; custom_padding__hover=&#8221;|||&#8221;][et_pb_text _builder_version=&#8221;4.21.0&#8243; global_colors_info=&#8221;{}&#8221;]<\/p>\n<h1>Amazinc Sprey<\/h1>\n<p>[\/et_pb_text][\/et_pb_column][\/et_pb_row][\/et_pb_section][et_pb_section fb_built=&#8221;1&#8243; _builder_version=&#8221;4.21.0&#8243; _module_preset=&#8221;default&#8221; global_colors_info=&#8221;{}&#8221;][et_pb_row column_structure=&#8221;2_3,1_3&#8243; use_custom_gutter=&#8221;on&#8221; gutter_width=&#8221;1&#8243; _builder_version=&#8221;4.16&#8243; background_color=&#8221;#efefef&#8221; custom_padding=&#8221;0px|0px|0px|0px&#8221; locked=&#8221;off&#8221; global_colors_info=&#8221;{}&#8221;][et_pb_column type=&#8221;2_3&#8243; _builder_version=&#8221;4.16&#8243; custom_padding=&#8221;|||&#8221; global_colors_info=&#8221;{}&#8221; custom_padding__hover=&#8221;|||&#8221;][et_pb_image src=&#8221;https:\/\/www.animetal.com.tr\/wp-content\/uploads\/2025\/05\/ani-metal-amazinc-spray01-v2.jpg&#8221; alt=&#8221;ANI Metal &#8211; Amazinc Spray&#8221; title_text=&#8221;ani-metal-amazinc-spray01-v2&#8243; force_fullwidth=&#8221;on&#8221; align_tablet=&#8221;center&#8221; align_phone=&#8221;&#8221; align_last_edited=&#8221;on|desktop&#8221; _builder_version=&#8221;4.27.4&#8243; custom_margin=&#8221;0px|0px|0px|0px&#8221; animation_style=&#8221;slide&#8221; animation_direction=&#8221;left&#8221; animation_duration=&#8221;500ms&#8221; animation_intensity_slide=&#8221;10%&#8221; hover_enabled=&#8221;0&#8243; global_colors_info=&#8221;{}&#8221; sticky_enabled=&#8221;0&#8243;]<br \/>\n[\/et_pb_image][\/et_pb_column][et_pb_column type=&#8221;1_3&#8243; _builder_version=&#8221;4.16&#8243; custom_padding=&#8221;|||&#8221; global_colors_info=&#8221;{}&#8221; custom_padding__hover=&#8221;|||&#8221;][et_pb_image src=&#8221;https:\/\/www.animetal.com.tr\/wp-content\/uploads\/2023\/06\/amazinc-spray-logo-330px.png&#8221; alt=&#8221;Amazinc Spray Logo&#8221; title_text=&#8221;Amazinc Spray Logo&#8221; _builder_version=&#8221;4.21.0&#8243; _module_preset=&#8221;default&#8221; width=&#8221;75%&#8221; max_width=&#8221;71%&#8221; module_alignment=&#8221;center&#8221; custom_margin=&#8221;100px||||false|false&#8221; locked=&#8221;off&#8221; global_colors_info=&#8221;{}&#8221;][\/et_pb_image][et_pb_cta title=&#8221;Amazinc Sprey Bro\u015f\u00fcr\u00fc&#8221; button_url=&#8221;https:\/\/www.animetal.com.tr\/wp-content\/uploads\/2025\/05\/ANI-Metal-amazinc-spray-tr-v3.pdf&#8221; url_new_window=&#8221;on&#8221; button_text=&#8221;PDF&#8221; _builder_version=&#8221;4.27.4&#8243; header_line_height=&#8221;1.2em&#8221; use_background_color=&#8221;off&#8221; background_layout=&#8221;light&#8221; custom_margin=&#8221;50px|20px|10px|20px&#8221; hover_enabled=&#8221;0&#8243; locked=&#8221;off&#8221; global_colors_info=&#8221;{}&#8221; button_text_size__hover_enabled=&#8221;off&#8221; button_one_text_size__hover_enabled=&#8221;off&#8221; button_two_text_size__hover_enabled=&#8221;off&#8221; button_text_color__hover_enabled=&#8221;off&#8221; button_one_text_color__hover_enabled=&#8221;off&#8221; button_two_text_color__hover_enabled=&#8221;off&#8221; button_border_width__hover_enabled=&#8221;off&#8221; button_one_border_width__hover_enabled=&#8221;off&#8221; button_two_border_width__hover_enabled=&#8221;off&#8221; button_border_color__hover_enabled=&#8221;off&#8221; button_one_border_color__hover_enabled=&#8221;off&#8221; button_two_border_color__hover_enabled=&#8221;off&#8221; button_border_radius__hover_enabled=&#8221;off&#8221; button_one_border_radius__hover_enabled=&#8221;off&#8221; button_two_border_radius__hover_enabled=&#8221;off&#8221; button_letter_spacing__hover_enabled=&#8221;off&#8221; button_one_letter_spacing__hover_enabled=&#8221;off&#8221; button_two_letter_spacing__hover_enabled=&#8221;off&#8221; button_bg_color__hover_enabled=&#8221;off&#8221; button_one_bg_color__hover_enabled=&#8221;off&#8221; button_two_bg_color__hover_enabled=&#8221;off&#8221; sticky_enabled=&#8221;0&#8243;][\/et_pb_cta][\/et_pb_column][\/et_pb_row][et_pb_row column_structure=&#8221;2_3,1_3&#8243; use_custom_gutter=&#8221;on&#8221; gutter_width=&#8221;1&#8243; _builder_version=&#8221;4.21.0&#8243; custom_padding=&#8221;20px|0px|0px|0px&#8221; locked=&#8221;off&#8221; global_colors_info=&#8221;{}&#8221;][et_pb_column type=&#8221;2_3&#8243; _builder_version=&#8221;4.21.0&#8243; background_color=&#8221;#c8e8fb&#8221; custom_padding=&#8221;20px|20px|20px|20px|false|false&#8221; global_colors_info=&#8221;{}&#8221; custom_padding__hover=&#8221;|||&#8221;][et_pb_text _builder_version=&#8221;4.21.0&#8243; background_color=&#8221;RGBA(255,255,255,0)&#8221; custom_margin=&#8221;0px|0px|10px|0px|false|false&#8221; custom_padding=&#8221;10px|10px|10px|10px|false|false&#8221; border_radii=&#8221;off|5px|5px||5px&#8221; global_colors_info=&#8221;{}&#8221;]<\/p>\n<div id=\"ez-toc-container\" class=\"ez-toc-v2_0_81 counter-hierarchy ez-toc-counter ez-toc-grey ez-toc-container-direction\">\n<p class=\"ez-toc-title\" style=\"cursor:inherit\">Table of Contents<\/p>\n<label for=\"ez-toc-cssicon-toggle-item-69ea1fd5c99cd\" class=\"ez-toc-cssicon-toggle-label\"><span class=\"ez-toc-cssicon\"><span class=\"eztoc-hide\" style=\"display:none;\">Toggle<\/span><span class=\"ez-toc-icon-toggle-span\"><svg style=\"fill: #999;color:#999\" xmlns=\"http:\/\/www.w3.org\/2000\/svg\" class=\"list-377408\" width=\"20px\" height=\"20px\" viewBox=\"0 0 24 24\" fill=\"none\"><path d=\"M6 6H4v2h2V6zm14 0H8v2h12V6zM4 11h2v2H4v-2zm16 0H8v2h12v-2zM4 16h2v2H4v-2zm16 0H8v2h12v-2z\" fill=\"currentColor\"><\/path><\/svg><svg style=\"fill: #999;color:#999\" class=\"arrow-unsorted-368013\" xmlns=\"http:\/\/www.w3.org\/2000\/svg\" width=\"10px\" height=\"10px\" viewBox=\"0 0 24 24\" version=\"1.2\" baseProfile=\"tiny\"><path d=\"M18.2 9.3l-6.2-6.3-6.2 6.3c-.2.2-.3.4-.3.7s.1.5.3.7c.2.2.4.3.7.3h11c.3 0 .5-.1.7-.3.2-.2.3-.5.3-.7s-.1-.5-.3-.7zM5.8 14.7l6.2 6.3 6.2-6.3c.2-.2.3-.5.3-.7s-.1-.5-.3-.7c-.2-.2-.4-.3-.7-.3h-11c-.3 0-.5.1-.7.3-.2.2-.3.5-.3.7s.1.5.3.7z\"\/><\/svg><\/span><\/span><\/label><input type=\"checkbox\"  id=\"ez-toc-cssicon-toggle-item-69ea1fd5c99cd\"  aria-label=\"A\u00e7\/Kapat\" \/><nav><ul class='ez-toc-list ez-toc-list-level-1 ' ><li class='ez-toc-page-1 ez-toc-heading-level-3'><a class=\"ez-toc-link ez-toc-heading-1\" href=\"https:\/\/www.animetal.com.tr\/tr\/galvaniz-kimyasallari\/amazinc-sprey\/#CINKO_SPREY_L_ACIK_CINKO_SPREY_D_KOYU\" >\u00c7\u0130NKO SPREY L (A\u00c7IK) \u00c7\u0130NKO SPREY D (KOYU)<\/a><ul class='ez-toc-list-level-5' ><li class='ez-toc-heading-level-5'><ul class='ez-toc-list-level-5' ><li class='ez-toc-heading-level-5'><a class=\"ez-toc-link ez-toc-heading-2\" href=\"https:\/\/www.animetal.com.tr\/tr\/galvaniz-kimyasallari\/amazinc-sprey\/#ASTM_A780\" >ASTM A780<\/a><\/li><li class='ez-toc-page-1 ez-toc-heading-level-5'><a class=\"ez-toc-link ez-toc-heading-3\" href=\"https:\/\/www.animetal.com.tr\/tr\/galvaniz-kimyasallari\/amazinc-sprey\/#en_az_508_%C2%B5m\" >en az 50.8 \u00b5m<\/a><\/li><li class='ez-toc-page-1 ez-toc-heading-level-5'><a class=\"ez-toc-link ez-toc-heading-4\" href=\"https:\/\/www.animetal.com.tr\/tr\/galvaniz-kimyasallari\/amazinc-sprey\/#Cinko-Zengin_Boyalar\" >\u00c7inko-Zengin Boyalar<\/a><\/li><\/ul><\/li><\/ul><\/li><li class='ez-toc-page-1 ez-toc-heading-level-3'><a class=\"ez-toc-link ez-toc-heading-5\" href=\"https:\/\/www.animetal.com.tr\/tr\/galvaniz-kimyasallari\/amazinc-sprey\/#Teknik_Ozellikler\" >Teknik \u00d6zellikler<\/a><ul class='ez-toc-list-level-5' ><li class='ez-toc-heading-level-5'><ul class='ez-toc-list-level-5' ><li class='ez-toc-heading-level-5'><a class=\"ez-toc-link ez-toc-heading-6\" href=\"https:\/\/www.animetal.com.tr\/tr\/galvaniz-kimyasallari\/amazinc-sprey\/#Ozellikler\" >\u00d6zellikler<\/a><\/li><li class='ez-toc-page-1 ez-toc-heading-level-5'><a class=\"ez-toc-link ez-toc-heading-7\" href=\"https:\/\/www.animetal.com.tr\/tr\/galvaniz-kimyasallari\/amazinc-sprey\/#Uygulama\" >Uygulama<\/a><\/li><li class='ez-toc-page-1 ez-toc-heading-level-5'><a class=\"ez-toc-link ez-toc-heading-8\" href=\"https:\/\/www.animetal.com.tr\/tr\/galvaniz-kimyasallari\/amazinc-sprey\/#Teknik_Veriler\" >Teknik Veriler<\/a><\/li><\/ul><\/li><\/ul><\/li><\/ul><\/nav><\/div>\n<h3><span class=\"ez-toc-section\" id=\"CINKO_SPREY_L_ACIK_CINKO_SPREY_D_KOYU\"><\/span><strong>\u00c7\u0130NKO SPREY L (A\u00c7IK)<br \/>\u00c7\u0130NKO SPREY D (KOYU)<br \/><\/strong><span class=\"ez-toc-section-end\"><\/span><\/h3>\n<p>[\/et_pb_text][et_pb_text _builder_version=&#8221;4.21.0&#8243; background_color=&#8221;#fefefe&#8221; custom_margin=&#8221;0px|0px|10px|0px|false|false&#8221; custom_padding=&#8221;10px|10px|10px|10px|false|false&#8221; border_radii=&#8221;off|5px|5px||5px&#8221; border_width_all=&#8221;2px&#8221; box_shadow_style=&#8221;preset4&#8243; box_shadow_horizontal=&#8221;5px&#8221; box_shadow_vertical=&#8221;5px&#8221; global_colors_info=&#8221;{}&#8221;]<\/p>\n<p><strong><img decoding=\"async\" src=\"https:\/\/www.animetal.com.tr\/wp-content\/uploads\/2023\/06\/amazinc-spray-information.png\" width=\"60\" height=\"60\" alt=\"\" class=\"wp-image-11646 alignleft size-full\" \/>S\u0131cak dald\u0131rma galvaniz kaplamas\u0131n\u0131n r\u00f6tu\u015f ve onar\u0131m\u0131<\/strong> kaplama d\u00fczg\u00fcnl\u00fc\u011f\u00fc, katodik koruma ve kaplama \u00f6mr\u00fcn\u00fcn muhafaza edilmesi i\u00e7in \u00f6nemlidir. Her ne kadar s\u0131cak dald\u0131rma galvaniz kaplamas\u0131 hasara kar\u015f\u0131 \u00e7ok dayan\u0131kl\u0131 olsa da, galvaniz prosesi s\u0131ras\u0131nda veya \u00e7eli\u011fin ta\u015f\u0131nmas\u0131 s\u0131ras\u0131nda yap\u0131lan hatalar sonucunda kaplamada k\u00fc\u00e7\u00fck a\u00e7\u0131lmalar ve kusurlar olu\u015fabilir.<\/p>\n<p>[\/et_pb_text][et_pb_text _builder_version=&#8221;4.21.0&#8243; background_color=&#8221;#fefefe&#8221; custom_margin=&#8221;0px|0px|10px|0px|false|false&#8221; custom_padding=&#8221;10px|10px|10px|10px|false|false&#8221; border_radii=&#8221;off|5px|5px||5px&#8221; border_width_all=&#8221;2px&#8221; box_shadow_style=&#8221;preset4&#8243; box_shadow_horizontal=&#8221;5px&#8221; box_shadow_vertical=&#8221;5px&#8221; global_colors_info=&#8221;{}&#8221;]<\/p>\n<p><strong><red>Galvanizli \u00e7eli\u011fin tamir ve onar\u0131m\u0131 basittir; ister yeni, ister y\u0131llard\u0131r kullan\u0131mda olsun. Ancak, yeni bir \u00fcr\u00fcn\u00fcn onar\u0131m\u0131 i\u00e7in yap\u0131labilecek uygulamalar kullan\u0131lm\u0131\u015f \u00fcr\u00fcne g\u00f6re daha fazla s\u0131n\u0131rlamaya tabidir.<\/red><\/strong><\/p>\n<p>[\/et_pb_text][et_pb_text _builder_version=&#8221;4.21.0&#8243; background_color=&#8221;#d7e9ce&#8221; custom_margin=&#8221;0px|0px|10px|0px|false|false&#8221; custom_padding=&#8221;10px|10px|10px|10px|false|false&#8221; border_radii=&#8221;off|5px|5px||5px&#8221; border_width_all=&#8221;2px&#8221; box_shadow_style=&#8221;preset4&#8243; box_shadow_horizontal=&#8221;5px&#8221; box_shadow_vertical=&#8221;5px&#8221; global_colors_info=&#8221;{}&#8221;]<\/p>\n<h5><span class=\"ez-toc-section\" id=\"ASTM_A780\"><\/span><strong>ASTM A780<\/strong><span class=\"ez-toc-section-end\"><\/span><\/h5>\n<p>Yeni galvanizlenmi\u015f malzemenin onar\u0131m\u0131na ili\u015fkin spesifikasyonda ana s\u0131n\u0131rlama onar\u0131lacak b\u00f6lgenin boyutu olup, \u00fcr\u00fcn galvaniz spesifikasyonlar\u0131nda (A123, A153, A767) bu s\u0131n\u0131rlar belirtilmi\u015ftir. Buna g\u00f6re, onar\u0131m i\u00e7in izin verilen y\u00fczey alan\u0131, bahse konu i\u015f par\u00e7as\u0131n\u0131n kaplamaya tabi olan <strong>eri\u015filebilir y\u00fczey alan\u0131n\u0131n %1&#8217;inin yar\u0131s\u0131ndan veya ton ba\u015f\u0131na 225 cm\u00b2&#8217;den daha fazla olamaz.<\/strong> ASTM A780 &#8220;S\u0131cak Galvaniz Kaplamalar\u0131nda Hasarl\u0131 ve Kaplanmam\u0131\u015f B\u00f6lgelerin Bak\u0131m ve Onar\u0131m Uygulamas\u0131&#8221;, hasarl\u0131 kaplamalar\u0131n nas\u0131l onar\u0131laca\u011f\u0131n\u0131 detayl\u0131 \u015fekilde a\u00e7\u0131klamaktad\u0131r.<\/p>\n<p>[\/et_pb_text][et_pb_text _builder_version=&#8221;4.21.0&#8243; background_color=&#8221;#d7e9ce&#8221; custom_margin=&#8221;0px|0px|10px|0px|false|false&#8221; custom_padding=&#8221;10px|10px|10px|10px|false|false&#8221; border_radii=&#8221;off|5px|5px||5px&#8221; border_width_all=&#8221;2px&#8221; box_shadow_style=&#8221;preset4&#8243; box_shadow_horizontal=&#8221;5px&#8221; box_shadow_vertical=&#8221;5px&#8221; global_colors_info=&#8221;{}&#8221;]<\/p>\n<h5><span class=\"ez-toc-section\" id=\"en_az_508_%C2%B5m\"><\/span><strong>en az 50.8 \u00b5m<\/strong><span class=\"ez-toc-section-end\"><\/span><\/h5>\n<p>Bak\u0131m ve onar\u0131m spesifikasyonunun bir di\u011fer prensibi ise onar\u0131lacak b\u00f6lgedeki kaplama kal\u0131nl\u0131\u011f\u0131d\u0131r. Onar\u0131mda kullan\u0131lacak materyalin tek uygulamada <strong>en az 50,8 \u00b5m<\/strong> kaplama kal\u0131nl\u0131\u011f\u0131n\u0131 sa\u011flamas\u0131 gerekmektedir. Onar\u0131lacak b\u00f6lgenin nihai kaplama kal\u0131nl\u0131\u011f\u0131 ise kullan\u0131lacak materyale ba\u011fl\u0131 olarak belirlenir.<\/p>\n<p>[\/et_pb_text][et_pb_image src=&#8221;https:\/\/www.animetal.com.tr\/wp-content\/uploads\/2023\/06\/ani-metal-amazinc-spray02-tr.png&#8221; alt=&#8221;ANI Metal &#8211; Amazinc&#8221; title_text=&#8221;ANI Metal &#8211; Amazinc&#8221; _builder_version=&#8221;4.21.0&#8243; _module_preset=&#8221;default&#8221; custom_margin=&#8221;||10px||false|false&#8221; global_colors_info=&#8221;{}&#8221;][\/et_pb_image][et_pb_text _builder_version=&#8221;4.21.0&#8243; background_color=&#8221;#d5ebee&#8221; custom_margin=&#8221;0px|0px|10px|0px|false|false&#8221; custom_padding=&#8221;10px|10px|10px|10px|false|false&#8221; border_radii=&#8221;off|5px|5px||5px&#8221; border_width_all=&#8221;2px&#8221; box_shadow_style=&#8221;preset4&#8243; box_shadow_horizontal=&#8221;5px&#8221; box_shadow_vertical=&#8221;5px&#8221; global_colors_info=&#8221;{}&#8221;]<\/p>\n<h5><span class=\"ez-toc-section\" id=\"Cinko-Zengin_Boyalar\"><\/span><strong><img decoding=\"async\" src=\"https:\/\/www.animetal.com.tr\/wp-content\/uploads\/2023\/06\/amazinc-spray-paint.png\" width=\"84\" height=\"66\" alt=\"\" class=\"wp-image-11651 alignleft size-full\" \/>\u00c7inko-Zengin Boyalar<img decoding=\"async\" src=\"https:\/\/www.animetal.com.tr\/wp-content\/uploads\/2023\/06\/amazinc-spray-thumbs-up.png\" width=\"88\" height=\"60\" alt=\"\" class=\"wp-image-11666 alignright size-full\" \/><\/strong><span class=\"ez-toc-section-end\"><\/span><\/h5>\n<p>\u00c7inko-zengin boyalar temiz ve kuru bir \u00e7elik y\u00fczeyine f\u0131r\u00e7a veya sprey yoluyla uygulan\u0131r. \u00c7inko-zengin boyalar ya <strong>a\u011f\u0131rl\u0131k\u00e7a %65 ile %69 aras\u0131nda, ya da kuru filmde a\u011f\u0131rl\u0131k\u00e7a %92&#8217;den fazla metalik \u00e7inko<\/strong> i\u00e7ermelidir. \u00c7inko tozu i\u00e7eren boyalar, i\u00e7erdikleri ba\u011flay\u0131c\u0131ya g\u00f6re organik veya inorganik olarak s\u0131n\u0131fland\u0131r\u0131l\u0131r. \u0130norganik ba\u011flay\u0131c\u0131lar, hasar almam\u0131\u015f kaplamalar\u0131n bak\u0131m uygulamalar\u0131nda kullan\u0131lacak boyalar i\u00e7in \u00f6zellikle uygundur.<img decoding=\"async\" src=\"https:\/\/www.animetal.com.tr\/wp-content\/uploads\/2023\/06\/amazinc-spray-check-mark.png\" width=\"60\" height=\"60\" alt=\"\" class=\"wp-image-11636 alignright size-full\" \/><\/p>\n<p>Boyan\u0131n kaplama kal\u0131nl\u0131\u011f\u0131, \u00e7evresindeki kaplaman\u0131n kal\u0131nl\u0131\u011f\u0131ndan <strong>%50 daha fazla olmal\u0131 ancak 100 \u00b5m de\u011ferini de a\u015fmamal\u0131d\u0131r.<\/strong> Manyetik veya elektromanyetik bir \u00f6l\u00e7\u00fcm cihaz\u0131 ile \u00f6l\u00e7\u00fcmler yap\u0131larak spesifikasyonlara uygunluktan emin olunmal\u0131d\u0131r.<\/p>\n<p>[\/et_pb_text][et_pb_image src=&#8221;https:\/\/www.animetal.com.tr\/wp-content\/uploads\/2023\/06\/ani-metal-amazinc-spray04-225&#215;300.jpg&#8221; alt=&#8221;ANI Metal &#8211; Amazinc Spray&#8221; title_text=&#8221;ANI Metal &#8211; Amazinc Spray&#8221; align=&#8221;center&#8221; _builder_version=&#8221;4.21.0&#8243; _module_preset=&#8221;default&#8221; custom_margin=&#8221;||10px||false|false&#8221; custom_padding=&#8221;||10px||false|false&#8221; global_colors_info=&#8221;{}&#8221;][\/et_pb_image][et_pb_text _builder_version=&#8221;4.21.0&#8243; _module_preset=&#8221;default&#8221; custom_margin=&#8221;5px||5px||false|false&#8221; global_colors_info=&#8221;{}&#8221;]<\/p>\n<h3><span class=\"ez-toc-section\" id=\"Teknik_Ozellikler\"><\/span><strong>Teknik \u00d6zellikler<\/strong><span class=\"ez-toc-section-end\"><\/span><\/h3>\n<p>[\/et_pb_text][et_pb_text _builder_version=&#8221;4.21.0&#8243; background_color=&#8221;#d7e9ce&#8221; custom_margin=&#8221;0px|0px|10px|0px|false|false&#8221; custom_padding=&#8221;10px|10px|10px|10px|false|false&#8221; border_radii=&#8221;off|5px|5px||5px&#8221; border_width_all=&#8221;2px&#8221; box_shadow_style=&#8221;preset4&#8243; box_shadow_horizontal=&#8221;5px&#8221; box_shadow_vertical=&#8221;5px&#8221; global_colors_info=&#8221;{}&#8221;]<\/p>\n<h5><span class=\"ez-toc-section\" id=\"Ozellikler\"><\/span><strong>\u00d6zellikler<\/strong><span class=\"ez-toc-section-end\"><\/span><\/h5>\n<ul>\n<li>Metaller i\u00e7in korozyona kar\u015f\u0131 uzun s\u00fcreli koruma sa\u011flar ve h\u0131zl\u0131ca kurur, kuru filmde 90&#8217;dan fazla \u00e7inko bile\u015fi\u011fi i\u00e7erir.<\/li>\n<li>Hemen hemen t\u00fcm metallere uygulan\u0131r.<\/li>\n<li>Hasar g\u00f6rm\u00fc\u015f \u00e7inko katmanlar\u0131n\u0131n, delme, kesme ve kaynak i\u015flemine tabi b\u00f6lgelerin onar\u0131m\u0131nda, punto kaynak noktalar\u0131nda ara katman olu\u015fturmak i\u00e7in, neme maruz kalan \u00e7elik yap\u0131larda ana katman olarak kullan\u0131ma uygundur.<\/li>\n<li>300\u00b0C \u0131s\u0131ya dayan\u0131kl\u0131d\u0131r.<\/li>\n<li>\u00dczeri lake edilebilir.<img decoding=\"async\" src=\"https:\/\/www.animetal.com.tr\/wp-content\/uploads\/2023\/06\/amazinc-spray-temperature.png\" width=\"60\" height=\"79\" alt=\"\" class=\"wp-image-11661 alignright size-full\" \/><\/li>\n<\/ul>\n<p>[\/et_pb_text][et_pb_text _builder_version=&#8221;4.21.0&#8243; background_color=&#8221;#fff9c7&#8243; custom_margin=&#8221;0px|0px|10px|0px|false|false&#8221; custom_padding=&#8221;10px|10px|10px|10px|false|false&#8221; border_radii=&#8221;off|5px|5px||5px&#8221; border_width_all=&#8221;2px&#8221; box_shadow_style=&#8221;preset4&#8243; box_shadow_horizontal=&#8221;5px&#8221; box_shadow_vertical=&#8221;5px&#8221; global_colors_info=&#8221;{}&#8221;]<\/p>\n<h5><span class=\"ez-toc-section\" id=\"Uygulama\"><\/span><strong><img decoding=\"async\" src=\"https:\/\/www.animetal.com.tr\/wp-content\/uploads\/2023\/06\/amazinc-spray-hand-spray-1.png\" width=\"252\" height=\"204\" alt=\"\" class=\"wp-image-11689 alignleft size-full\" \/>Uygulama<\/strong><span class=\"ez-toc-section-end\"><\/span><\/h5>\n<ul>\n<li>\u00d6ncelikle, y\u00fczeyden her t\u00fcr kal\u0131nt\u0131\/tortuyu temizleyin (oksitler, boya ve hadde pulu katmanlar\u0131, ya\u011flar).<\/li>\n<li>\u0130yice \u00e7alkalay\u0131n.<\/li>\n<li>Ard\u0131ndan, onar\u0131m yap\u0131lacak y\u00fczeylere e\u015fit miktarda, 20-25 cm uzakl\u0131ktan, ince bir katman olu\u015fturacak \u015fekilde sprey uygulay\u0131n.<\/li>\n<li>A\u015f\u0131r\u0131 uygulama yapmay\u0131n.<\/li>\n<\/ul>\n<p>[\/et_pb_text][et_pb_text _builder_version=&#8221;4.21.0&#8243; background_color=&#8221;#fefefe&#8221; custom_margin=&#8221;0px|0px|10px|0px|false|false&#8221; custom_padding=&#8221;10px|10px|10px|10px|false|false&#8221; border_radii=&#8221;off|5px|5px||5px&#8221; border_width_all=&#8221;2px&#8221; box_shadow_style=&#8221;preset4&#8243; box_shadow_horizontal=&#8221;5px&#8221; box_shadow_vertical=&#8221;5px&#8221; global_colors_info=&#8221;{}&#8221;]<\/p>\n<h5><span class=\"ez-toc-section\" id=\"Teknik_Veriler\"><\/span><strong>Teknik Veriler<img decoding=\"async\" src=\"https:\/\/www.animetal.com.tr\/wp-content\/uploads\/2023\/06\/amazinc-spray-sprays.png\" width=\"63\" height=\"60\" alt=\"\" class=\"wp-image-11656 alignright size-full\" \/><\/strong><span class=\"ez-toc-section-end\"><\/span><\/h5>\n<p>L Sprey rengi: Al\u00fcminyum \/ a\u00e7\u0131k gri<br \/>D Sprey rengi: Al\u00fcminyum \/ koyu gri<br \/>Koku: Solvent<br \/>Bas\u0131n\u00e7 @20\u00b0C: 5,5 bar<br \/>Ba\u011f\u0131l yo\u011funluk @20\u00b0C: 0,71-0,75 g\/ml<br \/>\u0130lk zar olu\u015fumu @22\u00b0C: 20 dakika<br \/>\u00c7inko tozu safl\u0131\u011f\u0131: &gt; %98<br \/>S\u0131cakl\u0131k dayan\u0131m\u0131: 300\u00b0C (maks. 400\u00b0C)<br \/>Kuru filmde metal oran\u0131: %64<br \/>Kuru filmde \u00e7inko oran\u0131: %12<br \/><img decoding=\"async\" src=\"https:\/\/www.animetal.com.tr\/wp-content\/uploads\/2023\/06\/amazinc-spray-checklist.png\" width=\"60\" height=\"67\" alt=\"\" class=\"wp-image-11631 alignright size-full\" \/><\/p>\n<p>[\/et_pb_text][et_pb_image src=&#8221;https:\/\/www.animetal.com.tr\/wp-content\/uploads\/2025\/05\/ani-metal-amazinc-spray03-275&#215;300-v2-1.png&#8221; alt=&#8221;ANI Metal &#8211; Amazinc Spray&#8221; title_text=&#8221;ani-metal-amazinc-spray03-275&#215;300-v2&#8243; align=&#8221;center&#8221; _builder_version=&#8221;4.27.4&#8243; _module_preset=&#8221;default&#8221; custom_margin=&#8221;10px|10px|10px|10px|false|false&#8221; custom_padding=&#8221;10px||10px|10px|false|false&#8221; hover_enabled=&#8221;0&#8243; global_colors_info=&#8221;{}&#8221; sticky_enabled=&#8221;0&#8243;][\/et_pb_image][\/et_pb_column][et_pb_column type=&#8221;1_3&#8243; _builder_version=&#8221;4.16&#8243; custom_padding=&#8221;|||&#8221; global_colors_info=&#8221;{}&#8221; custom_padding__hover=&#8221;|||&#8221;][et_pb_text _builder_version=&#8221;4.21.0&#8243; text_font=&#8221;||||||||&#8221; text_text_color=&#8221;#ff0f0f&#8221; text_line_height=&#8221;1.2em&#8221; background_color=&#8221;rgba(104,153,193,0.12)&#8221; custom_margin=&#8221;|||&#8221; custom_padding=&#8221;10px|10px|10px|25px&#8221; global_colors_info=&#8221;{}&#8221;]<\/p>\n<p><a href=\"https:\/\/www.animetal.com.tr\/tr\/galvaniz-kimyasallari\/dragon-flaks\/\">Dragon Flux<\/a><\/p>\n<p><a href=\"https:\/\/www.animetal.com.tr\/tr\/galvaniz-kimyasallari\/anqa-yag-cozucu\/\">Anqa Degreaser<\/a><\/p>\n<p><a href=\"https:\/\/www.animetal.com.tr\/tr\/galvaniz-kimyasallari\/lycan-duman-blogu\/\">Lycan Fumeblock<\/a><\/p>\n<p><a href=\"https:\/\/www.animetal.com.tr\/tr\/galvaniz-kimyasallari\/monster-inhibitor\/\">Monster Inhibitor<\/a><\/p>\n<p><a href=\"https:\/\/www.animetal.com.tr\/tr\/galvaniz-kimyasallari\/smartni\/\">SmartNi<\/a><\/p>\n<p>Amazinc Sprey<\/p>\n<p><a href=\"https:\/\/www.animetal.com.tr\/tr\/galvaniz-kimyasallari\/amazinc-pasta\/\">Amazinc Pasta<\/a><\/p>\n<p>[\/et_pb_text][\/et_pb_column][\/et_pb_row][\/et_pb_section]<\/p>\n","protected":false},"excerpt":{"rendered":"<p>Amazinc Sprey \u00c7\u0130NKO SPREY L (A\u00c7IK)\u00c7\u0130NKO SPREY D (KOYU)S\u0131cak dald\u0131rma galvaniz kaplamas\u0131n\u0131n r\u00f6tu\u015f ve onar\u0131m\u0131 kaplama d\u00fczg\u00fcnl\u00fc\u011f\u00fc, katodik koruma ve kaplama \u00f6mr\u00fcn\u00fcn muhafaza edilmesi i\u00e7in \u00f6nemlidir. Her ne kadar s\u0131cak dald\u0131rma galvaniz kaplamas\u0131 hasara kar\u015f\u0131 \u00e7ok dayan\u0131kl\u0131 olsa da, galvaniz prosesi s\u0131ras\u0131nda veya \u00e7eli\u011fin ta\u015f\u0131nmas\u0131 s\u0131ras\u0131nda yap\u0131lan hatalar sonucunda kaplamada k\u00fc\u00e7\u00fck a\u00e7\u0131lmalar ve kusurlar olu\u015fabilir.Galvanizli [&hellip;]<\/p>\n","protected":false},"author":1,"featured_media":11608,"parent":2302,"menu_order":6,"comment_status":"closed","ping_status":"closed","template":"","meta":{"_et_pb_use_builder":"on","_et_pb_old_content":"","_et_gb_content_width":"","footnotes":""},"class_list":["post-6840","page","type-page","status-publish","has-post-thumbnail","hentry"],"_links":{"self":[{"href":"https:\/\/www.animetal.com.tr\/tr\/wp-json\/wp\/v2\/pages\/6840","targetHints":{"allow":["GET"]}}],"collection":[{"href":"https:\/\/www.animetal.com.tr\/tr\/wp-json\/wp\/v2\/pages"}],"about":[{"href":"https:\/\/www.animetal.com.tr\/tr\/wp-json\/wp\/v2\/types\/page"}],"author":[{"embeddable":true,"href":"https:\/\/www.animetal.com.tr\/tr\/wp-json\/wp\/v2\/users\/1"}],"replies":[{"embeddable":true,"href":"https:\/\/www.animetal.com.tr\/tr\/wp-json\/wp\/v2\/comments?post=6840"}],"version-history":[{"count":1,"href":"https:\/\/www.animetal.com.tr\/tr\/wp-json\/wp\/v2\/pages\/6840\/revisions"}],"predecessor-version":[{"id":13211,"href":"https:\/\/www.animetal.com.tr\/tr\/wp-json\/wp\/v2\/pages\/6840\/revisions\/13211"}],"up":[{"embeddable":true,"href":"https:\/\/www.animetal.com.tr\/tr\/wp-json\/wp\/v2\/pages\/2302"}],"wp:featuredmedia":[{"embeddable":true,"href":"https:\/\/www.animetal.com.tr\/tr\/wp-json\/wp\/v2\/media\/11608"}],"wp:attachment":[{"href":"https:\/\/www.animetal.com.tr\/tr\/wp-json\/wp\/v2\/media?parent=6840"}],"curies":[{"name":"wp","href":"https:\/\/api.w.org\/{rel}","templated":true}]}}